{"id":146387,"date":"2025-01-10T14:30:53","date_gmt":"2025-01-10T13:30:53","guid":{"rendered":"https:\/\/secureus.se\/?post_type=product&#038;p=146387"},"modified":"2026-04-15T17:36:53","modified_gmt":"2026-04-15T15:36:53","slug":"ajax-waterstop-1-2-valve-vattenavstangningsventil-1-2-tum-tradlos-vit","status":"publish","type":"product","link":"https:\/\/secureus.se\/fr\/ajax-waterstop-1-2-valve-vattenavstangningsventil-1-2-tum-tradlos-vit\/","title":{"rendered":"Robinet d&#039;arr\u00eat d&#039;eau Ajax WaterStop (1\/2 pouce) \u2013 Sans fil, blanc"},"content":{"rendered":"<h3><strong>Robinet d&#039;arr\u00eat d&#039;eau Ajax WaterStop 1\/2\u2033<\/strong><\/h3>\n<p>Ajax WaterStop est une vanne d&#039;arr\u00eat d&#039;eau innovante et fiable qui se connecte \u00e0 votre syst\u00e8me de s\u00e9curit\u00e9 Ajax. Avec la prise en charge de la communication sans fil, des sc\u00e9narios d&#039;automatisation et du contr\u00f4le manuel, cette vanne offre une solution compl\u00e8te pour prot\u00e9ger votre propri\u00e9t\u00e9 contre les d\u00e9g\u00e2ts des eaux.<\/p>\n<hr \/>\n<h3><strong>Fonctions principales<\/strong><\/h3>\n<ol>\n<li><strong>Arr\u00eat rapide<\/strong><br \/>\nCoupe l&#039;eau en seulement 7 secondes en cas d&#039;alarme d&#039;Ajax LeaksProtect ou d&#039;un autre d\u00e9tecteur d&#039;eau compatible.<\/li>\n<li><strong>Plusieurs options de contr\u00f4le<\/strong>\n<ul>\n<li>Sc\u00e9narios automatiques sur alarme ou heures programm\u00e9es.<\/li>\n<li>Via l&#039;application Ajax ou l&#039;interrupteur mural.<\/li>\n<li>Bouton physique et levier manuel pour un contr\u00f4le facile.<\/li>\n<\/ul>\n<\/li>\n<li><strong>Compatibilit\u00e9<\/strong><br \/>\nPrend en charge tous les hubs Ajax et appareils ReX (Hub Plus, Hub 2, Hub 2 Plus, Hub Hybrid, ReX et ReX 2).<\/li>\n<li><strong>Construction durable<\/strong><br \/>\nFabriqu\u00e9 en laiton avec norme ISO 5211 et un couple de 10 Nm. R\u00e9siste \u00e0 une pression d&#039;eau allant jusqu&#039;\u00e0 40 bars et \u00e0 des temp\u00e9ratures de +5\u00b0C \u00e0 +120\u00b0C.<\/li>\n<li><strong>Fonctionnement sur batterie et sauvegarde<\/strong><br \/>\nAliment\u00e9 par quatre piles CR123A avec jusqu&#039;\u00e0 3 ans de dur\u00e9e de vie. Possibilit\u00e9 d&#039;alimentation externe pour un fonctionnement continu.<\/li>\n<\/ol>\n<hr \/>\n<h3><strong>Caract\u00e9ristiques<\/strong><\/h3>\n<ul>\n<li><strong>Taille de la vanne :<\/strong> 1\/2 pouce (DN15)<\/li>\n<li><strong>Port\u00e9e:<\/strong> Jusqu&#039;\u00e0 1100 m\u00e8tres (terrain libre)<\/li>\n<li><strong>Batterie:<\/strong> 4 x CR123A, 3V (inclus)<\/li>\n<li><strong>Vie:<\/strong> Jusqu&#039;\u00e0 3 ans (fonctionnement sur batterie)<\/li>\n<li><strong>Mat\u00e9riel:<\/strong> Laiton<\/li>\n<li><strong>Pression d&#039;eau maximale :<\/strong> 40 bars<\/li>\n<li><strong>Indice IP\u00a0:<\/strong> IP56<\/li>\n<li><strong>Plage de temp\u00e9rature\u00a0:<\/strong> 0\u00b0C \u00e0 +60\u00b0C<\/li>\n<li><strong>Mesure:<\/strong> Conception compacte pour une installation facile<\/li>\n<\/ul>\n<hr \/>\n<h3><strong>Avantages d&#039;Ajax WaterStop<\/strong><\/h3>\n<ul>\n<li><strong>Flexibilit\u00e9:<\/strong> Peut \u00eatre utilis\u00e9 pour l&#039;eau chaude et froide.<\/li>\n<li><strong>Adaptation:<\/strong> Sc\u00e9narios automatiques pour couper l&#039;eau lorsque personne n&#039;est \u00e0 la maison ou \u00e0 des heures pr\u00e9cises.<\/li>\n<li><strong>S\u00e9curit\u00e9:<\/strong> Alarme anti-effraction et protection contre la surchauffe et le retrait non autoris\u00e9.<\/li>\n<li><strong>Facilit\u00e9 d&#039;utilisation :<\/strong> Contr\u00f4lez et surveillez en temps r\u00e9el via l&#039;application Ajax.<\/li>\n<\/ul>\n<hr \/>\n<h3><strong>Domaines d&#039;utilisation<\/strong><\/h3>\n<ul>\n<li><strong>Maisons et appartements :<\/strong> Pour \u00e9viter les d\u00e9g\u00e2ts des eaux.<\/li>\n<li><strong>Bureaux et espaces publics :<\/strong> \u00c9liminez les inondations co\u00fbteuses.<\/li>\n<li><strong>Installations industrielles :<\/strong> Contr\u00f4ler le d\u00e9bit d&#039;eau dans les grandes installations.<\/li>\n<\/ul>\n<hr \/>\n<h3><strong>Contenu de la livraison<\/strong><\/h3>\n<ul>\n<li>Ajax WaterStop 1\/2\u2033 (DN15)<\/li>\n<li>4 piles CR123A (pr\u00e9install\u00e9es)<\/li>\n<li>Guide de d\u00e9marrage rapide<\/li>\n<\/ul>\n<hr \/>\n<p>Choisir <strong>Ajax WaterStop<\/strong> pour une solution s\u00fbre et fluide pour la gestion de l\u2019eau \u2013 votre propri\u00e9t\u00e9 m\u00e9rite la meilleure protection !<\/p>","protected":false},"excerpt":{"rendered":"<p>Ajax WaterStop 1\/2\u2033 est une vanne d\u2019arr\u00eat d\u2019eau sans fil qui vous donne un contr\u00f4le total sur le d\u00e9bit d\u2019eau via l\u2019application Ajax. Id\u00e9al pour pr\u00e9venir les d\u00e9g\u00e2ts d&#039;eau gr\u00e2ce \u00e0 un arr\u00eat rapide en cas d&#039;alarme, d&#039;heures programm\u00e9es ou de sc\u00e9narios d&#039;automatisation. <strong>Unit\u00e9 centrale Ajax Hub requise.<\/strong><\/p>","protected":false},"featured_media":155624,"template":"","meta":{"_acf_changed":false},"product_brand":[],"product_cat":[3169,3158],"product_tag":[4863],"class_list":{"0":"post-146387","1":"product","2":"type-product","3":"status-publish","4":"has-post-thumbnail","6":"product_cat-automation","7":"product_cat-vattenlarm-och-fuktlarm","8":"product_tag-pf","9":"product_shipping_class-tunga-paket","10":"pa_brands-ajax-systems","11":"pa_farg-vit","12":"tm-no-options","14":"first","15":"instock","16":"sale","17":"taxable","18":"shipping-taxable","19":"purchasable","20":"product-type-simple"},"acf":[],"_links":{"self":[{"href":"https:\/\/secureus.se\/fr\/wp-json\/wp\/v2\/product\/146387","targetHints":{"allow":["GET"]}}],"collection":[{"href":"https:\/\/secureus.se\/fr\/wp-json\/wp\/v2\/product"}],"about":[{"href":"https:\/\/secureus.se\/fr\/wp-json\/wp\/v2\/types\/product"}],"wp:featuredmedia":[{"embeddable":true,"href":"https:\/\/secureus.se\/fr\/wp-json\/wp\/v2\/media\/155624"}],"wp:attachment":[{"href":"https:\/\/secureus.se\/fr\/wp-json\/wp\/v2\/media?parent=146387"}],"wp:term":[{"taxonomy":"product_brand","embeddable":true,"href":"https:\/\/secureus.se\/fr\/wp-json\/wp\/v2\/product_brand?post=146387"},{"taxonomy":"product_cat","embeddable":true,"href":"https:\/\/secureus.se\/fr\/wp-json\/wp\/v2\/product_cat?post=146387"},{"taxonomy":"product_tag","embeddable":true,"href":"https:\/\/secureus.se\/fr\/wp-json\/wp\/v2\/product_tag?post=146387"}],"curies":[{"name":"wp","href":"https:\/\/api.w.org\/{rel}","templated":true}]}}