{"id":146389,"date":"2025-01-10T14:30:51","date_gmt":"2025-01-10T13:30:51","guid":{"rendered":"https:\/\/secureus.se\/?post_type=product&#038;p=146389"},"modified":"2026-04-15T17:36:45","modified_gmt":"2026-04-15T15:36:45","slug":"ajax-waterstop-1-tum-vattenavstangningsventil-tradlos-vit","status":"publish","type":"product","link":"https:\/\/secureus.se\/fr\/ajax-waterstop-1-tum-vattenavstangningsventil-tradlos-vit\/","title":{"rendered":"Robinet d&#039;arr\u00eat d&#039;eau Ajax WaterStop (1 pouce) \u2013 Sans fil, blanc"},"content":{"rendered":"<h3><strong>Robinet d&#039;arr\u00eat d&#039;eau Ajax WaterStop 1\u2033<\/strong><\/h3>\n<p>Ajax WaterStop est une vanne d&#039;arr\u00eat d&#039;eau robuste et fiable con\u00e7ue pour s&#039;int\u00e9grer aux syst\u00e8mes de s\u00e9curit\u00e9 Ajax. Avec sa capacit\u00e9 \u00e0 supporter des d\u00e9bits d&#039;eau plus importants, il est parfait pour les propri\u00e9t\u00e9s ayant des exigences de gestion de l&#039;eau plus \u00e9lev\u00e9es. La vanne offre un contr\u00f4le \u00e0 la fois \u00e0 distance et manuel, ce qui en fait une solution flexible pour les applications domestiques, de bureau et industrielles.<\/p>\n<hr \/>\n<h3><strong>Fonctions principales<\/strong><\/h3>\n<ol>\n<li><strong>Optimal pour les d\u00e9bits d&#039;eau plus importants<\/strong><br \/>\n1\u2033 R25 est la taille standard pour l\u2019eau entrante dans les propri\u00e9t\u00e9s et installations plus grandes.<\/li>\n<li><strong>Plusieurs options de contr\u00f4le<\/strong>\n<ul>\n<li><strong>Sc\u00e9narios automatiques :<\/strong> En cas d&#039;alarme d&#039;Ajax LeaksProtect ou d&#039;autres d\u00e9tecteurs d&#039;eau.<\/li>\n<li><strong>Contr\u00f4le programm\u00e9 :<\/strong> Facile \u00e0 configurer dans l&#039;application Ajax.<\/li>\n<li><strong>Contr\u00f4le manuel :<\/strong> Par bouton ou levier sur la valve.<\/li>\n<\/ul>\n<\/li>\n<li><strong>Technologie avanc\u00e9e pour une s\u00e9curit\u00e9 maximale<\/strong>\n<ul>\n<li><strong>Gymnastique:<\/strong> La valve est exerc\u00e9e r\u00e9guli\u00e8rement pour \u00e9viter qu&#039;elle ne se bloque.<\/li>\n<li><strong>Protection anti-effraction :<\/strong> Support suppl\u00e9mentaire pour emp\u00eacher le d\u00e9montage non autoris\u00e9 du bo\u00eetier de commande.<\/li>\n<li><strong>Alimentation de secours :<\/strong> L&#039;alimentation externe assure un fonctionnement continu.<\/li>\n<\/ul>\n<\/li>\n<li><strong>Construction robuste et durabilit\u00e9<\/strong><br \/>\nFabriqu\u00e9 en laiton selon la norme ISO 5211 avec un couple de 10 Nm. R\u00e9siste aux fortes pressions et variations de temp\u00e9rature, y compris \u00e0 l&#039;eau chaude jusqu&#039;\u00e0 +120\u00b0C.<\/li>\n<\/ol>\n<hr \/>\n<h3><strong>Caract\u00e9ristiques<\/strong><\/h3>\n<ul>\n<li><strong>Taille de la vanne :<\/strong> 1\u2033 (R25)<\/li>\n<li><strong>Port\u00e9e:<\/strong> Jusqu&#039;\u00e0 1100 m\u00e8tres (terrain libre)<\/li>\n<li><strong>Batterie:<\/strong> 4 x CR123A, 3V (inclus)<\/li>\n<li><strong>Autonomie de la batterie\u00a0:<\/strong> Jusqu&#039;\u00e0 3 ans<\/li>\n<li><strong>Mat\u00e9riel:<\/strong> Laiton<\/li>\n<li><strong>Pression d&#039;eau maximale :<\/strong> 40 bars<\/li>\n<li><strong>Indice IP\u00a0:<\/strong> IP56<\/li>\n<li><strong>Plage de temp\u00e9rature\u00a0:<\/strong> 0\u00b0C \u00e0 +60\u00b0C<\/li>\n<li><strong>Temp\u00e9rature de l&#039;eau :<\/strong> +5\u00b0C \u00e0 +120\u00b0C<\/li>\n<\/ul>\n<hr \/>\n<h3><strong>Avantages de Ajax WaterStop 1\u2033<\/strong><\/h3>\n<ul>\n<li><strong>Haute capacit\u00e9\u00a0:<\/strong> Con\u00e7u pour les grandes propri\u00e9t\u00e9s et les applications avec un d\u00e9bit d&#039;eau \u00e9lev\u00e9.<\/li>\n<li><strong>Flexibilit\u00e9:<\/strong> Possibilit\u00e9 de contr\u00f4ler via application, planning ou manuellement.<\/li>\n<li><strong>S\u00e9curit\u00e9:<\/strong> Alarme anti-sabotage et protection contre la surchauffe pour une s\u00e9curit\u00e9 maximale.<\/li>\n<li><strong>Adaptabilit\u00e9:<\/strong> Cr\u00e9ez des sc\u00e9narios automatis\u00e9s adapt\u00e9s \u00e0 vos besoins sp\u00e9cifiques.<\/li>\n<\/ul>\n<hr \/>\n<h3><strong>Domaines d&#039;utilisation<\/strong><\/h3>\n<ul>\n<li><strong>Maison et r\u00e9sidences plus grandes :<\/strong> Pour les flux d&#039;eau entrants et la protection contre les inondations.<\/li>\n<li><strong>Entreprises et Bureaux :<\/strong> Pr\u00e9venir les dommages caus\u00e9s par les fuites d\u2019eau dans les environnements de travail.<\/li>\n<li><strong>Environnements industriels\u00a0:<\/strong> Contr\u00f4le efficace de l&#039;eau dans les grands syst\u00e8mes.<\/li>\n<\/ul>\n<hr \/>\n<h3><strong>Contenu de la livraison<\/strong><\/h3>\n<ul>\n<li>Ajax WaterStop 1\u2033 (R25)<\/li>\n<li>4 piles CR123A (pr\u00e9install\u00e9es)<\/li>\n<li>Guide de d\u00e9marrage rapide<\/li>\n<\/ul>","protected":false},"excerpt":{"rendered":"<p>Ajax WaterStop 1\u2033 est un robinet d\u2019arr\u00eat d\u2019eau sans fil id\u00e9al pour les d\u00e9bits d\u2019eau plus importants. Il s&#039;int\u00e8gre au syst\u00e8me de s\u00e9curit\u00e9 Ajax et fournit un contr\u00f4le \u00e0 distance et automatique. Convient aux conduites d&#039;eau froide et chaude et est \u00e9quip\u00e9 de fonctions de s\u00e9curit\u00e9 avanc\u00e9es. <strong>Unit\u00e9 centrale Ajax Hub requise.<\/strong><\/p>","protected":false},"featured_media":155624,"template":"","meta":{"_acf_changed":false},"product_brand":[],"product_cat":[3169,3158],"product_tag":[4863],"class_list":{"0":"post-146389","1":"product","2":"type-product","3":"status-publish","4":"has-post-thumbnail","6":"product_cat-automation","7":"product_cat-vattenlarm-och-fuktlarm","8":"product_tag-pf","9":"pa_brands-ajax-systems","10":"pa_farg-vit","11":"tm-no-options","13":"first","14":"instock","15":"sale","16":"taxable","17":"shipping-taxable","18":"purchasable","19":"product-type-simple"},"acf":[],"_links":{"self":[{"href":"https:\/\/secureus.se\/fr\/wp-json\/wp\/v2\/product\/146389","targetHints":{"allow":["GET"]}}],"collection":[{"href":"https:\/\/secureus.se\/fr\/wp-json\/wp\/v2\/product"}],"about":[{"href":"https:\/\/secureus.se\/fr\/wp-json\/wp\/v2\/types\/product"}],"wp:featuredmedia":[{"embeddable":true,"href":"https:\/\/secureus.se\/fr\/wp-json\/wp\/v2\/media\/155624"}],"wp:attachment":[{"href":"https:\/\/secureus.se\/fr\/wp-json\/wp\/v2\/media?parent=146389"}],"wp:term":[{"taxonomy":"product_brand","embeddable":true,"href":"https:\/\/secureus.se\/fr\/wp-json\/wp\/v2\/product_brand?post=146389"},{"taxonomy":"product_cat","embeddable":true,"href":"https:\/\/secureus.se\/fr\/wp-json\/wp\/v2\/product_cat?post=146389"},{"taxonomy":"product_tag","embeddable":true,"href":"https:\/\/secureus.se\/fr\/wp-json\/wp\/v2\/product_tag?post=146389"}],"curies":[{"name":"wp","href":"https:\/\/api.w.org\/{rel}","templated":true}]}}