{"id":146559,"date":"2025-01-22T17:22:41","date_gmt":"2025-01-22T16:22:41","guid":{"rendered":"https:\/\/secureus.se\/cranford-controls-510-058-vtg-12v-32t-grund-bas-rod\/"},"modified":"2026-04-09T11:32:31","modified_gmt":"2026-04-09T09:32:31","slug":"cranford-controls-510-058-vtg-12v-32t","status":"publish","type":"product","link":"https:\/\/secureus.se\/fr\/cranford-controls-510-058-vtg-12v-32t\/","title":{"rendered":"Cranford Controls 510-058 VTG 12V 32T base peu profonde, rouge"},"content":{"rendered":"<h1>Commandes Cranford 510-058 VTG 12V 32T<\/h1>\n<p>Cranford Controls 510-058 VTG est un avertisseur sonore fiable et flexible con\u00e7u pour les syst\u00e8mes de s\u00e9curit\u00e9.<\/p>\n<p>Avec 32 tonalit\u00e9s et une tonalit\u00e9 satur\u00e9e s\u00e9lectionnable, ce bip donne \u00e0 l&#039;utilisateur la possibilit\u00e9 de personnaliser le bip selon ses besoins.<\/p>\n<p>Il est disponible en deux versions diff\u00e9rentes pour s&#039;adapter \u00e0 diff\u00e9rents environnements : une avec une base peu profonde (IP43) et une avec une base profonde (IP65), qui offre une gamme polyvalente d&#039;utilisations \u00e0 l&#039;int\u00e9rieur comme \u00e0 l&#039;ext\u00e9rieur.<\/p>\n<p>La fonction commutable permet de l&#039;utiliser uniquement comme balise, ce qui rend ce produit extr\u00eamement flexible.<\/p>\n<p>Pour assurer une installation facile, le syst\u00e8me de montage \u00e0 ba\u00efonnette unique est \u00e0 la fois efficace et rapide, et le couvercle amovible sur la base profonde prend en charge le c\u00e2blage mont\u00e9 en surface.<\/p>\n<p>Une version avec fonction anti-effraction int\u00e9gr\u00e9e est \u00e9galement disponible, ce qui signifie que tout retrait non autoris\u00e9 est automatiquement signal\u00e9 au panneau de contr\u00f4le, offrant ainsi une s\u00e9curit\u00e9 accrue.<\/p>","protected":false},"excerpt":{"rendered":"<p>Le Cranford Controls 510-058 VTG est un buzzer mural 12 V qui offre 32 tonalit\u00e9s plus une tonalit\u00e9 satur\u00e9e s\u00e9lectionnable.<\/p>\n<p>Il est particuli\u00e8rement adapt\u00e9 \u00e0 une utilisation dans les syst\u00e8mes de s\u00e9curit\u00e9 et est disponible dans des versions avec base peu profonde (IP43) et base profonde (IP65).<\/p>\n<p>Le produit dispose d&#039;un syst\u00e8me de montage \u00e0 ba\u00efonnette unique qui facilite l&#039;installation et d&#039;un couvercle amovible sur la base profonde pour le c\u00e2blage en surface.<\/p>\n<p>Une version inviolable est \u00e9galement disponible pour plus de s\u00e9curit\u00e9.<\/p>","protected":false},"featured_media":146558,"template":"","meta":{"_acf_changed":false},"product_brand":[],"product_cat":[1825,1562,5098],"product_tag":[],"class_list":{"0":"post-146559","1":"product","2":"type-product","3":"status-publish","4":"has-post-thumbnail","6":"product_cat-sirener-brand","7":"product_cat-larmdon-blixtljus","8":"product_cat-siren-brand","9":"product_shipping_class-tunga-paket","10":"tm-no-options","12":"first","13":"instock","14":"taxable","15":"shipping-taxable","16":"purchasable","17":"product-type-simple"},"acf":[],"_links":{"self":[{"href":"https:\/\/secureus.se\/fr\/wp-json\/wp\/v2\/product\/146559","targetHints":{"allow":["GET"]}}],"collection":[{"href":"https:\/\/secureus.se\/fr\/wp-json\/wp\/v2\/product"}],"about":[{"href":"https:\/\/secureus.se\/fr\/wp-json\/wp\/v2\/types\/product"}],"wp:featuredmedia":[{"embeddable":true,"href":"https:\/\/secureus.se\/fr\/wp-json\/wp\/v2\/media\/146558"}],"wp:attachment":[{"href":"https:\/\/secureus.se\/fr\/wp-json\/wp\/v2\/media?parent=146559"}],"wp:term":[{"taxonomy":"product_brand","embeddable":true,"href":"https:\/\/secureus.se\/fr\/wp-json\/wp\/v2\/product_brand?post=146559"},{"taxonomy":"product_cat","embeddable":true,"href":"https:\/\/secureus.se\/fr\/wp-json\/wp\/v2\/product_cat?post=146559"},{"taxonomy":"product_tag","embeddable":true,"href":"https:\/\/secureus.se\/fr\/wp-json\/wp\/v2\/product_tag?post=146559"}],"curies":[{"name":"wp","href":"https:\/\/api.w.org\/{rel}","templated":true}]}}