{"id":147100,"date":"2025-01-29T09:09:26","date_gmt":"2025-01-29T08:09:26","guid":{"rendered":"https:\/\/secureus.se\/plastkort-076mm-cr80-blanka-100-pack\/"},"modified":"2026-04-09T11:12:55","modified_gmt":"2026-04-09T09:12:55","slug":"plastkort-076mm-cr80-blanka-100-pack","status":"publish","type":"product","link":"https:\/\/secureus.se\/fr\/plastkort-076mm-cr80-blanka-100-pack\/","title":{"rendered":"Cartes en plastique 0,76 mm CR80 vierges (paquet de 100)"},"content":{"rendered":"<p>Cartes en plastique blanches de qualit\u00e9 sup\u00e9rieure, le support id\u00e9al pour une impression de cartes d&#039;identit\u00e9 personnalis\u00e9es exceptionnelles. Le mat\u00e9riau PVC de haute qualit\u00e9 garantit que vos clients ou employ\u00e9s re\u00e7oivent des impressions vibrantes et \u00e9l\u00e9gantes. Elles ont la m\u00eame taille que les cartes de cr\u00e9dit ordinaires et une \u00e9paisseur de 760 microns.<\/p>\n<ul>\n<li>Vendu en paquet de 100<\/li>\n<li>Format de carte CR80 standard (85,60 x 53,98 mm)<\/li>\n<li>760 microns\/30 mils<\/li>\n<li>Convient \u00e0 toutes les imprimantes de cartes en plastique<\/li>\n<li>Sous film r\u00e9tractable et sans poussi\u00e8re<\/li>\n<\/ul>\n<p>Poids du produit :<br \/>\n0,50 kg<\/p>","protected":false},"excerpt":{"rendered":"<p>Cartes en plastique blanches de qualit\u00e9 sup\u00e9rieure, le support id\u00e9al pour une impression de cartes d&#039;identit\u00e9 personnalis\u00e9es exceptionnelles. Le mat\u00e9riau PVC de haute qualit\u00e9 garantit que vos clients ou employ\u00e9s re\u00e7oivent des impressions vibrantes et \u00e9l\u00e9gantes. Ils ont la m\u00eame taille que<\/p>","protected":false},"featured_media":147099,"template":"","meta":{"_acf_changed":false},"product_brand":[],"product_cat":[1653,4235],"product_tag":[],"class_list":{"0":"post-147100","1":"product","2":"type-product","3":"status-publish","4":"has-post-thumbnail","6":"product_cat-gor-dina-egna-foretagskort","7":"product_cat-plastkort-utan-chip","8":"tm-no-options","10":"first","11":"instock","12":"taxable","13":"shipping-taxable","14":"purchasable","15":"product-type-simple"},"acf":[],"_links":{"self":[{"href":"https:\/\/secureus.se\/fr\/wp-json\/wp\/v2\/product\/147100","targetHints":{"allow":["GET"]}}],"collection":[{"href":"https:\/\/secureus.se\/fr\/wp-json\/wp\/v2\/product"}],"about":[{"href":"https:\/\/secureus.se\/fr\/wp-json\/wp\/v2\/types\/product"}],"wp:featuredmedia":[{"embeddable":true,"href":"https:\/\/secureus.se\/fr\/wp-json\/wp\/v2\/media\/147099"}],"wp:attachment":[{"href":"https:\/\/secureus.se\/fr\/wp-json\/wp\/v2\/media?parent=147100"}],"wp:term":[{"taxonomy":"product_brand","embeddable":true,"href":"https:\/\/secureus.se\/fr\/wp-json\/wp\/v2\/product_brand?post=147100"},{"taxonomy":"product_cat","embeddable":true,"href":"https:\/\/secureus.se\/fr\/wp-json\/wp\/v2\/product_cat?post=147100"},{"taxonomy":"product_tag","embeddable":true,"href":"https:\/\/secureus.se\/fr\/wp-json\/wp\/v2\/product_tag?post=147100"}],"curies":[{"name":"wp","href":"https:\/\/api.w.org\/{rel}","templated":true}]}}