{"id":147226,"date":"2025-01-30T12:26:36","date_gmt":"2025-01-30T11:26:36","guid":{"rendered":"https:\/\/secureus.se\/?post_type=product&#038;p=147226"},"modified":"2026-03-31T13:25:37","modified_gmt":"2026-03-31T11:25:37","slug":"axema-tagg-mifare1k-orange-anpassad-for-axxema-vaka-passersystem","status":"publish","type":"product","link":"https:\/\/secureus.se\/fr\/axema-tagg-mifare1k-orange-anpassad-for-axxema-vaka-passersystem\/","title":{"rendered":"Axema Tag Mifare1k Orange Personnalis\u00e9 pour le syst\u00e8me d&#039;acc\u00e8s Axxema Vaka"},"content":{"rendered":"<h1><strong>Plaque de passage Axema Vaka Tag Mifare1k\u00a0<\/strong><\/h1>\n<p><strong>Notre carte d\u2019acc\u00e8s Mifare1k \u00ab ABS Plus \u00bb est con\u00e7ue pour r\u00e9pondre aux besoins les plus exigeants en mati\u00e8re de s\u00e9curit\u00e9 et d\u2019identification.<\/strong><\/p>\n<ul>\n<li>Ce Passerbrick Mifare1k est disponible en 6 coloris en standard et toujours dans notre entrep\u00f4t avec livraison imm\u00e9diate<\/li>\n<li>Construction robuste en mat\u00e9riau ABS avec un profil fin de seulement 2,9 mm<\/li>\n<li>Tags Mifare1k est personnalis\u00e9 avec des num\u00e9ros pour Axema Vaka, l&#039;un des plus grands fournisseurs su\u00e9dois de syst\u00e8mes de s\u00e9curit\u00e9.<\/li>\n<\/ul>\n<p>Les porte-cl\u00e9s \/ tags RFID \u00ab ABS Plus \u00bb sont stock\u00e9s \u00e0 plus de 100 000 exemplaires et sont disponibles en 6 couleurs (rouge, bleu, blanc, noir, vert, jaune, orange) et avec diff\u00e9rentes puces.<\/p>\n<p>Que vous ayez besoin d&#039;un produit fiable pour les syst\u00e8mes d&#039;acc\u00e8s, les syst\u00e8mes de visiteurs, la r\u00e9servation, les alarmes, les chargeurs de voiture, la gestion d&#039;entrep\u00f4t ou d&#039;autres applications, notre \u00ab ABS Plus \u00bb est le choix parfait.<\/p>\n<p>Si vous souhaitez vos propres num\u00e9ros ou consulter votre tag Axema Vaka, contactez-nous pour un design enti\u00e8rement gratuit.<b>\u00a0<\/b><\/p>","protected":false},"excerpt":{"rendered":"<p>Notre \u00e9tiquette d&#039;acc\u00e8s RFID la plus populaire \u00ab ABS Plus \u00bb \u2013 la solution parfaite pour votre syst\u00e8me de contr\u00f4le d&#039;acc\u00e8s \u2013 Axema Vaka<\/p>","protected":false},"featured_media":147227,"template":"","meta":{"_acf_changed":false},"product_brand":[],"product_cat":[3842],"product_tag":[],"class_list":{"0":"post-147226","1":"product","2":"type-product","3":"status-publish","4":"has-post-thumbnail","6":"product_cat-axema-vaka-taggar","7":"product_shipping_class-postnord-varubrev","8":"pa_brands-stonehouse-security","9":"pa_chip-teknik-mifare1k","10":"pa_farg-orange","11":"pa_pro-larmsystem-axema-vaka-2","12":"tm-no-options","14":"first","15":"instock","16":"featured","17":"taxable","18":"shipping-taxable","19":"purchasable","20":"product-type-simple"},"acf":[],"_links":{"self":[{"href":"https:\/\/secureus.se\/fr\/wp-json\/wp\/v2\/product\/147226","targetHints":{"allow":["GET"]}}],"collection":[{"href":"https:\/\/secureus.se\/fr\/wp-json\/wp\/v2\/product"}],"about":[{"href":"https:\/\/secureus.se\/fr\/wp-json\/wp\/v2\/types\/product"}],"wp:featuredmedia":[{"embeddable":true,"href":"https:\/\/secureus.se\/fr\/wp-json\/wp\/v2\/media\/147227"}],"wp:attachment":[{"href":"https:\/\/secureus.se\/fr\/wp-json\/wp\/v2\/media?parent=147226"}],"wp:term":[{"taxonomy":"product_brand","embeddable":true,"href":"https:\/\/secureus.se\/fr\/wp-json\/wp\/v2\/product_brand?post=147226"},{"taxonomy":"product_cat","embeddable":true,"href":"https:\/\/secureus.se\/fr\/wp-json\/wp\/v2\/product_cat?post=147226"},{"taxonomy":"product_tag","embeddable":true,"href":"https:\/\/secureus.se\/fr\/wp-json\/wp\/v2\/product_tag?post=147226"}],"curies":[{"name":"wp","href":"https:\/\/api.w.org\/{rel}","templated":true}]}}