{"id":147328,"date":"2023-09-26T13:10:35","date_gmt":"2023-09-26T11:10:35","guid":{"rendered":"https:\/\/secureus.se\/elslutbleck-step-40-rattvand-24v\/"},"modified":"2026-04-23T12:32:31","modified_gmt":"2026-04-23T10:32:31","slug":"elslutbleck-step-40-rattvand-24v","status":"publish","type":"product","link":"https:\/\/secureus.se\/fr\/elslutbleck-step-40-rattvand-24v\/","title":{"rendered":"G\u00e2che \u00e9lectrique STEP 40 Droite 24V"},"content":{"rendered":"<h1>G\u00e2che \u00e9lectrique STEP 40 Droite 24V<\/h1>\n<p>La g\u00e2che \u00e9lectrique STEP 40 est une g\u00e2che \u00e9lectrique de haute qualit\u00e9 avec fonction droitier et technologie brevet\u00e9e HPR\u00ae. Il est con\u00e7u pour un verrouillage de jour s\u00fbr et fiable, m\u00eame avec une pression \u00e9lev\u00e9e sur la porte.<\/p>\n<p class=\"\" data-start=\"318\" data-end=\"772\">La g\u00e2che \u00e9lectrique STEP 40 Preload HPR \u00e9tablit une norme \u00e9lev\u00e9e pour les g\u00e2ches \u00e9lectriques avec ses dimensions compactes et sa technologie brevet\u00e9e HPR\u00ae. Cette g\u00e2che \u00e9lectrique est parfaite pour \u00eatre utilis\u00e9e comme serrure de jour dans diverses applications de s\u00e9curit\u00e9 et garantit une fiabilit\u00e9 op\u00e9rationnelle et une durabilit\u00e9 \u00e9lev\u00e9es.<\/p>\n<p class=\"\" data-start=\"318\" data-end=\"772\">Gr\u00e2ce \u00e0 sa taille minimale et \u00e0 la technologie de pression de bande, qui permet \u00e0 la porte de se d\u00e9verrouiller m\u00eame avec une pression allant jusqu&#039;\u00e0 250 kg, STEP 40 offre un fonctionnement fiable m\u00eame dans des conditions difficiles.<\/p>\n<p class=\"\" data-start=\"774\" data-end=\"1111\">Le produit est test\u00e9 en usine sur 1 500 000 cycles, ce qui en fait une solution durable pour les serrures \u00e0 un ou deux vantaux. La conception r\u00e9versible s&#039;adapte aux portes droites et gauches, et la diode de protection emp\u00eache les dommages \u00e9lectriques.<\/p>\n<p class=\"\" data-start=\"774\" data-end=\"1111\">STEP 40 est \u00e9galement r\u00e9sistant aux chocs et r\u00e9pond aux exigences \u00e9lev\u00e9es de s\u00e9curit\u00e9 et de durabilit\u00e9 selon la norme SS-EN 14846.<\/p>\n<p class=\"\" data-start=\"1113\" data-end=\"1128\"><strong data-start=\"1113\" data-end=\"1128\">Propri\u00e9t\u00e9s:<\/strong><\/p>\n<ul data-start=\"1129\" data-end=\"1462\">\n<li class=\"\" data-start=\"1129\" data-end=\"1172\">\n<p class=\"\" data-start=\"1131\" data-end=\"1172\">Fonction orient\u00e9e vers la droite (verrouill\u00e9e en mode hors tension)<\/p>\n<\/li>\n<li class=\"\" data-start=\"1173\" data-end=\"1247\">\n<p class=\"\" data-start=\"1175\" data-end=\"1247\">Technologie HPR\u00ae qui permet \u00e0 la porte de s&#039;ouvrir malgr\u00e9 une pression allant jusqu&#039;\u00e0 250 kg<\/p>\n<\/li>\n<li class=\"\" data-start=\"1248\" data-end=\"1288\">\n<p class=\"\" data-start=\"1250\" data-end=\"1288\">R\u00e9sistance \u00e0 la rupture de 1 200 kg (environ 12 kN)<\/p>\n<\/li>\n<li class=\"\" data-start=\"1289\" data-end=\"1326\">\n<p class=\"\" data-start=\"1291\" data-end=\"1326\">Test\u00e9 en usine \u00e0 1 500 000 cycles<\/p>\n<\/li>\n<li class=\"\" data-start=\"1327\" data-end=\"1386\">\n<p class=\"\" data-start=\"1329\" data-end=\"1386\">Antichoc et r\u00e9versible pour portes droites et gauches<\/p>\n<\/li>\n<li class=\"\" data-start=\"1387\" data-end=\"1417\">\n<p class=\"\" data-start=\"1389\" data-end=\"1417\">Pour serrure simple ou double<\/p>\n<\/li>\n<li class=\"\" data-start=\"1418\" data-end=\"1462\">\n<p class=\"\" data-start=\"1420\" data-end=\"1462\">Trous de vis pour vis inclin\u00e9es dans le bord arri\u00e8re<\/p>\n<\/li>\n<\/ul>\n<p class=\"\" data-start=\"1464\" data-end=\"1493\"><strong data-start=\"1464\" data-end=\"1493\">Sp\u00e9cifications techniques :<\/strong><\/p>\n<ul data-start=\"1494\" data-end=\"2011\">\n<li class=\"\" data-start=\"1494\" data-end=\"1601\">\n<p class=\"\" data-start=\"1496\" data-end=\"1601\">Alimentation : 12 V DC (+15% -10%) 220 mAh \/ max 600 mA ou 24 V DC (+15% -10%) 110 mAh \/ max 300 mA<\/p>\n<\/li>\n<li class=\"\" data-start=\"1602\" data-end=\"1642\">\n<p class=\"\" data-start=\"1604\" data-end=\"1642\">Durabilit\u00e9 : Grade X selon SS-EN 14846<\/p>\n<\/li>\n<li class=\"\" data-start=\"1643\" data-end=\"1682\">\n<p class=\"\" data-start=\"1645\" data-end=\"1682\">Corrosion : Grade M selon SS-EN 14846<\/p>\n<\/li>\n<li class=\"\" data-start=\"1683\" data-end=\"1721\">\n<p class=\"\" data-start=\"1685\" data-end=\"1721\">S\u00e9curit\u00e9 : Grade 3 selon SS-EN 14846<\/p>\n<\/li>\n<li class=\"\" data-start=\"1722\" data-end=\"1784\">\n<p class=\"\" data-start=\"1724\" data-end=\"1784\">Manipulation \u00e9lectrique de s\u00e9curit\u00e9 : Grade 1 selon SS-EN 14846<\/p>\n<\/li>\n<li class=\"\" data-start=\"1785\" data-end=\"1811\">\n<p class=\"\" data-start=\"1787\" data-end=\"1811\">R\u00e9sistance \u00e0 la rupture : 1200 kg<\/p>\n<\/li>\n<li class=\"\" data-start=\"1812\" data-end=\"1842\">\n<p class=\"\" data-start=\"1814\" data-end=\"1842\">Charni\u00e8re de porte : droite, gauche<\/p>\n<\/li>\n<li class=\"\" data-start=\"1843\" data-end=\"1861\">\n<p class=\"\" data-start=\"1845\" data-end=\"1861\">C\u00e2ble inclus : Non<\/p>\n<\/li>\n<li class=\"\" data-start=\"1862\" data-end=\"1881\">\n<p class=\"\" data-start=\"1864\" data-end=\"1881\">Pression de la bande : 250 kg<\/p>\n<\/li>\n<li class=\"\" data-start=\"1882\" data-end=\"1917\">\n<p class=\"\" data-start=\"1884\" data-end=\"1917\">Type de serrure : Serrure \u00e0 p\u00eane simple, Serrure \u00e0 p\u00eane double<\/p>\n<\/li>\n<li class=\"\" data-start=\"1918\" data-end=\"1971\">\n<p class=\"\" data-start=\"1920\" data-end=\"1971\">Dimensions du produit : Largeur : 25 mm, Profondeur : 28 mm, Hauteur : 90 mm<\/p>\n<\/li>\n<li class=\"\" data-start=\"1972\" data-end=\"1990\">\n<p class=\"\" data-start=\"1974\" data-end=\"1990\">Contact piston : Non<\/p>\n<\/li>\n<li class=\"\" data-start=\"1991\" data-end=\"2011\">\n<p class=\"\" data-start=\"1993\" data-end=\"2011\">Tension AC\/DC : DC<\/p>\n<\/li>\n<\/ul>","protected":false},"excerpt":{"rendered":"<p>G\u00e2che \u00e9lectrique STEP 40 Pr\u00e9charge 24V Coud\u00e9e offre une fiabilit\u00e9 et une flexibilit\u00e9 op\u00e9rationnelles sup\u00e9rieures.<\/p>\n<p>Gr\u00e2ce \u00e0 la technologie brevet\u00e9e de pression de bande de STEP, il peut g\u00e9rer des portes soumises \u00e0 une pression allant jusqu&#039;\u00e0 250 kg, ce qui le rend id\u00e9al pour une utilisation \u00e0 haute fr\u00e9quence.<\/p>\n<p>Vous pouvez voir ici quels poteaux et mod\u00e8les s&#039;adaptent ensemble \u00e0 partir de la gamme STEP de but\u00e9es de porte \u00e9lectriques.<\/p>\n<h5><strong><a href=\"https:\/\/steplock.com\/sv\/stolpguide\/#!?lang=sv&amp;blog_id=1&amp;paged=1&amp;number=50\" target=\"_blank\" rel=\"noopener\">Guide de publication STEP\u00a0<\/a><\/strong><\/h5>\n<h5><strong><a href=\"https:\/\/steplock.com\/sv\/projekteringsguide\/#!?lang=sv&amp;blog_id=1&amp;paged=1&amp;number=999\" target=\"_blank\" rel=\"noopener\">Guide de conception STEP<\/a><\/strong><\/h5>","protected":false},"featured_media":147325,"template":"","meta":{"_acf_changed":false},"product_brand":[],"product_cat":[3355],"product_tag":[4197,4200],"class_list":{"0":"post-147328","1":"product","2":"type-product","3":"status-publish","4":"has-post-thumbnail","6":"product_cat-elslutbleck","7":"product_tag-24v","8":"product_tag-rattvand","9":"product_shipping_class-tunga-paket","10":"pa_brands-step","11":"tm-no-options","13":"first","14":"instock","15":"sale","16":"taxable","17":"shipping-taxable","18":"purchasable","19":"product-type-simple"},"acf":[],"_links":{"self":[{"href":"https:\/\/secureus.se\/fr\/wp-json\/wp\/v2\/product\/147328","targetHints":{"allow":["GET"]}}],"collection":[{"href":"https:\/\/secureus.se\/fr\/wp-json\/wp\/v2\/product"}],"about":[{"href":"https:\/\/secureus.se\/fr\/wp-json\/wp\/v2\/types\/product"}],"wp:featuredmedia":[{"embeddable":true,"href":"https:\/\/secureus.se\/fr\/wp-json\/wp\/v2\/media\/147325"}],"wp:attachment":[{"href":"https:\/\/secureus.se\/fr\/wp-json\/wp\/v2\/media?parent=147328"}],"wp:term":[{"taxonomy":"product_brand","embeddable":true,"href":"https:\/\/secureus.se\/fr\/wp-json\/wp\/v2\/product_brand?post=147328"},{"taxonomy":"product_cat","embeddable":true,"href":"https:\/\/secureus.se\/fr\/wp-json\/wp\/v2\/product_cat?post=147328"},{"taxonomy":"product_tag","embeddable":true,"href":"https:\/\/secureus.se\/fr\/wp-json\/wp\/v2\/product_tag?post=147328"}],"curies":[{"name":"wp","href":"https:\/\/api.w.org\/{rel}","templated":true}]}}