{"id":147332,"date":"2023-09-26T13:10:34","date_gmt":"2023-09-26T11:10:34","guid":{"rendered":"https:\/\/secureus.se\/elslutbleck-step-90-rattvand-24v\/"},"modified":"2026-04-23T12:27:39","modified_gmt":"2026-04-23T10:27:39","slug":"elslutbleck-step-90-rattvand-24v","status":"publish","type":"product","link":"https:\/\/secureus.se\/fr\/elslutbleck-step-90-rattvand-24v\/","title":{"rendered":"G\u00e2che \u00e9lectrique STEP 90 Droite 24V"},"content":{"rendered":"<h1>G\u00e2che \u00e9lectrique STEP 90 Droite 24V<\/h1>\n<p class=\"\" data-start=\"121\" data-end=\"327\">STEP 90 est une g\u00e2che \u00e9lectrique homologu\u00e9e incendie avec des dimensions minimales et une grande fiabilit\u00e9 de fonctionnement. Id\u00e9al pour une utilisation dans des environnements de haute s\u00e9curit\u00e9 et dans les limites des cellules d&#039;incendie, avec une r\u00e9sistance \u00e0 la rupture de 1 200 kg.<\/p>\n<p class=\"\" data-start=\"329\" data-end=\"758\">STEP 90 Preload HPR est une g\u00e2che \u00e9lectrique de haute qualit\u00e9 qui combine des dimensions minimales avec une fiabilit\u00e9 op\u00e9rationnelle sup\u00e9rieure et une longue dur\u00e9e de vie.<\/p>\n<p class=\"\" data-start=\"329\" data-end=\"758\">Il est homologu\u00e9 incendie jusqu&#039;\u00e0 E\/EI120 selon la norme SS-EN 14846:2008, ce qui en fait un excellent choix pour les solutions de s\u00e9curit\u00e9 dans les limites des cellules d&#039;incendie.<\/p>\n<p class=\"\" data-start=\"329\" data-end=\"758\">Cette g\u00e2che \u00e9lectrique est \u00e9galement \u00e9quip\u00e9e de la technologie brevet\u00e9e HPR\u00ae de STEP, qui garantit l&#039;ouverture m\u00eame avec une pression allant jusqu&#039;\u00e0 250 kg.<\/p>\n<p class=\"\" data-start=\"760\" data-end=\"1164\">Gr\u00e2ce \u00e0 ses dimensions r\u00e9duites et \u00e0 sa conception r\u00e9versible, il s&#039;adapte aussi bien aux portes \u00e0 ouverture \u00e0 droite qu&#039;\u00e0 ouverture \u00e0 gauche et peut \u00eatre facilement install\u00e9 dans des syst\u00e8mes de portes avec serrures \u00e0 un ou deux vantaux.<\/p>\n<p class=\"\" data-start=\"760\" data-end=\"1164\">STEP 90 est \u00e9galement test\u00e9 et certifi\u00e9 pour sa r\u00e9sistance au feu et poss\u00e8de une r\u00e9sistance \u00e0 la rupture de 1 200 kg (environ 12 kN), garantissant ainsi sa capacit\u00e9 \u00e0 supporter de lourdes charges.<\/p>\n<p class=\"\" data-start=\"760\" data-end=\"1164\">De plus, il est inviolable et dispose d&#039;une diode de protection int\u00e9gr\u00e9e pour une s\u00e9curit\u00e9 \u00e9lectrique accrue.<\/p>\n<p class=\"\" data-start=\"1166\" data-end=\"1181\"><strong data-start=\"1166\" data-end=\"1181\">Propri\u00e9t\u00e9s:<\/strong><\/p>\n<ul data-start=\"1182\" data-end=\"1702\">\n<li class=\"\" data-start=\"1182\" data-end=\"1225\">\n<p class=\"\" data-start=\"1184\" data-end=\"1225\">Fonction orient\u00e9e vers la droite (verrouill\u00e9e en mode hors tension)<\/p>\n<\/li>\n<li class=\"\" data-start=\"1226\" data-end=\"1292\">\n<p class=\"\" data-start=\"1228\" data-end=\"1292\">Homologu\u00e9 au feu jusqu&#039;\u00e0 la classe E\/EI 120 selon SS-EN 14846:2008<\/p>\n<\/li>\n<li class=\"\" data-start=\"1293\" data-end=\"1332\">\n<p class=\"\" data-start=\"1295\" data-end=\"1332\">Diode de protection int\u00e9gr\u00e9e pour plus de s\u00e9curit\u00e9<\/p>\n<\/li>\n<li class=\"\" data-start=\"1333\" data-end=\"1404\">\n<p class=\"\" data-start=\"1335\" data-end=\"1404\">Indication de l&#039;\u00e9tat de la porte (ferm\u00e9e\/ouverte) sur les produits avec contact \u00e0 piston<\/p>\n<\/li>\n<li class=\"\" data-start=\"1405\" data-end=\"1445\">\n<p class=\"\" data-start=\"1407\" data-end=\"1445\">R\u00e9sistance \u00e0 la rupture de 1 200 kg (environ 12 kN)<\/p>\n<\/li>\n<li class=\"\" data-start=\"1446\" data-end=\"1516\">\n<p class=\"\" data-start=\"1448\" data-end=\"1516\">La technologie HPR\u00ae garantit l&#039;ouverture malgr\u00e9 une pression de bande de 250 kg (environ 2,5 kN)<\/p>\n<\/li>\n<li class=\"\" data-start=\"1517\" data-end=\"1576\">\n<p class=\"\" data-start=\"1519\" data-end=\"1576\">Antichoc et r\u00e9versible pour portes droites et gauches<\/p>\n<\/li>\n<li class=\"\" data-start=\"1577\" data-end=\"1621\">\n<p class=\"\" data-start=\"1579\" data-end=\"1621\">Trous de vis pour vis inclin\u00e9es dans le bord arri\u00e8re<\/p>\n<\/li>\n<li class=\"\" data-start=\"1622\" data-end=\"1702\">\n<p class=\"\" data-start=\"1624\" data-end=\"1702\">Convient aux serrures \u00e0 simple et double p\u00eane des s\u00e9ries Connect, Modul et Narrow Profile<\/p>\n<\/li>\n<\/ul>\n<p class=\"\" data-start=\"1704\" data-end=\"1733\"><strong data-start=\"1704\" data-end=\"1733\">Sp\u00e9cifications techniques :<\/strong><\/p>\n<ul data-start=\"1734\" data-end=\"2274\">\n<li class=\"\" data-start=\"1734\" data-end=\"1841\">\n<p class=\"\" data-start=\"1736\" data-end=\"1841\">Alimentation : 12 V DC (+15% -10%) 220 mAh \/ max 600 mA ou 24 V DC (+15% -10%) 110 mAh \/ max 300 mA<\/p>\n<\/li>\n<li class=\"\" data-start=\"1842\" data-end=\"1882\">\n<p class=\"\" data-start=\"1844\" data-end=\"1882\">Durabilit\u00e9 : Grade X selon SS-EN 14846<\/p>\n<\/li>\n<li class=\"\" data-start=\"1883\" data-end=\"1922\">\n<p class=\"\" data-start=\"1885\" data-end=\"1922\">Corrosion : Grade M selon SS-EN 14846<\/p>\n<\/li>\n<li class=\"\" data-start=\"1923\" data-end=\"1961\">\n<p class=\"\" data-start=\"1925\" data-end=\"1961\">S\u00e9curit\u00e9 : Grade 3 selon SS-EN 14846<\/p>\n<\/li>\n<li class=\"\" data-start=\"1962\" data-end=\"2024\">\n<p class=\"\" data-start=\"1964\" data-end=\"2024\">Manipulation \u00e9lectrique de s\u00e9curit\u00e9 : Grade 1 selon SS-EN 14846<\/p>\n<\/li>\n<li class=\"\" data-start=\"2025\" data-end=\"2047\">\n<p class=\"\" data-start=\"2027\" data-end=\"2047\">Test\u00e9 au feu : 120 min<\/p>\n<\/li>\n<li class=\"\" data-start=\"2048\" data-end=\"2074\">\n<p class=\"\" data-start=\"2050\" data-end=\"2074\">R\u00e9sistance \u00e0 la rupture : 1200 kg<\/p>\n<\/li>\n<li class=\"\" data-start=\"2075\" data-end=\"2105\">\n<p class=\"\" data-start=\"2077\" data-end=\"2105\">Charni\u00e8re de porte : droite, gauche<\/p>\n<\/li>\n<li class=\"\" data-start=\"2106\" data-end=\"2124\">\n<p class=\"\" data-start=\"2108\" data-end=\"2124\">C\u00e2ble inclus : Non<\/p>\n<\/li>\n<li class=\"\" data-start=\"2125\" data-end=\"2144\">\n<p class=\"\" data-start=\"2127\" data-end=\"2144\">Pression de la bande : 250 kg<\/p>\n<\/li>\n<li class=\"\" data-start=\"2145\" data-end=\"2180\">\n<p class=\"\" data-start=\"2147\" data-end=\"2180\">Type de serrure : Serrure \u00e0 p\u00eane simple, Serrure \u00e0 p\u00eane double<\/p>\n<\/li>\n<li class=\"\" data-start=\"2181\" data-end=\"2234\">\n<p class=\"\" data-start=\"2183\" data-end=\"2234\">Dimensions du produit : Largeur : 25 mm, Profondeur : 28 mm, Hauteur : 90 mm<\/p>\n<\/li>\n<li class=\"\" data-start=\"2235\" data-end=\"2253\">\n<p class=\"\" data-start=\"2237\" data-end=\"2253\">Contact piston : Non<\/p>\n<\/li>\n<li class=\"\" data-start=\"2254\" data-end=\"2274\">\n<p class=\"\" data-start=\"2256\" data-end=\"2274\">Tension AC\/DC : D<\/p>\n<\/li>\n<\/ul>\n<p data-start=\"329\" data-end=\"561\">","protected":false},"excerpt":{"rendered":"<p>Vous pouvez voir ici quels poteaux et mod\u00e8les s&#039;adaptent ensemble \u00e0 partir de la gamme STEP de but\u00e9es de porte \u00e9lectriques.<\/p>\n<h5><strong><a href=\"https:\/\/steplock.com\/sv\/stolpguide\/#!?lang=sv&amp;blog_id=1&amp;paged=1&amp;number=50\" target=\"_blank\" rel=\"noopener\">Guide de publication STEP\u00a0<\/a><\/strong><\/h5>\n<h5><strong><a href=\"https:\/\/steplock.com\/sv\/projekteringsguide\/#!?lang=sv&amp;blog_id=1&amp;paged=1&amp;number=999\" target=\"_blank\" rel=\"noopener\">Guide de conception STEP<\/a><\/strong><\/h5>","protected":false},"featured_media":147329,"template":"","meta":{"_acf_changed":false},"product_brand":[],"product_cat":[3355],"product_tag":[4197,4200],"class_list":{"0":"post-147332","1":"product","2":"type-product","3":"status-publish","4":"has-post-thumbnail","6":"product_cat-elslutbleck","7":"product_tag-24v","8":"product_tag-rattvand","9":"product_shipping_class-tunga-paket","10":"pa_brands-step","11":"tm-no-options","13":"first","14":"instock","15":"sale","16":"taxable","17":"shipping-taxable","18":"purchasable","19":"product-type-simple"},"acf":[],"_links":{"self":[{"href":"https:\/\/secureus.se\/fr\/wp-json\/wp\/v2\/product\/147332","targetHints":{"allow":["GET"]}}],"collection":[{"href":"https:\/\/secureus.se\/fr\/wp-json\/wp\/v2\/product"}],"about":[{"href":"https:\/\/secureus.se\/fr\/wp-json\/wp\/v2\/types\/product"}],"wp:featuredmedia":[{"embeddable":true,"href":"https:\/\/secureus.se\/fr\/wp-json\/wp\/v2\/media\/147329"}],"wp:attachment":[{"href":"https:\/\/secureus.se\/fr\/wp-json\/wp\/v2\/media?parent=147332"}],"wp:term":[{"taxonomy":"product_brand","embeddable":true,"href":"https:\/\/secureus.se\/fr\/wp-json\/wp\/v2\/product_brand?post=147332"},{"taxonomy":"product_cat","embeddable":true,"href":"https:\/\/secureus.se\/fr\/wp-json\/wp\/v2\/product_cat?post=147332"},{"taxonomy":"product_tag","embeddable":true,"href":"https:\/\/secureus.se\/fr\/wp-json\/wp\/v2\/product_tag?post=147332"}],"curies":[{"name":"wp","href":"https:\/\/api.w.org\/{rel}","templated":true}]}}