{"id":147341,"date":"2023-09-26T13:10:31","date_gmt":"2023-09-26T11:10:31","guid":{"rendered":"https:\/\/secureus.se\/elslutbleck-step-90-rattvand-24v-kolvkontakt\/"},"modified":"2026-04-08T16:00:34","modified_gmt":"2026-04-08T14:00:34","slug":"elslutbleck-step-90-rattvand-24v-kolvkontakt","status":"publish","type":"product","link":"https:\/\/secureus.se\/fr\/elslutbleck-step-90-rattvand-24v-kolvkontakt\/","title":{"rendered":"G\u00e2che \u00e9lectrique STEP 90 Contact piston 24V orient\u00e9 vers la droite"},"content":{"rendered":"<h1>G\u00e2che \u00e9lectrique STEP 90 Contact piston 24V orient\u00e9 vers la droite<\/h1>\n<p>STEP 90 est une g\u00e2che \u00e9lectrique homologu\u00e9e incendie aux dimensions minimales et \u00e0 la technologie HPR\u00ae, id\u00e9ale pour les limites des cellules incendie. Equip\u00e9 d&#039;un contact \u00e0 piston et d&#039;une r\u00e9sistance \u00e0 la rupture de 1 200 kg, il garantit un fonctionnement fiable m\u00eame \u00e0 haute pression de bande.<\/p>\n<p>G\u00e2che \u00e9lectrique STEP 90<\/p>\n<p class=\"\" data-start=\"381\" data-end=\"831\">Preload HPR est une g\u00e2che \u00e9lectrique de haute qualit\u00e9 qui offre \u00e0 la fois s\u00e9curit\u00e9 et fiabilit\u00e9.<\/p>\n<p class=\"\" data-start=\"381\" data-end=\"831\">Avec ses dimensions minimales et sa technologie d&#039;impression en bande avanc\u00e9e, il est con\u00e7u pour offrir une fiabilit\u00e9 op\u00e9rationnelle \u00e9lev\u00e9e et une longue dur\u00e9e de vie, ce qui le rend parfait pour les applications o\u00f9 l&#039;espace et la durabilit\u00e9 sont importants.<\/p>\n<p class=\"\" data-start=\"381\" data-end=\"831\">STEP 90 est homologu\u00e9 incendie jusqu&#039;\u00e0 E\/EI120 selon la norme SS-EN 14846:2008, ce qui en fait une solution id\u00e9ale pour les limites des cellules d&#039;incendie.<\/p>\n<p class=\"\" data-start=\"833\" data-end=\"1185\">La technologie brevet\u00e9e HPR\u00ae garantit que la porte peut \u00eatre ouverte m\u00eame lorsqu&#039;elle est soumise \u00e0 une pression allant jusqu&#039;\u00e0 250 kg.<\/p>\n<p class=\"\" data-start=\"833\" data-end=\"1185\">STEP 90 est \u00e9galement \u00e9quip\u00e9 d&#039;un interrupteur \u00e0 piston pour indiquer si la porte est ferm\u00e9e ou ouverte.<\/p>\n<p class=\"\" data-start=\"833\" data-end=\"1185\">Il est test\u00e9 et certifi\u00e9 pour sa r\u00e9sistance au feu et poss\u00e8de une r\u00e9sistance \u00e0 la rupture de 1 200 kg (environ 12 kN), ce qui le rend \u00e0 la fois robuste et durable.<\/p>\n<p class=\"\" data-start=\"1187\" data-end=\"1202\"><strong data-start=\"1187\" data-end=\"1202\">Propri\u00e9t\u00e9s:<\/strong><\/p>\n<ul data-start=\"1203\" data-end=\"1718\">\n<li class=\"\" data-start=\"1203\" data-end=\"1246\">\n<p class=\"\" data-start=\"1205\" data-end=\"1246\">Fonction orient\u00e9e vers la droite (verrouill\u00e9e en mode hors tension)<\/p>\n<\/li>\n<li class=\"\" data-start=\"1247\" data-end=\"1305\">\n<p class=\"\" data-start=\"1249\" data-end=\"1305\">Contact \u00e0 piston avec indication de l&#039;\u00e9tat de la porte (ferm\u00e9e\/ouverte)<\/p>\n<\/li>\n<li class=\"\" data-start=\"1306\" data-end=\"1371\">\n<p class=\"\" data-start=\"1308\" data-end=\"1371\">Test\u00e9 au feu jusqu&#039;\u00e0 la classe E\/EI 120 selon SS-EN 14846:2008<\/p>\n<\/li>\n<li class=\"\" data-start=\"1372\" data-end=\"1420\">\n<p class=\"\" data-start=\"1374\" data-end=\"1420\">Diode de protection int\u00e9gr\u00e9e pour une s\u00e9curit\u00e9 \u00e9lectrique accrue<\/p>\n<\/li>\n<li class=\"\" data-start=\"1421\" data-end=\"1491\">\n<p class=\"\" data-start=\"1423\" data-end=\"1491\">La technologie HPR\u00ae garantit l&#039;ouverture malgr\u00e9 une pression de bande de 250 kg (environ 2,5 kN)<\/p>\n<\/li>\n<li class=\"\" data-start=\"1492\" data-end=\"1532\">\n<p class=\"\" data-start=\"1494\" data-end=\"1532\">R\u00e9sistance \u00e0 la rupture de 1 200 kg (environ 12 kN)<\/p>\n<\/li>\n<li class=\"\" data-start=\"1533\" data-end=\"1592\">\n<p class=\"\" data-start=\"1535\" data-end=\"1592\">Antichoc et r\u00e9versible pour portes droites et gauches<\/p>\n<\/li>\n<li class=\"\" data-start=\"1593\" data-end=\"1637\">\n<p class=\"\" data-start=\"1595\" data-end=\"1637\">Trous de vis pour vis inclin\u00e9es dans le bord arri\u00e8re<\/p>\n<\/li>\n<li class=\"\" data-start=\"1638\" data-end=\"1718\">\n<p class=\"\" data-start=\"1640\" data-end=\"1718\">Convient aux serrures \u00e0 simple et double p\u00eane des s\u00e9ries Connect, Modul et Narrow Profile<\/p>\n<\/li>\n<\/ul>\n<p class=\"\" data-start=\"1720\" data-end=\"1749\"><strong data-start=\"1720\" data-end=\"1749\">Sp\u00e9cifications techniques :<\/strong><\/p>\n<ul data-start=\"1750\" data-end=\"2353\">\n<li class=\"\" data-start=\"1750\" data-end=\"1857\">\n<p class=\"\" data-start=\"1752\" data-end=\"1857\">Alimentation : 12 V DC (+15% -10%) 220 mAh \/ max 600 mA ou 24 V DC (+15% -10%) 110 mAh \/ max 300 mA<\/p>\n<\/li>\n<li class=\"\" data-start=\"1858\" data-end=\"1921\">\n<p class=\"\" data-start=\"1860\" data-end=\"1921\">Contact \u00e0 piston : Microrupteur unipolaire inverseur, max. 30 V CC, 1 A<\/p>\n<\/li>\n<li class=\"\" data-start=\"1922\" data-end=\"1962\">\n<p class=\"\" data-start=\"1924\" data-end=\"1962\">Durabilit\u00e9 : Grade X selon SS-EN 14846<\/p>\n<\/li>\n<li class=\"\" data-start=\"1963\" data-end=\"2002\">\n<p class=\"\" data-start=\"1965\" data-end=\"2002\">Corrosion : Grade M selon SS-EN 14846<\/p>\n<\/li>\n<li class=\"\" data-start=\"2003\" data-end=\"2041\">\n<p class=\"\" data-start=\"2005\" data-end=\"2041\">S\u00e9curit\u00e9 : Grade 3 selon SS-EN 14846<\/p>\n<\/li>\n<li class=\"\" data-start=\"2042\" data-end=\"2104\">\n<p class=\"\" data-start=\"2044\" data-end=\"2104\">Manipulation \u00e9lectrique de s\u00e9curit\u00e9 : Grade 1 selon SS-EN 14846<\/p>\n<\/li>\n<li class=\"\" data-start=\"2105\" data-end=\"2127\">\n<p class=\"\" data-start=\"2107\" data-end=\"2127\">Test\u00e9 au feu : 120 min<\/p>\n<\/li>\n<li class=\"\" data-start=\"2128\" data-end=\"2154\">\n<p class=\"\" data-start=\"2130\" data-end=\"2154\">R\u00e9sistance \u00e0 la rupture : 1200 kg<\/p>\n<\/li>\n<li class=\"\" data-start=\"2155\" data-end=\"2185\">\n<p class=\"\" data-start=\"2157\" data-end=\"2185\">Charni\u00e8re de porte : droite, gauche<\/p>\n<\/li>\n<li class=\"\" data-start=\"2186\" data-end=\"2204\">\n<p class=\"\" data-start=\"2188\" data-end=\"2204\">C\u00e2ble inclus : Non<\/p>\n<\/li>\n<li class=\"\" data-start=\"2205\" data-end=\"2224\">\n<p class=\"\" data-start=\"2207\" data-end=\"2224\">Pression de la bande : 250 kg<\/p>\n<\/li>\n<li class=\"\" data-start=\"2225\" data-end=\"2260\">\n<p class=\"\" data-start=\"2227\" data-end=\"2260\">Type de serrure : Serrure \u00e0 p\u00eane simple, Serrure \u00e0 p\u00eane double<\/p>\n<\/li>\n<li class=\"\" data-start=\"2261\" data-end=\"2314\">\n<p class=\"\" data-start=\"2263\" data-end=\"2314\">Dimensions du produit : Largeur : 25 mm, Profondeur : 28 mm, Hauteur : 90 mm<\/p>\n<\/li>\n<li class=\"\" data-start=\"2315\" data-end=\"2332\">\n<p class=\"\" data-start=\"2317\" data-end=\"2332\">Contact du piston : Oui<\/p>\n<\/li>\n<li class=\"\" data-start=\"2333\" data-end=\"2353\">\n<p class=\"\" data-start=\"2335\" data-end=\"2353\">Tension AC\/DC : DC<\/p>\n<\/li>\n<\/ul>\n<p>&nbsp;<\/p>","protected":false},"excerpt":{"rendered":"<p>Vous pouvez voir ici quels poteaux et mod\u00e8les s&#039;adaptent ensemble \u00e0 partir de la gamme STEP de but\u00e9es de porte \u00e9lectriques.<\/p>\n<h5><strong><a href=\"https:\/\/steplock.com\/sv\/stolpguide\/#!?lang=sv&amp;blog_id=1&amp;paged=1&amp;number=50\" target=\"_blank\" rel=\"noopener\">Guide de publication STEP\u00a0<\/a><\/strong><\/h5>\n<h5><strong><a href=\"https:\/\/steplock.com\/sv\/projekteringsguide\/#!?lang=sv&amp;blog_id=1&amp;paged=1&amp;number=999\" target=\"_blank\" rel=\"noopener\">Guide de conception STEP<\/a><\/strong><\/h5>","protected":false},"featured_media":147337,"template":"","meta":{"_acf_changed":false},"product_brand":[],"product_cat":[3355],"product_tag":[4197,4200],"class_list":{"0":"post-147341","1":"product","2":"type-product","3":"status-publish","4":"has-post-thumbnail","6":"product_cat-elslutbleck","7":"product_tag-24v","8":"product_tag-rattvand","9":"product_shipping_class-tunga-paket","10":"pa_brands-step","11":"tm-no-options","13":"first","14":"instock","15":"sale","16":"taxable","17":"shipping-taxable","18":"purchasable","19":"product-type-simple"},"acf":[],"_links":{"self":[{"href":"https:\/\/secureus.se\/fr\/wp-json\/wp\/v2\/product\/147341","targetHints":{"allow":["GET"]}}],"collection":[{"href":"https:\/\/secureus.se\/fr\/wp-json\/wp\/v2\/product"}],"about":[{"href":"https:\/\/secureus.se\/fr\/wp-json\/wp\/v2\/types\/product"}],"wp:featuredmedia":[{"embeddable":true,"href":"https:\/\/secureus.se\/fr\/wp-json\/wp\/v2\/media\/147337"}],"wp:attachment":[{"href":"https:\/\/secureus.se\/fr\/wp-json\/wp\/v2\/media?parent=147341"}],"wp:term":[{"taxonomy":"product_brand","embeddable":true,"href":"https:\/\/secureus.se\/fr\/wp-json\/wp\/v2\/product_brand?post=147341"},{"taxonomy":"product_cat","embeddable":true,"href":"https:\/\/secureus.se\/fr\/wp-json\/wp\/v2\/product_cat?post=147341"},{"taxonomy":"product_tag","embeddable":true,"href":"https:\/\/secureus.se\/fr\/wp-json\/wp\/v2\/product_tag?post=147341"}],"curies":[{"name":"wp","href":"https:\/\/api.w.org\/{rel}","templated":true}]}}