{"id":147345,"date":"2023-09-26T13:10:29","date_gmt":"2023-09-26T11:10:29","guid":{"rendered":"https:\/\/secureus.se\/elslutbleck-step-40-omstallbar-24v\/"},"modified":"2026-04-23T12:32:00","modified_gmt":"2026-04-23T10:32:00","slug":"elslutbleck-step-40-omstallbar-24v","status":"publish","type":"product","link":"https:\/\/secureus.se\/fr\/elslutbleck-step-40-omstallbar-24v\/","title":{"rendered":"G\u00e2che \u00e9lectrique STEP 40 R\u00e9glable 24V"},"content":{"rendered":"<h1>G\u00e2che \u00e9lectrique STEP 40 R\u00e9glable 24V<\/h1>\n<p>STEP 40 est une g\u00e2che \u00e9lectrique \u00e0 fonction r\u00e9glable, id\u00e9ale pour le verrouillage de jour et les applications de haute s\u00e9curit\u00e9. Equip\u00e9 de la technologie HPR\u00ae et d&#039;une r\u00e9sistance \u00e0 la rupture de 1 200 kg.<\/p>\n<p>La g\u00e2che \u00e9lectrique STEP 40 Preload HPR est une g\u00e2che \u00e9lectrique de haute qualit\u00e9 qui offre \u00e0 la fois fiabilit\u00e9 et flexibilit\u00e9.<\/p>\n<p>Gr\u00e2ce \u00e0 ses dimensions compactes et \u00e0 sa technologie brevet\u00e9e de pression de bande, il garantit que la porte s&#039;ouvre m\u00eame lorsqu&#039;elle est soumise \u00e0 une pression allant jusqu&#039;\u00e0 250 kg.<\/p>\n<p>STEP 40 fait partie de la s\u00e9rie Preload de STEP, ce qui signifie que le produit est test\u00e9 pour g\u00e9rer des fr\u00e9quences d&#039;ouverture \u00e9lev\u00e9es et est fiable pendant longtemps.<\/p>\n<p class=\"\" data-start=\"750\" data-end=\"1174\">La fonction r\u00e9versible permet au STEP 40 d&#039;\u00eatre orient\u00e9 vers l&#039;avant ou vers l&#039;arri\u00e8re (verrouill\u00e9 ou d\u00e9verrouill\u00e9 en position hors tension), offrant ainsi une flexibilit\u00e9 d&#039;installation.<\/p>\n<p class=\"\" data-start=\"750\" data-end=\"1174\">Avec une r\u00e9sistance \u00e0 la rupture de 1 200 kg (environ 12 kN) et une dur\u00e9e de vie test\u00e9e en usine de 1 500 000 cycles, STEP 40 est une solution durable pour les serrures \u00e0 un ou deux vantaux.<\/p>\n<p class=\"\" data-start=\"750\" data-end=\"1174\">La g\u00e2che \u00e9lectrique est \u00e9galement inviolable et dispose de trous de vis pour vis coud\u00e9es pour une installation facile.<\/p>\n<p class=\"\" data-start=\"1176\" data-end=\"1191\"><strong data-start=\"1176\" data-end=\"1191\">Propri\u00e9t\u00e9s:<\/strong><\/p>\n<ul data-start=\"1192\" data-end=\"1621\">\n<li class=\"\" data-start=\"1192\" data-end=\"1271\">\n<p class=\"\" data-start=\"1194\" data-end=\"1271\">Fonction marche avant ou arri\u00e8re commutable (verrouill\u00e9e ou d\u00e9verrouill\u00e9e en mode hors tension)<\/p>\n<\/li>\n<li class=\"\" data-start=\"1272\" data-end=\"1320\">\n<p class=\"\" data-start=\"1274\" data-end=\"1320\">Diode de protection int\u00e9gr\u00e9e pour une s\u00e9curit\u00e9 \u00e9lectrique accrue<\/p>\n<\/li>\n<li class=\"\" data-start=\"1321\" data-end=\"1395\">\n<p class=\"\" data-start=\"1323\" data-end=\"1395\">Technologie HPR\u00ae qui garantit l&#039;ouverture malgr\u00e9 une pression de bande de 250 kg (environ 2,5 kN)<\/p>\n<\/li>\n<li class=\"\" data-start=\"1396\" data-end=\"1436\">\n<p class=\"\" data-start=\"1398\" data-end=\"1436\">R\u00e9sistance \u00e0 la rupture de 1 200 kg (environ 12 kN)<\/p>\n<\/li>\n<li class=\"\" data-start=\"1437\" data-end=\"1474\">\n<p class=\"\" data-start=\"1439\" data-end=\"1474\">Test\u00e9 en usine \u00e0 1 500 000 cycles<\/p>\n<\/li>\n<li class=\"\" data-start=\"1475\" data-end=\"1534\">\n<p class=\"\" data-start=\"1477\" data-end=\"1534\">Antichoc et r\u00e9versible pour portes droites et gauches<\/p>\n<\/li>\n<li class=\"\" data-start=\"1535\" data-end=\"1579\">\n<p class=\"\" data-start=\"1537\" data-end=\"1579\">Trous de vis pour vis inclin\u00e9es dans le bord arri\u00e8re<\/p>\n<\/li>\n<li class=\"\" data-start=\"1580\" data-end=\"1621\">\n<p class=\"\" data-start=\"1582\" data-end=\"1621\">Convient aux serrures \u00e0 un ou deux battants<\/p>\n<\/li>\n<\/ul>\n<p class=\"\" data-start=\"1623\" data-end=\"1652\"><strong data-start=\"1623\" data-end=\"1652\">Sp\u00e9cifications techniques :<\/strong><\/p>\n<ul data-start=\"1653\" data-end=\"2170\">\n<li class=\"\" data-start=\"1653\" data-end=\"1760\">\n<p class=\"\" data-start=\"1655\" data-end=\"1760\">Alimentation : 12 V DC (+15% -10%) 220 mAh \/ max 600 mA ou 24 V DC (+15% -10%) 110 mAh \/ max 300 mA<\/p>\n<\/li>\n<li class=\"\" data-start=\"1761\" data-end=\"1801\">\n<p class=\"\" data-start=\"1763\" data-end=\"1801\">Durabilit\u00e9 : Grade X selon SS-EN 14846<\/p>\n<\/li>\n<li class=\"\" data-start=\"1802\" data-end=\"1841\">\n<p class=\"\" data-start=\"1804\" data-end=\"1841\">Corrosion : Grade M selon SS-EN 14846<\/p>\n<\/li>\n<li class=\"\" data-start=\"1842\" data-end=\"1880\">\n<p class=\"\" data-start=\"1844\" data-end=\"1880\">S\u00e9curit\u00e9 : Grade 3 selon SS-EN 14846<\/p>\n<\/li>\n<li class=\"\" data-start=\"1881\" data-end=\"1943\">\n<p class=\"\" data-start=\"1883\" data-end=\"1943\">Manipulation \u00e9lectrique de s\u00e9curit\u00e9 : Grade 1 selon SS-EN 14846<\/p>\n<\/li>\n<li class=\"\" data-start=\"1944\" data-end=\"1970\">\n<p class=\"\" data-start=\"1946\" data-end=\"1970\">R\u00e9sistance \u00e0 la rupture : 1200 kg<\/p>\n<\/li>\n<li class=\"\" data-start=\"1971\" data-end=\"2001\">\n<p class=\"\" data-start=\"1973\" data-end=\"2001\">Charni\u00e8re de porte : droite, gauche<\/p>\n<\/li>\n<li class=\"\" data-start=\"2002\" data-end=\"2020\">\n<p class=\"\" data-start=\"2004\" data-end=\"2020\">C\u00e2ble inclus : Non<\/p>\n<\/li>\n<li class=\"\" data-start=\"2021\" data-end=\"2040\">\n<p class=\"\" data-start=\"2023\" data-end=\"2040\">Pression de la bande : 250 kg<\/p>\n<\/li>\n<li class=\"\" data-start=\"2041\" data-end=\"2076\">\n<p class=\"\" data-start=\"2043\" data-end=\"2076\">Type de serrure : Serrure \u00e0 p\u00eane simple, Serrure \u00e0 p\u00eane double<\/p>\n<\/li>\n<li class=\"\" data-start=\"2077\" data-end=\"2130\">\n<p class=\"\" data-start=\"2079\" data-end=\"2130\">Dimensions du produit : Largeur : 25 mm, Profondeur : 28 mm, Hauteur : 90 mm<\/p>\n<\/li>\n<li class=\"\" data-start=\"2131\" data-end=\"2149\">\n<p class=\"\" data-start=\"2133\" data-end=\"2149\">Contact piston : Non<\/p>\n<\/li>\n<li class=\"\" data-start=\"2150\" data-end=\"2170\">\n<p class=\"\" data-start=\"2152\" data-end=\"2170\">Tension AC\/DC : DC<\/p>\n<\/li>\n<\/ul>","protected":false},"excerpt":{"rendered":"<p>Vous pouvez voir ici quels poteaux et mod\u00e8les s&#039;adaptent ensemble \u00e0 partir de la gamme STEP de but\u00e9es de porte \u00e9lectriques.<\/p>\n<h5><strong><a href=\"https:\/\/steplock.com\/sv\/stolpguide\/#!?lang=sv&amp;blog_id=1&amp;paged=1&amp;number=50\" target=\"_blank\" rel=\"noopener\">Guide de publication STEP\u00a0<\/a><\/strong><\/h5>\n<h5><strong><a href=\"https:\/\/steplock.com\/sv\/projekteringsguide\/#!?lang=sv&amp;blog_id=1&amp;paged=1&amp;number=999\" target=\"_blank\" rel=\"noopener\">Guide de conception STEP<\/a><\/strong><\/h5>","protected":false},"featured_media":147342,"template":"","meta":{"_acf_changed":false},"product_brand":[],"product_cat":[3355],"product_tag":[4197,4202],"class_list":{"0":"post-147345","1":"product","2":"type-product","3":"status-publish","4":"has-post-thumbnail","6":"product_cat-elslutbleck","7":"product_tag-24v","8":"product_tag-omstallbar-rattvand-omvand","9":"product_shipping_class-tunga-paket","10":"pa_brands-step","11":"tm-no-options","13":"first","14":"instock","15":"sale","16":"taxable","17":"shipping-taxable","18":"purchasable","19":"product-type-simple"},"acf":[],"_links":{"self":[{"href":"https:\/\/secureus.se\/fr\/wp-json\/wp\/v2\/product\/147345","targetHints":{"allow":["GET"]}}],"collection":[{"href":"https:\/\/secureus.se\/fr\/wp-json\/wp\/v2\/product"}],"about":[{"href":"https:\/\/secureus.se\/fr\/wp-json\/wp\/v2\/types\/product"}],"wp:featuredmedia":[{"embeddable":true,"href":"https:\/\/secureus.se\/fr\/wp-json\/wp\/v2\/media\/147342"}],"wp:attachment":[{"href":"https:\/\/secureus.se\/fr\/wp-json\/wp\/v2\/media?parent=147345"}],"wp:term":[{"taxonomy":"product_brand","embeddable":true,"href":"https:\/\/secureus.se\/fr\/wp-json\/wp\/v2\/product_brand?post=147345"},{"taxonomy":"product_cat","embeddable":true,"href":"https:\/\/secureus.se\/fr\/wp-json\/wp\/v2\/product_cat?post=147345"},{"taxonomy":"product_tag","embeddable":true,"href":"https:\/\/secureus.se\/fr\/wp-json\/wp\/v2\/product_tag?post=147345"}],"curies":[{"name":"wp","href":"https:\/\/api.w.org\/{rel}","templated":true}]}}