{"id":147353,"date":"2023-09-26T13:10:26","date_gmt":"2023-09-26T11:10:26","guid":{"rendered":"https:\/\/secureus.se\/elslutbleck-step-40-omstallbar-24v-kolvkontakt\/"},"modified":"2026-04-23T12:35:40","modified_gmt":"2026-04-23T10:35:40","slug":"elslutbleck-step-40-omstallbar-24v-kolvkontakt","status":"publish","type":"product","link":"https:\/\/secureus.se\/fr\/elslutbleck-step-40-omstallbar-24v-kolvkontakt\/","title":{"rendered":"G\u00e2che \u00e9lectrique STEP 40 R\u00e9glable 24V Contact piston"},"content":{"rendered":"<h1>G\u00e2che \u00e9lectrique STEP 40 R\u00e9glable 24V Contact piston<\/h1>\n<p>STEP 40 est une g\u00e2che \u00e9lectrique \u00e0 fonction r\u00e9glable et contact \u00e0 piston, con\u00e7ue pour un verrouillage de jour s\u00fbr et fiable. \u00c9quip\u00e9 de la technologie HPR\u00ae, il peut r\u00e9sister \u00e0 une pression de moulage \u00e9lev\u00e9e et est test\u00e9 en usine pour une longue durabilit\u00e9.<\/p>\n<p>La g\u00e2che \u00e9lectrique STEP 40 Preload HPR est une g\u00e2che \u00e9lectrique de haute qualit\u00e9 avec fonction r\u00e9glable et contact \u00e0 piston, id\u00e9ale pour le verrouillage de jour dans les environnements de s\u00e9curit\u00e9.<\/p>\n<p>Il est con\u00e7u pour offrir une fiabilit\u00e9 op\u00e9rationnelle \u00e9lev\u00e9e et une longue dur\u00e9e de vie et fait partie de la s\u00e9rie Preload de STEP qui combine des dimensions minimales avec une qualit\u00e9 et une flexibilit\u00e9 \u00e9lev\u00e9es.<\/p>\n<p class=\"\" data-start=\"719\" data-end=\"1175\">La fonction commutable permet au STEP 40 d&#039;\u00eatre orient\u00e9 vers l&#039;avant ou vers l&#039;arri\u00e8re (verrouill\u00e9 ou d\u00e9verrouill\u00e9 en position hors tension), offrant une solution flexible pour diff\u00e9rents besoins d&#039;installation.<\/p>\n<p class=\"\" data-start=\"719\" data-end=\"1175\">Gr\u00e2ce \u00e0 la technologie brevet\u00e9e HPR\u00ae, la porte peut \u00eatre ouverte m\u00eame lorsqu&#039;elle est soumise \u00e0 une pression allant jusqu&#039;\u00e0 250 kg, garantissant un fonctionnement fiable m\u00eame dans des conditions difficiles.<\/p>\n<p class=\"\" data-start=\"719\" data-end=\"1175\">L&#039;interrupteur \u00e0 piston fournit \u00e9galement une indication de l&#039;\u00e9tat ferm\u00e9\/ouvert de la porte, ce qui augmente la fonctionnalit\u00e9.<\/p>\n<p class=\"\" data-start=\"1177\" data-end=\"1419\">Test\u00e9 en usine jusqu&#039;\u00e0 1 500 000 cycles, STEP 40 est une solution durable pour les serrures \u00e0 simple et double loquet. Il est \u00e9galement inviolable et r\u00e9versible pour les portes droites et gauches, ce qui le rend facile \u00e0 installer dans diff\u00e9rents syst\u00e8mes de portes.<\/p>\n<p class=\"\" data-start=\"1421\" data-end=\"1436\"><strong data-start=\"1421\" data-end=\"1436\">Propri\u00e9t\u00e9s:<\/strong><\/p>\n<ul data-start=\"1437\" data-end=\"1890\">\n<li class=\"\" data-start=\"1437\" data-end=\"1494\">\n<p class=\"\" data-start=\"1439\" data-end=\"1494\">Fonction commutable (verrouill\u00e9e ou d\u00e9verrouill\u00e9e en mode hors tension)<\/p>\n<\/li>\n<li class=\"\" data-start=\"1495\" data-end=\"1553\">\n<p class=\"\" data-start=\"1497\" data-end=\"1553\">Contact \u00e0 piston avec indication de l&#039;\u00e9tat de la porte (ferm\u00e9e\/ouverte)<\/p>\n<\/li>\n<li class=\"\" data-start=\"1554\" data-end=\"1593\">\n<p class=\"\" data-start=\"1556\" data-end=\"1593\">Diode de protection int\u00e9gr\u00e9e pour plus de s\u00e9curit\u00e9<\/p>\n<\/li>\n<li class=\"\" data-start=\"1594\" data-end=\"1664\">\n<p class=\"\" data-start=\"1596\" data-end=\"1664\">La technologie HPR\u00ae garantit l&#039;ouverture malgr\u00e9 une pression de bande de 250 kg (environ 2,5 kN)<\/p>\n<\/li>\n<li class=\"\" data-start=\"1665\" data-end=\"1705\">\n<p class=\"\" data-start=\"1667\" data-end=\"1705\">R\u00e9sistance \u00e0 la rupture de 1 200 kg (environ 12 kN)<\/p>\n<\/li>\n<li class=\"\" data-start=\"1706\" data-end=\"1743\">\n<p class=\"\" data-start=\"1708\" data-end=\"1743\">Test\u00e9 en usine \u00e0 1 500 000 cycles<\/p>\n<\/li>\n<li class=\"\" data-start=\"1744\" data-end=\"1803\">\n<p class=\"\" data-start=\"1746\" data-end=\"1803\">Antichoc et r\u00e9versible pour portes droites et gauches<\/p>\n<\/li>\n<li class=\"\" data-start=\"1804\" data-end=\"1848\">\n<p class=\"\" data-start=\"1806\" data-end=\"1848\">Trous de vis pour vis inclin\u00e9es dans le bord arri\u00e8re<\/p>\n<\/li>\n<li class=\"\" data-start=\"1849\" data-end=\"1890\">\n<p class=\"\" data-start=\"1851\" data-end=\"1890\">Convient aux serrures \u00e0 un ou deux battants<\/p>\n<\/li>\n<\/ul>\n<p class=\"\" data-start=\"1892\" data-end=\"1921\"><strong data-start=\"1892\" data-end=\"1921\">Sp\u00e9cifications techniques :<\/strong><\/p>\n<ul data-start=\"1922\" data-end=\"2502\">\n<li class=\"\" data-start=\"1922\" data-end=\"2029\">\n<p class=\"\" data-start=\"1924\" data-end=\"2029\">Alimentation : 12 V DC (+15% -10%) 220 mAh \/ max 600 mA ou 24 V DC (+15% -10%) 110 mAh \/ max 300 mA<\/p>\n<\/li>\n<li class=\"\" data-start=\"2030\" data-end=\"2093\">\n<p class=\"\" data-start=\"2032\" data-end=\"2093\">Contact \u00e0 piston : Microrupteur unipolaire inverseur, max. 30 V CC, 1 A<\/p>\n<\/li>\n<li class=\"\" data-start=\"2094\" data-end=\"2134\">\n<p class=\"\" data-start=\"2096\" data-end=\"2134\">Durabilit\u00e9 : Grade X selon SS-EN 14846<\/p>\n<\/li>\n<li class=\"\" data-start=\"2135\" data-end=\"2174\">\n<p class=\"\" data-start=\"2137\" data-end=\"2174\">Corrosion : Grade M selon SS-EN 14846<\/p>\n<\/li>\n<li class=\"\" data-start=\"2175\" data-end=\"2213\">\n<p class=\"\" data-start=\"2177\" data-end=\"2213\">S\u00e9curit\u00e9 : Grade 3 selon SS-EN 14846<\/p>\n<\/li>\n<li class=\"\" data-start=\"2214\" data-end=\"2276\">\n<p class=\"\" data-start=\"2216\" data-end=\"2276\">Manipulation \u00e9lectrique de s\u00e9curit\u00e9 : Grade 1 selon SS-EN 14846<\/p>\n<\/li>\n<li class=\"\" data-start=\"2277\" data-end=\"2303\">\n<p class=\"\" data-start=\"2279\" data-end=\"2303\">R\u00e9sistance \u00e0 la rupture : 1200 kg<\/p>\n<\/li>\n<li class=\"\" data-start=\"2304\" data-end=\"2334\">\n<p class=\"\" data-start=\"2306\" data-end=\"2334\">Charni\u00e8re de porte : droite, gauche<\/p>\n<\/li>\n<li class=\"\" data-start=\"2335\" data-end=\"2353\">\n<p class=\"\" data-start=\"2337\" data-end=\"2353\">C\u00e2ble inclus : Non<\/p>\n<\/li>\n<li class=\"\" data-start=\"2354\" data-end=\"2373\">\n<p class=\"\" data-start=\"2356\" data-end=\"2373\">Pression de la bande : 250 kg<\/p>\n<\/li>\n<li class=\"\" data-start=\"2374\" data-end=\"2409\">\n<p class=\"\" data-start=\"2376\" data-end=\"2409\">Type de serrure : Serrure \u00e0 p\u00eane simple, Serrure \u00e0 p\u00eane double<\/p>\n<\/li>\n<li class=\"\" data-start=\"2410\" data-end=\"2463\">\n<p class=\"\" data-start=\"2412\" data-end=\"2463\">Dimensions du produit : Largeur : 25 mm, Profondeur : 28 mm, Hauteur : 90 mm<\/p>\n<\/li>\n<li class=\"\" data-start=\"2464\" data-end=\"2481\">\n<p class=\"\" data-start=\"2466\" data-end=\"2481\">Contact du piston : Oui<\/p>\n<\/li>\n<li class=\"\" data-start=\"2482\" data-end=\"2502\">\n<p class=\"\" data-start=\"2484\" data-end=\"2502\">Tension AC\/DC : DC<\/p>\n<\/li>\n<\/ul>","protected":false},"excerpt":{"rendered":"<p>Vous pouvez voir ici quels poteaux et mod\u00e8les s&#039;adaptent ensemble \u00e0 partir de la gamme STEP de but\u00e9es de porte \u00e9lectriques.<\/p>\n<h5><strong><a href=\"https:\/\/steplock.com\/sv\/stolpguide\/#!?lang=sv&amp;blog_id=1&amp;paged=1&amp;number=50\" target=\"_blank\" rel=\"noopener\">Guide de publication STEP\u00a0<\/a><\/strong><\/h5>\n<h5><strong><a href=\"https:\/\/steplock.com\/sv\/projekteringsguide\/#!?lang=sv&amp;blog_id=1&amp;paged=1&amp;number=999\" target=\"_blank\" rel=\"noopener\">Guide de conception STEP<\/a><\/strong><\/h5>","protected":false},"featured_media":147350,"template":"","meta":{"_acf_changed":false},"product_brand":[],"product_cat":[3355],"product_tag":[4197,4202],"class_list":{"0":"post-147353","1":"product","2":"type-product","3":"status-publish","4":"has-post-thumbnail","6":"product_cat-elslutbleck","7":"product_tag-24v","8":"product_tag-omstallbar-rattvand-omvand","9":"product_shipping_class-tunga-paket","10":"pa_brands-step","11":"tm-no-options","13":"first","14":"instock","15":"sale","16":"taxable","17":"shipping-taxable","18":"purchasable","19":"product-type-simple"},"acf":[],"_links":{"self":[{"href":"https:\/\/secureus.se\/fr\/wp-json\/wp\/v2\/product\/147353","targetHints":{"allow":["GET"]}}],"collection":[{"href":"https:\/\/secureus.se\/fr\/wp-json\/wp\/v2\/product"}],"about":[{"href":"https:\/\/secureus.se\/fr\/wp-json\/wp\/v2\/types\/product"}],"wp:featuredmedia":[{"embeddable":true,"href":"https:\/\/secureus.se\/fr\/wp-json\/wp\/v2\/media\/147350"}],"wp:attachment":[{"href":"https:\/\/secureus.se\/fr\/wp-json\/wp\/v2\/media?parent=147353"}],"wp:term":[{"taxonomy":"product_brand","embeddable":true,"href":"https:\/\/secureus.se\/fr\/wp-json\/wp\/v2\/product_brand?post=147353"},{"taxonomy":"product_cat","embeddable":true,"href":"https:\/\/secureus.se\/fr\/wp-json\/wp\/v2\/product_cat?post=147353"},{"taxonomy":"product_tag","embeddable":true,"href":"https:\/\/secureus.se\/fr\/wp-json\/wp\/v2\/product_tag?post=147353"}],"curies":[{"name":"wp","href":"https:\/\/api.w.org\/{rel}","templated":true}]}}