{"id":147364,"date":"2023-09-26T13:10:22","date_gmt":"2023-09-26T11:10:22","guid":{"rendered":"https:\/\/secureus.se\/elslutbleck-step-18-vanster-rattvand-24v-for-assa-511\/"},"modified":"2026-04-23T12:27:57","modified_gmt":"2026-04-23T10:27:57","slug":"elslutbleck-step-18-vanster-rattvand-24v-for-assa-511","status":"publish","type":"product","link":"https:\/\/secureus.se\/fr\/elslutbleck-step-18-vanster-rattvand-24v-for-assa-511\/","title":{"rendered":"G\u00e2che \u00e9lectrique STEP 18 Gauche Droite 24V pour Assa 511"},"content":{"rendered":"<h1>G\u00e2che \u00e9lectrique STEP 18 Gauche Droite 24V pour Assa 511<\/h1>\n<p>STEP 18 Secure est une g\u00e2che \u00e9lectrique haute s\u00e9curit\u00e9 pour serrures \u00e0 crochet Assa 511, con\u00e7ue pour les portes \u00e0 ouverture \u00e0 gauche. R\u00e9sistant au feu jusqu&#039;\u00e0 E\/EI 60 et avec une r\u00e9sistance \u00e0 la rupture de 1500 kg, parfait pour les environnements de haute s\u00e9curit\u00e9.<\/p>\n<p>Plaque d&#039;extr\u00e9mit\u00e9 \u00e9lectrique<\/p>\n<p class=\"\" data-start=\"380\" data-end=\"770\">STEP 18 Secure est une g\u00e2che \u00e9lectrique de haute qualit\u00e9 qui offre la plus haute s\u00e9curit\u00e9 pour les portes \u00e0 fort trafic d&#039;entr\u00e9e et de sortie.<\/p>\n<p class=\"\" data-start=\"380\" data-end=\"770\">Il est sp\u00e9cialement con\u00e7u pour la serrure \u00e0 crochet Assa 511 avec piston de 10 mm et convient aux portes suspendues \u00e0 gauche.<\/p>\n<p class=\"\" data-start=\"380\" data-end=\"770\">Avec un verrouillage et un d\u00e9verrouillage durables et rapides, il est id\u00e9al pour les portes de s\u00e9curit\u00e9 soumises \u00e0 des ouvertures et fermetures fr\u00e9quentes.<\/p>\n<p class=\"\" data-start=\"772\" data-end=\"1171\">STEP 18 Secure est homologu\u00e9 pour la classe de s\u00e9curit\u00e9 RC4 et class\u00e9 au feu jusqu&#039;\u00e0 E\/EI 60, ce qui en fait une solution fiable pour les portes de s\u00e9curit\u00e9 dans les environnements \u00e0 fortes exigences tels que les prisons, les banques et autres installations de s\u00e9curit\u00e9.<\/p>\n<p class=\"\" data-start=\"772\" data-end=\"1171\">L&#039;interrupteur \u00e0 piston int\u00e9gr\u00e9 fournit une indication de l&#039;\u00e9tat de la porte (ferm\u00e9e\/ouverte) et de l&#039;\u00e9tat du verrouillage (verrouill\u00e9\/d\u00e9verrouill\u00e9), ce qui facilite l&#039;int\u00e9gration avec les syst\u00e8mes de contr\u00f4le d&#039;acc\u00e8s et les syst\u00e8mes d&#039;alarme.<\/p>\n<p class=\"\" data-start=\"1173\" data-end=\"1457\">Avec une r\u00e9sistance \u00e0 la rupture de 15 kN (environ 1 500 kg) et une capacit\u00e9 d&#039;ouverture malgr\u00e9 une pression de bande de 5 kN (environ 500 kg) en marche avant et arri\u00e8re, STEP 18 Secure offre une s\u00e9curit\u00e9 et une fiabilit\u00e9 exceptionnelles.<\/p>\n<p class=\"\" data-start=\"1173\" data-end=\"1457\">Un c\u00e2ble de connexion sans halog\u00e8ne de 5 m\u00e8tres est \u00e9galement inclus pour une installation facile.<\/p>\n<p class=\"\" data-start=\"1459\" data-end=\"1474\"><strong data-start=\"1459\" data-end=\"1474\">Propri\u00e9t\u00e9s:<\/strong><\/p>\n<ul data-start=\"1475\" data-end=\"1947\">\n<li class=\"\" data-start=\"1475\" data-end=\"1516\">\n<p class=\"\" data-start=\"1477\" data-end=\"1516\">Pour serrure \u00e0 r\u00e8gle \u00e0 crochet Assa 511 avec piston de 10 mm<\/p>\n<\/li>\n<li class=\"\" data-start=\"1517\" data-end=\"1560\">\n<p class=\"\" data-start=\"1519\" data-end=\"1560\">Fonction orient\u00e9e vers la droite (verrouill\u00e9e en mode hors tension)<\/p>\n<\/li>\n<li class=\"\" data-start=\"1561\" data-end=\"1587\">\n<p class=\"\" data-start=\"1563\" data-end=\"1587\">Pour portes battantes \u00e0 gauche<\/p>\n<\/li>\n<li class=\"\" data-start=\"1588\" data-end=\"1619\">\n<p class=\"\" data-start=\"1590\" data-end=\"1619\">Homologu\u00e9 incendie jusqu&#039;\u00e0 E\/EI 60<\/p>\n<\/li>\n<li class=\"\" data-start=\"1620\" data-end=\"1722\">\n<p class=\"\" data-start=\"1622\" data-end=\"1722\">Indication de l&#039;\u00e9tat de la porte (ferm\u00e9e\/ouverte) et de l&#039;\u00e9tat du verrou (verrouill\u00e9\/d\u00e9verrouill\u00e9) via le contact du piston et le contact du loquet<\/p>\n<\/li>\n<li class=\"\" data-start=\"1723\" data-end=\"1761\">\n<p class=\"\" data-start=\"1725\" data-end=\"1761\">Diode de protection int\u00e9gr\u00e9e pour une s\u00e9curit\u00e9 accrue<\/p>\n<\/li>\n<li class=\"\" data-start=\"1762\" data-end=\"1801\">\n<p class=\"\" data-start=\"1764\" data-end=\"1801\">R\u00e9sistance \u00e0 la rupture de 15 kN (environ 1500 kg)<\/p>\n<\/li>\n<li class=\"\" data-start=\"1802\" data-end=\"1882\">\n<p class=\"\" data-start=\"1804\" data-end=\"1882\">S&#039;ouvre malgr\u00e9 une pression de bande de 5 kN (environ 500 kg) en marche avant et arri\u00e8re<\/p>\n<\/li>\n<li class=\"\" data-start=\"1883\" data-end=\"1947\">\n<p class=\"\" data-start=\"1885\" data-end=\"1947\">R\u00e9sistant aux chocs et comprend 5 m\u00e8tres de c\u00e2ble de connexion sans halog\u00e8ne<\/p>\n<\/li>\n<\/ul>\n<p class=\"\" data-start=\"1949\" data-end=\"1978\"><strong data-start=\"1949\" data-end=\"1978\">Sp\u00e9cifications techniques :<\/strong><\/p>\n<ul data-start=\"1979\" data-end=\"2619\">\n<li class=\"\" data-start=\"1979\" data-end=\"2070\">\n<p class=\"\" data-start=\"1981\" data-end=\"2070\">Alimentation : 12 V DC (+15% -10%) 639 mA d\u00e9verrouill\u00e9 ou 24 V DC (+15% -10%) 313 mA d\u00e9verrouill\u00e9<\/p>\n<\/li>\n<li class=\"\" data-start=\"2071\" data-end=\"2134\">\n<p class=\"\" data-start=\"2073\" data-end=\"2134\">Contact \u00e0 piston : Microrupteur unipolaire inverseur, max. 30 V CC, 1 A<\/p>\n<\/li>\n<li class=\"\" data-start=\"2135\" data-end=\"2175\">\n<p class=\"\" data-start=\"2137\" data-end=\"2175\">Durabilit\u00e9 : Grade Y selon SS-EN 14846<\/p>\n<\/li>\n<li class=\"\" data-start=\"2176\" data-end=\"2215\">\n<p class=\"\" data-start=\"2178\" data-end=\"2215\">Corrosion : Grade M selon SS-EN 14846<\/p>\n<\/li>\n<li class=\"\" data-start=\"2216\" data-end=\"2254\">\n<p class=\"\" data-start=\"2218\" data-end=\"2254\">S\u00e9curit\u00e9 : Grade 7 selon SS-EN 14846<\/p>\n<\/li>\n<li class=\"\" data-start=\"2255\" data-end=\"2345\">\n<p class=\"\" data-start=\"2257\" data-end=\"2345\">Manipulation \u00e9lectrique de s\u00e9curit\u00e9 : Grade 3 (face vers l&#039;avant) Grade 1 (face vers l&#039;arri\u00e8re) selon SS-EN 14846<\/p>\n<\/li>\n<li class=\"\" data-start=\"2346\" data-end=\"2367\">\n<p class=\"\" data-start=\"2348\" data-end=\"2367\">Test\u00e9 au feu : 60 min<\/p>\n<\/li>\n<li class=\"\" data-start=\"2368\" data-end=\"2394\">\n<p class=\"\" data-start=\"2370\" data-end=\"2394\">R\u00e9sistance \u00e0 la rupture : 1500 kg<\/p>\n<\/li>\n<li class=\"\" data-start=\"2395\" data-end=\"2418\">\n<p class=\"\" data-start=\"2397\" data-end=\"2418\">Charni\u00e8re de porte : gauche<\/p>\n<\/li>\n<li class=\"\" data-start=\"2419\" data-end=\"2473\">\n<p class=\"\" data-start=\"2421\" data-end=\"2473\">C\u00e2ble inclus : Oui, c\u00e2ble de connexion sans halog\u00e8ne de 5 m\u00e8tres<\/p>\n<\/li>\n<li class=\"\" data-start=\"2474\" data-end=\"2493\">\n<p class=\"\" data-start=\"2476\" data-end=\"2493\">Pression nominale : 500 kg<\/p>\n<\/li>\n<li class=\"\" data-start=\"2494\" data-end=\"2525\">\n<p class=\"\" data-start=\"2496\" data-end=\"2525\">Type de serrure : Serrure \u00e0 crochet, Serrure \u00e0 loquet<\/p>\n<\/li>\n<li class=\"\" data-start=\"2526\" data-end=\"2580\">\n<p class=\"\" data-start=\"2528\" data-end=\"2580\">Dimensions du produit : Largeur : 35 mm, Profondeur : 40 mm, Hauteur : 230 mm<\/p>\n<\/li>\n<li class=\"\" data-start=\"2581\" data-end=\"2598\">\n<p class=\"\" data-start=\"2583\" data-end=\"2598\">Contact du piston : Oui<\/p>\n<\/li>\n<li class=\"\" data-start=\"2599\" data-end=\"2619\">\n<p class=\"\" data-start=\"2601\" data-end=\"2619\">Tension AC\/DC : DC<\/p>\n<\/li>\n<\/ul>","protected":false},"excerpt":{"rendered":"<p>Vous pouvez voir ici quels poteaux et mod\u00e8les s&#039;adaptent ensemble \u00e0 partir de la gamme STEP de but\u00e9es de porte \u00e9lectriques.<\/p>\n<h5><strong><a href=\"https:\/\/steplock.com\/sv\/stolpguide\/#!?lang=sv&amp;blog_id=1&amp;paged=1&amp;number=50\" target=\"_blank\" rel=\"noopener\">Guide de publication STEP\u00a0<\/a><\/strong><\/h5>\n<h5><strong><a href=\"https:\/\/steplock.com\/sv\/projekteringsguide\/#!?lang=sv&amp;blog_id=1&amp;paged=1&amp;number=999\" target=\"_blank\" rel=\"noopener\">Guide de conception STEP<\/a><\/strong><\/h5>","protected":false},"featured_media":147362,"template":"","meta":{"_acf_changed":false},"product_brand":[],"product_cat":[3355],"product_tag":[4197,4200],"class_list":{"0":"post-147364","1":"product","2":"type-product","3":"status-publish","4":"has-post-thumbnail","6":"product_cat-elslutbleck","7":"product_tag-24v","8":"product_tag-rattvand","9":"product_shipping_class-tunga-paket","10":"pa_brands-step","11":"tm-no-options","13":"first","14":"instock","15":"sale","16":"taxable","17":"shipping-taxable","18":"purchasable","19":"product-type-simple"},"acf":[],"_links":{"self":[{"href":"https:\/\/secureus.se\/fr\/wp-json\/wp\/v2\/product\/147364","targetHints":{"allow":["GET"]}}],"collection":[{"href":"https:\/\/secureus.se\/fr\/wp-json\/wp\/v2\/product"}],"about":[{"href":"https:\/\/secureus.se\/fr\/wp-json\/wp\/v2\/types\/product"}],"wp:featuredmedia":[{"embeddable":true,"href":"https:\/\/secureus.se\/fr\/wp-json\/wp\/v2\/media\/147362"}],"wp:attachment":[{"href":"https:\/\/secureus.se\/fr\/wp-json\/wp\/v2\/media?parent=147364"}],"wp:term":[{"taxonomy":"product_brand","embeddable":true,"href":"https:\/\/secureus.se\/fr\/wp-json\/wp\/v2\/product_brand?post=147364"},{"taxonomy":"product_cat","embeddable":true,"href":"https:\/\/secureus.se\/fr\/wp-json\/wp\/v2\/product_cat?post=147364"},{"taxonomy":"product_tag","embeddable":true,"href":"https:\/\/secureus.se\/fr\/wp-json\/wp\/v2\/product_tag?post=147364"}],"curies":[{"name":"wp","href":"https:\/\/api.w.org\/{rel}","templated":true}]}}