{"id":147367,"date":"2023-09-26T13:10:21","date_gmt":"2023-09-26T11:10:21","guid":{"rendered":"https:\/\/secureus.se\/elslutbleck-step-60-rattvand-24v-kolvkontakt-10m-kabel\/"},"modified":"2026-04-23T12:28:41","modified_gmt":"2026-04-23T10:28:41","slug":"elslutbleck-step-60-rattvand-24v-kolvkontakt-10m-kabel","status":"publish","type":"product","link":"https:\/\/secureus.se\/fr\/elslutbleck-step-60-rattvand-24v-kolvkontakt-10m-kabel\/","title":{"rendered":"G\u00e2che \u00e9lectrique STEP 60 Contact piston 24V Orientation droite C\u00e2ble 10m"},"content":{"rendered":"<h1>G\u00e2che \u00e9lectrique STEP 60 Contact piston 24V Orientation droite C\u00e2ble 10m<\/h1>\n<p>STEP 60 Silent est une g\u00e2che \u00e9lectrique haute performance avec un fonctionnement simple, un fonctionnement silencieux et une s\u00e9curit\u00e9 \u00e9lev\u00e9e. Equip\u00e9 d&#039;un contact \u00e0 piston et d&#039;un c\u00e2ble sans halog\u00e8ne de 10 m, class\u00e9 au feu E\/EI120 et id\u00e9al pour les portes fr\u00e9quemment utilis\u00e9es.<\/p>\n<div>\n<div>La g\u00e2che \u00e9lectrique STEP 60 Silent offre une s\u00e9curit\u00e9 sup\u00e9rieure et un fonctionnement silencieux, ce qui la rend id\u00e9ale pour les environnements o\u00f9 la r\u00e9duction du bruit et la fiabilit\u00e9 op\u00e9rationnelle sont importantes.<\/div>\n<div>Avec une construction robuste et la technologie silencieuse brevet\u00e9e de STEP, il est particuli\u00e8rement adapt\u00e9 aux portes fr\u00e9quemment utilis\u00e9es, comme dans les \u00e9coles, les bureaux ou les immeubles d&#039;appartements.<\/div>\n<div>\n<p class=\"\" data-start=\"815\" data-end=\"1201\">Cette g\u00e2che \u00e9lectrique est homologu\u00e9e coupe-feu jusqu&#039;\u00e0 E\/EI120 selon SS-EN 14846:2008 et poss\u00e8de une r\u00e9sistance \u00e0 la rupture impressionnante de 16 kN (environ 1600 kg).<\/p>\n<p class=\"\" data-start=\"815\" data-end=\"1201\">Il est orient\u00e9 vers la droite \u2013 c&#039;est-\u00e0-dire verrouill\u00e9 en position hors tension \u2013 et \u00e9quip\u00e9 d&#039;un interrupteur \u00e0 piston int\u00e9gr\u00e9 qui permet d&#039;indiquer l&#039;\u00e9tat de la porte (ouvert\/ferm\u00e9, verrouill\u00e9\/d\u00e9verrouill\u00e9).<\/p>\n<p class=\"\" data-start=\"815\" data-end=\"1201\">Le c\u00e2ble sans halog\u00e8ne de 10 m\u00e8tres inclus facilite l&#039;installation m\u00eame sur de longues distances.<\/p>\n<p class=\"\" data-start=\"1203\" data-end=\"1432\">STEP 60 est inviolable, dispose d&#039;une diode de protection int\u00e9gr\u00e9e et d&#039;un contact de blocage pour l&#039;int\u00e9gration avec les syst\u00e8mes de contr\u00f4le d&#039;acc\u00e8s et les syst\u00e8mes d&#039;alarme.<\/p>\n<p class=\"\" data-start=\"1203\" data-end=\"1432\">Malgr\u00e9 une pression de bande allant jusqu&#039;\u00e0 100 kg, l&#039;ouverture est garantie, ce qui la rend tr\u00e8s fiable m\u00eame dans des environnements exigeants.<\/p>\n<p class=\"\" data-start=\"1434\" data-end=\"1460\"><strong data-start=\"1434\" data-end=\"1460\">Caract\u00e9ristiques et avantages :<\/strong><\/p>\n<ul data-start=\"1461\" data-end=\"1698\">\n<li class=\"\" data-start=\"1461\" data-end=\"1498\">\n<p class=\"\" data-start=\"1463\" data-end=\"1498\">Fonctionnement correct (verrouill\u00e9 sans alimentation)<\/p>\n<\/li>\n<li class=\"\" data-start=\"1499\" data-end=\"1541\">\n<p class=\"\" data-start=\"1501\" data-end=\"1541\">Contact de piston et contact de verrouillage int\u00e9gr\u00e9s<\/p>\n<\/li>\n<li class=\"\" data-start=\"1542\" data-end=\"1565\">\n<p class=\"\" data-start=\"1544\" data-end=\"1565\">R\u00e9sistance \u00e0 la rupture 16 kN<\/p>\n<\/li>\n<li class=\"\" data-start=\"1566\" data-end=\"1600\">\n<p class=\"\" data-start=\"1568\" data-end=\"1600\">Fonctionnement silencieux gr\u00e2ce \u00e0 la technologie STEP Silent<\/p>\n<\/li>\n<li class=\"\" data-start=\"1601\" data-end=\"1634\">\n<p class=\"\" data-start=\"1603\" data-end=\"1634\">C\u00e2ble sans halog\u00e8ne de 10 m inclus<\/p>\n<\/li>\n<li class=\"\" data-start=\"1635\" data-end=\"1657\">\n<p class=\"\" data-start=\"1637\" data-end=\"1657\">R\u00e9sistance au feu E\/EI120<\/p>\n<\/li>\n<li class=\"\" data-start=\"1658\" data-end=\"1698\">\n<p class=\"\" data-start=\"1660\" data-end=\"1698\">Antichoc et avec diode de protection int\u00e9gr\u00e9e<\/p>\n<\/li>\n<\/ul>\n<p class=\"\" data-start=\"1700\" data-end=\"1856\"><strong data-start=\"1700\" data-end=\"1723\">Domaines d&#039;utilisation :<\/strong><br data-start=\"1723\" data-end=\"1726\" \/>Convient aux environnements publics, aux \u00e9coles, aux \u00e9tablissements de sant\u00e9, aux bureaux et aux immeubles d&#039;appartements o\u00f9 la s\u00e9curit\u00e9 et un fonctionnement silencieux sont souhaitables.<\/p>\n<p class=\"\" data-start=\"1858\" data-end=\"1887\"><strong data-start=\"1858\" data-end=\"1887\">Sp\u00e9cifications techniques\u00a0:<\/strong><\/p>\n<ul data-start=\"1888\" data-end=\"2198\">\n<li class=\"\" data-start=\"1888\" data-end=\"1926\">\n<p class=\"\" data-start=\"1890\" data-end=\"1926\">Tension de fonctionnement : 24 V CC (21,6-27,6 V)<\/p>\n<\/li>\n<li class=\"\" data-start=\"1927\" data-end=\"1960\">\n<p class=\"\" data-start=\"1929\" data-end=\"1960\">Courant max : 250 mA, 121 mA d\u00e9verrouill\u00e9<\/p>\n<\/li>\n<li class=\"\" data-start=\"1961\" data-end=\"1987\">\n<p class=\"\" data-start=\"1963\" data-end=\"1987\">R\u00e9sistance \u00e0 la rupture : 1600 kg<\/p>\n<\/li>\n<li class=\"\" data-start=\"1988\" data-end=\"2017\">\n<p class=\"\" data-start=\"1990\" data-end=\"2017\">Charni\u00e8re de porte : droite\/gauche<\/p>\n<\/li>\n<li class=\"\" data-start=\"2018\" data-end=\"2040\">\n<p class=\"\" data-start=\"2020\" data-end=\"2040\">Longueur du c\u00e2ble : 10 m\u00e8tres<\/p>\n<\/li>\n<li class=\"\" data-start=\"2041\" data-end=\"2060\">\n<p class=\"\" data-start=\"2043\" data-end=\"2060\">Pression de la bande : 100 kg<\/p>\n<\/li>\n<li class=\"\" data-start=\"2061\" data-end=\"2095\">\n<p class=\"\" data-start=\"2063\" data-end=\"2095\">Dimensions (L x P x H) : 28 x 34 x 149,5 mm<\/p>\n<\/li>\n<li class=\"\" data-start=\"2096\" data-end=\"2124\">\n<p class=\"\" data-start=\"2098\" data-end=\"2124\">Couleur\/Finition : Acier inoxydable<\/p>\n<\/li>\n<li class=\"\" data-start=\"2125\" data-end=\"2158\">\n<p class=\"\" data-start=\"2127\" data-end=\"2158\">Type de serrure : Serrure \u00e0 p\u00eane simple et double<\/p>\n<\/li>\n<li class=\"\" data-start=\"2159\" data-end=\"2198\">\n<p class=\"\" data-start=\"2161\" data-end=\"2198\">\u00c9valuations\u00a0: SundaHus, \u00e9valuation des mat\u00e9riaux de construction<\/p>\n<\/li>\n<\/ul>\n<\/div>\n<\/div>","protected":false},"excerpt":{"rendered":"<p>Vous pouvez voir ici quels poteaux et mod\u00e8les s&#039;adaptent ensemble \u00e0 partir de la gamme STEP de but\u00e9es de porte \u00e9lectriques.<\/p>\n<h5><strong><a href=\"https:\/\/steplock.com\/sv\/stolpguide\/#!?lang=sv&amp;blog_id=1&amp;paged=1&amp;number=50\" target=\"_blank\" rel=\"noopener\">Guide de publication STEP\u00a0<\/a><\/strong><\/h5>\n<h5><strong><a href=\"https:\/\/steplock.com\/sv\/projekteringsguide\/#!?lang=sv&amp;blog_id=1&amp;paged=1&amp;number=999\" target=\"_blank\" rel=\"noopener\">Guide de conception STEP<\/a><\/strong><\/h5>","protected":false},"featured_media":147365,"template":"","meta":{"_acf_changed":false},"product_brand":[],"product_cat":[3355],"product_tag":[4197,4200],"class_list":{"0":"post-147367","1":"product","2":"type-product","3":"status-publish","4":"has-post-thumbnail","6":"product_cat-elslutbleck","7":"product_tag-24v","8":"product_tag-rattvand","9":"product_shipping_class-tunga-paket","10":"pa_brands-step","11":"tm-no-options","13":"first","14":"instock","15":"sale","16":"taxable","17":"shipping-taxable","18":"purchasable","19":"product-type-simple"},"acf":[],"_links":{"self":[{"href":"https:\/\/secureus.se\/fr\/wp-json\/wp\/v2\/product\/147367","targetHints":{"allow":["GET"]}}],"collection":[{"href":"https:\/\/secureus.se\/fr\/wp-json\/wp\/v2\/product"}],"about":[{"href":"https:\/\/secureus.se\/fr\/wp-json\/wp\/v2\/types\/product"}],"wp:featuredmedia":[{"embeddable":true,"href":"https:\/\/secureus.se\/fr\/wp-json\/wp\/v2\/media\/147365"}],"wp:attachment":[{"href":"https:\/\/secureus.se\/fr\/wp-json\/wp\/v2\/media?parent=147367"}],"wp:term":[{"taxonomy":"product_brand","embeddable":true,"href":"https:\/\/secureus.se\/fr\/wp-json\/wp\/v2\/product_brand?post=147367"},{"taxonomy":"product_cat","embeddable":true,"href":"https:\/\/secureus.se\/fr\/wp-json\/wp\/v2\/product_cat?post=147367"},{"taxonomy":"product_tag","embeddable":true,"href":"https:\/\/secureus.se\/fr\/wp-json\/wp\/v2\/product_tag?post=147367"}],"curies":[{"name":"wp","href":"https:\/\/api.w.org\/{rel}","templated":true}]}}