{"id":147370,"date":"2023-09-26T13:10:18","date_gmt":"2023-09-26T11:10:18","guid":{"rendered":"https:\/\/secureus.se\/elslutbleck-step-18-hoger-rattvand-24v-for-assa-511\/"},"modified":"2026-04-08T16:03:33","modified_gmt":"2026-04-08T14:03:33","slug":"elslutbleck-step-18-hoger-rattvand-24v-for-assa-511","status":"publish","type":"product","link":"https:\/\/secureus.se\/fr\/elslutbleck-step-18-hoger-rattvand-24v-for-assa-511\/","title":{"rendered":"G\u00e2che \u00e9lectrique STEP 18 Droite Orient\u00e9e vers la droite 24V pour Assa 511"},"content":{"rendered":"<h1>G\u00e2che \u00e9lectrique STEP 18 Droite Orient\u00e9e vers la droite 24V pour Assa 511<\/h1>\n<p class=\"\" data-start=\"401\" data-end=\"779\">La g\u00e2che \u00e9lectrique STEP 18 Secure appartient \u00e0 la s\u00e9rie Secure de STEP, con\u00e7ue pour les environnements de porte avec des exigences de s\u00e9curit\u00e9 extr\u00eames.<\/p>\n<p class=\"\" data-start=\"401\" data-end=\"779\">Ce mod\u00e8le est sp\u00e9cialement d\u00e9velopp\u00e9 pour les portes \u00e0 ouverture \u00e0 droite avec serrures \u00e0 crochet de type Assa 511 et piston de 10 mm, et offre un verrouillage et un d\u00e9verrouillage rapides et s\u00fbrs.<\/p>\n<p class=\"\" data-start=\"781\" data-end=\"1051\">Gr\u00e2ce \u00e0 sa fonction orient\u00e9e vers la droite \u2013 verrouill\u00e9e en position hors tension \u2013 et \u00e0 une r\u00e9sistance \u00e0 la rupture de 15 kN (environ 1 500 kg), STEP 18 Secure peut r\u00e9sister \u00e0 des environnements difficiles o\u00f9 une utilisation fr\u00e9quente et une s\u00e9curit\u00e9 \u00e9lev\u00e9e sont requises.<\/p>\n<p class=\"\" data-start=\"781\" data-end=\"1051\">Il est homologu\u00e9 pour les portes de s\u00e9curit\u00e9 jusqu&#039;\u00e0 RC4 et test\u00e9 au feu jusqu&#039;\u00e0 E\/EI60.<\/p>\n<p class=\"\" data-start=\"1053\" data-end=\"1352\">L&#039;interrupteur \u00e0 piston et l&#039;interrupteur \u00e0 loquet int\u00e9gr\u00e9s permettent de surveiller l&#039;\u00e9tat des positions verrouill\u00e9es et ouvertes de la porte, ce qui rend le produit parfait pour l&#039;int\u00e9gration avec des syst\u00e8mes de contr\u00f4le d&#039;acc\u00e8s ou des alarmes.<\/p>\n<p class=\"\" data-start=\"1053\" data-end=\"1352\">La g\u00e2che \u00e9lectrique est \u00e9galement inviolable, dispose d&#039;une diode de protection int\u00e9gr\u00e9e et est fournie avec un c\u00e2ble sans halog\u00e8ne de 5 m\u00e8tres pour une connexion facile.<\/p>\n<p class=\"\" data-start=\"1354\" data-end=\"1380\"><strong data-start=\"1354\" data-end=\"1380\">Caract\u00e9ristiques et avantages :<\/strong><\/p>\n<ul data-start=\"1381\" data-end=\"1704\">\n<li class=\"\" data-start=\"1381\" data-end=\"1429\">\n<p class=\"\" data-start=\"1383\" data-end=\"1429\">Adapt\u00e9 pour serrure \u00e0 p\u00eane \u00e0 crochet Assa 511 (piston de 10 mm)<\/p>\n<\/li>\n<li class=\"\" data-start=\"1430\" data-end=\"1467\">\n<p class=\"\" data-start=\"1432\" data-end=\"1467\">Fonctionnement correct \u2013 verrouill\u00e9 sans alimentation<\/p>\n<\/li>\n<li class=\"\" data-start=\"1468\" data-end=\"1492\">\n<p class=\"\" data-start=\"1470\" data-end=\"1492\">Pour portes battantes \u00e0 droite<\/p>\n<\/li>\n<li class=\"\" data-start=\"1493\" data-end=\"1543\">\n<p class=\"\" data-start=\"1495\" data-end=\"1543\">Interrupteurs d&#039;\u00e9tat int\u00e9gr\u00e9s : interrupteur \u00e0 piston et \u00e0 loquet<\/p>\n<\/li>\n<li class=\"\" data-start=\"1544\" data-end=\"1572\">\n<p class=\"\" data-start=\"1546\" data-end=\"1572\">R\u00e9sistance \u00e0 la rupture \u00e9lev\u00e9e : 15 kN<\/p>\n<\/li>\n<li class=\"\" data-start=\"1573\" data-end=\"1613\">\n<p class=\"\" data-start=\"1575\" data-end=\"1613\">S&#039;ouvre malgr\u00e9 une pression allant jusqu&#039;\u00e0 500 kg<\/p>\n<\/li>\n<li class=\"\" data-start=\"1614\" data-end=\"1633\">\n<p class=\"\" data-start=\"1616\" data-end=\"1633\">Classe de feu E\/EI60<\/p>\n<\/li>\n<li class=\"\" data-start=\"1634\" data-end=\"1674\">\n<p class=\"\" data-start=\"1636\" data-end=\"1674\">Livr\u00e9 avec un c\u00e2ble sans halog\u00e8ne de 5 m\u00e8tres<\/p>\n<\/li>\n<li class=\"\" data-start=\"1675\" data-end=\"1704\">\n<p class=\"\" data-start=\"1677\" data-end=\"1704\">Diode de protection et parasurtenseur<\/p>\n<\/li>\n<\/ul>\n<p class=\"\" data-start=\"1706\" data-end=\"1863\"><strong data-start=\"1706\" data-end=\"1729\">Domaines d&#039;utilisation :<\/strong><br data-start=\"1729\" data-end=\"1732\" \/>Id\u00e9al pour les environnements class\u00e9s de s\u00e9curit\u00e9 tels que les banques, les prisons, les agences gouvernementales et autres locaux ayant des exigences \u00e9lev\u00e9es en mati\u00e8re de verrouillage fiable.<\/p>\n<p class=\"\" data-start=\"1865\" data-end=\"1894\"><strong data-start=\"1865\" data-end=\"1894\">Sp\u00e9cifications techniques\u00a0:<\/strong><\/p>\n<ul data-start=\"1895\" data-end=\"2191\">\n<li class=\"\" data-start=\"1895\" data-end=\"1933\">\n<p class=\"\" data-start=\"1897\" data-end=\"1933\">Tension de fonctionnement : 24 V CC (21,6-27,6 V)<\/p>\n<\/li>\n<li class=\"\" data-start=\"1934\" data-end=\"1966\">\n<p class=\"\" data-start=\"1936\" data-end=\"1966\">Consommation \u00e9lectrique : 313 mA d\u00e9verrouill\u00e9<\/p>\n<\/li>\n<li class=\"\" data-start=\"1967\" data-end=\"1988\">\n<p class=\"\" data-start=\"1969\" data-end=\"1988\">Charni\u00e8re de porte : droite<\/p>\n<\/li>\n<li class=\"\" data-start=\"1989\" data-end=\"2010\">\n<p class=\"\" data-start=\"1991\" data-end=\"2010\">Longueur du c\u00e2ble : 5 m\u00e8tres<\/p>\n<\/li>\n<li class=\"\" data-start=\"2011\" data-end=\"2030\">\n<p class=\"\" data-start=\"2013\" data-end=\"2030\">Pression nominale : 500 kg<\/p>\n<\/li>\n<li class=\"\" data-start=\"2031\" data-end=\"2057\">\n<p class=\"\" data-start=\"2033\" data-end=\"2057\">R\u00e9sistance \u00e0 la rupture : 1500 kg<\/p>\n<\/li>\n<li class=\"\" data-start=\"2058\" data-end=\"2090\">\n<p class=\"\" data-start=\"2060\" data-end=\"2090\">Dimensions (LxPxH) : 35 x 40 x 230 mm<\/p>\n<\/li>\n<li class=\"\" data-start=\"2091\" data-end=\"2119\">\n<p class=\"\" data-start=\"2093\" data-end=\"2119\">Couleur\/Finition : Acier inoxydable<\/p>\n<\/li>\n<li class=\"\" data-start=\"2120\" data-end=\"2151\">\n<p class=\"\" data-start=\"2122\" data-end=\"2151\">Type de serrure : Serrure \u00e0 crochet, Serrure \u00e0 loquet<\/p>\n<\/li>\n<li class=\"\" data-start=\"2152\" data-end=\"2191\">\n<p class=\"\" data-start=\"2154\" data-end=\"2191\">\u00c9valuations\u00a0: SundaHus, \u00e9valuation des mat\u00e9riaux de construction<\/p>\n<\/li>\n<\/ul>","protected":false},"excerpt":{"rendered":"<p>Vous pouvez voir ici quels poteaux et mod\u00e8les s&#039;adaptent ensemble \u00e0 partir de la gamme STEP de but\u00e9es de porte \u00e9lectriques.<\/p>\n<h5><strong><a href=\"https:\/\/steplock.com\/sv\/stolpguide\/#!?lang=sv&amp;blog_id=1&amp;paged=1&amp;number=50\" target=\"_blank\" rel=\"noopener\">Guide de publication STEP\u00a0<\/a><\/strong><\/h5>\n<h5><strong><a href=\"https:\/\/steplock.com\/sv\/projekteringsguide\/#!?lang=sv&amp;blog_id=1&amp;paged=1&amp;number=999\" target=\"_blank\" rel=\"noopener\">Guide de conception STEP<\/a><\/strong><\/h5>","protected":false},"featured_media":147368,"template":"","meta":{"_acf_changed":false},"product_brand":[],"product_cat":[3355],"product_tag":[4197,4200],"class_list":{"0":"post-147370","1":"product","2":"type-product","3":"status-publish","4":"has-post-thumbnail","6":"product_cat-elslutbleck","7":"product_tag-24v","8":"product_tag-rattvand","9":"product_shipping_class-tunga-paket","10":"pa_brands-step","11":"tm-no-options","13":"first","14":"outofstock","15":"sale","16":"taxable","17":"shipping-taxable","18":"purchasable","19":"product-type-simple"},"acf":[],"_links":{"self":[{"href":"https:\/\/secureus.se\/fr\/wp-json\/wp\/v2\/product\/147370","targetHints":{"allow":["GET"]}}],"collection":[{"href":"https:\/\/secureus.se\/fr\/wp-json\/wp\/v2\/product"}],"about":[{"href":"https:\/\/secureus.se\/fr\/wp-json\/wp\/v2\/types\/product"}],"wp:featuredmedia":[{"embeddable":true,"href":"https:\/\/secureus.se\/fr\/wp-json\/wp\/v2\/media\/147368"}],"wp:attachment":[{"href":"https:\/\/secureus.se\/fr\/wp-json\/wp\/v2\/media?parent=147370"}],"wp:term":[{"taxonomy":"product_brand","embeddable":true,"href":"https:\/\/secureus.se\/fr\/wp-json\/wp\/v2\/product_brand?post=147370"},{"taxonomy":"product_cat","embeddable":true,"href":"https:\/\/secureus.se\/fr\/wp-json\/wp\/v2\/product_cat?post=147370"},{"taxonomy":"product_tag","embeddable":true,"href":"https:\/\/secureus.se\/fr\/wp-json\/wp\/v2\/product_tag?post=147370"}],"curies":[{"name":"wp","href":"https:\/\/api.w.org\/{rel}","templated":true}]}}