{"id":147375,"date":"2023-09-26T13:10:14","date_gmt":"2023-09-26T11:10:14","guid":{"rendered":"https:\/\/secureus.se\/elslutbleck-step-60-omvand-24v-kolvkontakt-5m-kabel\/"},"modified":"2026-04-23T12:32:01","modified_gmt":"2026-04-23T10:32:01","slug":"elslutbleck-step-60-omvand-24v-kolvkontakt-5m-kabel","status":"publish","type":"product","link":"https:\/\/secureus.se\/fr\/elslutbleck-step-60-omvand-24v-kolvkontakt-5m-kabel\/","title":{"rendered":"G\u00e2che \u00e9lectrique STEP 60 Reverse 24V Contact piston C\u00e2ble 5m"},"content":{"rendered":"<h1>G\u00e2che \u00e9lectrique STEP 60 Reverse 24V Contact piston C\u00e2ble 5m<\/h1>\n<p>STEP 60 Silent avec fonction d&#039;inversion assure un fonctionnement silencieux et fiable pour les portes \u00e0 haute fr\u00e9quence. Dot\u00e9 d&#039;un connecteur \u00e0 piston, d&#039;un c\u00e2ble de 5 m et d&#039;une classe de feu E\/EI120, il est id\u00e9al pour les environnements o\u00f9 le niveau de bruit et la s\u00e9curit\u00e9 sont cruciaux.<\/p>\n<p>La g\u00e2che \u00e9lectrique STEP 60 Silent est une g\u00e2che \u00e9lectrique haut de gamme de la s\u00e9rie Silent de STEP, d\u00e9velopp\u00e9e pour les portes ayant des exigences \u00e9lev\u00e9es en mati\u00e8re de s\u00e9curit\u00e9 et d&#039;isolation acoustique.<\/p>\n<p>Ce mod\u00e8le dispose d&#039;une fonction inverse, ce qui signifie que la porte est d\u00e9verrouill\u00e9e en position hors tension \u2013 une caract\u00e9ristique importante dans les environnements n\u00e9cessitant une \u00e9vacuation en toute s\u00e9curit\u00e9.<\/p>\n<p class=\"\" data-start=\"852\" data-end=\"1197\">Gr\u00e2ce \u00e0 la technologie brevet\u00e9e Silent, STEP 60 offre un fonctionnement presque silencieux, ce qui le rend particuli\u00e8rement adapt\u00e9 aux environnements publics, bureaux, \u00e9coles ou h\u00f4pitaux o\u00f9 le niveau de bruit doit \u00eatre maintenu bas.<\/p>\n<p class=\"\" data-start=\"852\" data-end=\"1197\">Sa construction robuste offre une r\u00e9sistance \u00e0 la rupture de 16 kN (environ 1600 kg) et garantit une ouverture m\u00eame avec une pression de bande allant jusqu&#039;\u00e0 100 kg.<\/p>\n<p class=\"\" data-start=\"1199\" data-end=\"1536\">Le pack de micro-interrupteurs int\u00e9gr\u00e9 avec contact \u00e0 piston et contact \u00e0 verrouillage permet une indication claire de l&#039;\u00e9tat de la porte et facilite l&#039;int\u00e9gration dans les syst\u00e8mes de contr\u00f4le d&#039;acc\u00e8s et les syst\u00e8mes d&#039;alarme.<\/p>\n<p class=\"\" data-start=\"1199\" data-end=\"1536\">Le produit est \u00e9galement class\u00e9 au feu jusqu&#039;\u00e0 E\/EI120, inviolable et \u00e9quip\u00e9 d&#039;une diode de protection int\u00e9gr\u00e9e. Livr\u00e9 complet avec 5 m\u00e8tres de c\u00e2ble sans halog\u00e8ne.<\/p>\n<p class=\"\" data-start=\"1538\" data-end=\"1564\">Caract\u00e9ristiques et avantages :<\/p>\n<ul data-start=\"1565\" data-end=\"1845\">\n<li class=\"\" data-start=\"1565\" data-end=\"1601\">\n<p class=\"\" data-start=\"1567\" data-end=\"1601\">Fonction inverse (d\u00e9verrouillage sans alimentation)<\/p>\n<\/li>\n<li class=\"\" data-start=\"1602\" data-end=\"1649\">\n<p class=\"\" data-start=\"1604\" data-end=\"1649\">Technologie Silent brevet\u00e9e \u2013 fonctionnement silencieux et fluide<\/p>\n<\/li>\n<li class=\"\" data-start=\"1650\" data-end=\"1672\">\n<p class=\"\" data-start=\"1652\" data-end=\"1672\">R\u00e9sistance au feu E\/EI120<\/p>\n<\/li>\n<li class=\"\" data-start=\"1673\" data-end=\"1719\">\n<p class=\"\" data-start=\"1675\" data-end=\"1719\">Contact de piston et de verrouillage pour la surveillance de l&#039;\u00e9tat<\/p>\n<\/li>\n<li class=\"\" data-start=\"1720\" data-end=\"1743\">\n<p class=\"\" data-start=\"1722\" data-end=\"1743\">R\u00e9sistance \u00e0 la rupture 16 kN<\/p>\n<\/li>\n<li class=\"\" data-start=\"1744\" data-end=\"1769\">\n<p class=\"\" data-start=\"1746\" data-end=\"1769\">R\u00e9siste \u00e0 100 kg de pression de bande<\/p>\n<\/li>\n<li class=\"\" data-start=\"1770\" data-end=\"1804\">\n<p class=\"\" data-start=\"1772\" data-end=\"1804\">Diode anti-d\u00e9tonante et de protection incluse<\/p>\n<\/li>\n<li class=\"\" data-start=\"1805\" data-end=\"1845\">\n<p class=\"\" data-start=\"1807\" data-end=\"1845\">Livr\u00e9 avec un c\u00e2ble sans halog\u00e8ne de 5 m\u00e8tres<\/p>\n<\/li>\n<\/ul>\n<p class=\"\" data-start=\"1847\" data-end=\"2006\">Domaines d&#039;utilisation :<br data-start=\"1870\" data-end=\"1873\" \/>Id\u00e9al pour les portes \u00e0 usage fr\u00e9quent dans les \u00e9coles, les bureaux, les \u00e9tablissements de sant\u00e9 et les environnements publics o\u00f9 les niveaux de bruit et la s\u00e9curit\u00e9 sont des facteurs importants.<\/p>\n<p class=\"\" data-start=\"2008\" data-end=\"2037\">Sp\u00e9cifications techniques\u00a0:<\/p>\n<ul data-start=\"2038\" data-end=\"2401\">\n<li class=\"\" data-start=\"2038\" data-end=\"2076\">\n<p class=\"\" data-start=\"2040\" data-end=\"2076\">Tension de fonctionnement : 24 V CC (21,6-27,6 V)<\/p>\n<\/li>\n<li class=\"\" data-start=\"2077\" data-end=\"2121\">\n<p class=\"\" data-start=\"2079\" data-end=\"2121\">Consommation de courant : 121 mA d\u00e9verrouill\u00e9, max 250 mA<\/p>\n<\/li>\n<li class=\"\" data-start=\"2122\" data-end=\"2151\">\n<p class=\"\" data-start=\"2124\" data-end=\"2151\">Charni\u00e8re de porte : droite\/gauche<\/p>\n<\/li>\n<li class=\"\" data-start=\"2152\" data-end=\"2173\">\n<p class=\"\" data-start=\"2154\" data-end=\"2173\">Longueur du c\u00e2ble : 5 m\u00e8tres<\/p>\n<\/li>\n<li class=\"\" data-start=\"2174\" data-end=\"2193\">\n<p class=\"\" data-start=\"2176\" data-end=\"2193\">Pression de la bande : 100 kg<\/p>\n<\/li>\n<li class=\"\" data-start=\"2194\" data-end=\"2220\">\n<p class=\"\" data-start=\"2196\" data-end=\"2220\">R\u00e9sistance \u00e0 la rupture : 1600 kg<\/p>\n<\/li>\n<li class=\"\" data-start=\"2221\" data-end=\"2255\">\n<p class=\"\" data-start=\"2223\" data-end=\"2255\">Dimensions (L x P x H) : 28 x 34 x 149,5 mm<\/p>\n<\/li>\n<li class=\"\" data-start=\"2256\" data-end=\"2289\">\n<p class=\"\" data-start=\"2258\" data-end=\"2289\">Type de serrure : Serrure \u00e0 p\u00eane simple et double<\/p>\n<\/li>\n<li class=\"\" data-start=\"2290\" data-end=\"2332\">\n<p class=\"\" data-start=\"2292\" data-end=\"2332\">Contact \u00e0 piston : Microrupteur, 30 V DC \/ 1 A<\/p>\n<\/li>\n<li class=\"\" data-start=\"2333\" data-end=\"2361\">\n<p class=\"\" data-start=\"2335\" data-end=\"2361\">Couleur\/Finition : Acier inoxydable<\/p>\n<\/li>\n<li class=\"\" data-start=\"2362\" data-end=\"2401\">\n<p class=\"\" data-start=\"2364\" data-end=\"2401\">\u00c9valuations\u00a0: SundaHus, \u00e9valuation des mat\u00e9riaux de construction<\/p>\n<\/li>\n<\/ul>","protected":false},"excerpt":{"rendered":"<p>Vous pouvez voir ici quels poteaux et mod\u00e8les s&#039;adaptent ensemble \u00e0 partir de la gamme STEP de but\u00e9es de porte \u00e9lectriques.<\/p>\n<h5><strong><a href=\"https:\/\/steplock.com\/sv\/stolpguide\/#!?lang=sv&amp;blog_id=1&amp;paged=1&amp;number=50\" target=\"_blank\" rel=\"noopener\">Guide de publication STEP\u00a0<\/a><\/strong><\/h5>\n<h5><strong><a href=\"https:\/\/steplock.com\/sv\/projekteringsguide\/#!?lang=sv&amp;blog_id=1&amp;paged=1&amp;number=999\" target=\"_blank\" rel=\"noopener\">Guide de conception STEP<\/a><\/strong><\/h5>","protected":false},"featured_media":147372,"template":"","meta":{"_acf_changed":false},"product_brand":[],"product_cat":[3355],"product_tag":[4197,4201],"class_list":{"0":"post-147375","1":"product","2":"type-product","3":"status-publish","4":"has-post-thumbnail","6":"product_cat-elslutbleck","7":"product_tag-24v","8":"product_tag-omvand","9":"product_shipping_class-tunga-paket","10":"pa_brands-step","11":"tm-no-options","13":"first","14":"instock","15":"sale","16":"taxable","17":"shipping-taxable","18":"purchasable","19":"product-type-simple"},"acf":[],"_links":{"self":[{"href":"https:\/\/secureus.se\/fr\/wp-json\/wp\/v2\/product\/147375","targetHints":{"allow":["GET"]}}],"collection":[{"href":"https:\/\/secureus.se\/fr\/wp-json\/wp\/v2\/product"}],"about":[{"href":"https:\/\/secureus.se\/fr\/wp-json\/wp\/v2\/types\/product"}],"wp:featuredmedia":[{"embeddable":true,"href":"https:\/\/secureus.se\/fr\/wp-json\/wp\/v2\/media\/147372"}],"wp:attachment":[{"href":"https:\/\/secureus.se\/fr\/wp-json\/wp\/v2\/media?parent=147375"}],"wp:term":[{"taxonomy":"product_brand","embeddable":true,"href":"https:\/\/secureus.se\/fr\/wp-json\/wp\/v2\/product_brand?post=147375"},{"taxonomy":"product_cat","embeddable":true,"href":"https:\/\/secureus.se\/fr\/wp-json\/wp\/v2\/product_cat?post=147375"},{"taxonomy":"product_tag","embeddable":true,"href":"https:\/\/secureus.se\/fr\/wp-json\/wp\/v2\/product_tag?post=147375"}],"curies":[{"name":"wp","href":"https:\/\/api.w.org\/{rel}","templated":true}]}}