{"id":147383,"date":"2023-09-26T13:10:11","date_gmt":"2023-09-26T11:10:11","guid":{"rendered":"https:\/\/secureus.se\/elslutbleck-step-18-hoger-rattvand-24v-9mm-regel-connect\/"},"modified":"2026-03-26T09:45:22","modified_gmt":"2026-03-26T08:45:22","slug":"elslutbleck-step-18-hoger-rattvand-24v-9mm-regel-connect","status":"publish","type":"product","link":"https:\/\/secureus.se\/fr\/elslutbleck-step-18-hoger-rattvand-24v-9mm-regel-connect\/","title":{"rendered":"G\u00e2che \u00e9lectrique STEP 18 Droite Droite 24V 9mm R\u00e8gle Connect"},"content":{"rendered":"<h1>G\u00e2che \u00e9lectrique STEP 18 Droite Droite 24V 9mm R\u00e8gle Connect<\/h1>\n<p>STEP 18 Secure est une g\u00e2che \u00e9lectrique puissante avec fonction droite pour portes \u00e0 suspension droite. Adapt\u00e9 aux serrures \u00e0 p\u00eane de 9 mm de la s\u00e9rie Connect. R\u00e9sistant au feu, haute r\u00e9sistance \u00e0 la rupture et c\u00e2ble de 5 m inclus.<\/p>\n<p>La g\u00e2che \u00e9lectrique STEP 18 Secure est une solution fiable et robuste pour les environnements de portes avec des exigences de s\u00e9curit\u00e9 \u00e9lev\u00e9es.<\/p>\n<p>Ce mod\u00e8le est sp\u00e9cialement con\u00e7u pour les serrures \u00e0 p\u00eane avec piston de 9 mm de la s\u00e9rie Connect et est adapt\u00e9 aux portes \u00e0 suspension \u00e0 droite.<\/p>\n<p>Gr\u00e2ce \u00e0 la fonction orient\u00e9e vers la droite, il est verrouill\u00e9 en position hors tension, ce qui offre une s\u00e9curit\u00e9 accrue en cas de panne de courant.<\/p>\n<p class=\"\" data-start=\"836\" data-end=\"1110\">Il fait partie de la s\u00e9rie Secure de STEP et est particuli\u00e8rement adapt\u00e9 \u00e0 l&#039;installation, par exemple, dans les portes de s\u00e9curit\u00e9, les prisons, les banques ou d&#039;autres environnements o\u00f9 une fr\u00e9quence \u00e9lev\u00e9e d&#039;ouvertures et une protection contre les intrusions sont requises.<\/p>\n<p class=\"\" data-start=\"836\" data-end=\"1110\">La g\u00e2che \u00e9lectrique est homologu\u00e9e pour la classe de feu E\/EI60 et jusqu&#039;au niveau de protection RC4.<\/p>\n<p class=\"\" data-start=\"1112\" data-end=\"1451\">Avec une r\u00e9sistance \u00e0 la rupture de 15 kN (environ 1 500 kg) et une capacit\u00e9 d&#039;ouverture malgr\u00e9 une pression de bande de 5 kN (environ 500 kg), STEP 18 est \u00e0 la fois solide et fiable.<\/p>\n<p class=\"\" data-start=\"1112\" data-end=\"1451\">Les contacts \u00e0 piston et \u00e0 loquet int\u00e9gr\u00e9s permettent l&#039;int\u00e9gration avec les syst\u00e8mes de contr\u00f4le d&#039;acc\u00e8s et les alarmes, offrant un contr\u00f4le total sur l&#039;\u00e9tat de la porte. Diode de protection, fusible antid\u00e9tonant et c\u00e2ble sans halog\u00e8ne de 5 m\u00e8tres inclus.<\/p>\n<p class=\"\" data-start=\"1453\" data-end=\"1479\"><strong data-start=\"1453\" data-end=\"1479\">Caract\u00e9ristiques et avantages :<\/strong><\/p>\n<ul data-start=\"1480\" data-end=\"1809\">\n<li class=\"\" data-start=\"1480\" data-end=\"1532\">\n<p class=\"\" data-start=\"1482\" data-end=\"1532\">Adapt\u00e9 aux serrures \u00e0 p\u00eane (piston de 9 mm) de la s\u00e9rie Connect<\/p>\n<\/li>\n<li class=\"\" data-start=\"1533\" data-end=\"1570\">\n<p class=\"\" data-start=\"1535\" data-end=\"1570\">Fonctionnement correct (verrouill\u00e9 sans alimentation)<\/p>\n<\/li>\n<li class=\"\" data-start=\"1571\" data-end=\"1595\">\n<p class=\"\" data-start=\"1573\" data-end=\"1595\">Pour portes battantes \u00e0 droite<\/p>\n<\/li>\n<li class=\"\" data-start=\"1596\" data-end=\"1641\">\n<p class=\"\" data-start=\"1598\" data-end=\"1641\">Contact \u00e0 piston et contact \u00e0 verrouillage pour indication<\/p>\n<\/li>\n<li class=\"\" data-start=\"1642\" data-end=\"1665\">\n<p class=\"\" data-start=\"1644\" data-end=\"1665\">R\u00e9sistance \u00e0 la rupture 15 kN<\/p>\n<\/li>\n<li class=\"\" data-start=\"1666\" data-end=\"1700\">\n<p class=\"\" data-start=\"1668\" data-end=\"1700\">R\u00e9siste \u00e0 une pression de moulage jusqu&#039;\u00e0 500 kg<\/p>\n<\/li>\n<li class=\"\" data-start=\"1701\" data-end=\"1739\">\n<p class=\"\" data-start=\"1703\" data-end=\"1739\">Class\u00e9 au feu E\/EI60, approuv\u00e9 pour RC4<\/p>\n<\/li>\n<li class=\"\" data-start=\"1740\" data-end=\"1768\">\n<p class=\"\" data-start=\"1742\" data-end=\"1768\">Diode de protection et antichoc<\/p>\n<\/li>\n<li class=\"\" data-start=\"1769\" data-end=\"1809\">\n<p class=\"\" data-start=\"1771\" data-end=\"1809\">Livr\u00e9 avec un c\u00e2ble sans halog\u00e8ne de 5 m\u00e8tres<\/p>\n<\/li>\n<\/ul>\n<p class=\"\" data-start=\"1811\" data-end=\"1972\"><strong data-start=\"1811\" data-end=\"1834\">Domaines d&#039;utilisation :<\/strong><br data-start=\"1834\" data-end=\"1837\" \/>Convient aux portes de s\u00e9curit\u00e9 dans les prisons, les banques, les agences gouvernementales et autres environnements de portes avec des exigences \u00e9lev\u00e9es en mati\u00e8re de passage fr\u00e9quent et de s\u00e9curit\u00e9 maximale.<\/p>\n<p class=\"\" data-start=\"1974\" data-end=\"2003\"><strong data-start=\"1974\" data-end=\"2003\">Sp\u00e9cifications techniques\u00a0:<\/strong><\/p>\n<ul data-start=\"2004\" data-end=\"2345\">\n<li class=\"\" data-start=\"2004\" data-end=\"2042\">\n<p class=\"\" data-start=\"2006\" data-end=\"2042\">Tension de fonctionnement : 24 V CC (21,6-27,6 V)<\/p>\n<\/li>\n<li class=\"\" data-start=\"2043\" data-end=\"2075\">\n<p class=\"\" data-start=\"2045\" data-end=\"2075\">Consommation \u00e9lectrique : 313 mA d\u00e9verrouill\u00e9<\/p>\n<\/li>\n<li class=\"\" data-start=\"2076\" data-end=\"2097\">\n<p class=\"\" data-start=\"2078\" data-end=\"2097\">Charni\u00e8re de porte : droite<\/p>\n<\/li>\n<li class=\"\" data-start=\"2098\" data-end=\"2119\">\n<p class=\"\" data-start=\"2100\" data-end=\"2119\">Longueur du c\u00e2ble : 5 m\u00e8tres<\/p>\n<\/li>\n<li class=\"\" data-start=\"2120\" data-end=\"2139\">\n<p class=\"\" data-start=\"2122\" data-end=\"2139\">Pression nominale : 500 kg<\/p>\n<\/li>\n<li class=\"\" data-start=\"2140\" data-end=\"2166\">\n<p class=\"\" data-start=\"2142\" data-end=\"2166\">R\u00e9sistance \u00e0 la rupture : 1500 kg<\/p>\n<\/li>\n<li class=\"\" data-start=\"2167\" data-end=\"2199\">\n<p class=\"\" data-start=\"2169\" data-end=\"2199\">Dimensions (LxPxH) : 35 x 40 x 230 mm<\/p>\n<\/li>\n<li class=\"\" data-start=\"2200\" data-end=\"2228\">\n<p class=\"\" data-start=\"2202\" data-end=\"2228\">Type de serrure : Loquet \u00e0 crochet, Serrure \u00e0 p\u00eane<\/p>\n<\/li>\n<li class=\"\" data-start=\"2229\" data-end=\"2276\">\n<p class=\"\" data-start=\"2231\" data-end=\"2276\">Contact du piston : Microrupteur, max. 30 V CC \/ 1 A<\/p>\n<\/li>\n<li class=\"\" data-start=\"2277\" data-end=\"2305\">\n<p class=\"\" data-start=\"2279\" data-end=\"2305\">Couleur\/Finition : Acier inoxydable<\/p>\n<\/li>\n<li class=\"\" data-start=\"2306\" data-end=\"2345\">\n<p class=\"\" data-start=\"2308\" data-end=\"2345\">\u00c9valuations\u00a0: SundaHus, \u00e9valuation des mat\u00e9riaux de construction<\/p>\n<\/li>\n<\/ul>","protected":false},"excerpt":{"rendered":"<p>Vous pouvez voir ici quels poteaux et mod\u00e8les s&#039;adaptent ensemble \u00e0 partir de la gamme STEP de but\u00e9es de porte \u00e9lectriques.<\/p>\n<h5><strong><a href=\"https:\/\/steplock.com\/sv\/stolpguide\/#!?lang=sv&amp;blog_id=1&amp;paged=1&amp;number=50\" target=\"_blank\" rel=\"noopener\">Guide de publication STEP\u00a0<\/a><\/strong><\/h5>\n<h5><strong><a href=\"https:\/\/steplock.com\/sv\/projekteringsguide\/#!?lang=sv&amp;blog_id=1&amp;paged=1&amp;number=999\" target=\"_blank\" rel=\"noopener\">Guide de conception STEP<\/a><\/strong><\/h5>","protected":false},"featured_media":147379,"template":"","meta":{"_acf_changed":false},"product_brand":[],"product_cat":[3355],"product_tag":[4197,4200],"class_list":{"0":"post-147383","1":"product","2":"type-product","3":"status-publish","4":"has-post-thumbnail","6":"product_cat-elslutbleck","7":"product_tag-24v","8":"product_tag-rattvand","9":"product_shipping_class-tunga-paket","10":"pa_brands-step","11":"tm-no-options","13":"first","14":"instock","15":"sale","16":"taxable","17":"shipping-taxable","18":"purchasable","19":"product-type-simple"},"acf":[],"_links":{"self":[{"href":"https:\/\/secureus.se\/fr\/wp-json\/wp\/v2\/product\/147383","targetHints":{"allow":["GET"]}}],"collection":[{"href":"https:\/\/secureus.se\/fr\/wp-json\/wp\/v2\/product"}],"about":[{"href":"https:\/\/secureus.se\/fr\/wp-json\/wp\/v2\/types\/product"}],"wp:featuredmedia":[{"embeddable":true,"href":"https:\/\/secureus.se\/fr\/wp-json\/wp\/v2\/media\/147379"}],"wp:attachment":[{"href":"https:\/\/secureus.se\/fr\/wp-json\/wp\/v2\/media?parent=147383"}],"wp:term":[{"taxonomy":"product_brand","embeddable":true,"href":"https:\/\/secureus.se\/fr\/wp-json\/wp\/v2\/product_brand?post=147383"},{"taxonomy":"product_cat","embeddable":true,"href":"https:\/\/secureus.se\/fr\/wp-json\/wp\/v2\/product_cat?post=147383"},{"taxonomy":"product_tag","embeddable":true,"href":"https:\/\/secureus.se\/fr\/wp-json\/wp\/v2\/product_tag?post=147383"}],"curies":[{"name":"wp","href":"https:\/\/api.w.org\/{rel}","templated":true}]}}