{"id":147392,"date":"2023-09-26T13:10:08","date_gmt":"2023-09-26T11:10:08","guid":{"rendered":"https:\/\/secureus.se\/elslutbleck-step-28e-vanster-rattvand-24v-9mm-regel\/"},"modified":"2026-04-23T12:33:16","modified_gmt":"2026-04-23T10:33:16","slug":"elslutbleck-step-28e-vanster-rattvand-24v-9mm-regel","status":"publish","type":"product","link":"https:\/\/secureus.se\/fr\/elslutbleck-step-28e-vanster-rattvand-24v-9mm-regel\/","title":{"rendered":"G\u00e2che \u00e9lectrique STEP 28E Gauche Droite 24V R\u00e8gle 9mm"},"content":{"rendered":"<h1>G\u00e2che \u00e9lectrique STEP 28E Gauche Droite 24V R\u00e8gle 9mm<\/h1>\n<p>STEP 28E Secure est une g\u00e2che \u00e9lectrique coupe-feu avec fonction droite pour portes \u00e0 ouverture \u00e0 gauche. Adapt\u00e9 aux serrures \u00e0 p\u00eane de 9 mm de la s\u00e9rie Connect, avec une r\u00e9sistance \u00e0 la rupture \u00e9lev\u00e9e et un contact avec le piston. C\u00e2ble de 5 m inclus.<\/p>\n<p>La g\u00e2che \u00e9lectrique STEP 28E Secure est une g\u00e2che \u00e9lectrique qui combine s\u00e9curit\u00e9, fonction d&#039;\u00e9vacuation et classification incendie avec prise en charge de l&#039;automatisation des portes.<\/p>\n<p>Ce mod\u00e8le est con\u00e7u pour \u00eatre utilis\u00e9 avec les serrures \u00e0 p\u00eane de la s\u00e9rie Connect avec piston de 9 mm et est souvent install\u00e9 dans des environnements de porte o\u00f9 les exigences de r\u00e9sistance au feu selon E\/EI60 doivent \u00eatre combin\u00e9es avec un passage rapide, par exemple. par des serrures d&#039;\u00e9vacuation d&#039;urgence selon SS-EN 179.<\/p>\n<p class=\"\" data-start=\"911\" data-end=\"1279\">Avec la fonction droite, la g\u00e2che \u00e9lectrique est verrouill\u00e9e en position hors tension et convient particuli\u00e8rement aux portes qui doivent rester ferm\u00e9es en cas de panne de courant.<\/p>\n<p class=\"\" data-start=\"911\" data-end=\"1279\">Le contact \u00e0 piston et le contact \u00e0 loquet permettent de surveiller l&#039;\u00e9tat de la porte pour l&#039;int\u00e9gration dans les syst\u00e8mes de contr\u00f4le d&#039;acc\u00e8s et les syst\u00e8mes d&#039;alarme. Il pr\u00e9sente \u00e9galement une r\u00e9sistance \u00e0 la rupture \u00e9lev\u00e9e de plus de 15 kN (1 500 kg) et peut supporter une pression de bande allant jusqu&#039;\u00e0 500 kg.<\/p>\n<p class=\"\" data-start=\"1281\" data-end=\"1507\">STEP 28E Secure est inviolable, dispose d&#039;une diode de protection int\u00e9gr\u00e9e et est fourni avec un c\u00e2ble de connexion sans halog\u00e8ne de 5 m\u00e8tres.<\/p>\n<p class=\"\" data-start=\"1281\" data-end=\"1507\">Il s&#039;adapte aux portes suspendues \u00e0 gauche et offre une solution robuste pour les environnements de portes avec un profil de s\u00e9curit\u00e9 \u00e9lev\u00e9.<\/p>\n<p class=\"\" data-start=\"1509\" data-end=\"1535\"><strong data-start=\"1509\" data-end=\"1535\">Caract\u00e9ristiques et avantages :<\/strong><\/p>\n<ul data-start=\"1536\" data-end=\"1856\">\n<li class=\"\" data-start=\"1536\" data-end=\"1588\">\n<p class=\"\" data-start=\"1538\" data-end=\"1588\">Adapt\u00e9 aux serrures \u00e0 p\u00eane (piston de 9 mm) de la s\u00e9rie Connect<\/p>\n<\/li>\n<li class=\"\" data-start=\"1589\" data-end=\"1632\">\n<p class=\"\" data-start=\"1591\" data-end=\"1632\">Fonctionnement correct \u2013 verrouill\u00e9 en position hors tension<\/p>\n<\/li>\n<li class=\"\" data-start=\"1633\" data-end=\"1659\">\n<p class=\"\" data-start=\"1635\" data-end=\"1659\">Pour portes battantes \u00e0 gauche<\/p>\n<\/li>\n<li class=\"\" data-start=\"1660\" data-end=\"1706\">\n<p class=\"\" data-start=\"1662\" data-end=\"1706\">Contact de piston et de verrouillage pour la surveillance de l&#039;\u00e9tat<\/p>\n<\/li>\n<li class=\"\" data-start=\"1707\" data-end=\"1726\">\n<p class=\"\" data-start=\"1709\" data-end=\"1726\">Classe de feu E\/EI60<\/p>\n<\/li>\n<li class=\"\" data-start=\"1727\" data-end=\"1755\">\n<p class=\"\" data-start=\"1729\" data-end=\"1755\">R\u00e9sistance \u00e0 la rupture sup\u00e9rieure \u00e0 15 kN<\/p>\n<\/li>\n<li class=\"\" data-start=\"1756\" data-end=\"1790\">\n<p class=\"\" data-start=\"1758\" data-end=\"1790\">R\u00e9siste \u00e0 une pression de moulage jusqu&#039;\u00e0 500 kg<\/p>\n<\/li>\n<li class=\"\" data-start=\"1791\" data-end=\"1823\">\n<p class=\"\" data-start=\"1793\" data-end=\"1823\">Antichoc et avec diode de protection<\/p>\n<\/li>\n<li class=\"\" data-start=\"1824\" data-end=\"1856\">\n<p class=\"\" data-start=\"1826\" data-end=\"1856\">C\u00e2ble sans halog\u00e8ne de 5 m\u00e8tres inclus<\/p>\n<\/li>\n<\/ul>\n<p class=\"\" data-start=\"1858\" data-end=\"2044\"><strong data-start=\"1858\" data-end=\"1881\">Domaines d&#039;utilisation :<\/strong><br data-start=\"1881\" data-end=\"1884\" \/>Id\u00e9al pour les environnements de porte o\u00f9 la r\u00e9sistance au feu, l&#039;\u00e9vacuation et la s\u00e9curit\u00e9 doivent \u00eatre combin\u00e9es avec l&#039;automatisation des portes, par exemple. dans les b\u00e2timents publics, les h\u00f4pitaux, les \u00e9coles et les autorit\u00e9s.<\/p>\n<p class=\"\" data-start=\"2046\" data-end=\"2075\"><strong data-start=\"2046\" data-end=\"2075\">Sp\u00e9cifications techniques\u00a0:<\/strong><\/p>\n<ul data-start=\"2076\" data-end=\"2422\">\n<li class=\"\" data-start=\"2076\" data-end=\"2114\">\n<p class=\"\" data-start=\"2078\" data-end=\"2114\">Tension de fonctionnement : 24 V CC (21,6-27,6 V)<\/p>\n<\/li>\n<li class=\"\" data-start=\"2115\" data-end=\"2147\">\n<p class=\"\" data-start=\"2117\" data-end=\"2147\">Consommation \u00e9lectrique : 500 mA d\u00e9verrouill\u00e9<\/p>\n<\/li>\n<li class=\"\" data-start=\"2148\" data-end=\"2171\">\n<p class=\"\" data-start=\"2150\" data-end=\"2171\">Charni\u00e8re de porte : gauche<\/p>\n<\/li>\n<li class=\"\" data-start=\"2172\" data-end=\"2193\">\n<p class=\"\" data-start=\"2174\" data-end=\"2193\">Longueur du c\u00e2ble : 5 m\u00e8tres<\/p>\n<\/li>\n<li class=\"\" data-start=\"2194\" data-end=\"2220\">\n<p class=\"\" data-start=\"2196\" data-end=\"2220\">R\u00e9sistance \u00e0 la rupture : 1500 kg<\/p>\n<\/li>\n<li class=\"\" data-start=\"2221\" data-end=\"2240\">\n<p class=\"\" data-start=\"2223\" data-end=\"2240\">Pression nominale : 500 kg<\/p>\n<\/li>\n<li class=\"\" data-start=\"2241\" data-end=\"2273\">\n<p class=\"\" data-start=\"2243\" data-end=\"2273\">Dimensions (LxPxH) : 35 x 40 x 230 mm<\/p>\n<\/li>\n<li class=\"\" data-start=\"2274\" data-end=\"2305\">\n<p class=\"\" data-start=\"2276\" data-end=\"2305\">Type de serrure : Serrure \u00e0 crochet, Serrure \u00e0 loquet<\/p>\n<\/li>\n<li class=\"\" data-start=\"2306\" data-end=\"2353\">\n<p class=\"\" data-start=\"2308\" data-end=\"2353\">Contact du piston : Microrupteur, max. 30 V CC \/ 1 A<\/p>\n<\/li>\n<li class=\"\" data-start=\"2354\" data-end=\"2382\">\n<p class=\"\" data-start=\"2356\" data-end=\"2382\">Couleur\/Finition : Acier inoxydable<\/p>\n<\/li>\n<li class=\"\" data-start=\"2383\" data-end=\"2422\">\n<p class=\"\" data-start=\"2385\" data-end=\"2422\">\u00c9valuations\u00a0: SundaHus, \u00e9valuation des mat\u00e9riaux de construction<\/p>\n<\/li>\n<\/ul>","protected":false},"excerpt":{"rendered":"<p>Vous pouvez voir ici quels poteaux et mod\u00e8les s&#039;adaptent ensemble \u00e0 partir de la gamme STEP de but\u00e9es de porte \u00e9lectriques.<\/p>\n<h5><strong><a href=\"https:\/\/steplock.com\/sv\/stolpguide\/#!?lang=sv&amp;blog_id=1&amp;paged=1&amp;number=50\" target=\"_blank\" rel=\"noopener\">Guide de publication STEP\u00a0<\/a><\/strong><\/h5>\n<h5><strong><a href=\"https:\/\/steplock.com\/sv\/projekteringsguide\/#!?lang=sv&amp;blog_id=1&amp;paged=1&amp;number=999\" target=\"_blank\" rel=\"noopener\">Guide de conception STEP<\/a><\/strong><\/h5>","protected":false},"featured_media":147388,"template":"","meta":{"_acf_changed":false},"product_brand":[],"product_cat":[3355],"product_tag":[4197,4200],"class_list":{"0":"post-147392","1":"product","2":"type-product","3":"status-publish","4":"has-post-thumbnail","6":"product_cat-elslutbleck","7":"product_tag-24v","8":"product_tag-rattvand","9":"product_shipping_class-tunga-paket","10":"pa_brands-step","11":"tm-no-options","13":"first","14":"instock","15":"sale","16":"taxable","17":"shipping-taxable","18":"purchasable","19":"product-type-simple"},"acf":[],"_links":{"self":[{"href":"https:\/\/secureus.se\/fr\/wp-json\/wp\/v2\/product\/147392","targetHints":{"allow":["GET"]}}],"collection":[{"href":"https:\/\/secureus.se\/fr\/wp-json\/wp\/v2\/product"}],"about":[{"href":"https:\/\/secureus.se\/fr\/wp-json\/wp\/v2\/types\/product"}],"wp:featuredmedia":[{"embeddable":true,"href":"https:\/\/secureus.se\/fr\/wp-json\/wp\/v2\/media\/147388"}],"wp:attachment":[{"href":"https:\/\/secureus.se\/fr\/wp-json\/wp\/v2\/media?parent=147392"}],"wp:term":[{"taxonomy":"product_brand","embeddable":true,"href":"https:\/\/secureus.se\/fr\/wp-json\/wp\/v2\/product_brand?post=147392"},{"taxonomy":"product_cat","embeddable":true,"href":"https:\/\/secureus.se\/fr\/wp-json\/wp\/v2\/product_cat?post=147392"},{"taxonomy":"product_tag","embeddable":true,"href":"https:\/\/secureus.se\/fr\/wp-json\/wp\/v2\/product_tag?post=147392"}],"curies":[{"name":"wp","href":"https:\/\/api.w.org\/{rel}","templated":true}]}}