{"id":147397,"date":"2023-09-26T13:10:06","date_gmt":"2023-09-26T11:10:06","guid":{"rendered":"https:\/\/secureus.se\/elslutbleck-step-28e-hoger-rattvand-24v-9mm-regel\/"},"modified":"2026-04-08T16:03:05","modified_gmt":"2026-04-08T14:03:05","slug":"elslutbleck-step-28e-hoger-rattvand-24v-9mm-regel","status":"publish","type":"product","link":"https:\/\/secureus.se\/fr\/elslutbleck-step-28e-hoger-rattvand-24v-9mm-regel\/","title":{"rendered":"G\u00e2che \u00e9lectrique STEP 28E Droite Droite 24V R\u00e8gle 9mm"},"content":{"rendered":"<h1>G\u00e2che \u00e9lectrique STEP 28E Droite Droite 24V R\u00e8gle 9mm<\/h1>\n<p>STEP 28E Secure est une g\u00e2che \u00e9lectrique coupe-feu avec fonction orient\u00e9e vers la droite, contact \u00e0 piston et c\u00e2ble de 5 m. Adapt\u00e9 aux portes \u00e0 ouverture \u00e0 droite avec serrures \u00e0 p\u00eane de 9 mm de la s\u00e9rie Connect et r\u00e9pond aux exigences \u00e9lev\u00e9es de s\u00e9curit\u00e9 et d&#039;\u00e9vacuation.<\/p>\n<p>La g\u00e2che \u00e9lectrique STEP 28E Secure est une g\u00e2che \u00e9lectrique robuste qui permet de combiner le verrouillage s\u00e9curis\u00e9, les exigences incendie et l&#039;\u00e9vacuation avec l&#039;automatisation des portes.<\/p>\n<p class=\"\" data-start=\"425\" data-end=\"914\">Ce mod\u00e8le est destin\u00e9 aux portes \u00e0 ouverture \u00e0 droite et est utilis\u00e9 avec une serrure \u00e0 p\u00eane dormant ou une serrure \u00e0 p\u00eane dormant avec un p\u00eane de 9 mm de la s\u00e9rie Connect, qui offre une s\u00e9curit\u00e9 anti-intrusion \u00e9lev\u00e9e sans compromettre la fonctionnalit\u00e9 d&#039;\u00e9vacuation.<\/p>\n<p class=\"\" data-start=\"916\" data-end=\"1248\">Gr\u00e2ce \u00e0 sa fonction orient\u00e9e vers l&#039;avant \u2013 c&#039;est-\u00e0-dire que la g\u00e2che \u00e9lectrique est verrouill\u00e9e en position hors tension \u2013 STEP 28E r\u00e9pond aux exigences de s\u00e9curit\u00e9 dans les environnements critiques.<\/p>\n<p class=\"\" data-start=\"916\" data-end=\"1248\">Il est class\u00e9 au feu jusqu&#039;\u00e0 E\/EI60 et se trouve g\u00e9n\u00e9ralement dans les environnements de portes o\u00f9 des serrures d&#039;\u00e9vacuation d&#039;urgence conformes \u00e0 la norme SS-EN 179 sont utilis\u00e9es, par exemple dans les \u00e9coles, les \u00e9tablissements de sant\u00e9 et les b\u00e2timents publics.<\/p>\n<p class=\"\" data-start=\"1250\" data-end=\"1624\">La g\u00e2che \u00e9lectrique est dot\u00e9e d&#039;un contact \u00e0 piston int\u00e9gr\u00e9 et d&#039;un contact de verrouillage qui assure une surveillance claire de l&#039;\u00e9tat et permet l&#039;int\u00e9gration avec des syst\u00e8mes de contr\u00f4le d&#039;acc\u00e8s ou des alarmes.<\/p>\n<p class=\"\" data-start=\"1250\" data-end=\"1624\">Avec une r\u00e9sistance \u00e0 la rupture de plus de 15 kN et une capacit\u00e9 d&#039;ouverture malgr\u00e9 une pression de bande allant jusqu&#039;\u00e0 500 kg, STEP 28E est une solution solide et fiable. Le produit est inviolable, dispose d&#039;une diode de protection et est fourni avec un c\u00e2ble sans halog\u00e8ne de 5 m\u00e8tres.<\/p>\n<p class=\"\" data-start=\"1626\" data-end=\"1652\"><strong data-start=\"1626\" data-end=\"1652\">Caract\u00e9ristiques et avantages :<\/strong><\/p>\n<ul data-start=\"1653\" data-end=\"1956\">\n<li class=\"\" data-start=\"1653\" data-end=\"1690\">\n<p class=\"\" data-start=\"1655\" data-end=\"1690\">Fonctionnement correct \u2013 verrouill\u00e9 sans alimentation<\/p>\n<\/li>\n<li class=\"\" data-start=\"1691\" data-end=\"1733\">\n<p class=\"\" data-start=\"1693\" data-end=\"1733\">Pour portes \u00e0 ouverture \u00e0 droite avec serrure \u00e0 p\u00eane de 9 mm<\/p>\n<\/li>\n<li class=\"\" data-start=\"1734\" data-end=\"1779\">\n<p class=\"\" data-start=\"1736\" data-end=\"1779\">R\u00e9sistance au feu E\/EI60 selon SS-EN 14846:2008<\/p>\n<\/li>\n<li class=\"\" data-start=\"1780\" data-end=\"1826\">\n<p class=\"\" data-start=\"1782\" data-end=\"1826\">Contact de piston et de verrouillage pour la surveillance de l&#039;\u00e9tat<\/p>\n<\/li>\n<li class=\"\" data-start=\"1827\" data-end=\"1883\">\n<p class=\"\" data-start=\"1829\" data-end=\"1883\">R\u00e9siste \u00e0 une pression de bande de 500 kg et \u00e0 une r\u00e9sistance \u00e0 la rupture de plus de 15 kN<\/p>\n<\/li>\n<li class=\"\" data-start=\"1884\" data-end=\"1915\">\n<p class=\"\" data-start=\"1886\" data-end=\"1915\">Antichoc, diode de protection incluse<\/p>\n<\/li>\n<li class=\"\" data-start=\"1916\" data-end=\"1956\">\n<p class=\"\" data-start=\"1918\" data-end=\"1956\">Livr\u00e9 avec un c\u00e2ble sans halog\u00e8ne de 5 m\u00e8tres<\/p>\n<\/li>\n<\/ul>\n<p class=\"\" data-start=\"1958\" data-end=\"2148\"><strong data-start=\"1958\" data-end=\"1981\">Domaines d&#039;utilisation :<\/strong><br data-start=\"1981\" data-end=\"1984\" \/>Id\u00e9al pour les portes int\u00e9rieures de s\u00e9curit\u00e9 dans les environnements o\u00f9 les exigences en mati\u00e8re d&#039;\u00e9vacuation, de r\u00e9sistance au feu et de syst\u00e8mes de contr\u00f4le d&#039;acc\u00e8s interagissent, par exemple \u00e9coles, bureaux et b\u00e2timents publics.<\/p>\n<p class=\"\" data-start=\"2150\" data-end=\"2179\"><strong data-start=\"2150\" data-end=\"2179\">Sp\u00e9cifications techniques\u00a0:<\/strong><\/p>\n<ul data-start=\"2180\" data-end=\"2524\">\n<li class=\"\" data-start=\"2180\" data-end=\"2218\">\n<p class=\"\" data-start=\"2182\" data-end=\"2218\">Tension de fonctionnement : 24 V CC (21,6-27,6 V)<\/p>\n<\/li>\n<li class=\"\" data-start=\"2219\" data-end=\"2251\">\n<p class=\"\" data-start=\"2221\" data-end=\"2251\">Consommation \u00e9lectrique : 500 mA d\u00e9verrouill\u00e9<\/p>\n<\/li>\n<li class=\"\" data-start=\"2252\" data-end=\"2273\">\n<p class=\"\" data-start=\"2254\" data-end=\"2273\">Charni\u00e8re de porte : droite<\/p>\n<\/li>\n<li class=\"\" data-start=\"2274\" data-end=\"2295\">\n<p class=\"\" data-start=\"2276\" data-end=\"2295\">Longueur du c\u00e2ble : 5 m\u00e8tres<\/p>\n<\/li>\n<li class=\"\" data-start=\"2296\" data-end=\"2322\">\n<p class=\"\" data-start=\"2298\" data-end=\"2322\">R\u00e9sistance \u00e0 la rupture : 1500 kg<\/p>\n<\/li>\n<li class=\"\" data-start=\"2323\" data-end=\"2342\">\n<p class=\"\" data-start=\"2325\" data-end=\"2342\">Pression nominale : 500 kg<\/p>\n<\/li>\n<li class=\"\" data-start=\"2343\" data-end=\"2375\">\n<p class=\"\" data-start=\"2345\" data-end=\"2375\">Dimensions (LxPxH) : 35 x 40 x 230 mm<\/p>\n<\/li>\n<li class=\"\" data-start=\"2376\" data-end=\"2407\">\n<p class=\"\" data-start=\"2378\" data-end=\"2407\">Type de serrure : Serrure \u00e0 crochet, Serrure \u00e0 loquet<\/p>\n<\/li>\n<li class=\"\" data-start=\"2408\" data-end=\"2455\">\n<p class=\"\" data-start=\"2410\" data-end=\"2455\">Contact du piston : Microrupteur, max. 30 V CC \/ 1 A<\/p>\n<\/li>\n<li class=\"\" data-start=\"2456\" data-end=\"2484\">\n<p class=\"\" data-start=\"2458\" data-end=\"2484\">Couleur\/Finition : Acier inoxydable<\/p>\n<\/li>\n<li class=\"\" data-start=\"2485\" data-end=\"2524\">\n<p class=\"\" data-start=\"2487\" data-end=\"2524\">\u00c9valuations\u00a0: SundaHus, \u00e9valuation des mat\u00e9riaux de construction<\/p>\n<\/li>\n<\/ul>","protected":false},"excerpt":{"rendered":"<p>Vous pouvez voir ici quels poteaux et mod\u00e8les s&#039;adaptent ensemble \u00e0 partir de la gamme STEP de but\u00e9es de porte \u00e9lectriques.<\/p>\n<h5><strong><a href=\"https:\/\/steplock.com\/sv\/stolpguide\/#!?lang=sv&amp;blog_id=1&amp;paged=1&amp;number=50\" target=\"_blank\" rel=\"noopener\">Guide de publication STEP\u00a0<\/a><\/strong><\/h5>\n<h5><strong><a href=\"https:\/\/steplock.com\/sv\/projekteringsguide\/#!?lang=sv&amp;blog_id=1&amp;paged=1&amp;number=999\" target=\"_blank\" rel=\"noopener\">Guide de conception STEP<\/a><\/strong><\/h5>","protected":false},"featured_media":147393,"template":"","meta":{"_acf_changed":false},"product_brand":[],"product_cat":[3355],"product_tag":[4197,4200],"class_list":{"0":"post-147397","1":"product","2":"type-product","3":"status-publish","4":"has-post-thumbnail","6":"product_cat-elslutbleck","7":"product_tag-24v","8":"product_tag-rattvand","9":"product_shipping_class-tunga-paket","10":"pa_brands-step","11":"tm-no-options","13":"first","14":"instock","15":"sale","16":"taxable","17":"shipping-taxable","18":"purchasable","19":"product-type-simple"},"acf":[],"_links":{"self":[{"href":"https:\/\/secureus.se\/fr\/wp-json\/wp\/v2\/product\/147397","targetHints":{"allow":["GET"]}}],"collection":[{"href":"https:\/\/secureus.se\/fr\/wp-json\/wp\/v2\/product"}],"about":[{"href":"https:\/\/secureus.se\/fr\/wp-json\/wp\/v2\/types\/product"}],"wp:featuredmedia":[{"embeddable":true,"href":"https:\/\/secureus.se\/fr\/wp-json\/wp\/v2\/media\/147393"}],"wp:attachment":[{"href":"https:\/\/secureus.se\/fr\/wp-json\/wp\/v2\/media?parent=147397"}],"wp:term":[{"taxonomy":"product_brand","embeddable":true,"href":"https:\/\/secureus.se\/fr\/wp-json\/wp\/v2\/product_brand?post=147397"},{"taxonomy":"product_cat","embeddable":true,"href":"https:\/\/secureus.se\/fr\/wp-json\/wp\/v2\/product_cat?post=147397"},{"taxonomy":"product_tag","embeddable":true,"href":"https:\/\/secureus.se\/fr\/wp-json\/wp\/v2\/product_tag?post=147397"}],"curies":[{"name":"wp","href":"https:\/\/api.w.org\/{rel}","templated":true}]}}