{"id":147404,"date":"2023-09-26T13:10:01","date_gmt":"2023-09-26T11:10:01","guid":{"rendered":"https:\/\/secureus.se\/elslutbleck-step-40-rattvand-12v\/"},"modified":"2026-03-26T09:46:00","modified_gmt":"2026-03-26T08:46:00","slug":"elslutbleck-step-40-rattvand-12v","status":"publish","type":"product","link":"https:\/\/secureus.se\/fr\/elslutbleck-step-40-rattvand-12v\/","title":{"rendered":"G\u00e2che \u00e9lectrique STEP 40 Droite 12V"},"content":{"rendered":"<h1>G\u00e2che \u00e9lectrique STEP 40 Droite 12V<\/h1>\n<p>STEP 40 Preload est une g\u00e2che \u00e9lectrique compacte avec fonction orient\u00e9e vers l&#039;avant et tension de fonctionnement de 12 V. Gr\u00e2ce \u00e0 la technologie HPR et \u00e0 sa r\u00e9sistance \u00e0 la rupture \u00e9lev\u00e9e, c&#039;est un choix fiable pour le verrouillage quotidien des portes fr\u00e9quemment utilis\u00e9es.<\/p>\n<p>La g\u00e2che \u00e9lectrique STEP 40 Preload est une g\u00e2che \u00e9lectrique de la s\u00e9rie Preload de STEP - une s\u00e9rie con\u00e7ue pour combiner un format compact avec une fiabilit\u00e9 et une qualit\u00e9 de fonctionnement \u00e9lev\u00e9es.<\/p>\n<p>Avec la fonction droite (verrouillage en cas de panne de courant), STEP 40 convient aux portes n\u00e9cessitant un verrouillage de jour s\u00e9curis\u00e9.<\/p>\n<p class=\"\" data-start=\"763\" data-end=\"1143\">Cette g\u00e2che \u00e9lectrique est \u00e9quip\u00e9e de la technologie brevet\u00e9e HPR\u00ae, qui permet le d\u00e9verrouillage m\u00eame lorsque la porte est soumise \u00e0 une pression de bande allant jusqu&#039;\u00e0 250 kg, garantissant un fonctionnement fiable m\u00eame dans des environnements sous pression.<\/p>\n<p class=\"\" data-start=\"763\" data-end=\"1143\">Avec une r\u00e9sistance \u00e0 la rupture de 1200 kg et une dur\u00e9e de vie de 1,5 million de cycles, STEP 40 est con\u00e7u pour r\u00e9sister \u00e0 une utilisation tr\u00e8s fr\u00e9quente sur une longue p\u00e9riode.<\/p>\n<p class=\"\" data-start=\"1145\" data-end=\"1466\">STEP 40 est r\u00e9versible pour les portes droites et gauches et s&#039;adapte aux bo\u00eetiers de serrure pour serrures \u00e0 simple et double p\u00eane. Il a une conception compacte de seulement 90 mm de hauteur et des trous de vis sur le bord arri\u00e8re pour un montage en angle.<\/p>\n<p class=\"\" data-start=\"1145\" data-end=\"1466\">De plus, il est inviolable et dispose d&#039;une diode de protection int\u00e9gr\u00e9e, qui assure une s\u00e9curit\u00e9 \u00e0 la fois physique et \u00e9lectronique.<\/p>\n<p class=\"\" data-start=\"1468\" data-end=\"1494\"><strong data-start=\"1468\" data-end=\"1494\">Caract\u00e9ristiques et avantages :<\/strong><\/p>\n<ul data-start=\"1495\" data-end=\"1768\">\n<li class=\"\" data-start=\"1495\" data-end=\"1532\">\n<p class=\"\" data-start=\"1497\" data-end=\"1532\">Fonctionnement correct \u2013 verrouill\u00e9 sans alimentation<\/p>\n<\/li>\n<li class=\"\" data-start=\"1533\" data-end=\"1556\">\n<p class=\"\" data-start=\"1535\" data-end=\"1556\">Tension de fonctionnement : 12 V CC<\/p>\n<\/li>\n<li class=\"\" data-start=\"1557\" data-end=\"1605\">\n<p class=\"\" data-start=\"1559\" data-end=\"1605\">Technologie HPR\u00ae \u2013 r\u00e9siste \u00e0 une pression de moulage jusqu&#039;\u00e0 250 kg<\/p>\n<\/li>\n<li class=\"\" data-start=\"1606\" data-end=\"1632\">\n<p class=\"\" data-start=\"1608\" data-end=\"1632\">R\u00e9sistance \u00e0 la rupture : 1200 kg<\/p>\n<\/li>\n<li class=\"\" data-start=\"1633\" data-end=\"1662\">\n<p class=\"\" data-start=\"1635\" data-end=\"1662\">Test\u00e9 pour 1 500 000 cycles<\/p>\n<\/li>\n<li class=\"\" data-start=\"1663\" data-end=\"1691\">\n<p class=\"\" data-start=\"1665\" data-end=\"1691\">Antichoc avec diode de protection<\/p>\n<\/li>\n<li class=\"\" data-start=\"1692\" data-end=\"1735\">\n<p class=\"\" data-start=\"1694\" data-end=\"1735\">R\u00e9versible \u2013 s&#039;adapte aux portes droite et gauche<\/p>\n<\/li>\n<li class=\"\" data-start=\"1736\" data-end=\"1768\">\n<p class=\"\" data-start=\"1738\" data-end=\"1768\">Convient aux serrures \u00e0 un ou deux vantaux<\/p>\n<\/li>\n<\/ul>\n<p class=\"\" data-start=\"1770\" data-end=\"1938\"><strong data-start=\"1770\" data-end=\"1793\">Domaines d&#039;utilisation :<\/strong><br data-start=\"1793\" data-end=\"1796\" \/>Convient aux bureaux, portes de passage, entr\u00e9es d&#039;appartements et autres environnements int\u00e9rieurs o\u00f9 un verrouillage de jour fiable et s\u00e9curis\u00e9 est requis dans un format compact.<\/p>\n<p class=\"\" data-start=\"1940\" data-end=\"1969\"><strong data-start=\"1940\" data-end=\"1969\">Sp\u00e9cifications techniques\u00a0:<\/strong><\/p>\n<ul data-start=\"1970\" data-end=\"2314\">\n<li class=\"\" data-start=\"1970\" data-end=\"2008\">\n<p class=\"\" data-start=\"1972\" data-end=\"2008\">Tension de fonctionnement : 12 V CC (10,8-13,8 V)<\/p>\n<\/li>\n<li class=\"\" data-start=\"2009\" data-end=\"2055\">\n<p class=\"\" data-start=\"2011\" data-end=\"2055\">Consommation de courant : 220 mA (d\u00e9verrouill\u00e9), max 600 mA<\/p>\n<\/li>\n<li class=\"\" data-start=\"2056\" data-end=\"2095\">\n<p class=\"\" data-start=\"2058\" data-end=\"2095\">Charni\u00e8re de porte : Droite\/Gauche (r\u00e9versible)<\/p>\n<\/li>\n<li class=\"\" data-start=\"2096\" data-end=\"2127\">\n<p class=\"\" data-start=\"2098\" data-end=\"2127\">Dimensions (LxPxH) : 25 x 28 x 90 mm<\/p>\n<\/li>\n<li class=\"\" data-start=\"2128\" data-end=\"2154\">\n<p class=\"\" data-start=\"2130\" data-end=\"2154\">R\u00e9sistance \u00e0 la rupture : 1200 kg<\/p>\n<\/li>\n<li class=\"\" data-start=\"2155\" data-end=\"2174\">\n<p class=\"\" data-start=\"2157\" data-end=\"2174\">Pression de la bande : 250 kg<\/p>\n<\/li>\n<li class=\"\" data-start=\"2175\" data-end=\"2193\">\n<p class=\"\" data-start=\"2177\" data-end=\"2193\">Contact piston : Non<\/p>\n<\/li>\n<li class=\"\" data-start=\"2194\" data-end=\"2211\">\n<p class=\"\" data-start=\"2196\" data-end=\"2211\">C\u00e2ble : Non inclus<\/p>\n<\/li>\n<li class=\"\" data-start=\"2212\" data-end=\"2245\">\n<p class=\"\" data-start=\"2214\" data-end=\"2245\">Type de serrure : Serrure \u00e0 p\u00eane simple et double<\/p>\n<\/li>\n<li class=\"\" data-start=\"2246\" data-end=\"2274\">\n<p class=\"\" data-start=\"2248\" data-end=\"2274\">Couleur\/Finition : Acier inoxydable<\/p>\n<\/li>\n<li class=\"\" data-start=\"2275\" data-end=\"2314\">\n<p class=\"\" data-start=\"2277\" data-end=\"2314\">\u00c9valuations\u00a0: SundaHus, \u00e9valuation des mat\u00e9riaux de construction<\/p>\n<\/li>\n<\/ul>","protected":false},"excerpt":{"rendered":"<p>Vous pouvez voir ici quels poteaux et mod\u00e8les s&#039;adaptent ensemble \u00e0 partir de la gamme STEP de but\u00e9es de porte \u00e9lectriques.<\/p>\n<h5><strong><a href=\"https:\/\/steplock.com\/sv\/stolpguide\/#!?lang=sv&amp;blog_id=1&amp;paged=1&amp;number=50\" target=\"_blank\" rel=\"noopener\">Guide de publication STEP\u00a0<\/a><\/strong><\/h5>\n<h5><strong><a href=\"https:\/\/steplock.com\/sv\/projekteringsguide\/#!?lang=sv&amp;blog_id=1&amp;paged=1&amp;number=999\" target=\"_blank\" rel=\"noopener\">Guide de conception STEP<\/a><\/strong><\/h5>","protected":false},"featured_media":147401,"template":"","meta":{"_acf_changed":false},"product_brand":[],"product_cat":[3355],"product_tag":[4198,4200],"class_list":{"0":"post-147404","1":"product","2":"type-product","3":"status-publish","4":"has-post-thumbnail","6":"product_cat-elslutbleck","7":"product_tag-12v","8":"product_tag-rattvand","9":"product_shipping_class-tunga-paket","10":"pa_brands-step","11":"tm-no-options","13":"first","14":"instock","15":"sale","16":"taxable","17":"shipping-taxable","18":"purchasable","19":"product-type-simple"},"acf":[],"_links":{"self":[{"href":"https:\/\/secureus.se\/fr\/wp-json\/wp\/v2\/product\/147404","targetHints":{"allow":["GET"]}}],"collection":[{"href":"https:\/\/secureus.se\/fr\/wp-json\/wp\/v2\/product"}],"about":[{"href":"https:\/\/secureus.se\/fr\/wp-json\/wp\/v2\/types\/product"}],"wp:featuredmedia":[{"embeddable":true,"href":"https:\/\/secureus.se\/fr\/wp-json\/wp\/v2\/media\/147401"}],"wp:attachment":[{"href":"https:\/\/secureus.se\/fr\/wp-json\/wp\/v2\/media?parent=147404"}],"wp:term":[{"taxonomy":"product_brand","embeddable":true,"href":"https:\/\/secureus.se\/fr\/wp-json\/wp\/v2\/product_brand?post=147404"},{"taxonomy":"product_cat","embeddable":true,"href":"https:\/\/secureus.se\/fr\/wp-json\/wp\/v2\/product_cat?post=147404"},{"taxonomy":"product_tag","embeddable":true,"href":"https:\/\/secureus.se\/fr\/wp-json\/wp\/v2\/product_tag?post=147404"}],"curies":[{"name":"wp","href":"https:\/\/api.w.org\/{rel}","templated":true}]}}