{"id":147414,"date":"2023-09-26T13:08:34","date_gmt":"2023-09-26T11:08:34","guid":{"rendered":"https:\/\/secureus.se\/elslutbleck-step-60-rattvand-12v-kolvkontakt-5m-kabel\/"},"modified":"2026-03-26T09:46:09","modified_gmt":"2026-03-26T08:46:09","slug":"elslutbleck-step-60-rattvand-12v-kolvkontakt-5m-kabel","status":"publish","type":"product","link":"https:\/\/secureus.se\/fr\/elslutbleck-step-60-rattvand-12v-kolvkontakt-5m-kabel\/","title":{"rendered":"G\u00e2che \u00e9lectrique STEP 60 Coud\u00e9e 12V Contact \u00e0 piston C\u00e2ble 5m"},"content":{"rendered":"<h1>G\u00e2che \u00e9lectrique STEP 60 Coud\u00e9e 12V Contact \u00e0 piston C\u00e2ble 5m<\/h1>\n<p>STEP 60 Silent est une g\u00e2che \u00e9lectrique silencieuse avec fonction frontale, fonctionnement 12V, contact \u00e0 piston et c\u00e2ble sans halog\u00e8ne de 5 m. Id\u00e9al pour les portes \u00e0 haute fr\u00e9quence d&#039;utilisation o\u00f9 l&#039;isolation acoustique et la s\u00e9curit\u00e9 sont cruciales.<\/p>\n<p>La g\u00e2che \u00e9lectrique STEP 60 Silent allie une construction robuste \u00e0 un fonctionnement fluide et silencieux, parfaite pour les environnements o\u00f9 la s\u00e9curit\u00e9 et le confort sont essentiels.<\/p>\n<p>La g\u00e2che \u00e9lectrique fait partie de la s\u00e9rie Silent de STEP, caract\u00e9ris\u00e9e par une technologie brevet\u00e9e pour une ouverture et une fermeture presque silencieuses.<\/p>\n<p class=\"\" data-start=\"840\" data-end=\"1274\">Avec sa fonction \u00e0 droite \u2013 verrouill\u00e9e en position hors tension \u2013 et une tension de fonctionnement de 12 V CC, STEP 60 est particuli\u00e8rement adapt\u00e9 aux portes o\u00f9 une fermeture s\u00fbre, m\u00eame en cas de panne de courant, est essentielle.<\/p>\n<p class=\"\" data-start=\"840\" data-end=\"1274\">Il est class\u00e9 au feu jusqu&#039;\u00e0 E\/EI120 selon SS-EN 14846:2008 et peut \u00eatre ouvert malgr\u00e9 une pression de bande allant jusqu&#039;\u00e0 100 kg. Avec une r\u00e9sistance \u00e0 la rupture de 16 kN (1600 kg), la g\u00e2che \u00e9lectrique est con\u00e7ue pour les environnements \u00e0 haut niveau de s\u00e9curit\u00e9 et d&#039;utilisation quotidienne.<\/p>\n<p class=\"\" data-start=\"1276\" data-end=\"1541\">Le produit dispose d&#039;un piston int\u00e9gr\u00e9 et d&#039;un contact de verrouillage qui fournit une surveillance compl\u00e8te de l&#039;\u00e9tat (ouvert\/ferm\u00e9, verrouill\u00e9\/d\u00e9verrouill\u00e9) - id\u00e9al pour l&#039;int\u00e9gration avec les alarmes et les syst\u00e8mes de contr\u00f4le d&#039;acc\u00e8s.<\/p>\n<p class=\"\" data-start=\"1276\" data-end=\"1541\">Il est \u00e9galement inviolable, dispose d&#039;une diode de protection int\u00e9gr\u00e9e et est livr\u00e9 avec un c\u00e2ble sans halog\u00e8ne de 5 m\u00e8tres.<\/p>\n<p class=\"\" data-start=\"1543\" data-end=\"1569\"><strong data-start=\"1543\" data-end=\"1569\">Caract\u00e9ristiques et avantages :<\/strong><\/p>\n<ul data-start=\"1570\" data-end=\"1879\">\n<li class=\"\" data-start=\"1570\" data-end=\"1607\">\n<p class=\"\" data-start=\"1572\" data-end=\"1607\">Fonctionnement correct \u2013 verrouill\u00e9 sans alimentation<\/p>\n<\/li>\n<li class=\"\" data-start=\"1608\" data-end=\"1646\">\n<p class=\"\" data-start=\"1610\" data-end=\"1646\">Fonctionnement silencieux et fluide gr\u00e2ce \u00e0 la technologie Silent<\/p>\n<\/li>\n<li class=\"\" data-start=\"1647\" data-end=\"1661\">\n<p class=\"\" data-start=\"1649\" data-end=\"1661\">Fonctionnement 12 V CC<\/p>\n<\/li>\n<li class=\"\" data-start=\"1662\" data-end=\"1708\">\n<p class=\"\" data-start=\"1664\" data-end=\"1708\">Contact de piston et de verrouillage pour la surveillance de l&#039;\u00e9tat<\/p>\n<\/li>\n<li class=\"\" data-start=\"1709\" data-end=\"1734\">\n<p class=\"\" data-start=\"1711\" data-end=\"1734\">R\u00e9siste \u00e0 100 kg de pression de bande<\/p>\n<\/li>\n<li class=\"\" data-start=\"1735\" data-end=\"1758\">\n<p class=\"\" data-start=\"1737\" data-end=\"1758\">R\u00e9sistance \u00e0 la rupture 16 kN<\/p>\n<\/li>\n<li class=\"\" data-start=\"1759\" data-end=\"1781\">\n<p class=\"\" data-start=\"1761\" data-end=\"1781\">R\u00e9sistance au feu E\/EI120<\/p>\n<\/li>\n<li class=\"\" data-start=\"1782\" data-end=\"1811\">\n<p class=\"\" data-start=\"1784\" data-end=\"1811\">Diode de protection et parasurtenseur<\/p>\n<\/li>\n<li class=\"\" data-start=\"1812\" data-end=\"1840\">\n<p class=\"\" data-start=\"1814\" data-end=\"1840\">C\u00e2ble sans halog\u00e8ne de 5 m inclus<\/p>\n<\/li>\n<li class=\"\" data-start=\"1841\" data-end=\"1879\">\n<p class=\"\" data-start=\"1843\" data-end=\"1879\">Convient aux portes droite et gauche<\/p>\n<\/li>\n<\/ul>\n<p class=\"\" data-start=\"1881\" data-end=\"2038\"><strong data-start=\"1881\" data-end=\"1904\">Domaines d&#039;utilisation :<\/strong><br data-start=\"1904\" data-end=\"1907\" \/>Convient aux environnements publics, bureaux, h\u00f4pitaux, \u00e9coles et entr\u00e9es d&#039;appartements o\u00f9 de faibles niveaux de bruit et un fonctionnement s\u00fbr sont importants.<\/p>\n<p class=\"\" data-start=\"2040\" data-end=\"2069\"><strong data-start=\"2040\" data-end=\"2069\">Sp\u00e9cifications techniques\u00a0:<\/strong><\/p>\n<ul data-start=\"2070\" data-end=\"2443\">\n<li class=\"\" data-start=\"2070\" data-end=\"2108\">\n<p class=\"\" data-start=\"2072\" data-end=\"2108\">Tension de fonctionnement : 12 V CC (10,8-13,8 V)<\/p>\n<\/li>\n<li class=\"\" data-start=\"2109\" data-end=\"2153\">\n<p class=\"\" data-start=\"2111\" data-end=\"2153\">Consommation de courant : 242 mA d\u00e9verrouill\u00e9, max 500 mA<\/p>\n<\/li>\n<li class=\"\" data-start=\"2154\" data-end=\"2193\">\n<p class=\"\" data-start=\"2156\" data-end=\"2193\">Charni\u00e8re de porte : Droite\/Gauche (r\u00e9versible)<\/p>\n<\/li>\n<li class=\"\" data-start=\"2194\" data-end=\"2215\">\n<p class=\"\" data-start=\"2196\" data-end=\"2215\">Longueur du c\u00e2ble : 5 m\u00e8tres<\/p>\n<\/li>\n<li class=\"\" data-start=\"2216\" data-end=\"2242\">\n<p class=\"\" data-start=\"2218\" data-end=\"2242\">R\u00e9sistance \u00e0 la rupture : 1600 kg<\/p>\n<\/li>\n<li class=\"\" data-start=\"2243\" data-end=\"2262\">\n<p class=\"\" data-start=\"2245\" data-end=\"2262\">Pression de la bande : 100 kg<\/p>\n<\/li>\n<li class=\"\" data-start=\"2263\" data-end=\"2297\">\n<p class=\"\" data-start=\"2265\" data-end=\"2297\">Dimensions (L x P x H) : 28 x 34 x 149,5 mm<\/p>\n<\/li>\n<li class=\"\" data-start=\"2298\" data-end=\"2340\">\n<p class=\"\" data-start=\"2300\" data-end=\"2340\">Contact \u00e0 piston : Microrupteur, 30 V DC \/ 1 A<\/p>\n<\/li>\n<li class=\"\" data-start=\"2341\" data-end=\"2374\">\n<p class=\"\" data-start=\"2343\" data-end=\"2374\">Type de serrure : Serrure \u00e0 p\u00eane simple et double<\/p>\n<\/li>\n<li class=\"\" data-start=\"2375\" data-end=\"2403\">\n<p class=\"\" data-start=\"2377\" data-end=\"2403\">Couleur\/Finition : Acier inoxydable<\/p>\n<\/li>\n<li class=\"\" data-start=\"2404\" data-end=\"2443\">\n<p class=\"\" data-start=\"2406\" data-end=\"2443\">\u00c9valuations\u00a0: SundaHus, \u00e9valuation des mat\u00e9riaux de construction<\/p>\n<\/li>\n<\/ul>","protected":false},"excerpt":{"rendered":"<p>Vous pouvez voir ici quels poteaux et mod\u00e8les s&#039;adaptent ensemble \u00e0 partir de la gamme STEP de but\u00e9es de porte \u00e9lectriques.<\/p>\n<h5><strong><a href=\"https:\/\/steplock.com\/sv\/stolpguide\/#!?lang=sv&amp;blog_id=1&amp;paged=1&amp;number=50\" target=\"_blank\" rel=\"noopener\">Guide de publication STEP\u00a0<\/a><\/strong><\/h5>\n<h5><strong><a href=\"https:\/\/steplock.com\/sv\/projekteringsguide\/#!?lang=sv&amp;blog_id=1&amp;paged=1&amp;number=999\" target=\"_blank\" rel=\"noopener\">Guide de conception STEP<\/a><\/strong><\/h5>","protected":false},"featured_media":147410,"template":"","meta":{"_acf_changed":false},"product_brand":[],"product_cat":[3355],"product_tag":[4198,4200],"class_list":{"0":"post-147414","1":"product","2":"type-product","3":"status-publish","4":"has-post-thumbnail","6":"product_cat-elslutbleck","7":"product_tag-12v","8":"product_tag-rattvand","9":"product_shipping_class-tunga-paket","10":"pa_brands-step","11":"tm-no-options","13":"first","14":"instock","15":"sale","16":"taxable","17":"shipping-taxable","18":"purchasable","19":"product-type-simple"},"acf":[],"_links":{"self":[{"href":"https:\/\/secureus.se\/fr\/wp-json\/wp\/v2\/product\/147414","targetHints":{"allow":["GET"]}}],"collection":[{"href":"https:\/\/secureus.se\/fr\/wp-json\/wp\/v2\/product"}],"about":[{"href":"https:\/\/secureus.se\/fr\/wp-json\/wp\/v2\/types\/product"}],"wp:featuredmedia":[{"embeddable":true,"href":"https:\/\/secureus.se\/fr\/wp-json\/wp\/v2\/media\/147410"}],"wp:attachment":[{"href":"https:\/\/secureus.se\/fr\/wp-json\/wp\/v2\/media?parent=147414"}],"wp:term":[{"taxonomy":"product_brand","embeddable":true,"href":"https:\/\/secureus.se\/fr\/wp-json\/wp\/v2\/product_brand?post=147414"},{"taxonomy":"product_cat","embeddable":true,"href":"https:\/\/secureus.se\/fr\/wp-json\/wp\/v2\/product_cat?post=147414"},{"taxonomy":"product_tag","embeddable":true,"href":"https:\/\/secureus.se\/fr\/wp-json\/wp\/v2\/product_tag?post=147414"}],"curies":[{"name":"wp","href":"https:\/\/api.w.org\/{rel}","templated":true}]}}