{"id":147425,"date":"2023-09-26T13:08:28","date_gmt":"2023-09-26T11:08:28","guid":{"rendered":"https:\/\/secureus.se\/elslutbleck-step-18-vanster-rattvand-24v-12mm-regel\/"},"modified":"2026-04-08T16:04:01","modified_gmt":"2026-04-08T14:04:01","slug":"elslutbleck-step-18-vanster-rattvand-24v-12mm-regel","status":"publish","type":"product","link":"https:\/\/secureus.se\/fr\/elslutbleck-step-18-vanster-rattvand-24v-12mm-regel\/","title":{"rendered":"G\u00e2che \u00e9lectrique ETAPE 18 Gauche Droite 24V R\u00e8gle 12mm"},"content":{"rendered":"<h1>G\u00e2che \u00e9lectrique ETAPE 18 Gauche Droite 24V R\u00e8gle 12mm<\/h1>\n<p>STEP 18 Secure est une g\u00e2che \u00e9lectrique haute s\u00e9curit\u00e9 avec fonction droite pour portes \u00e0 ouverture \u00e0 gauche. Adapt\u00e9 pour piston de 12 mm de la s\u00e9rie Modul. Class\u00e9 au feu E\/EI60, avec connecteur \u00e0 piston et c\u00e2ble de 5 m\u00e8tres.<\/p>\n<p>La g\u00e2che \u00e9lectrique STEP 18 Secure est une g\u00e2che \u00e9lectrique puissante de la s\u00e9rie Secure de STEP, sp\u00e9cialement d\u00e9velopp\u00e9e pour les environnements de porte o\u00f9 la s\u00e9curit\u00e9, la fiabilit\u00e9 et les ouvertures rapides sont cruciales.<\/p>\n<p>Ce mod\u00e8le est adapt\u00e9 aux serrures \u00e0 p\u00eane avec piston de 12 mm de la s\u00e9rie Modul et s&#039;installe dans les portes \u00e0 ouverture \u00e0 gauche.<\/p>\n<p class=\"\" data-start=\"817\" data-end=\"1104\">Avec la fonction droite, la g\u00e2che \u00e9lectrique est verrouill\u00e9e en position hors tension, ce qui convient aux portes de s\u00e9curit\u00e9 o\u00f9 le passage non autoris\u00e9 doit \u00eatre emp\u00each\u00e9 en cas de panne de courant.<\/p>\n<p class=\"\" data-start=\"817\" data-end=\"1104\">Le produit est class\u00e9 au feu jusqu&#039;\u00e0 E\/EI60 et approuv\u00e9 pour les portes de s\u00e9curit\u00e9 class\u00e9es RC4 selon les normes en vigueur.<\/p>\n<p class=\"\" data-start=\"1106\" data-end=\"1496\">Gr\u00e2ce au contact \u00e0 piston et au contact \u00e0 loquet, une surveillance compl\u00e8te de l&#039;\u00e9tat de la porte (ouverte\/ferm\u00e9e, verrouill\u00e9e\/d\u00e9verrouill\u00e9e) est possible, ce qui rend la g\u00e2che \u00e9lectrique parfaite pour l&#039;int\u00e9gration avec les syst\u00e8mes de contr\u00f4le d&#039;acc\u00e8s et les solutions d&#039;alarme.<\/p>\n<p class=\"\" data-start=\"1106\" data-end=\"1496\">Avec une r\u00e9sistance \u00e0 la rupture de 15 kN (1 500 kg) et une capacit\u00e9 d&#039;ouverture malgr\u00e9 une pression de bande allant jusqu&#039;\u00e0 5 kN (500 kg), STEP 18 est con\u00e7u pour une utilisation intensive dans des environnements \u00e0 haut d\u00e9bit.<\/p>\n<p class=\"\" data-start=\"1498\" data-end=\"1681\">Le produit est livr\u00e9 complet avec un c\u00e2ble de connexion sans halog\u00e8ne de 5 m\u00e8tres, dispose d&#039;une diode de protection int\u00e9gr\u00e9e, est antichoc et optimis\u00e9 pour g\u00e9rer \u00e0 la fois la fonction avant et arri\u00e8re.<\/p>\n<p class=\"\" data-start=\"1683\" data-end=\"1709\"><strong data-start=\"1683\" data-end=\"1709\">Caract\u00e9ristiques et avantages :<\/strong><\/p>\n<ul data-start=\"1710\" data-end=\"2033\">\n<li class=\"\" data-start=\"1710\" data-end=\"1747\">\n<p class=\"\" data-start=\"1712\" data-end=\"1747\">Fonctionnement correct \u2013 verrouill\u00e9 sans alimentation<\/p>\n<\/li>\n<li class=\"\" data-start=\"1748\" data-end=\"1787\">\n<p class=\"\" data-start=\"1750\" data-end=\"1787\">Adapt\u00e9 pour la s\u00e9rie Modul, piston de 12 mm<\/p>\n<\/li>\n<li class=\"\" data-start=\"1788\" data-end=\"1814\">\n<p class=\"\" data-start=\"1790\" data-end=\"1814\">Pour portes battantes \u00e0 gauche<\/p>\n<\/li>\n<li class=\"\" data-start=\"1815\" data-end=\"1852\">\n<p class=\"\" data-start=\"1817\" data-end=\"1852\">Homologu\u00e9 au feu E\/EI60 et RC4<\/p>\n<\/li>\n<li class=\"\" data-start=\"1853\" data-end=\"1899\">\n<p class=\"\" data-start=\"1855\" data-end=\"1899\">Contact de piston et de verrouillage pour la surveillance de l&#039;\u00e9tat<\/p>\n<\/li>\n<li class=\"\" data-start=\"1900\" data-end=\"1923\">\n<p class=\"\" data-start=\"1902\" data-end=\"1923\">R\u00e9sistance \u00e0 la rupture 15 kN<\/p>\n<\/li>\n<li class=\"\" data-start=\"1924\" data-end=\"1958\">\n<p class=\"\" data-start=\"1926\" data-end=\"1958\">R\u00e9siste \u00e0 une pression de moulage jusqu&#039;\u00e0 500 kg<\/p>\n<\/li>\n<li class=\"\" data-start=\"1959\" data-end=\"1992\">\n<p class=\"\" data-start=\"1961\" data-end=\"1992\">Diode de protection int\u00e9gr\u00e9e et antichoc<\/p>\n<\/li>\n<li class=\"\" data-start=\"1993\" data-end=\"2033\">\n<p class=\"\" data-start=\"1995\" data-end=\"2033\">Livr\u00e9 avec un c\u00e2ble sans halog\u00e8ne de 5 m\u00e8tres<\/p>\n<\/li>\n<\/ul>\n<p class=\"\" data-start=\"2035\" data-end=\"2188\"><strong data-start=\"2035\" data-end=\"2058\">Domaines d&#039;utilisation :<\/strong><br data-start=\"2058\" data-end=\"2061\" \/>Convient aux portes de s\u00e9curit\u00e9, aux prisons, aux banques et autres environnements de haute s\u00e9curit\u00e9 o\u00f9 un verrouillage \u00e9lectrique avec une fiabilit\u00e9 op\u00e9rationnelle \u00e9lev\u00e9e est requis.<\/p>\n<p class=\"\" data-start=\"2190\" data-end=\"2219\"><strong data-start=\"2190\" data-end=\"2219\">Sp\u00e9cifications techniques\u00a0:<\/strong><\/p>\n<ul data-start=\"2220\" data-end=\"2566\">\n<li class=\"\" data-start=\"2220\" data-end=\"2258\">\n<p class=\"\" data-start=\"2222\" data-end=\"2258\">Tension de fonctionnement : 24 V CC (21,6-27,6 V)<\/p>\n<\/li>\n<li class=\"\" data-start=\"2259\" data-end=\"2291\">\n<p class=\"\" data-start=\"2261\" data-end=\"2291\">Consommation \u00e9lectrique : 313 mA d\u00e9verrouill\u00e9<\/p>\n<\/li>\n<li class=\"\" data-start=\"2292\" data-end=\"2315\">\n<p class=\"\" data-start=\"2294\" data-end=\"2315\">Charni\u00e8re de porte : gauche<\/p>\n<\/li>\n<li class=\"\" data-start=\"2316\" data-end=\"2337\">\n<p class=\"\" data-start=\"2318\" data-end=\"2337\">Longueur du c\u00e2ble : 5 m\u00e8tres<\/p>\n<\/li>\n<li class=\"\" data-start=\"2338\" data-end=\"2364\">\n<p class=\"\" data-start=\"2340\" data-end=\"2364\">R\u00e9sistance \u00e0 la rupture : 1500 kg<\/p>\n<\/li>\n<li class=\"\" data-start=\"2365\" data-end=\"2384\">\n<p class=\"\" data-start=\"2367\" data-end=\"2384\">Pression nominale : 500 kg<\/p>\n<\/li>\n<li class=\"\" data-start=\"2385\" data-end=\"2417\">\n<p class=\"\" data-start=\"2387\" data-end=\"2417\">Dimensions (LxPxH) : 35 x 40 x 230 mm<\/p>\n<\/li>\n<li class=\"\" data-start=\"2418\" data-end=\"2449\">\n<p class=\"\" data-start=\"2420\" data-end=\"2449\">Type de serrure : Serrure \u00e0 crochet, Serrure \u00e0 loquet<\/p>\n<\/li>\n<li class=\"\" data-start=\"2450\" data-end=\"2497\">\n<p class=\"\" data-start=\"2452\" data-end=\"2497\">Contact du piston : Microrupteur, max. 30 V CC \/ 1 A<\/p>\n<\/li>\n<li class=\"\" data-start=\"2498\" data-end=\"2526\">\n<p class=\"\" data-start=\"2500\" data-end=\"2526\">Couleur\/Finition : Acier inoxydable<\/p>\n<\/li>\n<li class=\"\" data-start=\"2527\" data-end=\"2566\">\n<p class=\"\" data-start=\"2529\" data-end=\"2566\">\u00c9valuations\u00a0: SundaHus, \u00e9valuation des mat\u00e9riaux de construction<\/p>\n<\/li>\n<\/ul>","protected":false},"excerpt":{"rendered":"<p>Vous pouvez voir ici quels poteaux et mod\u00e8les s&#039;adaptent ensemble \u00e0 partir de la gamme STEP de but\u00e9es de porte \u00e9lectriques.<\/p>\n<h5><strong><a href=\"https:\/\/steplock.com\/sv\/stolpguide\/#!?lang=sv&amp;blog_id=1&amp;paged=1&amp;number=50\" target=\"_blank\" rel=\"noopener\">Guide de publication STEP\u00a0<\/a><\/strong><\/h5>\n<h5><strong><a href=\"https:\/\/steplock.com\/sv\/projekteringsguide\/#!?lang=sv&amp;blog_id=1&amp;paged=1&amp;number=999\" target=\"_blank\" rel=\"noopener\">Guide de conception STEP<\/a><\/strong><\/h5>","protected":false},"featured_media":147423,"template":"","meta":{"_acf_changed":false},"product_brand":[],"product_cat":[3355],"product_tag":[4197,4200],"class_list":{"0":"post-147425","1":"product","2":"type-product","3":"status-publish","4":"has-post-thumbnail","6":"product_cat-elslutbleck","7":"product_tag-24v","8":"product_tag-rattvand","9":"product_shipping_class-tunga-paket","10":"pa_brands-step","11":"tm-no-options","13":"first","14":"onbackorder","15":"sale","16":"taxable","17":"shipping-taxable","18":"purchasable","19":"product-type-simple"},"acf":[],"_links":{"self":[{"href":"https:\/\/secureus.se\/fr\/wp-json\/wp\/v2\/product\/147425","targetHints":{"allow":["GET"]}}],"collection":[{"href":"https:\/\/secureus.se\/fr\/wp-json\/wp\/v2\/product"}],"about":[{"href":"https:\/\/secureus.se\/fr\/wp-json\/wp\/v2\/types\/product"}],"wp:featuredmedia":[{"embeddable":true,"href":"https:\/\/secureus.se\/fr\/wp-json\/wp\/v2\/media\/147423"}],"wp:attachment":[{"href":"https:\/\/secureus.se\/fr\/wp-json\/wp\/v2\/media?parent=147425"}],"wp:term":[{"taxonomy":"product_brand","embeddable":true,"href":"https:\/\/secureus.se\/fr\/wp-json\/wp\/v2\/product_brand?post=147425"},{"taxonomy":"product_cat","embeddable":true,"href":"https:\/\/secureus.se\/fr\/wp-json\/wp\/v2\/product_cat?post=147425"},{"taxonomy":"product_tag","embeddable":true,"href":"https:\/\/secureus.se\/fr\/wp-json\/wp\/v2\/product_tag?post=147425"}],"curies":[{"name":"wp","href":"https:\/\/api.w.org\/{rel}","templated":true}]}}