{"id":147432,"date":"2023-09-26T13:08:23","date_gmt":"2023-09-26T11:08:23","guid":{"rendered":"https:\/\/secureus.se\/elslutbleck-step-28e-vanster-omvand-24v-9mm-regel\/"},"modified":"2026-04-08T16:17:43","modified_gmt":"2026-04-08T14:17:43","slug":"elslutbleck-step-28e-vanster-omvand-24v-9mm-regel","status":"publish","type":"product","link":"https:\/\/secureus.se\/fr\/elslutbleck-step-28e-vanster-omvand-24v-9mm-regel\/","title":{"rendered":"G\u00e2che \u00e9lectrique STEP 28E Gauche Marche arri\u00e8re 24V R\u00e8gle 9mm"},"content":{"rendered":"<h1>G\u00e2che \u00e9lectrique STEP 28E Gauche Marche arri\u00e8re 24V R\u00e8gle 9mm<\/h1>\n<p>STEP 28E Secure est une g\u00e2che \u00e9lectrique robuste avec fonction d&#039;inversion pour portes \u00e0 ouverture \u00e0 gauche. Adapt\u00e9 pour poutrelle Connect 9 mm, classe de feu E\/EI60 et haute r\u00e9sistance \u00e0 la rupture. Connecteur \u00e0 piston et c\u00e2ble de 5 m inclus.<\/p>\n<p>La g\u00e2che \u00e9lectrique STEP 28E Secure appartient \u00e0 la s\u00e9rie Secure de STEP et combine une s\u00e9curit\u00e9 \u00e9lev\u00e9e avec la prise en charge des exigences en mati\u00e8re d&#039;incendie et des solutions d&#039;\u00e9vacuation.<\/p>\n<p>Ce mod\u00e8le est d\u00e9velopp\u00e9 pour les portes \u00e0 ouverture \u00e0 gauche et est utilis\u00e9 avec les serrures \u00e0 p\u00eane de la s\u00e9rie Connect avec un piston de 9 mm.<\/p>\n<p class=\"\" data-start=\"795\" data-end=\"1096\">Gr\u00e2ce \u00e0 sa fonction inverse \u2013 d\u00e9verrouillage en cas de panne de courant \u2013 le STEP 28E convient aux portes situ\u00e9es dans les issues de secours ou lorsque l&#039;accessibilit\u00e9 doit \u00eatre garantie en cas de panne de courant.<\/p>\n<p class=\"\" data-start=\"795\" data-end=\"1096\">Le produit est class\u00e9 au feu jusqu&#039;\u00e0 E\/EI60 et r\u00e9pond aux exigences de la norme SS-EN 179 lorsqu&#039;il est install\u00e9 avec des serrures d&#039;\u00e9vacuation d&#039;urgence approuv\u00e9es.<\/p>\n<p class=\"\" data-start=\"1098\" data-end=\"1421\">La g\u00e2che \u00e9lectrique est \u00e9quip\u00e9e d&#039;un contact \u00e0 piston et d&#039;un contact \u00e0 loquet pour surveiller l&#039;\u00e9tat de la porte, ce qui permet l&#039;int\u00e9gration avec les syst\u00e8mes d&#039;alarme et de contr\u00f4le d&#039;acc\u00e8s.<\/p>\n<p class=\"\" data-start=\"1098\" data-end=\"1421\">Avec une r\u00e9sistance \u00e0 la rupture de plus de 15 kN (environ 1500 kg) et une capacit\u00e9 d&#039;ouverture malgr\u00e9 une pression de bande de 500 kg, STEP 28E est con\u00e7u pour les environnements de haute s\u00e9curit\u00e9 avec passage fr\u00e9quent.<\/p>\n<p class=\"\" data-start=\"1423\" data-end=\"1557\">Le produit est inviolable, dispose d&#039;une diode de protection int\u00e9gr\u00e9e, d&#039;une fonction double torsion-chute et est fourni avec un c\u00e2ble sans halog\u00e8ne de 5 m\u00e8tres.<\/p>\n<p class=\"\" data-start=\"1559\" data-end=\"1585\"><strong data-start=\"1559\" data-end=\"1585\">Caract\u00e9ristiques et avantages :<\/strong><\/p>\n<ul data-start=\"1586\" data-end=\"1896\">\n<li class=\"\" data-start=\"1586\" data-end=\"1622\">\n<p class=\"\" data-start=\"1588\" data-end=\"1622\">Fonction inverse \u2013 d\u00e9verrouillage sans alimentation<\/p>\n<\/li>\n<li class=\"\" data-start=\"1623\" data-end=\"1656\">\n<p class=\"\" data-start=\"1625\" data-end=\"1656\">Adapt\u00e9 pour boulon de connexion de 9 mm<\/p>\n<\/li>\n<li class=\"\" data-start=\"1657\" data-end=\"1683\">\n<p class=\"\" data-start=\"1659\" data-end=\"1683\">Pour portes battantes \u00e0 gauche<\/p>\n<\/li>\n<li class=\"\" data-start=\"1684\" data-end=\"1714\">\n<p class=\"\" data-start=\"1686\" data-end=\"1714\">R\u00e9sistance au feu jusqu&#039;\u00e0 E\/EI60<\/p>\n<\/li>\n<li class=\"\" data-start=\"1715\" data-end=\"1761\">\n<p class=\"\" data-start=\"1717\" data-end=\"1761\">Contact de piston et de verrouillage pour la surveillance de l&#039;\u00e9tat<\/p>\n<\/li>\n<li class=\"\" data-start=\"1762\" data-end=\"1797\">\n<p class=\"\" data-start=\"1764\" data-end=\"1797\">R\u00e9sistance \u00e0 la rupture : &gt;15 kN (1500 kg)<\/p>\n<\/li>\n<li class=\"\" data-start=\"1798\" data-end=\"1832\">\n<p class=\"\" data-start=\"1800\" data-end=\"1832\">R\u00e9siste \u00e0 une pression de moulage jusqu&#039;\u00e0 500 kg<\/p>\n<\/li>\n<li class=\"\" data-start=\"1833\" data-end=\"1867\">\n<p class=\"\" data-start=\"1835\" data-end=\"1867\">Verrouillage \u00e0 double rotation et anti-d\u00e9tonation<\/p>\n<\/li>\n<li class=\"\" data-start=\"1868\" data-end=\"1896\">\n<p class=\"\" data-start=\"1870\" data-end=\"1896\">C\u00e2ble sans halog\u00e8ne de 5 m inclus<\/p>\n<\/li>\n<\/ul>\n<p class=\"\" data-start=\"1898\" data-end=\"2097\"><strong data-start=\"1898\" data-end=\"1921\">Domaines d&#039;utilisation :<\/strong><br data-start=\"1921\" data-end=\"1924\" \/>Convient aux portes de s\u00e9curit\u00e9 dans les environnements publics qui n\u00e9cessitent \u00e0 la fois une r\u00e9sistance \u00e9lev\u00e9e \u00e0 l&#039;intrusion, une fonction d&#039;\u00e9vacuation et une r\u00e9sistance au feu - par exemple, les autorit\u00e9s, les \u00e9coles et les environnements de soins de sant\u00e9.<\/p>\n<p class=\"\" data-start=\"2099\" data-end=\"2128\"><strong data-start=\"2099\" data-end=\"2128\">Sp\u00e9cifications techniques\u00a0:<\/strong><\/p>\n<ul data-start=\"2129\" data-end=\"2476\">\n<li class=\"\" data-start=\"2129\" data-end=\"2167\">\n<p class=\"\" data-start=\"2131\" data-end=\"2167\">Tension de fonctionnement : 24 V CC (21,6-27,6 V)<\/p>\n<\/li>\n<li class=\"\" data-start=\"2168\" data-end=\"2200\">\n<p class=\"\" data-start=\"2170\" data-end=\"2200\">Consommation \u00e9lectrique : 500 mA d\u00e9verrouill\u00e9<\/p>\n<\/li>\n<li class=\"\" data-start=\"2201\" data-end=\"2224\">\n<p class=\"\" data-start=\"2203\" data-end=\"2224\">Charni\u00e8re de porte : gauche<\/p>\n<\/li>\n<li class=\"\" data-start=\"2225\" data-end=\"2246\">\n<p class=\"\" data-start=\"2227\" data-end=\"2246\">Longueur du c\u00e2ble : 5 m\u00e8tres<\/p>\n<\/li>\n<li class=\"\" data-start=\"2247\" data-end=\"2274\">\n<p class=\"\" data-start=\"2249\" data-end=\"2274\">R\u00e9sistance \u00e0 la rupture : &gt;1500 kg<\/p>\n<\/li>\n<li class=\"\" data-start=\"2275\" data-end=\"2294\">\n<p class=\"\" data-start=\"2277\" data-end=\"2294\">Pression nominale : 500 kg<\/p>\n<\/li>\n<li class=\"\" data-start=\"2295\" data-end=\"2327\">\n<p class=\"\" data-start=\"2297\" data-end=\"2327\">Dimensions (LxPxH) : 35 x 40 x 230 mm<\/p>\n<\/li>\n<li class=\"\" data-start=\"2328\" data-end=\"2375\">\n<p class=\"\" data-start=\"2330\" data-end=\"2375\">Contact du piston : Microrupteur, max. 30 V CC \/ 1 A<\/p>\n<\/li>\n<li class=\"\" data-start=\"2376\" data-end=\"2407\">\n<p class=\"\" data-start=\"2378\" data-end=\"2407\">Type de serrure : Serrure \u00e0 crochet, Serrure \u00e0 loquet<\/p>\n<\/li>\n<li class=\"\" data-start=\"2408\" data-end=\"2436\">\n<p class=\"\" data-start=\"2410\" data-end=\"2436\">Couleur\/Finition : Acier inoxydable<\/p>\n<\/li>\n<li class=\"\" data-start=\"2437\" data-end=\"2476\">\n<p class=\"\" data-start=\"2439\" data-end=\"2476\">\u00c9valuations\u00a0: SundaHus, \u00e9valuation des mat\u00e9riaux de construction<\/p>\n<\/li>\n<\/ul>","protected":false},"excerpt":{"rendered":"<p>Vous pouvez voir ici quels poteaux et mod\u00e8les s&#039;adaptent ensemble \u00e0 partir de la gamme STEP de but\u00e9es de porte \u00e9lectriques.<\/p>\n<h5><strong><a href=\"https:\/\/steplock.com\/sv\/stolpguide\/#!?lang=sv&amp;blog_id=1&amp;paged=1&amp;number=50\" target=\"_blank\" rel=\"noopener\">Guide de publication STEP\u00a0<\/a><\/strong><\/h5>\n<h5><strong><a href=\"https:\/\/steplock.com\/sv\/projekteringsguide\/#!?lang=sv&amp;blog_id=1&amp;paged=1&amp;number=999\" target=\"_blank\" rel=\"noopener\">Guide de conception STEP<\/a><\/strong><\/h5>","protected":false},"featured_media":147428,"template":"","meta":{"_acf_changed":false},"product_brand":[],"product_cat":[3355],"product_tag":[4197,4201],"class_list":{"0":"post-147432","1":"product","2":"type-product","3":"status-publish","4":"has-post-thumbnail","6":"product_cat-elslutbleck","7":"product_tag-24v","8":"product_tag-omvand","9":"product_shipping_class-tunga-paket","10":"pa_brands-step","11":"tm-no-options","13":"first","14":"instock","15":"sale","16":"taxable","17":"shipping-taxable","18":"purchasable","19":"product-type-simple"},"acf":[],"_links":{"self":[{"href":"https:\/\/secureus.se\/fr\/wp-json\/wp\/v2\/product\/147432","targetHints":{"allow":["GET"]}}],"collection":[{"href":"https:\/\/secureus.se\/fr\/wp-json\/wp\/v2\/product"}],"about":[{"href":"https:\/\/secureus.se\/fr\/wp-json\/wp\/v2\/types\/product"}],"wp:featuredmedia":[{"embeddable":true,"href":"https:\/\/secureus.se\/fr\/wp-json\/wp\/v2\/media\/147428"}],"wp:attachment":[{"href":"https:\/\/secureus.se\/fr\/wp-json\/wp\/v2\/media?parent=147432"}],"wp:term":[{"taxonomy":"product_brand","embeddable":true,"href":"https:\/\/secureus.se\/fr\/wp-json\/wp\/v2\/product_brand?post=147432"},{"taxonomy":"product_cat","embeddable":true,"href":"https:\/\/secureus.se\/fr\/wp-json\/wp\/v2\/product_cat?post=147432"},{"taxonomy":"product_tag","embeddable":true,"href":"https:\/\/secureus.se\/fr\/wp-json\/wp\/v2\/product_tag?post=147432"}],"curies":[{"name":"wp","href":"https:\/\/api.w.org\/{rel}","templated":true}]}}