{"id":147437,"date":"2023-09-26T13:08:20","date_gmt":"2023-09-26T11:08:20","guid":{"rendered":"https:\/\/secureus.se\/elslutbleck-step-18-hoger-rattvand-24v-12mm-regel\/"},"modified":"2026-04-08T16:10:12","modified_gmt":"2026-04-08T14:10:12","slug":"elslutbleck-step-18-hoger-rattvand-24v-12mm-regel","status":"publish","type":"product","link":"https:\/\/secureus.se\/fr\/elslutbleck-step-18-hoger-rattvand-24v-12mm-regel\/","title":{"rendered":"G\u00e2che \u00e9lectrique STEP 18 Droite Droite 24V R\u00e8gle 12mm"},"content":{"rendered":"<h1>G\u00e2che \u00e9lectrique STEP 18 Droite Droite 24V R\u00e8gle 12mm<\/h1>\n<p>STEP 18 Secure est une g\u00e2che \u00e9lectrique haute s\u00e9curit\u00e9 avec fonction droite pour portes \u00e0 ouverture \u00e0 droite avec p\u00eane Modul de 12 mm. Classe de feu E\/EI60, connecteur \u00e0 piston et c\u00e2ble sans halog\u00e8ne de 5 m\u00e8tres inclus. R\u00e9sistance \u00e0 la rupture 15 kN.<\/p>\n<p>G\u00e2che \u00e9lectrique STEP 18 STEP 18 Secure de la s\u00e9rie Secure de STEP est une g\u00e2che \u00e9lectrique haute s\u00e9curit\u00e9 con\u00e7ue pour les environnements de porte o\u00f9 les exigences de protection contre l&#039;intrusion, de s\u00e9curit\u00e9 incendie et de fonctionnement fiable sont combin\u00e9es.<\/p>\n<p>Ce mod\u00e8le est adapt\u00e9 aux portes \u00e0 ouverture \u00e0 droite et est utilis\u00e9 avec les serrures \u00e0 p\u00eane avec pistons de 12 mm de la s\u00e9rie Modul.<\/p>\n<p class=\"\" data-start=\"841\" data-end=\"1171\">Gr\u00e2ce \u00e0 sa fonction inverse, la g\u00e2che \u00e9lectrique se verrouille en cas de coupure de courant, ce qui assure un verrouillage s\u00e9curis\u00e9 m\u00eame en cas de panne de courant.<\/p>\n<p class=\"\" data-start=\"841\" data-end=\"1171\">Il est class\u00e9 au feu jusqu&#039;\u00e0 E\/EI60 et approuv\u00e9 pour le verrouillage des portes de s\u00e9curit\u00e9 jusqu&#039;\u00e0 RC4, ce qui le rend adapt\u00e9 \u00e0 une utilisation, par exemple, dans les banques, les prisons et les b\u00e2timents publics ayant des exigences de s\u00e9curit\u00e9 \u00e9lev\u00e9es.<\/p>\n<p class=\"\" data-start=\"1173\" data-end=\"1509\">La g\u00e2che \u00e9lectrique est \u00e9quip\u00e9e d&#039;un contact \u00e0 piston et d&#039;un contact \u00e0 p\u00eane qui permettent d&#039;indiquer si la porte est ouverte\/ferm\u00e9e et verrouill\u00e9e\/d\u00e9verrouill\u00e9e, parfaite pour l&#039;int\u00e9gration dans les syst\u00e8mes de contr\u00f4le d&#039;acc\u00e8s et les solutions d&#039;alarme.<\/p>\n<p class=\"\" data-start=\"1173\" data-end=\"1509\">La diode de protection int\u00e9gr\u00e9e, le fusible antid\u00e9tonant et le c\u00e2ble sans halog\u00e8ne de 5 m\u00e8tres inclus garantissent une installation durable et s\u00fbre.<\/p>\n<p class=\"\" data-start=\"1511\" data-end=\"1698\">Avec une r\u00e9sistance \u00e0 la rupture de 15 kN (environ 1 500 kg) et une capacit\u00e9 d&#039;ouverture malgr\u00e9 une pression de bande allant jusqu&#039;\u00e0 500 kg, STEP 18 offre \u00e0 la fois s\u00e9curit\u00e9 et performance dans les environnements de portes \u00e0 forte charge.<\/p>\n<p class=\"\" data-start=\"1700\" data-end=\"1726\"><strong data-start=\"1700\" data-end=\"1726\">Caract\u00e9ristiques et avantages :<\/strong><\/p>\n<ul data-start=\"1727\" data-end=\"2030\">\n<li class=\"\" data-start=\"1727\" data-end=\"1771\">\n<p class=\"\" data-start=\"1729\" data-end=\"1771\">Pour serrures \u00e0 p\u00eane avec piston de 12 mm (s\u00e9rie Modul)<\/p>\n<\/li>\n<li class=\"\" data-start=\"1772\" data-end=\"1816\">\n<p class=\"\" data-start=\"1774\" data-end=\"1816\">Fonction inverse \u2013 verrouill\u00e9e en cas de panne de courant<\/p>\n<\/li>\n<li class=\"\" data-start=\"1817\" data-end=\"1834\">\n<p class=\"\" data-start=\"1819\" data-end=\"1834\">Porte de droite<\/p>\n<\/li>\n<li class=\"\" data-start=\"1835\" data-end=\"1870\">\n<p class=\"\" data-start=\"1837\" data-end=\"1870\">Classe de feu E\/EI60 \u2013 test\u00e9 60 min.<\/p>\n<\/li>\n<li class=\"\" data-start=\"1871\" data-end=\"1895\">\n<p class=\"\" data-start=\"1873\" data-end=\"1895\">Contact piston et loquet<\/p>\n<\/li>\n<li class=\"\" data-start=\"1896\" data-end=\"1930\">\n<p class=\"\" data-start=\"1898\" data-end=\"1930\">R\u00e9siste \u00e0 une pression de moulage jusqu&#039;\u00e0 500 kg<\/p>\n<\/li>\n<li class=\"\" data-start=\"1931\" data-end=\"1954\">\n<p class=\"\" data-start=\"1933\" data-end=\"1954\">R\u00e9sistance \u00e0 la rupture 15 kN<\/p>\n<\/li>\n<li class=\"\" data-start=\"1955\" data-end=\"1989\">\n<p class=\"\" data-start=\"1957\" data-end=\"1989\">Diode de protection int\u00e9gr\u00e9e, protection anti-d\u00e9tonation<\/p>\n<\/li>\n<li class=\"\" data-start=\"1990\" data-end=\"2030\">\n<p class=\"\" data-start=\"1992\" data-end=\"2030\">Livr\u00e9 avec un c\u00e2ble sans halog\u00e8ne de 5 m\u00e8tres<\/p>\n<\/li>\n<\/ul>\n<p class=\"\" data-start=\"2032\" data-end=\"2207\"><strong data-start=\"2032\" data-end=\"2055\">Domaines d&#039;utilisation :<\/strong><br data-start=\"2055\" data-end=\"2058\" \/>Id\u00e9al pour les environnements de portes de s\u00e9curit\u00e9 dans les b\u00e2timents publics, les industries, les \u00e9tablissements correctionnels et les endroits o\u00f9 une s\u00e9curit\u00e9 \u00e9lev\u00e9e et un passage fr\u00e9quent sont requis.<\/p>\n<p class=\"\" data-start=\"2209\" data-end=\"2238\"><strong data-start=\"2209\" data-end=\"2238\">Sp\u00e9cifications techniques\u00a0:<\/strong><\/p>\n<ul data-start=\"2239\" data-end=\"2583\">\n<li class=\"\" data-start=\"2239\" data-end=\"2277\">\n<p class=\"\" data-start=\"2241\" data-end=\"2277\">Tension de fonctionnement : 24 V CC (21,6-27,6 V)<\/p>\n<\/li>\n<li class=\"\" data-start=\"2278\" data-end=\"2310\">\n<p class=\"\" data-start=\"2280\" data-end=\"2310\">Consommation \u00e9lectrique : 313 mA d\u00e9verrouill\u00e9<\/p>\n<\/li>\n<li class=\"\" data-start=\"2311\" data-end=\"2332\">\n<p class=\"\" data-start=\"2313\" data-end=\"2332\">Charni\u00e8re de porte : droite<\/p>\n<\/li>\n<li class=\"\" data-start=\"2333\" data-end=\"2354\">\n<p class=\"\" data-start=\"2335\" data-end=\"2354\">Longueur du c\u00e2ble : 5 m\u00e8tres<\/p>\n<\/li>\n<li class=\"\" data-start=\"2355\" data-end=\"2381\">\n<p class=\"\" data-start=\"2357\" data-end=\"2381\">R\u00e9sistance \u00e0 la rupture : 1500 kg<\/p>\n<\/li>\n<li class=\"\" data-start=\"2382\" data-end=\"2401\">\n<p class=\"\" data-start=\"2384\" data-end=\"2401\">Pression nominale : 500 kg<\/p>\n<\/li>\n<li class=\"\" data-start=\"2402\" data-end=\"2434\">\n<p class=\"\" data-start=\"2404\" data-end=\"2434\">Dimensions (LxPxH) : 35 x 40 x 230 mm<\/p>\n<\/li>\n<li class=\"\" data-start=\"2435\" data-end=\"2466\">\n<p class=\"\" data-start=\"2437\" data-end=\"2466\">Type de serrure : Serrure \u00e0 crochet, Serrure \u00e0 loquet<\/p>\n<\/li>\n<li class=\"\" data-start=\"2467\" data-end=\"2514\">\n<p class=\"\" data-start=\"2469\" data-end=\"2514\">Contact du piston : Microrupteur, max. 30 V CC \/ 1 A<\/p>\n<\/li>\n<li class=\"\" data-start=\"2515\" data-end=\"2543\">\n<p class=\"\" data-start=\"2517\" data-end=\"2543\">Couleur\/Finition : Acier inoxydable<\/p>\n<\/li>\n<li class=\"\" data-start=\"2544\" data-end=\"2583\">\n<p class=\"\" data-start=\"2546\" data-end=\"2583\">\u00c9valuations\u00a0: SundaHus, \u00e9valuation des mat\u00e9riaux de construction<\/p>\n<\/li>\n<\/ul>","protected":false},"excerpt":{"rendered":"<p>Vous pouvez voir ici quels poteaux et mod\u00e8les s&#039;adaptent ensemble \u00e0 partir de la gamme STEP de but\u00e9es de porte \u00e9lectriques.<\/p>\n<h5><strong><a href=\"https:\/\/steplock.com\/sv\/stolpguide\/#!?lang=sv&amp;blog_id=1&amp;paged=1&amp;number=50\" target=\"_blank\" rel=\"noopener\">Guide de publication STEP\u00a0<\/a><\/strong><\/h5>\n<h5><strong><a href=\"https:\/\/steplock.com\/sv\/projekteringsguide\/#!?lang=sv&amp;blog_id=1&amp;paged=1&amp;number=999\" target=\"_blank\" rel=\"noopener\">Guide de conception STEP<\/a><\/strong><\/h5>","protected":false},"featured_media":147435,"template":"","meta":{"_acf_changed":false},"product_brand":[],"product_cat":[3355],"product_tag":[4198,4200],"class_list":{"0":"post-147437","1":"product","2":"type-product","3":"status-publish","4":"has-post-thumbnail","6":"product_cat-elslutbleck","7":"product_tag-12v","8":"product_tag-rattvand","9":"product_shipping_class-tunga-paket","10":"pa_brands-step","11":"tm-no-options","13":"first","14":"instock","15":"sale","16":"taxable","17":"shipping-taxable","18":"purchasable","19":"product-type-simple"},"acf":[],"_links":{"self":[{"href":"https:\/\/secureus.se\/fr\/wp-json\/wp\/v2\/product\/147437","targetHints":{"allow":["GET"]}}],"collection":[{"href":"https:\/\/secureus.se\/fr\/wp-json\/wp\/v2\/product"}],"about":[{"href":"https:\/\/secureus.se\/fr\/wp-json\/wp\/v2\/types\/product"}],"wp:featuredmedia":[{"embeddable":true,"href":"https:\/\/secureus.se\/fr\/wp-json\/wp\/v2\/media\/147435"}],"wp:attachment":[{"href":"https:\/\/secureus.se\/fr\/wp-json\/wp\/v2\/media?parent=147437"}],"wp:term":[{"taxonomy":"product_brand","embeddable":true,"href":"https:\/\/secureus.se\/fr\/wp-json\/wp\/v2\/product_brand?post=147437"},{"taxonomy":"product_cat","embeddable":true,"href":"https:\/\/secureus.se\/fr\/wp-json\/wp\/v2\/product_cat?post=147437"},{"taxonomy":"product_tag","embeddable":true,"href":"https:\/\/secureus.se\/fr\/wp-json\/wp\/v2\/product_tag?post=147437"}],"curies":[{"name":"wp","href":"https:\/\/api.w.org\/{rel}","templated":true}]}}