{"id":147440,"date":"2023-09-26T13:09:58","date_gmt":"2023-09-26T11:09:58","guid":{"rendered":"https:\/\/secureus.se\/elslutbleck-step-60-omvand-24v-kolvkontakt-10m-kabel\/"},"modified":"2026-04-08T16:03:24","modified_gmt":"2026-04-08T14:03:24","slug":"elslutbleck-step-60-omvand-24v-kolvkontakt-10m-kabel","status":"publish","type":"product","link":"https:\/\/secureus.se\/fr\/elslutbleck-step-60-omvand-24v-kolvkontakt-10m-kabel\/","title":{"rendered":"G\u00e2che \u00e9lectrique STEP 60 Reverse 24V Contact piston C\u00e2ble 10m"},"content":{"rendered":"<h1>G\u00e2che \u00e9lectrique STEP 60 Reverse 24V Contact piston C\u00e2ble 10m<\/h1>\n<p>STEP 60 Silent est une g\u00e2che \u00e9lectrique silencieuse et puissante avec fonction inverse et c\u00e2ble de 10 m. Dot\u00e9 d&#039;un contact \u00e0 piston, d&#039;une classe de feu E\/EI120 et d&#039;une r\u00e9sistance \u00e0 la rupture \u00e9lev\u00e9e, il est parfait pour les portes fr\u00e9quemment utilis\u00e9es et n\u00e9cessitant un faible niveau sonore.<\/p>\n<p>La g\u00e2che \u00e9lectrique STEP 60 Silent est une g\u00e2che \u00e9lectrique avanc\u00e9e de la s\u00e9rie Silent de STEP, sp\u00e9cialement d\u00e9velopp\u00e9e pour les environnements o\u00f9 un fonctionnement silencieux et fluide est une exigence.<\/p>\n<p>Gr\u00e2ce \u00e0 sa construction robuste et \u00e0 la technologie Silent brevet\u00e9e de STEP, il offre un fonctionnement pratiquement silencieux, ce qui le rend id\u00e9al pour les \u00e9coles, les bureaux, les h\u00f4pitaux ou les propri\u00e9t\u00e9s multifamiliales.<\/p>\n<p class=\"\" data-start=\"901\" data-end=\"1236\">Gr\u00e2ce \u00e0 sa fonction d&#039;inversion (la porte est d\u00e9verrouill\u00e9e en position hors tension), le STEP 60 r\u00e9pond aux exigences importantes des issues de secours et des syst\u00e8mes de contr\u00f4le d&#039;acc\u00e8s.<\/p>\n<p class=\"\" data-start=\"901\" data-end=\"1236\">Le produit est class\u00e9 au feu jusqu&#039;\u00e0 E\/EI120 et test\u00e9 selon la norme SS-EN 14846:2008. Il peut supporter une pression de bande allant jusqu&#039;\u00e0 100 kg et poss\u00e8de une r\u00e9sistance \u00e0 la rupture impressionnante de 16 kN (environ 1600 kg).<\/p>\n<p class=\"\" data-start=\"1238\" data-end=\"1552\">Il est \u00e9quip\u00e9 d&#039;un piston int\u00e9gr\u00e9 et d&#039;un contact de verrouillage, qui fournit une indication d&#039;\u00e9tat pour les positions ouverte\/ferm\u00e9e et verrouill\u00e9e\/d\u00e9verrouill\u00e9e - parfait pour l&#039;int\u00e9gration avec des alarmes ou un contr\u00f4le d&#039;acc\u00e8s.<\/p>\n<p class=\"\" data-start=\"1238\" data-end=\"1552\">Il est inviolable, dispose d&#039;une diode de protection int\u00e9gr\u00e9e et est livr\u00e9 avec un c\u00e2ble de connexion sans halog\u00e8ne de 10 m\u00e8tres pour une installation flexible.<\/p>\n<p class=\"\" data-start=\"1554\" data-end=\"1580\"><strong data-start=\"1554\" data-end=\"1580\">Caract\u00e9ristiques et avantages :<\/strong><\/p>\n<ul data-start=\"1581\" data-end=\"1911\">\n<li class=\"\" data-start=\"1581\" data-end=\"1617\">\n<p class=\"\" data-start=\"1583\" data-end=\"1617\">Fonction inverse (d\u00e9verrouillage sans alimentation)<\/p>\n<\/li>\n<li class=\"\" data-start=\"1618\" data-end=\"1656\">\n<p class=\"\" data-start=\"1620\" data-end=\"1656\">Technologie silencieuse pour un fonctionnement silencieux et fluide<\/p>\n<\/li>\n<li class=\"\" data-start=\"1657\" data-end=\"1677\">\n<p class=\"\" data-start=\"1659\" data-end=\"1677\">Classe de feu E\/EI120<\/p>\n<\/li>\n<li class=\"\" data-start=\"1678\" data-end=\"1708\">\n<p class=\"\" data-start=\"1680\" data-end=\"1708\">Contact de piston et contact de verrouillage<\/p>\n<\/li>\n<li class=\"\" data-start=\"1709\" data-end=\"1732\">\n<p class=\"\" data-start=\"1711\" data-end=\"1732\">R\u00e9sistance \u00e0 la rupture 16 kN<\/p>\n<\/li>\n<li class=\"\" data-start=\"1733\" data-end=\"1767\">\n<p class=\"\" data-start=\"1735\" data-end=\"1767\">R\u00e9siste \u00e0 une pression de moulage jusqu&#039;\u00e0 100 kg<\/p>\n<\/li>\n<li class=\"\" data-start=\"1768\" data-end=\"1805\">\n<p class=\"\" data-start=\"1770\" data-end=\"1805\">Diode de protection int\u00e9gr\u00e9e et protection contre les chocs<\/p>\n<\/li>\n<li class=\"\" data-start=\"1806\" data-end=\"1839\">\n<p class=\"\" data-start=\"1808\" data-end=\"1839\">C\u00e2ble sans halog\u00e8ne de 10 m\u00e8tres inclus<\/p>\n<\/li>\n<li class=\"\" data-start=\"1840\" data-end=\"1872\">\n<p class=\"\" data-start=\"1842\" data-end=\"1872\">Convient aux serrures \u00e0 un ou deux vantaux<\/p>\n<\/li>\n<li class=\"\" data-start=\"1873\" data-end=\"1911\">\n<p class=\"\" data-start=\"1875\" data-end=\"1911\">R\u00e9versible pour portes droite et gauche<\/p>\n<\/li>\n<\/ul>\n<p class=\"\" data-start=\"1913\" data-end=\"2072\"><strong data-start=\"1913\" data-end=\"1936\">Domaines d&#039;utilisation :<\/strong><br data-start=\"1936\" data-end=\"1939\" \/>Convient aux environnements exigeant des niveaux de bruit et de s\u00e9curit\u00e9 \u00e9lev\u00e9s, par exemple les bureaux, les \u00e9coles, les \u00e9tablissements de sant\u00e9 et les entr\u00e9es d&#039;immeubles d&#039;habitation.<\/p>\n<p class=\"\" data-start=\"2074\" data-end=\"2103\"><strong data-start=\"2074\" data-end=\"2103\">Sp\u00e9cifications techniques\u00a0:<\/strong><\/p>\n<ul data-start=\"2104\" data-end=\"2478\">\n<li class=\"\" data-start=\"2104\" data-end=\"2142\">\n<p class=\"\" data-start=\"2106\" data-end=\"2142\">Tension de fonctionnement : 24 V CC (21,6-27,6 V)<\/p>\n<\/li>\n<li class=\"\" data-start=\"2143\" data-end=\"2187\">\n<p class=\"\" data-start=\"2145\" data-end=\"2187\">Consommation de courant : 121 mA d\u00e9verrouill\u00e9, max 250 mA<\/p>\n<\/li>\n<li class=\"\" data-start=\"2188\" data-end=\"2227\">\n<p class=\"\" data-start=\"2190\" data-end=\"2227\">Charni\u00e8re de porte : Droite\/Gauche (r\u00e9versible)<\/p>\n<\/li>\n<li class=\"\" data-start=\"2228\" data-end=\"2250\">\n<p class=\"\" data-start=\"2230\" data-end=\"2250\">Longueur du c\u00e2ble : 10 m\u00e8tres<\/p>\n<\/li>\n<li class=\"\" data-start=\"2251\" data-end=\"2277\">\n<p class=\"\" data-start=\"2253\" data-end=\"2277\">R\u00e9sistance \u00e0 la rupture : 1600 kg<\/p>\n<\/li>\n<li class=\"\" data-start=\"2278\" data-end=\"2297\">\n<p class=\"\" data-start=\"2280\" data-end=\"2297\">Pression de la bande : 100 kg<\/p>\n<\/li>\n<li class=\"\" data-start=\"2298\" data-end=\"2332\">\n<p class=\"\" data-start=\"2300\" data-end=\"2332\">Dimensions (L x P x H) : 28 x 34 x 149,5 mm<\/p>\n<\/li>\n<li class=\"\" data-start=\"2333\" data-end=\"2366\">\n<p class=\"\" data-start=\"2335\" data-end=\"2366\">Type de serrure : Serrure \u00e0 p\u00eane simple et double<\/p>\n<\/li>\n<li class=\"\" data-start=\"2367\" data-end=\"2409\">\n<p class=\"\" data-start=\"2369\" data-end=\"2409\">Contact \u00e0 piston : Microrupteur, 30 V DC \/ 1 A<\/p>\n<\/li>\n<li class=\"\" data-start=\"2410\" data-end=\"2438\">\n<p class=\"\" data-start=\"2412\" data-end=\"2438\">Couleur\/Finition : Acier inoxydable<\/p>\n<\/li>\n<li class=\"\" data-start=\"2439\" data-end=\"2478\">\n<p class=\"\" data-start=\"2441\" data-end=\"2478\">\u00c9valuations\u00a0: SundaHus, \u00e9valuation des mat\u00e9riaux de construction<\/p>\n<\/li>\n<\/ul>","protected":false},"excerpt":{"rendered":"<p>Vous pouvez voir ici quels poteaux et mod\u00e8les s&#039;adaptent ensemble \u00e0 partir de la gamme STEP de but\u00e9es de porte \u00e9lectriques.<\/p>\n<h5><strong><a href=\"https:\/\/steplock.com\/sv\/stolpguide\/#!?lang=sv&amp;blog_id=1&amp;paged=1&amp;number=50\" target=\"_blank\" rel=\"noopener\">Guide de publication STEP\u00a0<\/a><\/strong><\/h5>\n<h5><strong><a href=\"https:\/\/steplock.com\/sv\/projekteringsguide\/#!?lang=sv&amp;blog_id=1&amp;paged=1&amp;number=999\" target=\"_blank\" rel=\"noopener\">Guide de conception STEP<\/a><\/strong><\/h5>","protected":false},"featured_media":147439,"template":"","meta":{"_acf_changed":false},"product_brand":[],"product_cat":[3355],"product_tag":[4197,4201],"class_list":{"0":"post-147440","1":"product","2":"type-product","3":"status-publish","4":"has-post-thumbnail","6":"product_cat-elslutbleck","7":"product_tag-24v","8":"product_tag-omvand","9":"product_shipping_class-tunga-paket","10":"pa_brands-step","11":"tm-no-options","13":"first","14":"onbackorder","15":"sale","16":"taxable","17":"shipping-taxable","18":"purchasable","19":"product-type-simple"},"acf":[],"_links":{"self":[{"href":"https:\/\/secureus.se\/fr\/wp-json\/wp\/v2\/product\/147440","targetHints":{"allow":["GET"]}}],"collection":[{"href":"https:\/\/secureus.se\/fr\/wp-json\/wp\/v2\/product"}],"about":[{"href":"https:\/\/secureus.se\/fr\/wp-json\/wp\/v2\/types\/product"}],"wp:featuredmedia":[{"embeddable":true,"href":"https:\/\/secureus.se\/fr\/wp-json\/wp\/v2\/media\/147439"}],"wp:attachment":[{"href":"https:\/\/secureus.se\/fr\/wp-json\/wp\/v2\/media?parent=147440"}],"wp:term":[{"taxonomy":"product_brand","embeddable":true,"href":"https:\/\/secureus.se\/fr\/wp-json\/wp\/v2\/product_brand?post=147440"},{"taxonomy":"product_cat","embeddable":true,"href":"https:\/\/secureus.se\/fr\/wp-json\/wp\/v2\/product_cat?post=147440"},{"taxonomy":"product_tag","embeddable":true,"href":"https:\/\/secureus.se\/fr\/wp-json\/wp\/v2\/product_tag?post=147440"}],"curies":[{"name":"wp","href":"https:\/\/api.w.org\/{rel}","templated":true}]}}