{"id":147443,"date":"2023-09-26T13:08:18","date_gmt":"2023-09-26T11:08:18","guid":{"rendered":"https:\/\/secureus.se\/elslutbleck-step-92-omstallbar-12v-kolvkontakt\/"},"modified":"2026-04-08T16:07:38","modified_gmt":"2026-04-08T14:07:38","slug":"elslutbleck-step-92-omstallbar-12v-kolvkontakt","status":"publish","type":"product","link":"https:\/\/secureus.se\/fr\/elslutbleck-step-92-omstallbar-12v-kolvkontakt\/","title":{"rendered":"G\u00e2che \u00e9lectrique STEP 92 R\u00e9glable 12V Contact piston"},"content":{"rendered":"<h1>G\u00e2che \u00e9lectrique STEP 92 R\u00e9glable 12V Contact piston<\/h1>\n<p class=\"\" data-start=\"465\" data-end=\"921\">STEP 92 est une g\u00e2che \u00e9lectrique avanc\u00e9e de la s\u00e9rie Preload de STEP, sp\u00e9cialement con\u00e7ue pour les portes avec serrures \u00e0 double p\u00eane.<\/p>\n<p class=\"\" data-start=\"465\" data-end=\"921\">Gr\u00e2ce \u00e0 ses deux pivots s\u00e9par\u00e9s adapt\u00e9s aux loquets \u00e0 bouton-poussoir et \u00e0 cylindre, il offre un contr\u00f4le flexible et un verrouillage \u00e9lectrique - parfait pour les portes avec syst\u00e8mes de portes automatiques, exigences incendie et poign\u00e9es de tirage.<\/p>\n<p class=\"\" data-start=\"923\" data-end=\"1272\">Ce qui rend le STEP 92 unique, c&#039;est son pivot r\u00e9glable individuellement, o\u00f9 chaque pi\u00e8ce peut \u00eatre configur\u00e9e pour une fonction avant ou arri\u00e8re.<\/p>\n<p class=\"\" data-start=\"923\" data-end=\"1272\">Il permet par exemple que la porte puisse \u00eatre ouverte pendant la journ\u00e9e pendant les heures de bureau et soit en m\u00eame temps homologu\u00e9e pour la protection contre le feu jusqu&#039;\u00e0 la classe E\/EI120 - ce qui la rend id\u00e9ale, par exemple, dans les \u00e9coles, les h\u00f4pitaux, les bureaux et les environnements publics.<\/p>\n<p class=\"\" data-start=\"1274\" data-end=\"1614\">Gr\u00e2ce \u00e0 un contact \u00e0 piston int\u00e9gr\u00e9 dans les deux battants, l&#039;\u00e9tat de la porte peut \u00eatre surveill\u00e9 (ouvert\/ferm\u00e9), ce qui rend STEP 92 compatible avec les syst\u00e8mes de contr\u00f4le d&#039;acc\u00e8s et les alarmes incendie.<\/p>\n<p class=\"\" data-start=\"1274\" data-end=\"1614\">Il a une r\u00e9sistance \u00e0 la rupture de 1 200 kg, une technologie de pression de bande HPR\u00ae qui g\u00e8re une pression jusqu&#039;\u00e0 250 kg et offre des performances \u00e0 long terme avec 1,5 million de cycles test\u00e9s en usine.<\/p>\n<p class=\"\" data-start=\"1616\" data-end=\"1743\">STEP 92 est r\u00e9versible, inviolable, dispose d&#039;une diode de protection int\u00e9gr\u00e9e et s&#039;adapte aux bo\u00eetiers de serrure des s\u00e9ries Connect, Modul et Narrow Profile.<\/p>\n<p class=\"\" data-start=\"1750\" data-end=\"1776\"><strong data-start=\"1750\" data-end=\"1776\">Caract\u00e9ristiques et avantages :<\/strong><\/p>\n<ul data-start=\"1777\" data-end=\"2121\">\n<li class=\"\" data-start=\"1777\" data-end=\"1828\">\n<p class=\"\" data-start=\"1779\" data-end=\"1828\">Deux loquets tournants s\u00e9par\u00e9s \u2013 adapt\u00e9s aux serrures \u00e0 double loquet<\/p>\n<\/li>\n<li class=\"\" data-start=\"1829\" data-end=\"1868\">\n<p class=\"\" data-start=\"1831\" data-end=\"1868\">Fonction r\u00e9versible (avant\/arri\u00e8re)<\/p>\n<\/li>\n<li class=\"\" data-start=\"1869\" data-end=\"1900\">\n<p class=\"\" data-start=\"1871\" data-end=\"1900\">R\u00e9sistance au feu jusqu&#039;\u00e0 E\/EI120<\/p>\n<\/li>\n<li class=\"\" data-start=\"1901\" data-end=\"1932\">\n<p class=\"\" data-start=\"1903\" data-end=\"1932\">Contact du piston dans les deux cas de rotation<\/p>\n<\/li>\n<li class=\"\" data-start=\"1933\" data-end=\"1967\">\n<p class=\"\" data-start=\"1935\" data-end=\"1967\">R\u00e9siste \u00e0 une pression de moulage jusqu&#039;\u00e0 250 kg<\/p>\n<\/li>\n<li class=\"\" data-start=\"1968\" data-end=\"1995\">\n<p class=\"\" data-start=\"1970\" data-end=\"1995\">R\u00e9sistance \u00e0 la rupture : 1 200 kg<\/p>\n<\/li>\n<li class=\"\" data-start=\"1996\" data-end=\"2010\">\n<p class=\"\" data-start=\"1998\" data-end=\"2010\">Fonctionnement 12 V CC<\/p>\n<\/li>\n<li class=\"\" data-start=\"2011\" data-end=\"2036\">\n<p class=\"\" data-start=\"2013\" data-end=\"2036\">Diode de protection, antichoc<\/p>\n<\/li>\n<li class=\"\" data-start=\"2037\" data-end=\"2070\">\n<p class=\"\" data-start=\"2039\" data-end=\"2070\">Convient aux portes droite et gauche<\/p>\n<\/li>\n<li class=\"\" data-start=\"2071\" data-end=\"2121\">\n<p class=\"\" data-start=\"2073\" data-end=\"2121\">Serrures \u00e0 double loquet des s\u00e9ries Connect, Module, Narrow Profile<\/p>\n<\/li>\n<\/ul>\n<p class=\"\" data-start=\"2128\" data-end=\"2345\"><strong data-start=\"2128\" data-end=\"2151\">Domaines d&#039;utilisation :<\/strong><br data-start=\"2151\" data-end=\"2154\" \/>Id\u00e9al pour les portes avec syst\u00e8mes de portes automatiques dans des environnements o\u00f9 la classification au feu et la fonction d&#039;\u00e9vacuation sont combin\u00e9es avec des exigences de flexibilit\u00e9, par exemple bureaux, \u00e9coles, \u00e9tablissements de sant\u00e9 et b\u00e2timents publics.<\/p>\n<p class=\"\" data-start=\"2352\" data-end=\"2381\"><strong data-start=\"2352\" data-end=\"2381\">Sp\u00e9cifications techniques\u00a0:<\/strong><\/p>\n<ul data-start=\"2382\" data-end=\"2749\">\n<li class=\"\" data-start=\"2382\" data-end=\"2420\">\n<p class=\"\" data-start=\"2384\" data-end=\"2420\">Tension de fonctionnement : 12 V CC (10,8-13,8 V)<\/p>\n<\/li>\n<li class=\"\" data-start=\"2421\" data-end=\"2465\">\n<p class=\"\" data-start=\"2423\" data-end=\"2465\">Consommation de courant : 220 mA d\u00e9verrouill\u00e9, max 600 mA<\/p>\n<\/li>\n<li class=\"\" data-start=\"2466\" data-end=\"2493\">\n<p class=\"\" data-start=\"2468\" data-end=\"2493\">R\u00e9sistance \u00e0 la rupture : 1 200 kg<\/p>\n<\/li>\n<li class=\"\" data-start=\"2494\" data-end=\"2513\">\n<p class=\"\" data-start=\"2496\" data-end=\"2513\">Pression de la bande : 250 kg<\/p>\n<\/li>\n<li class=\"\" data-start=\"2514\" data-end=\"2553\">\n<p class=\"\" data-start=\"2516\" data-end=\"2553\">Charni\u00e8re de porte : Droite\/Gauche (r\u00e9versible)<\/p>\n<\/li>\n<li class=\"\" data-start=\"2554\" data-end=\"2606\">\n<p class=\"\" data-start=\"2556\" data-end=\"2606\">Contact de piston : Oui (micro-interrupteur, max. 30 V DC \/ 1 A)<\/p>\n<\/li>\n<li class=\"\" data-start=\"2607\" data-end=\"2629\">\n<p class=\"\" data-start=\"2609\" data-end=\"2629\">Type de serrure : Serrure \u00e0 double loquet<\/p>\n<\/li>\n<li class=\"\" data-start=\"2630\" data-end=\"2662\">\n<p class=\"\" data-start=\"2632\" data-end=\"2662\">Dimensions (LxPxH) : 25 x 28 x 133 mm<\/p>\n<\/li>\n<li class=\"\" data-start=\"2663\" data-end=\"2691\">\n<p class=\"\" data-start=\"2665\" data-end=\"2691\">Couleur\/Finition : Acier inoxydable<\/p>\n<\/li>\n<li class=\"\" data-start=\"2692\" data-end=\"2709\">\n<p class=\"\" data-start=\"2694\" data-end=\"2709\">C\u00e2ble : Non inclus<\/p>\n<\/li>\n<li class=\"\" data-start=\"2710\" data-end=\"2749\">\n<p class=\"\" data-start=\"2712\" data-end=\"2749\">\u00c9valuations\u00a0: SundaHus, \u00e9valuation des mat\u00e9riaux de construction<\/p>\n<\/li>\n<\/ul>","protected":false},"excerpt":{"rendered":"<p>Vous pouvez voir ici quels poteaux et mod\u00e8les s&#039;adaptent ensemble \u00e0 partir de la gamme STEP de but\u00e9es de porte \u00e9lectriques.<\/p>\n<h5><strong><a href=\"https:\/\/steplock.com\/sv\/stolpguide\/#!?lang=sv&amp;blog_id=1&amp;paged=1&amp;number=50\" target=\"_blank\" rel=\"noopener\">Guide de publication STEP\u00a0<\/a><\/strong><\/h5>\n<h5><strong><a href=\"https:\/\/steplock.com\/sv\/projekteringsguide\/#!?lang=sv&amp;blog_id=1&amp;paged=1&amp;number=999\" target=\"_blank\" rel=\"noopener\">Guide de conception STEP<\/a><\/strong><\/h5>","protected":false},"featured_media":147438,"template":"","meta":{"_acf_changed":false},"product_brand":[],"product_cat":[3355],"product_tag":[4198,4202],"class_list":{"0":"post-147443","1":"product","2":"type-product","3":"status-publish","4":"has-post-thumbnail","6":"product_cat-elslutbleck","7":"product_tag-12v","8":"product_tag-omstallbar-rattvand-omvand","9":"product_shipping_class-tunga-paket","10":"pa_brands-step","11":"tm-no-options","13":"first","14":"instock","15":"sale","16":"taxable","17":"shipping-taxable","18":"purchasable","19":"product-type-simple"},"acf":[],"_links":{"self":[{"href":"https:\/\/secureus.se\/fr\/wp-json\/wp\/v2\/product\/147443","targetHints":{"allow":["GET"]}}],"collection":[{"href":"https:\/\/secureus.se\/fr\/wp-json\/wp\/v2\/product"}],"about":[{"href":"https:\/\/secureus.se\/fr\/wp-json\/wp\/v2\/types\/product"}],"wp:featuredmedia":[{"embeddable":true,"href":"https:\/\/secureus.se\/fr\/wp-json\/wp\/v2\/media\/147438"}],"wp:attachment":[{"href":"https:\/\/secureus.se\/fr\/wp-json\/wp\/v2\/media?parent=147443"}],"wp:term":[{"taxonomy":"product_brand","embeddable":true,"href":"https:\/\/secureus.se\/fr\/wp-json\/wp\/v2\/product_brand?post=147443"},{"taxonomy":"product_cat","embeddable":true,"href":"https:\/\/secureus.se\/fr\/wp-json\/wp\/v2\/product_cat?post=147443"},{"taxonomy":"product_tag","embeddable":true,"href":"https:\/\/secureus.se\/fr\/wp-json\/wp\/v2\/product_tag?post=147443"}],"curies":[{"name":"wp","href":"https:\/\/api.w.org\/{rel}","templated":true}]}}