{"id":147454,"date":"2023-09-26T13:08:10","date_gmt":"2023-09-26T11:08:10","guid":{"rendered":"https:\/\/secureus.se\/elslutbleck-step-90-omvand-12v-kolvkontakt\/"},"modified":"2026-03-26T09:47:03","modified_gmt":"2026-03-26T08:47:03","slug":"elslutbleck-step-90-omvand-12v-kolvkontakt","status":"publish","type":"product","link":"https:\/\/secureus.se\/fr\/elslutbleck-step-90-omvand-12v-kolvkontakt\/","title":{"rendered":"G\u00e2che \u00e9lectrique STEP 90 Reverse 12V Contact piston"},"content":{"rendered":"<h1>G\u00e2che \u00e9lectrique STEP 90 Reverse 12V Contact piston<\/h1>\n<p>STEP 90 Preload est une g\u00e2che \u00e9lectrique avec fonction inverse et fonctionnement 12V. Compact, r\u00e9sistant au feu jusqu&#039;\u00e0 E\/EI120 avec contact piston, technologie de pression de bande et haute fiabilit\u00e9 op\u00e9rationnelle.<\/p>\n<p class=\"\" data-start=\"246\" data-end=\"602\">La g\u00e2che \u00e9lectrique pr\u00e9charg\u00e9e STEP 90 de la s\u00e9rie Preload de STEP est une g\u00e2che \u00e9lectrique compacte et fiable, d\u00e9velopp\u00e9e pour les environnements de portes professionnels o\u00f9 les exigences d&#039;espace et la fr\u00e9quence d&#039;ouverture \u00e9lev\u00e9e r\u00e9pondent aux exigences de s\u00e9curit\u00e9.<\/p>\n<p class=\"\" data-start=\"246\" data-end=\"602\">Gr\u00e2ce \u00e0 sa fonction d&#039;inversion, le STEP 90 est d\u00e9verrouill\u00e9 en cas de panne de courant \u2013 une fonction importante dans les issues de secours et les applications de s\u00e9curit\u00e9.<\/p>\n<p class=\"\" data-start=\"604\" data-end=\"904\">La technologie brevet\u00e9e HPR\u00ae permet de d\u00e9verrouiller la g\u00e2che \u00e9lectrique m\u00eame avec une pression de bande \u00e9lev\u00e9e allant jusqu&#039;\u00e0 250 kg.<\/p>\n<p class=\"\" data-start=\"604\" data-end=\"904\">Avec une r\u00e9sistance \u00e0 la rupture de 1200 kg et une certification selon la classe de feu E\/EI120 (120 min) selon SS-EN 14846:2008, le produit r\u00e9pond aux exigences de s\u00e9curit\u00e9 et de fiabilit\u00e9.<\/p>\n<p class=\"\" data-start=\"906\" data-end=\"1165\">STEP 90 est \u00e9quip\u00e9 d&#039;un interrupteur \u00e0 piston qui fournit une indication claire de l&#039;\u00e9tat de la porte (ouverte ou ferm\u00e9e), le rendant compatible avec les syst\u00e8mes de contr\u00f4le d&#039;acc\u00e8s et les alarmes.<\/p>\n<p class=\"\" data-start=\"906\" data-end=\"1165\">La conception compacte convient aussi bien aux nouvelles installations qu&#039;aux mises \u00e0 niveau des sections de porte existantes.<\/p>\n<p class=\"\" data-start=\"1167\" data-end=\"1355\">La diode de protection, la protection contre les chocs et le montage r\u00e9versible pour les portes \u00e0 ouverture \u00e0 droite et \u00e0 gauche font de cette g\u00e2che \u00e9lectrique un choix flexible et durable pour les environnements publics, les bureaux et les entr\u00e9es.<\/p>\n<p class=\"\" data-start=\"1357\" data-end=\"1385\"><strong data-start=\"1357\" data-end=\"1383\">Caract\u00e9ristiques et avantages :<\/strong><\/p>\n<ul data-start=\"1386\" data-end=\"1714\">\n<li class=\"\" data-start=\"1386\" data-end=\"1431\">\n<p class=\"\" data-start=\"1388\" data-end=\"1431\">Fonction inverse \u2013 d\u00e9verrouillage en cas de panne de courant<\/p>\n<\/li>\n<li class=\"\" data-start=\"1432\" data-end=\"1473\">\n<p class=\"\" data-start=\"1434\" data-end=\"1473\">Format compact pour une installation facile<\/p>\n<\/li>\n<li class=\"\" data-start=\"1474\" data-end=\"1515\">\n<p class=\"\" data-start=\"1476\" data-end=\"1515\">Classe de r\u00e9sistance au feu E\/EI120 selon SS-EN 14846<\/p>\n<\/li>\n<li class=\"\" data-start=\"1516\" data-end=\"1560\">\n<p class=\"\" data-start=\"1518\" data-end=\"1560\">Contact \u00e0 piston pour indiquer l&#039;\u00e9tat de la porte<\/p>\n<\/li>\n<li class=\"\" data-start=\"1561\" data-end=\"1608\">\n<p class=\"\" data-start=\"1563\" data-end=\"1608\">Technologie HPR\u00ae \u2013 s&#039;ouvre malgr\u00e9 une pression de bande de 250 kg<\/p>\n<\/li>\n<li class=\"\" data-start=\"1609\" data-end=\"1636\">\n<p class=\"\" data-start=\"1611\" data-end=\"1636\">R\u00e9sistance \u00e0 la rupture 1200 kg<\/p>\n<\/li>\n<li class=\"\" data-start=\"1637\" data-end=\"1679\">\n<p class=\"\" data-start=\"1639\" data-end=\"1679\">R\u00e9versible pour portes \u00e0 ouverture droite\/gauche<\/p>\n<\/li>\n<li class=\"\" data-start=\"1680\" data-end=\"1714\">\n<p class=\"\" data-start=\"1682\" data-end=\"1714\">Antichoc et avec diode de protection<\/p>\n<\/li>\n<\/ul>\n<p class=\"\" data-start=\"1716\" data-end=\"1856\"><strong data-start=\"1716\" data-end=\"1739\">Domaines d&#039;utilisation :<\/strong><br data-start=\"1739\" data-end=\"1742\" \/>Id\u00e9al pour les portes de secours, les b\u00e2timents publics, les entr\u00e9es et les portes avec des exigences de s\u00e9curit\u00e9 \u00e9lev\u00e9es et une r\u00e9sistance au feu.<\/p>\n<p class=\"\" data-start=\"1858\" data-end=\"2261\"><strong data-start=\"1858\" data-end=\"1887\">Sp\u00e9cifications techniques\u00a0:<\/strong><br data-start=\"1887\" data-end=\"1890\" \/>Tension de fonctionnement : 12 V CC (10,8-13,8 V)<br data-start=\"1926\" data-end=\"1929\" \/>Consommation de courant : 220 mA d\u00e9verrouill\u00e9 \/ max 600 mA<br data-start=\"1972\" data-end=\"1975\" \/>Contact \u00e0 piston : Microrupteur, 30 V DC \/ 1 A<br data-start=\"2015\" data-end=\"2018\" \/>Charni\u00e8re de porte : Droite\/Gauche (r\u00e9versible)<br data-start=\"2055\" data-end=\"2058\" \/>Longueur du c\u00e2ble : Non inclus<br data-start=\"2078\" data-end=\"2081\" \/>R\u00e9sistance \u00e0 la rupture : 1200 kg<br data-start=\"2105\" data-end=\"2108\" \/>Pression de la bande : 250 kg<br data-start=\"2125\" data-end=\"2128\" data-is-only-node=\"\" \/>Type de serrure : Serrure \u00e0 p\u00eane simple, Serrure \u00e0 p\u00eane double<br data-start=\"2161\" data-end=\"2164\" \/>Dimensions (LxPxH) : 25 x 28 x 90 mm<br data-start=\"2193\" data-end=\"2196\" \/>Traitement de surface : Acier inoxydable<br data-start=\"2217\" data-end=\"2220\" \/>Produit de construction \u00e9valu\u00e9 : Oui<br data-start=\"2238\" data-end=\"2241\" \/>SundaHouse not\u00e9 : Oui<\/p>","protected":false},"excerpt":{"rendered":"<p>Vous pouvez voir ici quels poteaux et mod\u00e8les s&#039;adaptent ensemble \u00e0 partir de la gamme STEP de but\u00e9es de porte \u00e9lectriques.<\/p>\n<h5><strong><a href=\"https:\/\/steplock.com\/sv\/stolpguide\/#!?lang=sv&amp;blog_id=1&amp;paged=1&amp;number=50\" target=\"_blank\" rel=\"noopener\">Guide de publication STEP\u00a0<\/a><\/strong><\/h5>\n<h5><strong><a href=\"https:\/\/steplock.com\/sv\/projekteringsguide\/#!?lang=sv&amp;blog_id=1&amp;paged=1&amp;number=999\" target=\"_blank\" rel=\"noopener\">Guide de conception STEP<\/a><\/strong><\/h5>","protected":false},"featured_media":147449,"template":"","meta":{"_acf_changed":false},"product_brand":[],"product_cat":[3355],"product_tag":[4196,4201],"class_list":{"0":"post-147454","1":"product","2":"type-product","3":"status-publish","4":"has-post-thumbnail","6":"product_cat-elslutbleck","7":"product_tag-12-24v","8":"product_tag-omvand","9":"product_shipping_class-tunga-paket","10":"pa_brands-step","11":"tm-no-options","13":"first","14":"instock","15":"sale","16":"taxable","17":"shipping-taxable","18":"purchasable","19":"product-type-simple"},"acf":[],"_links":{"self":[{"href":"https:\/\/secureus.se\/fr\/wp-json\/wp\/v2\/product\/147454","targetHints":{"allow":["GET"]}}],"collection":[{"href":"https:\/\/secureus.se\/fr\/wp-json\/wp\/v2\/product"}],"about":[{"href":"https:\/\/secureus.se\/fr\/wp-json\/wp\/v2\/types\/product"}],"wp:featuredmedia":[{"embeddable":true,"href":"https:\/\/secureus.se\/fr\/wp-json\/wp\/v2\/media\/147449"}],"wp:attachment":[{"href":"https:\/\/secureus.se\/fr\/wp-json\/wp\/v2\/media?parent=147454"}],"wp:term":[{"taxonomy":"product_brand","embeddable":true,"href":"https:\/\/secureus.se\/fr\/wp-json\/wp\/v2\/product_brand?post=147454"},{"taxonomy":"product_cat","embeddable":true,"href":"https:\/\/secureus.se\/fr\/wp-json\/wp\/v2\/product_cat?post=147454"},{"taxonomy":"product_tag","embeddable":true,"href":"https:\/\/secureus.se\/fr\/wp-json\/wp\/v2\/product_tag?post=147454"}],"curies":[{"name":"wp","href":"https:\/\/api.w.org\/{rel}","templated":true}]}}