{"id":147460,"date":"2023-09-26T13:08:30","date_gmt":"2023-09-26T11:08:30","guid":{"rendered":"https:\/\/secureus.se\/elslutbleck-step-98-rattvand-24v-kolvkontakt\/"},"modified":"2026-04-08T16:15:30","modified_gmt":"2026-04-08T14:15:30","slug":"elslutbleck-step-98-rattvand-24v-kolvkontakt","status":"publish","type":"product","link":"https:\/\/secureus.se\/fr\/elslutbleck-step-98-rattvand-24v-kolvkontakt\/","title":{"rendered":"G\u00e2che \u00e9lectrique STEP 98 Contact piston 24V orient\u00e9 vers la droite"},"content":{"rendered":"<h1>G\u00e2che \u00e9lectrique STEP 98 Contact piston 24V orient\u00e9 vers la droite<\/h1>\n<p>STEP 98 Preload est une g\u00e2che \u00e9lectrique compacte et coupe-feu avec fonction droitier et contact piston. Dot\u00e9 d&#039;une technologie d&#039;impression en bande, d&#039;un fonctionnement 24 V et de l&#039;option d&#039;indication de verrouillage, il est parfait pour les portes \u00e0 bouton ou \u00e0 cl\u00e9.<\/p>\n<p>La g\u00e2che \u00e9lectrique STEP 98 Preload est une g\u00e2che \u00e9lectrique de la s\u00e9rie Preload de STEP qui combine une grande fiabilit\u00e9 op\u00e9rationnelle et une conception compacte pour une utilisation dans des environnements de porte avec serrures \u00e0 bouton ou \u00e0 cl\u00e9.<\/p>\n<p>Avec une fonction \u00e0 droite \u2013 ce qui signifie que la serrure est verrouill\u00e9e en position hors tension \u2013 elle r\u00e9pond aux exigences de s\u00e9curit\u00e9 \u00e9lev\u00e9es pour les bureaux, les locaux techniques et les entr\u00e9es d&#039;appartements.<\/p>\n<p class=\"\" data-start=\"885\" data-end=\"1244\">Gr\u00e2ce \u00e0 la technologie brevet\u00e9e de pression de bande de STEP, la porte peut \u00eatre ouverte m\u00eame avec une pression de bande allant jusqu&#039;\u00e0 40 kg, et la g\u00e2che \u00e9lectrique est class\u00e9e coupe-feu jusqu&#039;\u00e0 E\/EI120 selon SS-EN 14846:2008.<\/p>\n<p class=\"\" data-start=\"885\" data-end=\"1244\">Le commutateur \u00e0 piston int\u00e9gr\u00e9 fournit une indication de l&#039;\u00e9tat de la porte (ouverte\/ferm\u00e9e), ce qui rend STEP 98 parfait pour la connexion \u00e0 des syst\u00e8mes de contr\u00f4le d&#039;acc\u00e8s ou \u00e0 des syst\u00e8mes d&#039;alarme.<\/p>\n<p class=\"\" data-start=\"1246\" data-end=\"1637\">Avec une r\u00e9sistance \u00e0 la rupture de 9 kN (900 kg) et un support pour les poutres \u00e0 crochets et droites, STEP 98 offre une solution robuste pour une utilisation quotidienne. La g\u00e2che \u00e9lectrique est r\u00e9versible pour portes droites et gauches, inviolable et dispose d&#039;une diode de protection int\u00e9gr\u00e9e.<\/p>\n<p class=\"\" data-start=\"1246\" data-end=\"1637\">Il est \u00e9galement possible de compl\u00e9ter avec l&#039;indicateur de verrouillage ST4880, pour le blocage automatique des automatismes de porte ou des serrures \u00e0 code lors du verrouillage m\u00e9canique.<\/p>\n<p class=\"\" data-start=\"1639\" data-end=\"1665\"><strong data-start=\"1639\" data-end=\"1665\">Caract\u00e9ristiques et avantages :<\/strong><\/p>\n<ul data-start=\"1666\" data-end=\"1975\">\n<li class=\"\" data-start=\"1666\" data-end=\"1703\">\n<p class=\"\" data-start=\"1668\" data-end=\"1703\">Fonctionnement correct \u2013 verrouill\u00e9 sans alimentation<\/p>\n<\/li>\n<li class=\"\" data-start=\"1704\" data-end=\"1751\">\n<p class=\"\" data-start=\"1706\" data-end=\"1751\">Contact \u00e0 piston pour la surveillance de l&#039;\u00e9tat de la porte<\/p>\n<\/li>\n<li class=\"\" data-start=\"1752\" data-end=\"1772\">\n<p class=\"\" data-start=\"1754\" data-end=\"1772\">Classe de feu E\/EI120<\/p>\n<\/li>\n<li class=\"\" data-start=\"1773\" data-end=\"1806\">\n<p class=\"\" data-start=\"1775\" data-end=\"1806\">R\u00e9siste \u00e0 une pression allant jusqu&#039;\u00e0 40 kg<\/p>\n<\/li>\n<li class=\"\" data-start=\"1807\" data-end=\"1839\">\n<p class=\"\" data-start=\"1809\" data-end=\"1839\">R\u00e9sistance \u00e0 la rupture : 9 kN (900 kg)<\/p>\n<\/li>\n<li class=\"\" data-start=\"1840\" data-end=\"1871\">\n<p class=\"\" data-start=\"1842\" data-end=\"1871\">Convient aux solives \u00e0 crochets et droites<\/p>\n<\/li>\n<li class=\"\" data-start=\"1872\" data-end=\"1910\">\n<p class=\"\" data-start=\"1874\" data-end=\"1910\">Compatible avec l&#039;indicateur de r\u00e8gle ST4880<\/p>\n<\/li>\n<li class=\"\" data-start=\"1911\" data-end=\"1939\">\n<p class=\"\" data-start=\"1913\" data-end=\"1939\">Diode de protection et antichoc<\/p>\n<\/li>\n<li class=\"\" data-start=\"1940\" data-end=\"1975\">\n<p class=\"\" data-start=\"1942\" data-end=\"1975\">R\u00e9versible \u2013 pour portes droite\/gauche<\/p>\n<\/li>\n<\/ul>\n<p class=\"\" data-start=\"1977\" data-end=\"2155\"><strong data-start=\"1977\" data-end=\"2000\">Domaines d&#039;utilisation :<\/strong><br data-start=\"2000\" data-end=\"2003\" \/>Id\u00e9al pour les portes verrouill\u00e9es avec un bouton ou une cl\u00e9, par exemple bureaux, locaux techniques, locaux de stockage et portes int\u00e9rieures o\u00f9 se combinent hautes exigences de fiabilit\u00e9 et de r\u00e9sistance au feu.<\/p>\n<p class=\"\" data-start=\"2157\" data-end=\"2186\"><strong data-start=\"2157\" data-end=\"2186\">Sp\u00e9cifications techniques\u00a0:<\/strong><\/p>\n<ul data-start=\"2187\" data-end=\"2556\">\n<li class=\"\" data-start=\"2187\" data-end=\"2225\">\n<p class=\"\" data-start=\"2189\" data-end=\"2225\">Tension de fonctionnement : 24 V CC (21,6-27,6 V)<\/p>\n<\/li>\n<li class=\"\" data-start=\"2226\" data-end=\"2270\">\n<p class=\"\" data-start=\"2228\" data-end=\"2270\">Consommation de courant : 110 mA d\u00e9verrouill\u00e9, max 300 mA<\/p>\n<\/li>\n<li class=\"\" data-start=\"2271\" data-end=\"2318\">\n<p class=\"\" data-start=\"2273\" data-end=\"2318\">Contact du piston : Microrupteur, max. 30 V CC \/ 1 A<\/p>\n<\/li>\n<li class=\"\" data-start=\"2319\" data-end=\"2358\">\n<p class=\"\" data-start=\"2321\" data-end=\"2358\">Charni\u00e8re de porte : Droite\/Gauche (r\u00e9versible)<\/p>\n<\/li>\n<li class=\"\" data-start=\"2359\" data-end=\"2390\">\n<p class=\"\" data-start=\"2361\" data-end=\"2390\">Dimensions (LxPxH) : 25 x 35 x 90 mm<\/p>\n<\/li>\n<li class=\"\" data-start=\"2391\" data-end=\"2416\">\n<p class=\"\" data-start=\"2393\" data-end=\"2416\">R\u00e9sistance \u00e0 la rupture : 900 kg<\/p>\n<\/li>\n<li class=\"\" data-start=\"2417\" data-end=\"2435\">\n<p class=\"\" data-start=\"2419\" data-end=\"2435\">Pression de la bande : 40 kg<\/p>\n<\/li>\n<li class=\"\" data-start=\"2436\" data-end=\"2453\">\n<p class=\"\" data-start=\"2438\" data-end=\"2453\">C\u00e2ble : Non inclus<\/p>\n<\/li>\n<li class=\"\" data-start=\"2454\" data-end=\"2487\">\n<p class=\"\" data-start=\"2456\" data-end=\"2487\">Type de serrure : Serrure \u00e0 p\u00eane simple et double<\/p>\n<\/li>\n<li class=\"\" data-start=\"2488\" data-end=\"2516\">\n<p class=\"\" data-start=\"2490\" data-end=\"2516\">Couleur\/Finition : Acier inoxydable<\/p>\n<\/li>\n<li class=\"\" data-start=\"2517\" data-end=\"2556\">\n<p class=\"\" data-start=\"2519\" data-end=\"2556\">\u00c9valuations\u00a0: SundaHus, \u00e9valuation des mat\u00e9riaux de construction<\/p>\n<\/li>\n<\/ul>","protected":false},"excerpt":{"rendered":"<p>Vous pouvez voir ici quels poteaux et mod\u00e8les s&#039;adaptent ensemble \u00e0 partir de la gamme STEP de but\u00e9es de porte \u00e9lectriques.<\/p>\n<h5><strong><a href=\"https:\/\/steplock.com\/sv\/stolpguide\/#!?lang=sv&amp;blog_id=1&amp;paged=1&amp;number=50\" target=\"_blank\" rel=\"noopener\">Guide de publication STEP\u00a0<\/a><\/strong><\/h5>\n<h5><strong><a href=\"https:\/\/steplock.com\/sv\/projekteringsguide\/#!?lang=sv&amp;blog_id=1&amp;paged=1&amp;number=999\" target=\"_blank\" rel=\"noopener\">Guide de conception STEP<\/a><\/strong><\/h5>","protected":false},"featured_media":147459,"template":"","meta":{"_acf_changed":false},"product_brand":[],"product_cat":[3355],"product_tag":[4197,4200],"class_list":{"0":"post-147460","1":"product","2":"type-product","3":"status-publish","4":"has-post-thumbnail","6":"product_cat-elslutbleck","7":"product_tag-24v","8":"product_tag-rattvand","9":"product_shipping_class-tunga-paket","10":"pa_brands-step","11":"tm-no-options","13":"first","14":"instock","15":"sale","16":"taxable","17":"shipping-taxable","18":"purchasable","19":"product-type-simple"},"acf":[],"_links":{"self":[{"href":"https:\/\/secureus.se\/fr\/wp-json\/wp\/v2\/product\/147460","targetHints":{"allow":["GET"]}}],"collection":[{"href":"https:\/\/secureus.se\/fr\/wp-json\/wp\/v2\/product"}],"about":[{"href":"https:\/\/secureus.se\/fr\/wp-json\/wp\/v2\/types\/product"}],"wp:featuredmedia":[{"embeddable":true,"href":"https:\/\/secureus.se\/fr\/wp-json\/wp\/v2\/media\/147459"}],"wp:attachment":[{"href":"https:\/\/secureus.se\/fr\/wp-json\/wp\/v2\/media?parent=147460"}],"wp:term":[{"taxonomy":"product_brand","embeddable":true,"href":"https:\/\/secureus.se\/fr\/wp-json\/wp\/v2\/product_brand?post=147460"},{"taxonomy":"product_cat","embeddable":true,"href":"https:\/\/secureus.se\/fr\/wp-json\/wp\/v2\/product_cat?post=147460"},{"taxonomy":"product_tag","embeddable":true,"href":"https:\/\/secureus.se\/fr\/wp-json\/wp\/v2\/product_tag?post=147460"}],"curies":[{"name":"wp","href":"https:\/\/api.w.org\/{rel}","templated":true}]}}