{"id":147466,"date":"2023-09-26T13:08:24","date_gmt":"2023-09-26T11:08:24","guid":{"rendered":"https:\/\/secureus.se\/elslutbleck-step-40-omstallbar-12v\/"},"modified":"2026-03-26T09:46:32","modified_gmt":"2026-03-26T08:46:32","slug":"elslutbleck-step-40-omstallbar-12v","status":"publish","type":"product","link":"https:\/\/secureus.se\/fr\/elslutbleck-step-40-omstallbar-12v\/","title":{"rendered":"G\u00e2che \u00e9lectrique STEP 40 R\u00e9glable 12V"},"content":{"rendered":"<h1>G\u00e2che \u00e9lectrique STEP 40 R\u00e9glable 12V<\/h1>\n<p>STEP 40 Preload est une g\u00e2che \u00e9lectrique compacte et r\u00e9glable avec fonctionnement 12V, technologie HPR et haute r\u00e9sistance \u00e0 la rupture. Fonction flexible pouvant \u00eatre r\u00e9gl\u00e9e en marche avant ou arri\u00e8re. Id\u00e9al pour les portes avec des exigences \u00e9lev\u00e9es en mati\u00e8re de fiabilit\u00e9 de fonctionnement.<\/p>\n<p>La g\u00e2che \u00e9lectrique pr\u00e9charg\u00e9e STEP 40 est une g\u00e2che \u00e9lectrique polyvalente et fiable de la s\u00e9rie Preload de STEP, con\u00e7ue pour fonctionner dans des environnements de porte exigeants o\u00f9 une fr\u00e9quence d&#039;ouverture \u00e9lev\u00e9e et un fonctionnement s\u00fbr sont importants.<\/p>\n<p>Cette version est r\u00e9versible entre la fonction avant et arri\u00e8re, ce qui signifie que vous pouvez facilement choisir si la serrure doit \u00eatre verrouill\u00e9e ou d\u00e9verrouill\u00e9e en cas de panne de courant - sans avoir \u00e0 changer de produit.<\/p>\n<p data-start=\"910\" data-end=\"1301\">STEP 40 est \u00e9quip\u00e9 de la technologie brevet\u00e9e HPR\u00ae, qui permet le d\u00e9verrouillage m\u00eame lorsque la porte est soumise \u00e0 une pression de bande allant jusqu&#039;\u00e0 250 kg. Avec une r\u00e9sistance \u00e0 la rupture de 1 200 kg, la g\u00e2che \u00e9lectrique est con\u00e7ue pour offrir un fonctionnement durable et s\u00fbr, m\u00eame en cas d&#039;utilisation intensive.<\/p>\n<p data-start=\"910\" data-end=\"1301\">Le produit est test\u00e9 en usine pour 1 500 000 cycles, ce qui le rend id\u00e9al pour les portes \u00e0 haut d\u00e9bit.<\/p>\n<p data-start=\"1303\" data-end=\"1529\">Le format compact et la conception r\u00e9versible facilitent l&#039;installation sur les portes suspendues \u00e0 droite et \u00e0 gauche.<\/p>\n<p data-start=\"1303\" data-end=\"1529\">La g\u00e2che \u00e9lectrique est \u00e9galement inviolable, dispose d&#039;une diode de protection int\u00e9gr\u00e9e et s&#039;adapte aux serrures \u00e0 un ou deux vantaux.<\/p>\n<p class=\"\" data-start=\"1531\" data-end=\"1557\"><strong data-start=\"1531\" data-end=\"1557\">Caract\u00e9ristiques et avantages :<\/strong><\/p>\n<ul data-start=\"1558\" data-end=\"1875\">\n<li class=\"\" data-start=\"1558\" data-end=\"1608\">\n<p class=\"\" data-start=\"1560\" data-end=\"1608\">Fonction r\u00e9versible \u2013 choisissez la marche avant ou arri\u00e8re<\/p>\n<\/li>\n<li class=\"\" data-start=\"1609\" data-end=\"1654\">\n<p class=\"\" data-start=\"1611\" data-end=\"1654\">Compact et r\u00e9versible pour portes droite\/gauche<\/p>\n<\/li>\n<li class=\"\" data-start=\"1655\" data-end=\"1674\">\n<p class=\"\" data-start=\"1657\" data-end=\"1674\">Tension de fonctionnement 12 V<\/p>\n<\/li>\n<li class=\"\" data-start=\"1675\" data-end=\"1709\">\n<p class=\"\" data-start=\"1677\" data-end=\"1709\">R\u00e9siste \u00e0 une pression de moulage jusqu&#039;\u00e0 250 kg<\/p>\n<\/li>\n<li class=\"\" data-start=\"1710\" data-end=\"1736\">\n<p class=\"\" data-start=\"1712\" data-end=\"1736\">R\u00e9sistance \u00e0 la rupture 1 200 kg<\/p>\n<\/li>\n<li class=\"\" data-start=\"1737\" data-end=\"1782\">\n<p class=\"\" data-start=\"1739\" data-end=\"1782\">Technologie HPR\u00ae \u2013 fonctionnement fiable m\u00eame sous pression<\/p>\n<\/li>\n<li class=\"\" data-start=\"1783\" data-end=\"1812\">\n<p class=\"\" data-start=\"1785\" data-end=\"1812\">Test\u00e9 pour 1 500 000 cycles<\/p>\n<\/li>\n<li class=\"\" data-start=\"1813\" data-end=\"1842\">\n<p class=\"\" data-start=\"1815\" data-end=\"1842\">Diode de protection et parasurtenseur<\/p>\n<\/li>\n<li class=\"\" data-start=\"1843\" data-end=\"1875\">\n<p class=\"\" data-start=\"1845\" data-end=\"1875\">Convient aux serrures \u00e0 un ou deux vantaux<\/p>\n<\/li>\n<\/ul>\n<p class=\"\" data-start=\"1877\" data-end=\"2078\"><strong data-start=\"1877\" data-end=\"1900\">Domaines d&#039;utilisation :<\/strong><br data-start=\"1900\" data-end=\"1903\" \/>Id\u00e9al pour les bureaux, les environnements publics et les immeubles d&#039;habitation o\u00f9 une g\u00e2che \u00e9lectrique compacte, flexible et fiable est requise. Solution simple pour une nouvelle installation ou une modernisation.<\/p>\n<p class=\"\" data-start=\"2080\" data-end=\"2109\"><strong data-start=\"2080\" data-end=\"2109\">Sp\u00e9cifications techniques\u00a0:<\/strong><\/p>\n<ul data-start=\"2110\" data-end=\"2453\">\n<li class=\"\" data-start=\"2110\" data-end=\"2148\">\n<p class=\"\" data-start=\"2112\" data-end=\"2148\">Tension de fonctionnement : 12 V CC (10,8-13,8 V)<\/p>\n<\/li>\n<li class=\"\" data-start=\"2149\" data-end=\"2193\">\n<p class=\"\" data-start=\"2151\" data-end=\"2193\">Consommation de courant : 220 mA d\u00e9verrouill\u00e9, max 600 mA<\/p>\n<\/li>\n<li class=\"\" data-start=\"2194\" data-end=\"2233\">\n<p class=\"\" data-start=\"2196\" data-end=\"2233\">Charni\u00e8re de porte : Droite\/Gauche (r\u00e9versible)<\/p>\n<\/li>\n<li class=\"\" data-start=\"2234\" data-end=\"2265\">\n<p class=\"\" data-start=\"2236\" data-end=\"2265\">Dimensions (LxPxH) : 25 x 28 x 90 mm<\/p>\n<\/li>\n<li class=\"\" data-start=\"2266\" data-end=\"2293\">\n<p class=\"\" data-start=\"2268\" data-end=\"2293\">R\u00e9sistance \u00e0 la rupture : 1 200 kg<\/p>\n<\/li>\n<li class=\"\" data-start=\"2294\" data-end=\"2313\">\n<p class=\"\" data-start=\"2296\" data-end=\"2313\">Pression de la bande : 250 kg<\/p>\n<\/li>\n<li class=\"\" data-start=\"2314\" data-end=\"2331\">\n<p class=\"\" data-start=\"2316\" data-end=\"2331\">C\u00e2ble : Non inclus<\/p>\n<\/li>\n<li class=\"\" data-start=\"2332\" data-end=\"2350\">\n<p class=\"\" data-start=\"2334\" data-end=\"2350\">Contact piston : Non<\/p>\n<\/li>\n<li class=\"\" data-start=\"2351\" data-end=\"2384\">\n<p class=\"\" data-start=\"2353\" data-end=\"2384\">Type de serrure : Serrure \u00e0 p\u00eane simple et double<\/p>\n<\/li>\n<li class=\"\" data-start=\"2385\" data-end=\"2413\">\n<p class=\"\" data-start=\"2387\" data-end=\"2413\">Couleur\/Finition : Acier inoxydable<\/p>\n<\/li>\n<li class=\"\" data-start=\"2414\" data-end=\"2453\">\n<p class=\"\" data-start=\"2416\" data-end=\"2453\">\u00c9valuations\u00a0: SundaHus, \u00e9valuation des mat\u00e9riaux de construction<\/p>\n<\/li>\n<\/ul>","protected":false},"excerpt":{"rendered":"<p>Vous pouvez voir ici quels poteaux et mod\u00e8les s&#039;adaptent ensemble \u00e0 partir de la gamme STEP de but\u00e9es de porte \u00e9lectriques.<\/p>\n<h5><strong><a href=\"https:\/\/steplock.com\/sv\/stolpguide\/#!?lang=sv&amp;blog_id=1&amp;paged=1&amp;number=50\" target=\"_blank\" rel=\"noopener\">Guide de publication STEP\u00a0<\/a><\/strong><\/h5>\n<h5><strong><a href=\"https:\/\/steplock.com\/sv\/projekteringsguide\/#!?lang=sv&amp;blog_id=1&amp;paged=1&amp;number=999\" target=\"_blank\" rel=\"noopener\">Guide de conception STEP<\/a><\/strong><\/h5>","protected":false},"featured_media":147463,"template":"","meta":{"_acf_changed":false},"product_brand":[],"product_cat":[3355],"product_tag":[4198,4202],"class_list":{"0":"post-147466","1":"product","2":"type-product","3":"status-publish","4":"has-post-thumbnail","6":"product_cat-elslutbleck","7":"product_tag-12v","8":"product_tag-omstallbar-rattvand-omvand","9":"product_shipping_class-tunga-paket","10":"pa_brands-step","11":"tm-no-options","13":"first","14":"instock","15":"sale","16":"taxable","17":"shipping-taxable","18":"purchasable","19":"product-type-simple"},"acf":[],"_links":{"self":[{"href":"https:\/\/secureus.se\/fr\/wp-json\/wp\/v2\/product\/147466","targetHints":{"allow":["GET"]}}],"collection":[{"href":"https:\/\/secureus.se\/fr\/wp-json\/wp\/v2\/product"}],"about":[{"href":"https:\/\/secureus.se\/fr\/wp-json\/wp\/v2\/types\/product"}],"wp:featuredmedia":[{"embeddable":true,"href":"https:\/\/secureus.se\/fr\/wp-json\/wp\/v2\/media\/147463"}],"wp:attachment":[{"href":"https:\/\/secureus.se\/fr\/wp-json\/wp\/v2\/media?parent=147466"}],"wp:term":[{"taxonomy":"product_brand","embeddable":true,"href":"https:\/\/secureus.se\/fr\/wp-json\/wp\/v2\/product_brand?post=147466"},{"taxonomy":"product_cat","embeddable":true,"href":"https:\/\/secureus.se\/fr\/wp-json\/wp\/v2\/product_cat?post=147466"},{"taxonomy":"product_tag","embeddable":true,"href":"https:\/\/secureus.se\/fr\/wp-json\/wp\/v2\/product_tag?post=147466"}],"curies":[{"name":"wp","href":"https:\/\/api.w.org\/{rel}","templated":true}]}}