{"id":147471,"date":"2023-09-26T13:08:21","date_gmt":"2023-09-26T11:08:21","guid":{"rendered":"https:\/\/secureus.se\/elslutbleck-step-18-vanster-rattvand-24v-7mm-regel-connect\/"},"modified":"2026-04-23T12:29:21","modified_gmt":"2026-04-23T10:29:21","slug":"elslutbleck-step-18-vanster-rattvand-24v-7mm-regel-connect","status":"publish","type":"product","link":"https:\/\/secureus.se\/fr\/elslutbleck-step-18-vanster-rattvand-24v-7mm-regel-connect\/","title":{"rendered":"G\u00e2che \u00e9lectrique \u00c9TAPE 18 Gauche Droite 24V 7mm R\u00e8gle Connecter"},"content":{"rendered":"<h1>G\u00e2che \u00e9lectrique \u00c9TAPE 18 Gauche Droite 24V 7mm R\u00e8gle Connecter<\/h1>\n<p>STEP 18 Secure est une g\u00e2che \u00e9lectrique haute s\u00e9curit\u00e9 pour portes \u00e0 ouverture \u00e0 gauche avec p\u00eane Connect de 7 mm. Fonctionnement \u00e0 droite, classe de feu E\/EI60, contact piston et c\u00e2ble de 5 m. R\u00e9siste \u00e0 une r\u00e9sistance \u00e0 la rupture de 1500 kg.<\/p>\n<p>La g\u00e2che \u00e9lectrique STEP 18 Secure de la s\u00e9rie Secure de STEP offre la s\u00e9curit\u00e9 la plus \u00e9lev\u00e9e du march\u00e9 dans les environnements de porte avec entr\u00e9e et sortie intensives.<\/p>\n<p>Cette variante est adapt\u00e9e aux portes \u00e0 ouverture \u00e0 gauche avec piston de 7 mm de la s\u00e9rie Connect et offre une protection anti-intrusion exceptionnelle associ\u00e9e \u00e0 un fonctionnement rapide et fiable.<\/p>\n<p class=\"\" data-start=\"852\" data-end=\"1134\">Avec la fonction droite (verrouill\u00e9e en position hors tension), la g\u00e2che \u00e9lectrique est id\u00e9ale pour les portes de s\u00e9curit\u00e9 o\u00f9 le passage n&#039;est autoris\u00e9 que pendant le fonctionnement sous tension.<\/p>\n<p class=\"\" data-start=\"852\" data-end=\"1134\">Le produit est homologu\u00e9 incendie jusqu&#039;\u00e0 E\/EI60 selon SS-EN 14846 et approuv\u00e9 pour le verrouillage des portes en classe de s\u00e9curit\u00e9 RC4.<\/p>\n<p class=\"\" data-start=\"1136\" data-end=\"1504\">STEP 18 est \u00e9quip\u00e9 d&#039;un interrupteur \u00e0 piston et d&#039;un interrupteur \u00e0 loquet, qui fournissent une indication claire de l&#039;\u00e9tat (ouvert\/ferm\u00e9, verrouill\u00e9\/d\u00e9verrouill\u00e9) et permettent une int\u00e9gration transparente avec les syst\u00e8mes de contr\u00f4le d&#039;acc\u00e8s et les solutions d&#039;alarme.<\/p>\n<p class=\"\" data-start=\"1136\" data-end=\"1504\">Il peut supporter une pression de bande jusqu&#039;\u00e0 5 kN (500 kg) et a une r\u00e9sistance \u00e0 la rupture de 15 kN (1500 kg), ce qui le rend id\u00e9al pour les environnements o\u00f9 robustesse et performance sont requises.<\/p>\n<p class=\"\" data-start=\"1506\" data-end=\"1640\">Livr\u00e9 complet avec 5 m\u00e8tres de c\u00e2ble sans halog\u00e8ne, diode de protection int\u00e9gr\u00e9e et inviolable pour r\u00e9sister aux manipulations externes.<\/p>\n<p class=\"\" data-start=\"1642\" data-end=\"1668\"><strong data-start=\"1642\" data-end=\"1668\">Caract\u00e9ristiques et avantages :<\/strong><\/p>\n<ul data-start=\"1669\" data-end=\"1952\">\n<li class=\"\" data-start=\"1669\" data-end=\"1702\">\n<p class=\"\" data-start=\"1671\" data-end=\"1702\">Pour goujon de 7 mm de la s\u00e9rie Connect<\/p>\n<\/li>\n<li class=\"\" data-start=\"1703\" data-end=\"1747\">\n<p class=\"\" data-start=\"1705\" data-end=\"1747\">Fonction inverse \u2013 verrouill\u00e9e en cas de panne de courant<\/p>\n<\/li>\n<li class=\"\" data-start=\"1748\" data-end=\"1767\">\n<p class=\"\" data-start=\"1750\" data-end=\"1767\">Porte \u00e0 charni\u00e8re \u00e0 gauche<\/p>\n<\/li>\n<li class=\"\" data-start=\"1768\" data-end=\"1807\">\n<p class=\"\" data-start=\"1770\" data-end=\"1807\">Classe de r\u00e9sistance au feu E\/EI60 \u2013 test\u00e9 60 minutes<\/p>\n<\/li>\n<li class=\"\" data-start=\"1808\" data-end=\"1838\">\n<p class=\"\" data-start=\"1810\" data-end=\"1838\">Contact de piston et contact de verrouillage<\/p>\n<\/li>\n<li class=\"\" data-start=\"1839\" data-end=\"1889\">\n<p class=\"\" data-start=\"1841\" data-end=\"1889\">R\u00e9siste \u00e0 une pression de bande de 500 kg et \u00e0 une r\u00e9sistance \u00e0 la rupture de 1\u00a0500 kg<\/p>\n<\/li>\n<li class=\"\" data-start=\"1890\" data-end=\"1919\">\n<p class=\"\" data-start=\"1892\" data-end=\"1919\">Diode de protection et parasurtenseur<\/p>\n<\/li>\n<li class=\"\" data-start=\"1920\" data-end=\"1952\">\n<p class=\"\" data-start=\"1922\" data-end=\"1952\">C\u00e2ble sans halog\u00e8ne de 5 m\u00e8tres inclus<\/p>\n<\/li>\n<\/ul>\n<p class=\"\" data-start=\"1954\" data-end=\"2110\"><strong data-start=\"1954\" data-end=\"1977\">Domaines d&#039;utilisation :<\/strong><br data-start=\"1977\" data-end=\"1980\" \/>Convient aux portes de s\u00e9curit\u00e9 dans les agences gouvernementales, les prisons, les banques et autres environnements de portes o\u00f9 la s\u00e9curit\u00e9 \u00e9lev\u00e9e et le stress quotidien sont la norme.<\/p>\n<p class=\"\" data-start=\"2112\" data-end=\"2141\"><strong data-start=\"2112\" data-end=\"2141\">Sp\u00e9cifications techniques\u00a0:<\/strong><\/p>\n<ul data-start=\"2142\" data-end=\"2488\">\n<li class=\"\" data-start=\"2142\" data-end=\"2180\">\n<p class=\"\" data-start=\"2144\" data-end=\"2180\">Tension de fonctionnement : 24 V CC (21,6-27,6 V)<\/p>\n<\/li>\n<li class=\"\" data-start=\"2181\" data-end=\"2213\">\n<p class=\"\" data-start=\"2183\" data-end=\"2213\">Consommation \u00e9lectrique : 313 mA d\u00e9verrouill\u00e9<\/p>\n<\/li>\n<li class=\"\" data-start=\"2214\" data-end=\"2237\">\n<p class=\"\" data-start=\"2216\" data-end=\"2237\">Charni\u00e8re de porte : gauche<\/p>\n<\/li>\n<li class=\"\" data-start=\"2238\" data-end=\"2259\">\n<p class=\"\" data-start=\"2240\" data-end=\"2259\">Longueur du c\u00e2ble : 5 m\u00e8tres<\/p>\n<\/li>\n<li class=\"\" data-start=\"2260\" data-end=\"2286\">\n<p class=\"\" data-start=\"2262\" data-end=\"2286\">R\u00e9sistance \u00e0 la rupture : 1500 kg<\/p>\n<\/li>\n<li class=\"\" data-start=\"2287\" data-end=\"2306\">\n<p class=\"\" data-start=\"2289\" data-end=\"2306\">Pression nominale : 500 kg<\/p>\n<\/li>\n<li class=\"\" data-start=\"2307\" data-end=\"2339\">\n<p class=\"\" data-start=\"2309\" data-end=\"2339\">Dimensions (LxPxH) : 35 x 40 x 230 mm<\/p>\n<\/li>\n<li class=\"\" data-start=\"2340\" data-end=\"2371\">\n<p class=\"\" data-start=\"2342\" data-end=\"2371\">Type de serrure : Serrure \u00e0 crochet, Serrure \u00e0 loquet<\/p>\n<\/li>\n<li class=\"\" data-start=\"2372\" data-end=\"2419\">\n<p class=\"\" data-start=\"2374\" data-end=\"2419\">Contact du piston : Microrupteur, max. 30 V CC \/ 1 A<\/p>\n<\/li>\n<li class=\"\" data-start=\"2420\" data-end=\"2448\">\n<p class=\"\" data-start=\"2422\" data-end=\"2448\">Couleur\/Finition : Acier inoxydable<\/p>\n<\/li>\n<li class=\"\" data-start=\"2449\" data-end=\"2488\">\n<p class=\"\" data-start=\"2451\" data-end=\"2488\">\u00c9valuations\u00a0: SundaHus, \u00e9valuation des mat\u00e9riaux de construction<\/p>\n<\/li>\n<\/ul>","protected":false},"excerpt":{"rendered":"<p>Vous pouvez voir ici quels poteaux et mod\u00e8les s&#039;adaptent ensemble \u00e0 partir de la gamme STEP de but\u00e9es de porte \u00e9lectriques.<\/p>\n<h5><strong><a href=\"https:\/\/steplock.com\/sv\/stolpguide\/#!?lang=sv&amp;blog_id=1&amp;paged=1&amp;number=50\" target=\"_blank\" rel=\"noopener\">Guide de publication STEP\u00a0<\/a><\/strong><\/h5>\n<h5><strong><a href=\"https:\/\/steplock.com\/sv\/projekteringsguide\/#!?lang=sv&amp;blog_id=1&amp;paged=1&amp;number=999\" target=\"_blank\" rel=\"noopener\">Guide de conception STEP<\/a><\/strong><\/h5>","protected":false},"featured_media":147467,"template":"","meta":{"_acf_changed":false},"product_brand":[],"product_cat":[3355],"product_tag":[4197,4200],"class_list":{"0":"post-147471","1":"product","2":"type-product","3":"status-publish","4":"has-post-thumbnail","6":"product_cat-elslutbleck","7":"product_tag-24v","8":"product_tag-rattvand","9":"product_shipping_class-tunga-paket","10":"pa_brands-step","11":"tm-no-options","13":"first","14":"onbackorder","15":"sale","16":"taxable","17":"shipping-taxable","18":"purchasable","19":"product-type-simple"},"acf":[],"_links":{"self":[{"href":"https:\/\/secureus.se\/fr\/wp-json\/wp\/v2\/product\/147471","targetHints":{"allow":["GET"]}}],"collection":[{"href":"https:\/\/secureus.se\/fr\/wp-json\/wp\/v2\/product"}],"about":[{"href":"https:\/\/secureus.se\/fr\/wp-json\/wp\/v2\/types\/product"}],"wp:featuredmedia":[{"embeddable":true,"href":"https:\/\/secureus.se\/fr\/wp-json\/wp\/v2\/media\/147467"}],"wp:attachment":[{"href":"https:\/\/secureus.se\/fr\/wp-json\/wp\/v2\/media?parent=147471"}],"wp:term":[{"taxonomy":"product_brand","embeddable":true,"href":"https:\/\/secureus.se\/fr\/wp-json\/wp\/v2\/product_brand?post=147471"},{"taxonomy":"product_cat","embeddable":true,"href":"https:\/\/secureus.se\/fr\/wp-json\/wp\/v2\/product_cat?post=147471"},{"taxonomy":"product_tag","embeddable":true,"href":"https:\/\/secureus.se\/fr\/wp-json\/wp\/v2\/product_tag?post=147471"}],"curies":[{"name":"wp","href":"https:\/\/api.w.org\/{rel}","templated":true}]}}