{"id":147473,"date":"2023-09-26T13:08:15","date_gmt":"2023-09-26T11:08:15","guid":{"rendered":"https:\/\/secureus.se\/elslutbleck-step-98-omstallbar-12v-kolvkontakt\/"},"modified":"2026-04-08T16:10:57","modified_gmt":"2026-04-08T14:10:57","slug":"elslutbleck-step-98-omstallbar-12v-kolvkontakt","status":"publish","type":"product","link":"https:\/\/secureus.se\/fr\/elslutbleck-step-98-omstallbar-12v-kolvkontakt\/","title":{"rendered":"G\u00e2che \u00e9lectrique STEP 98 R\u00e9glable 12V Contact piston"},"content":{"rendered":"<h1>G\u00e2che \u00e9lectrique STEP 98 R\u00e9glable 12V Contact piston<\/h1>\n<p>La g\u00e2che \u00e9lectrique STEP 98Preload est une g\u00e2che \u00e9lectrique de haute qualit\u00e9 de la s\u00e9rie Preload de STEP, con\u00e7ue pour offrir flexibilit\u00e9, s\u00e9curit\u00e9 et fiabilit\u00e9 op\u00e9rationnelle dans les environnements de porte o\u00f9 un bouton ou une cl\u00e9 est utilis\u00e9 pour le verrouillage.<\/p>\n<p>La fonction commutable permet de basculer facilement entre la fonction avant (verrouill\u00e9e en cas de panne de courant) et la fonction arri\u00e8re (d\u00e9verrouill\u00e9e en cas de panne de courant) \u2013 parfaite pour les besoins de s\u00e9curit\u00e9 ou les environnements d&#039;exploitation changeants.<\/p>\n<p class=\"\" data-start=\"986\" data-end=\"1275\">Gr\u00e2ce \u00e0 un contact \u00e0 piston int\u00e9gr\u00e9, la g\u00e2che \u00e9lectrique peut indiquer l&#039;\u00e9tat de la porte (ouverte\/ferm\u00e9e), ce qui permet la connexion \u00e0 un syst\u00e8me de contr\u00f4le d&#039;acc\u00e8s ou \u00e0 un syst\u00e8me d&#039;alarme.<\/p>\n<p class=\"\" data-start=\"986\" data-end=\"1275\">Le STEP 98 est \u00e9galement class\u00e9 au feu selon la norme E\/EI 120, ce qui le rend adapt\u00e9 aux environnements de portes o\u00f9 les exigences de s\u00e9curit\u00e9 et d&#039;\u00e9vacuation doivent \u00eatre respect\u00e9es.<\/p>\n<p class=\"\" data-start=\"1277\" data-end=\"1577\">La g\u00e2che \u00e9lectrique est \u00e9quip\u00e9e de la technologie brevet\u00e9e de pression de bande de STEP, qui garantit que la porte peut \u00eatre ouverte malgr\u00e9 une pression de bande allant jusqu&#039;\u00e0 40 kg.<\/p>\n<p class=\"\" data-start=\"1277\" data-end=\"1577\">La conception compacte, la construction r\u00e9versible et la prise en charge des serrures \u00e0 un ou deux vantaux font de STEP 98 un choix flexible et durable.<\/p>\n<p class=\"\" data-start=\"1584\" data-end=\"1610\"><strong data-start=\"1584\" data-end=\"1610\">Caract\u00e9ristiques et avantages :<\/strong><\/p>\n<ul data-start=\"1611\" data-end=\"1947\">\n<li class=\"\" data-start=\"1611\" data-end=\"1656\">\n<p class=\"\" data-start=\"1613\" data-end=\"1656\">Fonction r\u00e9versible \u2013 avant ou arri\u00e8re<\/p>\n<\/li>\n<li class=\"\" data-start=\"1657\" data-end=\"1676\">\n<p class=\"\" data-start=\"1659\" data-end=\"1676\">Tension de fonctionnement 12 V<\/p>\n<\/li>\n<li class=\"\" data-start=\"1677\" data-end=\"1712\">\n<p class=\"\" data-start=\"1679\" data-end=\"1712\">Contact de piston pour la surveillance de l&#039;\u00e9tat<\/p>\n<\/li>\n<li class=\"\" data-start=\"1713\" data-end=\"1751\">\n<p class=\"\" data-start=\"1715\" data-end=\"1751\">Classe de feu E\/EI 120 (test\u00e9 120 min)<\/p>\n<\/li>\n<li class=\"\" data-start=\"1752\" data-end=\"1777\">\n<p class=\"\" data-start=\"1754\" data-end=\"1777\">R\u00e9sistance \u00e0 la rupture : 900 kg<\/p>\n<\/li>\n<li class=\"\" data-start=\"1778\" data-end=\"1811\">\n<p class=\"\" data-start=\"1780\" data-end=\"1811\">R\u00e9siste \u00e0 une pression allant jusqu&#039;\u00e0 40 kg<\/p>\n<\/li>\n<li class=\"\" data-start=\"1812\" data-end=\"1841\">\n<p class=\"\" data-start=\"1814\" data-end=\"1841\">Diode de protection et parasurtenseur<\/p>\n<\/li>\n<li class=\"\" data-start=\"1842\" data-end=\"1879\">\n<p class=\"\" data-start=\"1844\" data-end=\"1879\">Conception compacte \u2013 installation facile<\/p>\n<\/li>\n<li class=\"\" data-start=\"1880\" data-end=\"1912\">\n<p class=\"\" data-start=\"1882\" data-end=\"1912\">Convient aux serrures \u00e0 un ou deux vantaux<\/p>\n<\/li>\n<li class=\"\" data-start=\"1913\" data-end=\"1947\">\n<p class=\"\" data-start=\"1915\" data-end=\"1947\">R\u00e9versible pour portes droite\/gauche<\/p>\n<\/li>\n<\/ul>\n<p><strong data-start=\"1954\" data-end=\"1977\">Domaines d&#039;utilisation :<\/strong><br data-start=\"1977\" data-end=\"1980\" \/>Convient aux bureaux, \u00e9coles, associations de copropri\u00e9t\u00e9s et environnements publics o\u00f9 les portes doivent \u00eatre s\u00e9curis\u00e9es mais \u00e9galement flexibles pour diff\u00e9rents types de passage et exigences en mati\u00e8re d&#039;incendie.<\/p>\n<p class=\"\" data-start=\"2147\" data-end=\"2176\"><strong data-start=\"2147\" data-end=\"2176\">Sp\u00e9cifications techniques\u00a0:<\/strong><\/p>\n<ul data-start=\"2177\" data-end=\"2548\">\n<li class=\"\" data-start=\"2177\" data-end=\"2215\">\n<p class=\"\" data-start=\"2179\" data-end=\"2215\">Tension de fonctionnement : 12 V CC (10,8-13,8 V)<\/p>\n<\/li>\n<li class=\"\" data-start=\"2216\" data-end=\"2260\">\n<p class=\"\" data-start=\"2218\" data-end=\"2260\">Consommation de courant : 220 mA d\u00e9verrouill\u00e9, max 600 mA<\/p>\n<\/li>\n<li class=\"\" data-start=\"2261\" data-end=\"2300\">\n<p class=\"\" data-start=\"2263\" data-end=\"2300\">Charni\u00e8re de porte : Droite\/Gauche (r\u00e9versible)<\/p>\n<\/li>\n<li class=\"\" data-start=\"2301\" data-end=\"2326\">\n<p class=\"\" data-start=\"2303\" data-end=\"2326\">R\u00e9sistance \u00e0 la rupture : 900 kg<\/p>\n<\/li>\n<li class=\"\" data-start=\"2327\" data-end=\"2345\">\n<p class=\"\" data-start=\"2329\" data-end=\"2345\">Pression de la bande : 40 kg<\/p>\n<\/li>\n<li class=\"\" data-start=\"2346\" data-end=\"2381\">\n<p class=\"\" data-start=\"2348\" data-end=\"2381\">Type de serrure : Serrure \u00e0 p\u00eane simple, Serrure \u00e0 p\u00eane double<\/p>\n<\/li>\n<li class=\"\" data-start=\"2382\" data-end=\"2429\">\n<p class=\"\" data-start=\"2384\" data-end=\"2429\">Contact du piston : Microrupteur, max. 30 V CC \/ 1 A<\/p>\n<\/li>\n<li class=\"\" data-start=\"2430\" data-end=\"2461\">\n<p class=\"\" data-start=\"2432\" data-end=\"2461\">Dimensions (LxPxH) : 25 x 35 x 90 mm<\/p>\n<\/li>\n<li class=\"\" data-start=\"2462\" data-end=\"2490\">\n<p class=\"\" data-start=\"2464\" data-end=\"2490\">Couleur\/Finition : Acier inoxydable<\/p>\n<\/li>\n<li class=\"\" data-start=\"2491\" data-end=\"2508\">\n<p class=\"\" data-start=\"2493\" data-end=\"2508\">C\u00e2ble : Non inclus<\/p>\n<\/li>\n<li class=\"\" data-start=\"2509\" data-end=\"2548\">\n<p class=\"\" data-start=\"2511\" data-end=\"2548\">\u00c9valuations\u00a0: SundaHus, \u00e9valuation des mat\u00e9riaux de construction<\/p>\n<\/li>\n<\/ul>","protected":false},"excerpt":{"rendered":"<p>Vous pouvez voir ici quels poteaux et mod\u00e8les s&#039;adaptent ensemble \u00e0 partir de la gamme STEP de but\u00e9es de porte \u00e9lectriques.<\/p>\n<h5><strong><a href=\"https:\/\/steplock.com\/sv\/stolpguide\/#!?lang=sv&amp;blog_id=1&amp;paged=1&amp;number=50\" target=\"_blank\" rel=\"noopener\">Guide de publication STEP\u00a0<\/a><\/strong><\/h5>\n<h5><strong><a href=\"https:\/\/steplock.com\/sv\/projekteringsguide\/#!?lang=sv&amp;blog_id=1&amp;paged=1&amp;number=999\" target=\"_blank\" rel=\"noopener\">Guide de conception STEP<\/a><\/strong><\/h5>","protected":false},"featured_media":147472,"template":"","meta":{"_acf_changed":false},"product_brand":[],"product_cat":[3355],"product_tag":[4198,4202],"class_list":{"0":"post-147473","1":"product","2":"type-product","3":"status-publish","4":"has-post-thumbnail","6":"product_cat-elslutbleck","7":"product_tag-12v","8":"product_tag-omstallbar-rattvand-omvand","9":"product_shipping_class-tunga-paket","10":"pa_brands-step","11":"tm-no-options","13":"first","14":"onbackorder","15":"sale","16":"taxable","17":"shipping-taxable","18":"purchasable","19":"product-type-simple"},"acf":[],"_links":{"self":[{"href":"https:\/\/secureus.se\/fr\/wp-json\/wp\/v2\/product\/147473","targetHints":{"allow":["GET"]}}],"collection":[{"href":"https:\/\/secureus.se\/fr\/wp-json\/wp\/v2\/product"}],"about":[{"href":"https:\/\/secureus.se\/fr\/wp-json\/wp\/v2\/types\/product"}],"wp:featuredmedia":[{"embeddable":true,"href":"https:\/\/secureus.se\/fr\/wp-json\/wp\/v2\/media\/147472"}],"wp:attachment":[{"href":"https:\/\/secureus.se\/fr\/wp-json\/wp\/v2\/media?parent=147473"}],"wp:term":[{"taxonomy":"product_brand","embeddable":true,"href":"https:\/\/secureus.se\/fr\/wp-json\/wp\/v2\/product_brand?post=147473"},{"taxonomy":"product_cat","embeddable":true,"href":"https:\/\/secureus.se\/fr\/wp-json\/wp\/v2\/product_cat?post=147473"},{"taxonomy":"product_tag","embeddable":true,"href":"https:\/\/secureus.se\/fr\/wp-json\/wp\/v2\/product_tag?post=147473"}],"curies":[{"name":"wp","href":"https:\/\/api.w.org\/{rel}","templated":true}]}}