{"id":147712,"date":"2025-02-10T10:39:11","date_gmt":"2025-02-10T09:39:11","guid":{"rendered":"https:\/\/secureus.se\/mifare-desfire-4k-ev3-kort-1000p\/"},"modified":"2026-01-06T21:12:07","modified_gmt":"2026-01-06T20:12:07","slug":"mifare-desfire-4k-ev3-kort-1000p","status":"publish","type":"product","link":"https:\/\/secureus.se\/fr\/mifare-desfire-4k-ev3-kort-1000p\/","title":{"rendered":"Carte combo Mifare DESFire 4K NXP EV3 + EM4200 \u2013 (pack de 1000)"},"content":{"rendered":"<h1>Carte Mifare DESFire 4K NXP EV3 + EM4200 \u2013 RFID sans contact<\/h1>\n<p><span style=\"text-decoration: underline\"><strong>Ce produit est livr\u00e9 en paquets de 1000 cartes \u00e0 un prix tr\u00e8s bas.<\/strong><\/span><\/p>\n<p>Les cartes Mifare DESFire 4K NXP EV3, qui disposent \u00e9galement de l&#039;EM4200 dans la m\u00eame carte, offrent une solution s\u00e9curis\u00e9e et efficace pour le stockage et le transfert de donn\u00e9es sans contact. Equip\u00e9es d&#039;une v\u00e9ritable puce NXP et d&#039;une capacit\u00e9 m\u00e9moire de 4 Ko, ces cartes sont parfaites pour diverses applications, telles que la gestion des identit\u00e9s, le contr\u00f4le d&#039;acc\u00e8s et les micropaiements.<\/p>\n<p>Les cartes ont une taille CR80 standard (86 mm x 54 mm), ce qui les rend faciles \u00e0 utiliser et \u00e0 int\u00e9grer dans les syst\u00e8mes existants. Ils fonctionnent \u00e0 une fr\u00e9quence de 13,56 MHz, ce qui garantit une communication rapide et s\u00e9curis\u00e9e. Que vous g\u00e9riez des actifs dans un immeuble ou effectuiez des paiements, les cartes Mifare DESFire 4K offrent une solution fiable et flexible.<\/p>\n<p>Chaque paquet contient 100 cartes, ce qui en fait une option rentable pour les petites et grandes entreprises qui ont besoin d&#039;une s\u00e9curit\u00e9 \u00e9lev\u00e9e et d&#039;une facilit\u00e9 d&#039;utilisation de leurs syst\u00e8mes.<\/p>\n<p><strong>Caract\u00e9ristiques et avantages<\/strong>:<\/p>\n<ul>\n<li>Cartes sans contact avec v\u00e9ritable puce NXP<\/li>\n<li>Capacit\u00e9 de m\u00e9moire de 4 Ko pour un stockage \u00e9tendu<\/li>\n<li>Taille CR80 standard pour une utilisation facile<\/li>\n<li>Fonctionne \u00e0 13,56 MHz pour une communication rapide<\/li>\n<li>Id\u00e9al pour l&#039;identit\u00e9, le contr\u00f4le d&#039;acc\u00e8s et les micropaiements<\/li>\n<\/ul>\n<p><strong>Sp\u00e9cification technique<\/strong>:<\/p>\n<ul>\n<li><strong>Capacit\u00e9 m\u00e9moire<\/strong>: 4 Ko<\/li>\n<li><strong>Fr\u00e9quence DESFIRE <\/strong>: 13,56 MHz<\/li>\n<li><strong>Fr\u00e9quence EM4200<\/strong>: 125 kHz<\/li>\n<li><strong>Taille<\/strong>: Norme CR80 (86 mm x 54 mm)<\/li>\n<li><strong>Poids (emballage)<\/strong>: 2500 grammes<\/li>\n<\/ul>","protected":false},"excerpt":{"rendered":"<p>Carte Mifare DESFire 4K NXP EV3 + EM4200 \u2013 RFID sans contact Ce produit est livr\u00e9 en packs de 1000 cartes \u00e0 un prix tr\u00e8s bas. Les cartes Mifare DESFire 4K NXP EV3 qui \u00e9galement<\/p>","protected":false},"featured_media":147710,"template":"","meta":{"_acf_changed":false},"product_brand":[],"product_cat":[4233],"product_tag":[3143,3077,2958],"class_list":{"0":"post-147712","1":"product","2":"type-product","3":"status-publish","4":"has-post-thumbnail","6":"product_cat-rfid-kort-desfire","7":"product_tag-desfire-ev3-4k","8":"product_tag-rfid-desfire","9":"product_tag-stonehouse-produkt","10":"pa_brands-stonehouse-security","11":"pa_farg-vit","12":"pa_plastkort-teknik-desfire","13":"tm-has-options","15":"first","16":"onbackorder","17":"sale","18":"taxable","19":"shipping-taxable","20":"purchasable","21":"product-type-simple"},"acf":[],"_links":{"self":[{"href":"https:\/\/secureus.se\/fr\/wp-json\/wp\/v2\/product\/147712","targetHints":{"allow":["GET"]}}],"collection":[{"href":"https:\/\/secureus.se\/fr\/wp-json\/wp\/v2\/product"}],"about":[{"href":"https:\/\/secureus.se\/fr\/wp-json\/wp\/v2\/types\/product"}],"wp:featuredmedia":[{"embeddable":true,"href":"https:\/\/secureus.se\/fr\/wp-json\/wp\/v2\/media\/147710"}],"wp:attachment":[{"href":"https:\/\/secureus.se\/fr\/wp-json\/wp\/v2\/media?parent=147712"}],"wp:term":[{"taxonomy":"product_brand","embeddable":true,"href":"https:\/\/secureus.se\/fr\/wp-json\/wp\/v2\/product_brand?post=147712"},{"taxonomy":"product_cat","embeddable":true,"href":"https:\/\/secureus.se\/fr\/wp-json\/wp\/v2\/product_cat?post=147712"},{"taxonomy":"product_tag","embeddable":true,"href":"https:\/\/secureus.se\/fr\/wp-json\/wp\/v2\/product_tag?post=147712"}],"curies":[{"name":"wp","href":"https:\/\/api.w.org\/{rel}","templated":true}]}}