{"id":147751,"date":"2025-02-11T13:27:30","date_gmt":"2025-02-11T12:27:30","guid":{"rendered":"https:\/\/secureus.se\/kodlas-v44duo\/"},"modified":"2026-04-08T16:30:47","modified_gmt":"2026-04-08T14:30:47","slug":"kodlas-v44duo","status":"publish","type":"product","link":"https:\/\/secureus.se\/fr\/kodlas-v44duo\/","title":{"rendered":"Serrure \u00e0 code V44DUO"},"content":{"rendered":"<h1 data-start=\"227\" data-end=\"777\">CODE LOCK V44DUO est une serrure \u00e0 code polyvalente et facilement programmable qui offre le contr\u00f4le de deux portes via un seul et m\u00eame clavier.<\/h1>\n<p data-start=\"227\" data-end=\"777\">Chaque code peut \u00eatre programm\u00e9 pour ouvrir un ou les deux relais.<\/p>\n<p data-start=\"227\" data-end=\"777\">Pour plus de s\u00e9curit\u00e9, il dispose d&#039;une fonction de verrouillage, ce qui signifie que la porte 2 ne peut pas \u00eatre ouverte tant que la porte 1 n&#039;est pas ferm\u00e9e.<\/p>\n<p data-start=\"227\" data-end=\"777\">Il existe \u00e9galement des options de contr\u00f4le de porte et de sortie d&#039;alarme avec temps d&#039;avertissement r\u00e9glable, ainsi qu&#039;une fonction de sonnette int\u00e9gr\u00e9e.<\/p>\n<p data-start=\"227\" data-end=\"777\">Les codes peuvent \u00eatre contr\u00f4l\u00e9s dans le temps via deux entr\u00e9es externes et le syst\u00e8me peut \u00eatre configur\u00e9 pour un fonctionnement de jour.<\/p>\n<p data-start=\"779\" data-end=\"1208\">Avec un indice de protection IP54 et une qualit\u00e9 de fabrication en m\u00e9tal moul\u00e9 avec des boutons en acier inoxydable, le V44DUO convient \u00e0 une utilisation int\u00e9rieure et ext\u00e9rieure, avec une temp\u00e9rature de fonctionnement de -35\u00b0C \u00e0 +55\u00b0C.<\/p>\n<p data-start=\"779\" data-end=\"1208\">Pour une installation ext\u00e9rieure dans des endroits expos\u00e9s, l&#039;utilisation d&#039;une protection contre la pluie telle que SH1 ou SH2 est recommand\u00e9e.<\/p>\n<p data-start=\"779\" data-end=\"1208\">Cette serrure \u00e0 code est particuli\u00e8rement utile pour les solutions de s\u00e9curit\u00e9 o\u00f9 plusieurs portes doivent \u00eatre contr\u00f4l\u00e9es et o\u00f9 la gestion du code est requise pour une utilisation \u00e0 la fois simple et s\u00e9curis\u00e9e.<\/p>\n<p data-start=\"1210\" data-end=\"1239\"><strong data-start=\"1210\" data-end=\"1239\">Sp\u00e9cifications techniques :<\/strong><\/p>\n<ul data-start=\"1240\" data-end=\"1739\">\n<li data-start=\"1256\" data-end=\"1282\"><strong data-start=\"1258\" data-end=\"1277\">Classe de protection\u00a0:<\/strong> IP54<\/li>\n<li data-start=\"1283\" data-end=\"1352\"><strong data-start=\"1285\" data-end=\"1306\">Mat\u00e9riau du bo\u00eetier\u00a0:<\/strong> M\u00e9tal moul\u00e9, boutons en acier inoxydable, verrouillage de s\u00e9curit\u00e9<\/li>\n<li data-start=\"1353\" data-end=\"1372\"><strong data-start=\"1355\" data-end=\"1364\">Poids:<\/strong> 0,75 kg<\/li>\n<li data-start=\"1373\" data-end=\"1426\"><strong data-start=\"1375\" data-end=\"1385\">Environnement:<\/strong> Utilisation int\u00e9rieure ou ext\u00e9rieure (conception IP54)<\/li>\n<li data-start=\"1427\" data-end=\"1466\"><strong data-start=\"1429\" data-end=\"1450\">Temp\u00e9rature de fonctionnement\u00a0:<\/strong> -35 \u00e0 +55\u00b0C<\/li>\n<li data-start=\"1467\" data-end=\"1529\"><strong data-start=\"1469\" data-end=\"1486\">Capacit\u00e9 du code :<\/strong> 20 codes \u00e0 quatre chiffres, 10 codes \u00e0 six chiffres<\/li>\n<li data-start=\"1530\" data-end=\"1547\"><strong data-start=\"1532\" data-end=\"1543\">Portes:<\/strong> Deux<\/li>\n<li data-start=\"1548\" data-end=\"1595\"><strong data-start=\"1550\" data-end=\"1566\">Horaires d&#039;ouverture :<\/strong> 1 \u00e0 99 secondes, programmable<\/li>\n<li data-start=\"1596\" data-end=\"1646\"><strong data-start=\"1598\" data-end=\"1611\">R\u00e9sultats :<\/strong> Deux contacts relais, max 2 A, 28 VDC<\/li>\n<li data-start=\"1647\" data-end=\"1688\"><strong data-start=\"1649\" data-end=\"1670\">Consommation d&#039;\u00e9nergie\u00a0:<\/strong> 75 mA en mode veille<\/li>\n<li data-start=\"1689\" data-end=\"1739\"><strong data-start=\"1691\" data-end=\"1709\">Tension de fonctionnement\u00a0:<\/strong> 10 \u00e0 35 VDC, 8 \u00e0 24 VAC<\/li>\n<\/ul>\n<p data-start=\"1741\" data-end=\"1835\">","protected":false},"excerpt":{"rendered":"<p data-start=\"25\" data-end=\"225\">CODE LOCK V44DUO est une serrure \u00e0 code programmable avec deux relais pour contr\u00f4ler deux portes \u00e0 partir du m\u00eame clavier.<\/p>\n<p data-start=\"25\" data-end=\"225\">La fonction de verrouillage int\u00e9gr\u00e9e et le contr\u00f4le de la porte le rendent flexible et s\u00fbr.<\/p>\n<p data-start=\"227\" data-end=\"777\">","protected":false},"featured_media":147750,"template":"","meta":{"_acf_changed":false},"product_brand":[],"product_cat":[1481],"product_tag":[],"class_list":{"0":"post-147751","1":"product","2":"type-product","3":"status-publish","4":"has-post-thumbnail","6":"product_cat-kodlas-kodlas","7":"pa_brands-6vanderbilt","8":"tm-no-options","10":"first","11":"instock","12":"sale","13":"taxable","14":"shipping-taxable","15":"purchasable","16":"product-type-simple"},"acf":[],"_links":{"self":[{"href":"https:\/\/secureus.se\/fr\/wp-json\/wp\/v2\/product\/147751","targetHints":{"allow":["GET"]}}],"collection":[{"href":"https:\/\/secureus.se\/fr\/wp-json\/wp\/v2\/product"}],"about":[{"href":"https:\/\/secureus.se\/fr\/wp-json\/wp\/v2\/types\/product"}],"wp:featuredmedia":[{"embeddable":true,"href":"https:\/\/secureus.se\/fr\/wp-json\/wp\/v2\/media\/147750"}],"wp:attachment":[{"href":"https:\/\/secureus.se\/fr\/wp-json\/wp\/v2\/media?parent=147751"}],"wp:term":[{"taxonomy":"product_brand","embeddable":true,"href":"https:\/\/secureus.se\/fr\/wp-json\/wp\/v2\/product_brand?post=147751"},{"taxonomy":"product_cat","embeddable":true,"href":"https:\/\/secureus.se\/fr\/wp-json\/wp\/v2\/product_cat?post=147751"},{"taxonomy":"product_tag","embeddable":true,"href":"https:\/\/secureus.se\/fr\/wp-json\/wp\/v2\/product_tag?post=147751"}],"curies":[{"name":"wp","href":"https:\/\/api.w.org\/{rel}","templated":true}]}}