{"id":147757,"date":"2025-02-11T13:27:27","date_gmt":"2025-02-11T12:27:27","guid":{"rendered":"https:\/\/secureus.se\/kodlas-v42\/"},"modified":"2026-04-17T11:06:01","modified_gmt":"2026-04-17T09:06:01","slug":"kodlas-v42","status":"publish","type":"product","link":"https:\/\/secureus.se\/fr\/kodlas-v42\/","title":{"rendered":"Serrure \u00e0 code V42"},"content":{"rendered":"<h1 data-start=\"529\" data-end=\"935\">La serrure \u00e0 code V42 est l&#039;une des serrures \u00e0 code les plus vendues au monde et une solution fiable pour un contr\u00f4le d&#039;acc\u00e8s s\u00e9curis\u00e9.<\/h1>\n<p data-start=\"529\" data-end=\"935\">Avec un design \u00e9l\u00e9gant et moderne, il convient aussi bien \u00e0 une utilisation int\u00e9rieure qu&#039;ext\u00e9rieure, et sa construction robuste signifie qu&#039;il peut r\u00e9sister \u00e0 des conditions m\u00e9t\u00e9orologiques difficiles avec une protection IP54.<\/p>\n<p data-start=\"529\" data-end=\"935\">La serrure \u00e0 code est dot\u00e9e d&#039;un clavier r\u00e9tro\u00e9clair\u00e9 qui la rend facile \u00e0 utiliser m\u00eame dans des conditions d&#039;obscurit\u00e9.<\/p>\n<p data-start=\"937\" data-end=\"1227\">La serrure propose deux codes \u00e0 4 chiffres, ce qui permet \u00e0 diff\u00e9rents utilisateurs, tels que des artisans, des gestionnaires immobiliers ou des facteurs, d&#039;utiliser la serrure avec leurs propres codes.<\/p>\n<p data-start=\"937\" data-end=\"1227\">Le d\u00e9lai d\u2019une demi-seconde rend presque impossible de deviner le code correct, ce qui augmente la s\u00e9curit\u00e9.<\/p>\n<p data-start=\"1229\" data-end=\"1582\">La serrure \u00e0 combinaison V42 est con\u00e7ue pour une installation et une utilisation faciles.<\/p>\n<p data-start=\"1229\" data-end=\"1582\">Il est aliment\u00e9 par 12 \u00e0 24 VAC\/DC et a une faible consommation d&#039;\u00e9nergie de seulement 8 mA au repos.<\/p>\n<p data-start=\"1229\" data-end=\"1582\">Il dispose \u00e9galement d&#039;une fonction d&#039;ouverture \u00e0 distance avec d\u00e9lai et de deux entr\u00e9es s\u00e9par\u00e9es pour le contr\u00f4le temporel des codes.<\/p>\n<p data-start=\"1229\" data-end=\"1582\">Le relais inverseur avec sortie max 1A, 28V DC le rend flexible pour diff\u00e9rents types d&#039;installations.<\/p>\n<p data-start=\"1584\" data-end=\"1614\"><strong data-start=\"1584\" data-end=\"1612\">Caract\u00e9ristiques et avantages\u00a0:<\/strong><\/p>\n<ul data-start=\"1615\" data-end=\"1834\">\n<li data-start=\"1615\" data-end=\"1663\">Deux codes \u00e0 4 chiffres pour une utilisation flexible<\/li>\n<li data-start=\"1664\" data-end=\"1697\">D\u00e9lai pour plus de s\u00e9curit\u00e9<\/li>\n<li data-start=\"1698\" data-end=\"1748\">Clavier r\u00e9tro\u00e9clair\u00e9 pour une utilisation facile<\/li>\n<li data-start=\"1749\" data-end=\"1798\">Construction robuste et r\u00e9sistante aux intemp\u00e9ries (IP54)<\/li>\n<li data-start=\"1799\" data-end=\"1834\">Installation et utilisation faciles<\/li>\n<\/ul>\n<p data-start=\"1841\" data-end=\"1872\"><strong data-start=\"1841\" data-end=\"1870\">Sp\u00e9cifications techniques :<\/strong><\/p>\n<ul data-start=\"1873\" data-end=\"2378\">\n<li data-start=\"1873\" data-end=\"1909\">Tension de fonctionnement : 12 \u00e0 24 VAC\/DC<\/li>\n<li data-start=\"1910\" data-end=\"1943\">Consommation \u00e9lectrique : 8 mA au repos<\/li>\n<li data-start=\"1944\" data-end=\"2026\">Entr\u00e9es : Ouverture \u00e0 distance avec temporisation, deux entr\u00e9es pour le contr\u00f4le temporel des codes<\/li>\n<li data-start=\"2027\" data-end=\"2071\">Sorties : Relais inverseur (max 1A, 28V DC)<\/li>\n<li data-start=\"2072\" data-end=\"2102\">Temps d&#039;ouverture : 1 \u00e0 30 secondes<\/li>\n<li data-start=\"2103\" data-end=\"2141\">Capacit\u00e9 du code : Deux codes \u00e0 4 chiffres<\/li>\n<li data-start=\"2142\" data-end=\"2177\">Environnement : Utilisation int\u00e9rieure et ext\u00e9rieure<\/li>\n<li data-start=\"2178\" data-end=\"2202\">Classe de protection : IP54<\/li>\n<li data-start=\"2203\" data-end=\"2265\">Bo\u00eetier : M\u00e9tal moul\u00e9 sous pression, boutons en acier inoxydable et verrouillage de s\u00e9curit\u00e9<\/li>\n<li data-start=\"2266\" data-end=\"2279\">Couleur: Gris<\/li>\n<li data-start=\"2280\" data-end=\"2325\">Dimensions (L x H x P) : 80 x 140 x 40 mm<\/li>\n<li data-start=\"2326\" data-end=\"2343\">Poids : 0,72 kg<\/li>\n<li data-start=\"2344\" data-end=\"2378\">Temp\u00e9rature de fonctionnement : -35 \u00e0 +55\u00b0C<\/li>\n<\/ul>","protected":false},"excerpt":{"rendered":"<p>La serrure \u00e0 code V42 est une serrure \u00e0 code compacte et robuste avec un design moderne, parfaite pour une utilisation en ext\u00e9rieur.<\/p>\n<p>Dot\u00e9 de deux codes \u00e0 4 chiffres, il peut \u00eatre utilis\u00e9 par diff\u00e9rentes personnes, comme des artisans ou des facteurs.<\/p>\n<p>Le clavier r\u00e9tro\u00e9clair\u00e9 et le d\u00e9lai int\u00e9gr\u00e9 d&#039;une demi-seconde le rendent s\u00fbr et convivial.<\/p>\n<p>Il est class\u00e9 IP54 et peut r\u00e9sister aux environnements difficiles, ce qui le rend id\u00e9al pour les installations int\u00e9rieures et ext\u00e9rieures.<\/p>","protected":false},"featured_media":147756,"template":"","meta":{"_acf_changed":false},"product_brand":[],"product_cat":[1481],"product_tag":[],"class_list":{"0":"post-147757","1":"product","2":"type-product","3":"status-publish","4":"has-post-thumbnail","6":"product_cat-kodlas-kodlas","7":"pa_brands-6vanderbilt","8":"pa_farg-gra","9":"tm-no-options","11":"first","12":"instock","13":"sale","14":"taxable","15":"shipping-taxable","16":"purchasable","17":"product-type-simple"},"acf":[],"_links":{"self":[{"href":"https:\/\/secureus.se\/fr\/wp-json\/wp\/v2\/product\/147757","targetHints":{"allow":["GET"]}}],"collection":[{"href":"https:\/\/secureus.se\/fr\/wp-json\/wp\/v2\/product"}],"about":[{"href":"https:\/\/secureus.se\/fr\/wp-json\/wp\/v2\/types\/product"}],"wp:featuredmedia":[{"embeddable":true,"href":"https:\/\/secureus.se\/fr\/wp-json\/wp\/v2\/media\/147756"}],"wp:attachment":[{"href":"https:\/\/secureus.se\/fr\/wp-json\/wp\/v2\/media?parent=147757"}],"wp:term":[{"taxonomy":"product_brand","embeddable":true,"href":"https:\/\/secureus.se\/fr\/wp-json\/wp\/v2\/product_brand?post=147757"},{"taxonomy":"product_cat","embeddable":true,"href":"https:\/\/secureus.se\/fr\/wp-json\/wp\/v2\/product_cat?post=147757"},{"taxonomy":"product_tag","embeddable":true,"href":"https:\/\/secureus.se\/fr\/wp-json\/wp\/v2\/product_tag?post=147757"}],"curies":[{"name":"wp","href":"https:\/\/api.w.org\/{rel}","templated":true}]}}