{"id":147765,"date":"2025-02-11T13:27:26","date_gmt":"2025-02-11T12:27:26","guid":{"rendered":"https:\/\/secureus.se\/skyddshuv-sh2\/"},"modified":"2026-04-08T16:34:08","modified_gmt":"2026-04-08T14:34:08","slug":"skyddshuv-sh2","status":"publish","type":"product","link":"https:\/\/secureus.se\/fr\/skyddshuv-sh2\/","title":{"rendered":"CAPUCHE DE PROTECTION SH2"},"content":{"rendered":"<h1 data-start=\"467\" data-end=\"939\">La housse de protection SH2 est l&#039;accessoire parfait pour prot\u00e9ger les serrures \u00e0 code, les claviers et les lecteurs de cartes Bewator et Vanderbilt tels que PP500 et RB500 dans les environnements expos\u00e9s.<\/h1>\n<p data-start=\"467\" data-end=\"939\">Fabriqu\u00e9 en plastique acrylique de 5 mm, ce capot de protection robuste est con\u00e7u pour r\u00e9sister aux conditions m\u00e9t\u00e9orologiques et prot\u00e9ger l&#039;\u00e9lectronique de la pluie et de la salet\u00e9.<\/p>\n<p data-start=\"467\" data-end=\"939\">Les d\u00e9coupes pour le c\u00e2blage facilitent l&#039;installation ou le compl\u00e9ment des syst\u00e8mes existants sans avoir \u00e0 proc\u00e9der \u00e0 des modifications importantes.<\/p>\n<p data-start=\"941\" data-end=\"1293\">Le couvercle de protection est plac\u00e9 entre le mur et l&#039;arri\u00e8re du clavier, ce qui rend l&#039;installation rapide et facile.<\/p>\n<p data-start=\"941\" data-end=\"1293\">SH2 offre une protection fiable contre les intemp\u00e9ries, ce qui est particuli\u00e8rement utile dans les environnements ext\u00e9rieurs o\u00f9 les appareils sont expos\u00e9s aux \u00e9l\u00e9ments.<\/p>\n<p data-start=\"941\" data-end=\"1293\">Il fonctionne parfaitement dans les environnements commerciaux et industriels o\u00f9 la s\u00e9curit\u00e9 et la durabilit\u00e9 sont cruciales.<\/p>\n<p data-start=\"1295\" data-end=\"1325\"><strong data-start=\"1295\" data-end=\"1323\">Caract\u00e9ristiques et avantages\u00a0:<\/strong><\/p>\n<ul data-start=\"1326\" data-end=\"1557\">\n<li data-start=\"1326\" data-end=\"1365\">Prot\u00e8ge contre les intemp\u00e9ries et la salet\u00e9<\/li>\n<li data-start=\"1366\" data-end=\"1434\">Compatible avec les serrures \u00e0 code, les claviers et les lecteurs de cartes Bewator et Vanderbilt<\/li>\n<li data-start=\"1435\" data-end=\"1516\">Facile \u00e0 compl\u00e9ter les installations existantes avec des d\u00e9coupes pour le c\u00e2blage<\/li>\n<li data-start=\"1517\" data-end=\"1557\">Construction robuste pour une longue dur\u00e9e de vie<\/li>\n<\/ul>\n<p data-start=\"1564\" data-end=\"1595\"><strong data-start=\"1564\" data-end=\"1593\">Sp\u00e9cifications techniques :<\/strong><\/p>\n<ul data-start=\"1596\" data-end=\"1703\">\n<li data-start=\"1596\" data-end=\"1625\">Mat\u00e9riau : plastique acrylique de 5 mm<\/li>\n<li data-start=\"1626\" data-end=\"1665\">Dimensions (L x H x P) : 104 x 168 x 90 mm<\/li>\n<li data-start=\"1666\" data-end=\"1703\">Poids : Construction l\u00e9g\u00e8re et durable<\/li>\n<\/ul>","protected":false},"excerpt":{"rendered":"<p data-start=\"71\" data-end=\"460\">La housse de protection SH2 est une housse de protection contre la pluie pour les serrures \u00e0 code, les claviers et les lecteurs de cartes Bewator tels que PP500.<\/p>\n<p data-start=\"71\" data-end=\"460\">Il est con\u00e7u pour prot\u00e9ger les appareils dans des environnements expos\u00e9s et dispose de d\u00e9coupes pour le c\u00e2blage, ce qui facilite l&#039;installation m\u00eame en compl\u00e9ment des syst\u00e8mes existants.<\/p>\n<p data-start=\"71\" data-end=\"460\">Fabriqu\u00e9 en plastique acrylique durable de 5 mm, il offre une protection fiable contre les intemp\u00e9ries et la salet\u00e9.<\/p>","protected":false},"featured_media":147764,"template":"","meta":{"_acf_changed":false},"product_brand":[],"product_cat":[1481],"product_tag":[],"class_list":{"0":"post-147765","1":"product","2":"type-product","3":"status-publish","4":"has-post-thumbnail","6":"product_cat-kodlas-kodlas","7":"product_shipping_class-tunga-paket","8":"pa_brands-6vanderbilt","9":"tm-no-options","11":"first","12":"instock","13":"sale","14":"taxable","15":"shipping-taxable","16":"purchasable","17":"product-type-simple"},"acf":[],"_links":{"self":[{"href":"https:\/\/secureus.se\/fr\/wp-json\/wp\/v2\/product\/147765","targetHints":{"allow":["GET"]}}],"collection":[{"href":"https:\/\/secureus.se\/fr\/wp-json\/wp\/v2\/product"}],"about":[{"href":"https:\/\/secureus.se\/fr\/wp-json\/wp\/v2\/types\/product"}],"wp:featuredmedia":[{"embeddable":true,"href":"https:\/\/secureus.se\/fr\/wp-json\/wp\/v2\/media\/147764"}],"wp:attachment":[{"href":"https:\/\/secureus.se\/fr\/wp-json\/wp\/v2\/media?parent=147765"}],"wp:term":[{"taxonomy":"product_brand","embeddable":true,"href":"https:\/\/secureus.se\/fr\/wp-json\/wp\/v2\/product_brand?post=147765"},{"taxonomy":"product_cat","embeddable":true,"href":"https:\/\/secureus.se\/fr\/wp-json\/wp\/v2\/product_cat?post=147765"},{"taxonomy":"product_tag","embeddable":true,"href":"https:\/\/secureus.se\/fr\/wp-json\/wp\/v2\/product_tag?post=147765"}],"curies":[{"name":"wp","href":"https:\/\/api.w.org\/{rel}","templated":true}]}}