{"id":147767,"date":"2025-02-11T15:05:49","date_gmt":"2025-02-11T14:05:49","guid":{"rendered":"https:\/\/secureus.se\/dorrhallare-440-gra-assa-abloy\/"},"modified":"2026-04-08T15:28:32","modified_gmt":"2026-04-08T13:28:32","slug":"dorrhallare-440-gra-assa-abloy","status":"publish","type":"product","link":"https:\/\/secureus.se\/fr\/dorrhallare-440-gra-assa-abloy\/","title":{"rendered":"Arr\u00eat de porte 440 Gris \u2013 Assa Abloy"},"content":{"rendered":"<p>ASSA ABLOY 440 est un support de porte en caoutchouc noir et plastique ac\u00e9tal pour maintenir les portes en position compl\u00e8tement ouverte. En position ouverte, le support de porte est enfonc\u00e9 dans le support, de sorte que la porte reste en place. Lorsque vous tirez sur la porte, le support lib\u00e8re le support de porte. Le support est mont\u00e9 sur le mur, le support de porte sur la porte.<\/p>\n<p><b>Propri\u00e9t\u00e9s:<\/b><\/p>\n<ul>\n<li>Diam\u00e8tre du support de porte : \u00d8 23 mm<\/li>\n<li>Longueur du support de porte : 16 mm.<\/li>\n<li>Diam\u00e8tre du support : \u00d8 40 mm.<\/li>\n<li>Longueur du support : 60 mm<\/li>\n<li>Vis recommand\u00e9es : TKX 5,5 pour le support et TKX 4,5 pour le support de porte<\/li>\n<\/ul>\n<p><strong>Le paquet contient<\/strong><br \/>\n1 x support de porte<br \/>\n1 x support de porte<\/p>\n<div><\/div>","protected":false},"excerpt":{"rendered":"<p>Pour maintenir la porte en position compl\u00e8tement ouverte.<\/p>\n<p>En position ouverte, le support de porte est enfonc\u00e9 dans le support de sorte que la porte reste en place. Lorsque vous tirez ensuite sur la porte, le support lib\u00e8re le support de porte.<\/p>","protected":false},"featured_media":147766,"template":"","meta":{"_acf_changed":false},"product_brand":[],"product_cat":[4605],"product_tag":[],"class_list":{"0":"post-147767","1":"product","2":"type-product","3":"status-publish","4":"has-post-thumbnail","6":"product_cat-dorrhallare","7":"product_shipping_class-postnord-varubrev","8":"pa_brands-abloy","9":"tm-no-options","11":"first","12":"instock","13":"sale","14":"taxable","15":"shipping-taxable","16":"purchasable","17":"product-type-simple"},"acf":[],"_links":{"self":[{"href":"https:\/\/secureus.se\/fr\/wp-json\/wp\/v2\/product\/147767","targetHints":{"allow":["GET"]}}],"collection":[{"href":"https:\/\/secureus.se\/fr\/wp-json\/wp\/v2\/product"}],"about":[{"href":"https:\/\/secureus.se\/fr\/wp-json\/wp\/v2\/types\/product"}],"wp:featuredmedia":[{"embeddable":true,"href":"https:\/\/secureus.se\/fr\/wp-json\/wp\/v2\/media\/147766"}],"wp:attachment":[{"href":"https:\/\/secureus.se\/fr\/wp-json\/wp\/v2\/media?parent=147767"}],"wp:term":[{"taxonomy":"product_brand","embeddable":true,"href":"https:\/\/secureus.se\/fr\/wp-json\/wp\/v2\/product_brand?post=147767"},{"taxonomy":"product_cat","embeddable":true,"href":"https:\/\/secureus.se\/fr\/wp-json\/wp\/v2\/product_cat?post=147767"},{"taxonomy":"product_tag","embeddable":true,"href":"https:\/\/secureus.se\/fr\/wp-json\/wp\/v2\/product_tag?post=147767"}],"curies":[{"name":"wp","href":"https:\/\/api.w.org\/{rel}","templated":true}]}}