{"id":147772,"date":"2025-02-11T15:05:34","date_gmt":"2025-02-11T14:05:34","guid":{"rendered":"https:\/\/secureus.se\/dorrhallare-393-100mm-rostfri\/"},"modified":"2026-04-01T14:41:15","modified_gmt":"2026-04-01T12:41:15","slug":"dorrhallare-393-100mm-rostfri","status":"publish","type":"product","link":"https:\/\/secureus.se\/fr\/dorrhallare-393-100mm-rostfri\/","title":{"rendered":"Arr\u00eat de porte 393 100mm Inox \u2013 Habo"},"content":{"rendered":"<p>Arr\u00eat de porte en acier inoxydable avec fixation dissimul\u00e9e. Prot\u00e8ge la porte et le mur des chocs et des dommages. Pour sols en bois ou en pierre. Vis incluses. Disponible en deux hauteurs : 70mm (appel\u00e9 16318) et celui-ci en 100mm (16321).<\/p>\n<ul>\n<li>Diam\u00e8tre de la plaque : 50 mm<\/li>\n<li>Hauteur : 100 mm<\/li>\n<li>Dimensions du support : 15\u00d735 mm<\/li>\n<\/ul>","protected":false},"excerpt":{"rendered":"<p>Arr\u00eat de porte en acier inoxydable avec fixation dissimul\u00e9e. Prot\u00e8ge la porte et le mur des chocs et des dommages. Pour sols en bois ou en pierre. Vis incluses.<\/p>","protected":false},"featured_media":147769,"template":"","meta":{"_acf_changed":false},"product_brand":[],"product_cat":[4605],"product_tag":[],"class_list":{"0":"post-147772","1":"product","2":"type-product","3":"status-publish","4":"has-post-thumbnail","6":"product_cat-dorrhallare","7":"pa_brands-habo","8":"tm-no-options","10":"first","11":"instock","12":"sale","13":"taxable","14":"shipping-taxable","15":"purchasable","16":"product-type-simple"},"acf":[],"_links":{"self":[{"href":"https:\/\/secureus.se\/fr\/wp-json\/wp\/v2\/product\/147772","targetHints":{"allow":["GET"]}}],"collection":[{"href":"https:\/\/secureus.se\/fr\/wp-json\/wp\/v2\/product"}],"about":[{"href":"https:\/\/secureus.se\/fr\/wp-json\/wp\/v2\/types\/product"}],"wp:featuredmedia":[{"embeddable":true,"href":"https:\/\/secureus.se\/fr\/wp-json\/wp\/v2\/media\/147769"}],"wp:attachment":[{"href":"https:\/\/secureus.se\/fr\/wp-json\/wp\/v2\/media?parent=147772"}],"wp:term":[{"taxonomy":"product_brand","embeddable":true,"href":"https:\/\/secureus.se\/fr\/wp-json\/wp\/v2\/product_brand?post=147772"},{"taxonomy":"product_cat","embeddable":true,"href":"https:\/\/secureus.se\/fr\/wp-json\/wp\/v2\/product_cat?post=147772"},{"taxonomy":"product_tag","embeddable":true,"href":"https:\/\/secureus.se\/fr\/wp-json\/wp\/v2\/product_tag?post=147772"}],"curies":[{"name":"wp","href":"https:\/\/api.w.org\/{rel}","templated":true}]}}