{"id":147785,"date":"2025-02-11T15:45:43","date_gmt":"2025-02-11T14:45:43","guid":{"rendered":"https:\/\/secureus.se\/porthallare-271-fz-dorrbedd-1100-1300mm-assa-abloy\/"},"modified":"2026-04-13T22:16:55","modified_gmt":"2026-04-13T20:16:55","slug":"porthallare-271-fz-dorrbedd-1100-1300mm-assa-abloy","status":"publish","type":"product","link":"https:\/\/secureus.se\/fr\/porthallare-271-fz-dorrbedd-1100-1300mm-assa-abloy\/","title":{"rendered":"Arr\u00eat de porte 271 \u2013 Largeur de porte 1100-1300 mm \u2013 Assa Abloy"},"content":{"rendered":"<div>Le support de porte ASSA ABLOY 271 est un support de porte permettant de positionner une porte ou un portail en position compl\u00e8tement ouverte, \u00e0 environ 90 degr\u00e9s. Vis incluse.<\/div>\n<div><b><br \/>\nPropri\u00e9t\u00e9s:<\/b><\/div>\n<div>\n<ul>\n<li>Pour largeur de porte 1100-1300 mm. (270 peut g\u00e9rer 800-1100 mm)<\/li>\n<li>Convient aux portes droites et gauches (d\u00e9termin\u00e9 lors de l&#039;installation).<\/li>\n<li>Poids maximal de la porte : 125 kg<\/li>\n<li>En position compl\u00e8tement ouverte (environ 90 degr\u00e9s), le loquet tombe automatiquement en position de verrouillage, maintenant la porte en place.<\/li>\n<li>Lorsque la porte est pouss\u00e9e plus loin vers la position ouverte, le loquet est lib\u00e9r\u00e9, ce qui permet de fermer la porte.<\/li>\n<li>Le ressort de but\u00e9e fonctionne \u00e9galement comme un amortisseur et prot\u00e8ge ainsi la porte et les charni\u00e8res.<\/li>\n<\/ul>\n<\/div>","protected":false},"excerpt":{"rendered":"<p>Arr\u00eat de porte ASSA ABLOY 271<\/p>","protected":false},"featured_media":147786,"template":"","meta":{"_acf_changed":false},"product_brand":[],"product_cat":[4607],"product_tag":[],"class_list":{"0":"post-147785","1":"product","2":"type-product","3":"status-publish","4":"has-post-thumbnail","6":"product_cat-porthallare","7":"product_shipping_class-tunga-paket","8":"pa_brands-abloy","9":"tm-no-options","11":"first","12":"instock","13":"sale","14":"taxable","15":"shipping-taxable","16":"purchasable","17":"product-type-simple"},"acf":[],"_links":{"self":[{"href":"https:\/\/secureus.se\/fr\/wp-json\/wp\/v2\/product\/147785","targetHints":{"allow":["GET"]}}],"collection":[{"href":"https:\/\/secureus.se\/fr\/wp-json\/wp\/v2\/product"}],"about":[{"href":"https:\/\/secureus.se\/fr\/wp-json\/wp\/v2\/types\/product"}],"wp:featuredmedia":[{"embeddable":true,"href":"https:\/\/secureus.se\/fr\/wp-json\/wp\/v2\/media\/147786"}],"wp:attachment":[{"href":"https:\/\/secureus.se\/fr\/wp-json\/wp\/v2\/media?parent=147785"}],"wp:term":[{"taxonomy":"product_brand","embeddable":true,"href":"https:\/\/secureus.se\/fr\/wp-json\/wp\/v2\/product_brand?post=147785"},{"taxonomy":"product_cat","embeddable":true,"href":"https:\/\/secureus.se\/fr\/wp-json\/wp\/v2\/product_cat?post=147785"},{"taxonomy":"product_tag","embeddable":true,"href":"https:\/\/secureus.se\/fr\/wp-json\/wp\/v2\/product_tag?post=147785"}],"curies":[{"name":"wp","href":"https:\/\/api.w.org\/{rel}","templated":true}]}}