{"id":147836,"date":"2025-02-12T16:15:38","date_gmt":"2025-02-12T15:15:38","guid":{"rendered":"https:\/\/secureus.se\/ajax-hub-bp-4g-batteridriven-vit\/"},"modified":"2026-03-11T14:47:52","modified_gmt":"2026-03-11T13:47:52","slug":"ajax-hub-bp-4g-batteridriven-vit","status":"publish","type":"product","link":"https:\/\/secureus.se\/fr\/ajax-hub-bp-4g-batteridriven-vit\/","title":{"rendered":"Ajax Hub BP 4G aliment\u00e9 par batterie \u2013 Blanc"},"content":{"rendered":"<h3 data-start=\"0\" data-end=\"63\"><strong data-start=\"0\" data-end=\"63\">Hub BP \u2013 Centre de s\u00e9curit\u00e9 aliment\u00e9 par batterie pour les lieux sans \u00e9lectricit\u00e9<\/strong><\/h3>\n<p data-start=\"65\" data-end=\"404\">Hub BP est un dispositif central innovant d&#039;Ajax, con\u00e7u pour assurer la s\u00e9curit\u00e9 m\u00eame lorsque le r\u00e9seau \u00e9lectrique n&#039;est pas fiable ou totalement indisponible. Id\u00e9al pour les maisons vides, les chantiers de construction, les bureaux ou autres emplacements \u00e9loign\u00e9s, Hub BP offre une solution de s\u00e9curit\u00e9 robuste et flexible avec une longue dur\u00e9e de vie de la batterie et une communication fiable via 4G\/LTE.<\/p>\n<h3 data-start=\"411\" data-end=\"433\">Caract\u00e9ristiques principales<\/h3>\n<ul data-start=\"435\" data-end=\"2066\">\n<li data-start=\"435\" data-end=\"665\">\n<p data-start=\"437\" data-end=\"665\"><strong data-start=\"437\" data-end=\"461\">Fonctionnement sur batterie :<\/strong><br data-start=\"461\" data-end=\"464\" \/>Fonctionne enti\u00e8rement avec des batteries internes ou externes. Par exemple, choisissez une batterie plomb-acide 12 V 7,2 Ah pour jusqu&#039;\u00e0 2 mois de fonctionnement ou une option 7,2 V 95 Ah pouvant fournir jusqu&#039;\u00e0 17 mois de fonctionnement.<\/p>\n<\/li>\n<li data-start=\"667\" data-end=\"839\">\n<p data-start=\"669\" data-end=\"839\"><strong data-start=\"669\" data-end=\"700\">4G\/LTE avec double SIM :<\/strong><br data-start=\"700\" data-end=\"703\" \/>Deux emplacements micro-SIM assurent une connexion stable et s\u00e9curis\u00e9e, vous assurant d&#039;\u00eatre toujours connect\u00e9, quelle que soit la situation du r\u00e9seau.<\/p>\n<\/li>\n<li data-start=\"841\" data-end=\"1022\">\n<p data-start=\"843\" data-end=\"1022\"><strong data-start=\"843\" data-end=\"861\">Antenne externe :<\/strong><br data-start=\"861\" data-end=\"864\" \/>Am\u00e9liorez la port\u00e9e du signal avec la possibilit\u00e9 de connecter des antennes externes. Les antennes int\u00e9gr\u00e9es servent de secours si l&#039;antenne externe est endommag\u00e9e.<\/p>\n<\/li>\n<li data-start=\"1024\" data-end=\"1183\">\n<p data-start=\"1026\" data-end=\"1183\"><strong data-start=\"1026\" data-end=\"1056\">Compatibilit\u00e9 compl\u00e8te :<\/strong><br data-start=\"1056\" data-end=\"1059\" \/>Hub BP est enti\u00e8rement compatible avec tous les produits Ajax, ce qui le rend facile \u00e0 int\u00e9grer dans votre syst\u00e8me de s\u00e9curit\u00e9 existant.<\/p>\n<\/li>\n<li data-start=\"1185\" data-end=\"1331\">\n<p data-start=\"1187\" data-end=\"1331\"><strong data-start=\"1187\" data-end=\"1213\">Large port\u00e9e sans fil :<\/strong><br data-start=\"1213\" data-end=\"1216\" \/>Avec une port\u00e9e allant jusqu&#039;\u00e0 2000 m\u00e8tres en terrain d\u00e9gag\u00e9, vous pouvez couvrir de grandes surfaces et plusieurs b\u00e2timents sans aucun probl\u00e8me.<\/p>\n<\/li>\n<li data-start=\"1333\" data-end=\"1487\">\n<p data-start=\"1335\" data-end=\"1487\"><strong data-start=\"1335\" data-end=\"1366\">Gestion int\u00e9gr\u00e9e des cam\u00e9ras\u00a0:<\/strong><br data-start=\"1366\" data-end=\"1369\" \/>La prise en charge des cam\u00e9ras IR Ajax permet \u00e0 l&#039;appareil de prendre des images en rafale lors d&#039;\u00e9v\u00e9nements d&#039;alarme, ce qui est parfait pour v\u00e9rifier les \u00e9v\u00e9nements.<\/p>\n<\/li>\n<li data-start=\"1489\" data-end=\"1712\">\n<p data-start=\"1491\" data-end=\"1712\"><strong data-start=\"1491\" data-end=\"1515\">Configuration facile :<\/strong><br data-start=\"1515\" data-end=\"1518\" \/>G\u00e9rez et configurez le syst\u00e8me via les applications gratuites Ajax PRO (pour les installateurs) et Ajax Security System (pour les utilisateurs). Il existe \u00e9galement une version PRO Desktop pour Windows et macOS.<\/p>\n<\/li>\n<li data-start=\"1714\" data-end=\"1887\">\n<p data-start=\"1716\" data-end=\"1887\"><strong data-start=\"1716\" data-end=\"1746\">Mises \u00e0 jour automatiques\u00a0:<\/strong><br data-start=\"1746\" data-end=\"1749\" \/>Les mises \u00e0 jour du micrologiciel se produisent automatiquement lorsque le syst\u00e8me est d\u00e9sarm\u00e9, vous garantissant ainsi de toujours disposer de la version la plus r\u00e9cente et la plus s\u00e9curis\u00e9e.<\/p>\n<\/li>\n<li data-start=\"1889\" data-end=\"2066\">\n<p data-start=\"1891\" data-end=\"2066\"><strong data-start=\"1891\" data-end=\"1914\">Sc\u00e9narios flexibles\u00a0:<\/strong><br data-start=\"1914\" data-end=\"1917\" \/>Cr\u00e9ez jusqu&#039;\u00e0 32 sc\u00e9narios pour, par exemple, contr\u00f4ler l&#039;\u00e9clairage, couper l&#039;alimentation en eau ou ouvrir les portes du garage d&#039;une simple pression sur un bouton.<\/p>\n<\/li>\n<\/ul>\n<hr data-start=\"2303\" data-end=\"2306\" \/>\n<p data-start=\"2328\" data-end=\"2769\">Hub BP est la solution ultime pour assurer la s\u00e9curit\u00e9 de vos propri\u00e9t\u00e9s, m\u00eame lorsque l&#039;acc\u00e8s \u00e0 l&#039;\u00e9lectricit\u00e9 est limit\u00e9. Avec un fonctionnement robuste aliment\u00e9 par batterie, une communication 4G\/LTE fiable, une grande port\u00e9e et une int\u00e9gration facile avec toute la gamme Ajax, vous obtenez un centre de s\u00e9curit\u00e9 \u00e0 la fois flexible et facile \u00e0 utiliser. Que vous prot\u00e9giez une maison vide ou un syst\u00e8me d&#039;installation complexe, Hub BP offre une tranquillit\u00e9 d&#039;esprit et une protection continue, jour apr\u00e8s jour.<\/p>\n<p data-start=\"2771\" data-end=\"2865\" data-is-last-node=\"\">Choisissez Hub BP pour une solution de s\u00e9curit\u00e9 compl\u00e8te et fiable qui vous permet de rester toujours connect\u00e9 !<\/p>","protected":false},"excerpt":{"rendered":"<p data-start=\"0\" data-end=\"63\"><strong data-start=\"0\" data-end=\"63\">Hub BP \u2013 Centre de s\u00e9curit\u00e9 aliment\u00e9 par batterie pour les lieux sans \u00e9lectricit\u00e9<\/strong><\/p>\n<p data-start=\"65\" data-end=\"404\">Hub BP est un dispositif central innovant d&#039;Ajax, con\u00e7u pour assurer la s\u00e9curit\u00e9 m\u00eame lorsque le r\u00e9seau \u00e9lectrique n&#039;est pas fiable ou totalement indisponible. Id\u00e9al pour les maisons vides, les chantiers de construction, les bureaux ou autres emplacements \u00e9loign\u00e9s, Hub BP offre une solution de s\u00e9curit\u00e9 robuste et flexible avec une longue dur\u00e9e de vie de la batterie et une communication fiable via 4G\/LTE.<\/p>","protected":false},"featured_media":151918,"template":"","meta":{"_acf_changed":false},"product_brand":[],"product_cat":[3154],"product_tag":[4863],"class_list":{"0":"post-147836","1":"product","2":"type-product","3":"status-publish","4":"has-post-thumbnail","6":"product_cat-centralenheter","7":"product_tag-pf","8":"product_shipping_class-tunga-paket","9":"pa_brands-ajax-systems","10":"pa_farg-svart","11":"pa_farg-vit","12":"tm-no-options","14":"first","15":"instock","16":"sale","17":"taxable","18":"shipping-taxable","19":"purchasable","20":"product-type-simple"},"acf":[],"_links":{"self":[{"href":"https:\/\/secureus.se\/fr\/wp-json\/wp\/v2\/product\/147836","targetHints":{"allow":["GET"]}}],"collection":[{"href":"https:\/\/secureus.se\/fr\/wp-json\/wp\/v2\/product"}],"about":[{"href":"https:\/\/secureus.se\/fr\/wp-json\/wp\/v2\/types\/product"}],"wp:featuredmedia":[{"embeddable":true,"href":"https:\/\/secureus.se\/fr\/wp-json\/wp\/v2\/media\/151918"}],"wp:attachment":[{"href":"https:\/\/secureus.se\/fr\/wp-json\/wp\/v2\/media?parent=147836"}],"wp:term":[{"taxonomy":"product_brand","embeddable":true,"href":"https:\/\/secureus.se\/fr\/wp-json\/wp\/v2\/product_brand?post=147836"},{"taxonomy":"product_cat","embeddable":true,"href":"https:\/\/secureus.se\/fr\/wp-json\/wp\/v2\/product_cat?post=147836"},{"taxonomy":"product_tag","embeddable":true,"href":"https:\/\/secureus.se\/fr\/wp-json\/wp\/v2\/product_tag?post=147836"}],"curies":[{"name":"wp","href":"https:\/\/api.w.org\/{rel}","templated":true}]}}