{"id":147856,"date":"2025-02-13T15:24:30","date_gmt":"2025-02-13T14:24:30","guid":{"rendered":"https:\/\/secureus.se\/batteribox-sbb2-45-vagg-max-2x45ah\/"},"modified":"2025-12-31T21:48:01","modified_gmt":"2025-12-31T20:48:01","slug":"batteribox-sbb2-45-vagg-max-2x45ah","status":"publish","type":"product","link":"https:\/\/secureus.se\/fr\/batteribox-sbb2-45-vagg-max-2x45ah\/","title":{"rendered":"Coffret de batterie SBB2-45 mural max 2x45Ah"},"content":{"rendered":"<h1 data-start=\"456\" data-end=\"918\">Le bo\u00eetier de batterie SBB2-45 est con\u00e7u pour g\u00e9rer des batteries entre 7 et 45 Ah et offre une solution s\u00fbre et efficace pour l&#039;alimentation \u00e9lectrique des syst\u00e8mes de s\u00e9curit\u00e9 et d&#039;autres applications.<\/h1>\n<p data-start=\"456\" data-end=\"918\">Il est \u00e9quip\u00e9 d&#039;un centre de batterie de type MCB 32A et est livr\u00e9 avec un c\u00e2blage interne, ce qui rend l&#039;installation rapide et facile.<\/p>\n<p data-start=\"456\" data-end=\"918\">Le bo\u00eetier de batterie s&#039;adapte au SM40 et est con\u00e7u pour un montage mural, ce qui permet d&#039;\u00e9conomiser de l&#039;espace et de maintenir l&#039;installation bien rang\u00e9e.<\/p>\n<p data-start=\"920\" data-end=\"1271\">La conception enti\u00e8rement ferm\u00e9e offre une bonne protection contre la poussi\u00e8re et l&#039;humidit\u00e9, ce qui lui permet d&#039;\u00eatre utilis\u00e9 aussi bien \u00e0 l&#039;int\u00e9rieur que dans des environnements plus difficiles.<\/p>\n<p data-start=\"920\" data-end=\"1271\">Le bo\u00eetier de batterie a des dimensions de 180 mm de profondeur, 320 mm de hauteur et 420 mm de largeur, ce qui le rend facile \u00e0 int\u00e9grer dans la plupart des installations.<\/p>\n<p data-start=\"920\" data-end=\"1271\">Le produit b\u00e9n\u00e9ficie d&#039;une garantie de 24 mois, ce qui offre une tranquillit\u00e9 d&#039;esprit pour une utilisation \u00e0 long terme.<\/p>\n<p data-start=\"1273\" data-end=\"1303\"><strong data-start=\"1273\" data-end=\"1301\">Caract\u00e9ristiques et avantages\u00a0:<\/strong><\/p>\n<ul data-start=\"1304\" data-end=\"1531\">\n<li data-start=\"1304\" data-end=\"1343\">Convient aux batteries de 7Ah \u00e0 45Ah<\/li>\n<li data-start=\"1344\" data-end=\"1396\">Comprend un c\u00e2blage interne pour une installation facile<\/li>\n<li data-start=\"1397\" data-end=\"1481\">Equip\u00e9 d&#039;un centre de batterie de type MCB 32A et d&#039;un c\u00e2ble pour la connexion au redresseur<\/li>\n<li data-start=\"1482\" data-end=\"1531\">Conception enti\u00e8rement ferm\u00e9e et durable pour montage mural<\/li>\n<\/ul>\n<p data-start=\"1538\" data-end=\"1569\"><strong data-start=\"1538\" data-end=\"1567\">Sp\u00e9cifications techniques :<\/strong><\/p>\n<ul data-start=\"1570\" data-end=\"1823\">\n<li data-start=\"1570\" data-end=\"1598\">Capacit\u00e9 de la batterie : 7\u201345 Ah<\/li>\n<li data-start=\"1599\" data-end=\"1630\">Centre de batterie : type MCB 32A<\/li>\n<li data-start=\"1631\" data-end=\"1664\">C\u00e2blage : C\u00e2blage interne inclus<\/li>\n<li data-start=\"1665\" data-end=\"1705\">Dimensions (L x H x P) : 420 x 320 x 180 mm<\/li>\n<li data-start=\"1706\" data-end=\"1738\">Certification : Non certifi\u00e9<\/li>\n<li data-start=\"1739\" data-end=\"1762\">Garantie: 24 mois<\/li>\n<li data-start=\"1763\" data-end=\"1779\">Compatible avec : SM40<\/li>\n<li data-start=\"1780\" data-end=\"1803\">Marque : Swanson<\/li>\n<\/ul>","protected":false},"excerpt":{"rendered":"<p>Le coffre \u00e0 batterie SBB2-45 pour mur est un coffre \u00e0 batterie robuste et enti\u00e8rement ferm\u00e9 qui peut contenir des batteries de 7 \u00e0 45 Ah.<\/p>\n<p>Il est livr\u00e9 avec un c\u00e2blage interne et un centre de batterie de type MCB 32A pour une connexion facile aux redresseurs.<\/p>\n<p>Convient au SM40 et offre une solution d&#039;alimentation pratique avec une installation facile et une longue dur\u00e9e de vie.<\/p>","protected":false},"featured_media":147855,"template":"","meta":{"_acf_changed":false},"product_brand":[],"product_cat":[4613,2428],"product_tag":[],"class_list":{"0":"post-147856","1":"product","2":"type-product","3":"status-publish","4":"has-post-thumbnail","6":"product_cat-batteribox","7":"product_cat-stromforsorjning-batterier","8":"pa_brands-swansons","9":"tm-no-options","11":"first","12":"instock","13":"taxable","14":"shipping-taxable","15":"purchasable","16":"product-type-simple"},"acf":[],"_links":{"self":[{"href":"https:\/\/secureus.se\/fr\/wp-json\/wp\/v2\/product\/147856","targetHints":{"allow":["GET"]}}],"collection":[{"href":"https:\/\/secureus.se\/fr\/wp-json\/wp\/v2\/product"}],"about":[{"href":"https:\/\/secureus.se\/fr\/wp-json\/wp\/v2\/types\/product"}],"wp:featuredmedia":[{"embeddable":true,"href":"https:\/\/secureus.se\/fr\/wp-json\/wp\/v2\/media\/147855"}],"wp:attachment":[{"href":"https:\/\/secureus.se\/fr\/wp-json\/wp\/v2\/media?parent=147856"}],"wp:term":[{"taxonomy":"product_brand","embeddable":true,"href":"https:\/\/secureus.se\/fr\/wp-json\/wp\/v2\/product_brand?post=147856"},{"taxonomy":"product_cat","embeddable":true,"href":"https:\/\/secureus.se\/fr\/wp-json\/wp\/v2\/product_cat?post=147856"},{"taxonomy":"product_tag","embeddable":true,"href":"https:\/\/secureus.se\/fr\/wp-json\/wp\/v2\/product_tag?post=147856"}],"curies":[{"name":"wp","href":"https:\/\/api.w.org\/{rel}","templated":true}]}}