{"id":147868,"date":"2025-02-14T11:54:10","date_gmt":"2025-02-14T10:54:10","guid":{"rendered":"https:\/\/secureus.se\/kolsyreslackare-co2-2kg\/"},"modified":"2026-04-22T20:22:55","modified_gmt":"2026-04-22T18:22:55","slug":"kolsyreslackare-co2-2kg","status":"publish","type":"product","link":"https:\/\/secureus.se\/fr\/kolsyreslackare-co2-2kg\/","title":{"rendered":"Extincteur au dioxyde de carbone Co2 2 kg \u2013 Extinction efficace des incendies de classe B"},"content":{"rendered":"<h3><strong>Extincteur au dioxyde de carbone Co2 2 kg \u2013 Extinction efficace des incendies de classe B<\/strong><\/h3>\n<p>Celui-ci <strong>extincteur au dioxyde de carbone Co2 2 kg<\/strong> est une solution fiable et efficace pour la protection incendie, en particulier pour les liquides inflammables (classe B). L&#039;extincteur est construit selon la norme UNI EN 3-7:2008 et r\u00e9pond aux exigences de la directive sur les \u00e9quipements sous pression PED 2014\/68\/UE. Il est \u00e9galement certifi\u00e9 volontairement avec contr\u00f4le qualit\u00e9 par Bureau Veritas Italia, garantissant la plus haute s\u00e9curit\u00e9 et performance.<\/p>\n<p>L&#039;extincteur au dioxyde de carbone contient 99,99 % de dioxyde de carbone et ne laisse aucun r\u00e9sidu, ce qui le rend particuli\u00e8rement adapt\u00e9 aux \u00e9quipements \u00e9lectroniques sensibles et aux syst\u00e8mes \u00e9lectriques jusqu&#039;\u00e0 1000 V. Sa construction robuste en acier haute r\u00e9sistance avec rev\u00eatement \u00e9poxy polyester RAL 3000 assure une longue durabilit\u00e9 et une protection contre la corrosion.<\/p>\n<p><strong>Caract\u00e9ristiques et avantages :<\/strong><\/p>\n<ul>\n<li><strong>Extinction efficace des liquides inflammables<\/strong> (classe B)<\/li>\n<li><strong>\u00c9lectriquement s\u00fbr<\/strong> \u2013 peut \u00eatre utilis\u00e9 sur des \u00e9quipements jusqu&#039;\u00e0 1000 V<\/li>\n<li><strong>Construction durable<\/strong> en acier alli\u00e9 avec rev\u00eatement \u00e9poxy polyester<\/li>\n<li><strong>Facile \u00e0 utiliser<\/strong> avec valve et poign\u00e9e ergonomiques<\/li>\n<li><strong>Qualit\u00e9 certifi\u00e9e<\/strong> selon UNI EN 3-7:2008 et PED 2014\/68\/UE<\/li>\n<\/ul>\n<p><strong>Sp\u00e9cifications techniques :<\/strong><\/p>\n<ul>\n<li><strong>Moyens d&#039;extinction :<\/strong> 99,99 % Co2<\/li>\n<li><strong>Classe de feu\u00a0:<\/strong> 34B<\/li>\n<li><strong>Temp\u00e9rature de fonctionnement :<\/strong> -30\u00b0C \u00e0 +60\u00b0C<\/li>\n<li><strong>Remplissage nominal :<\/strong> 2 kg<\/li>\n<li><strong>Poids total:<\/strong> ~5,1 kg<\/li>\n<li><strong>Hauteur:<\/strong> 575 mm<\/li>\n<li><strong>Temps de vidange :<\/strong> 7,5 secondes<\/li>\n<li><strong>Couple max:<\/strong> 128 Nm<\/li>\n<li><strong>Pression d&#039;essai du r\u00e9servoir :<\/strong> 250 bars<\/li>\n<li><strong>Capacit\u00e9 du r\u00e9servoir :<\/strong> 3 litres<\/li>\n<li><strong>Pression de la soupape de s\u00e9curit\u00e9 :<\/strong> 195 +\/- 15\/-23 bars<\/li>\n<li><strong>Mat\u00e9riel:<\/strong> Acier alli\u00e9<\/li>\n<li><strong>Traitement de surface :<\/strong> \u00c9poxy polyester RAL 3000, sabl\u00e9 et peint par poudrage<\/li>\n<\/ul>\n<p>&nbsp;<\/p>","protected":false},"excerpt":{"rendered":"<ul>\n<li>Extincteur au dioxyde de carbone Co2 5 kg, certifi\u00e9 selon les normes UNI EN 3-7:2008 et PED 2014\/68\/UE. Sans danger pour les \u00e9quipements \u00e9lectriques jusqu&#039;\u00e0 1000 V. Extinction efficace pour les feux de classe B, avec une temp\u00e9rature de fonctionnement de -20\u00b0C \u00e0 +60\u00b0C.<\/li>\n<\/ul>","protected":false},"featured_media":147867,"template":"","meta":{"_acf_changed":false},"product_brand":[],"product_cat":[1533],"product_tag":[],"class_list":{"0":"post-147868","1":"product","2":"type-product","3":"status-publish","4":"has-post-thumbnail","6":"product_cat-brandslackare","7":"tm-no-options","9":"first","10":"outofstock","11":"sale","12":"taxable","13":"shipping-taxable","14":"purchasable","15":"product-type-simple"},"acf":[],"_links":{"self":[{"href":"https:\/\/secureus.se\/fr\/wp-json\/wp\/v2\/product\/147868","targetHints":{"allow":["GET"]}}],"collection":[{"href":"https:\/\/secureus.se\/fr\/wp-json\/wp\/v2\/product"}],"about":[{"href":"https:\/\/secureus.se\/fr\/wp-json\/wp\/v2\/types\/product"}],"wp:featuredmedia":[{"embeddable":true,"href":"https:\/\/secureus.se\/fr\/wp-json\/wp\/v2\/media\/147867"}],"wp:attachment":[{"href":"https:\/\/secureus.se\/fr\/wp-json\/wp\/v2\/media?parent=147868"}],"wp:term":[{"taxonomy":"product_brand","embeddable":true,"href":"https:\/\/secureus.se\/fr\/wp-json\/wp\/v2\/product_brand?post=147868"},{"taxonomy":"product_cat","embeddable":true,"href":"https:\/\/secureus.se\/fr\/wp-json\/wp\/v2\/product_cat?post=147868"},{"taxonomy":"product_tag","embeddable":true,"href":"https:\/\/secureus.se\/fr\/wp-json\/wp\/v2\/product_tag?post=147868"}],"curies":[{"name":"wp","href":"https:\/\/api.w.org\/{rel}","templated":true}]}}