{"id":147918,"date":"2025-02-17T12:59:02","date_gmt":"2025-02-17T11:59:02","guid":{"rendered":"https:\/\/secureus.se\/?post_type=product&#038;p=147918"},"modified":"2026-04-08T15:27:48","modified_gmt":"2026-04-08T13:27:48","slug":"fonsterhallare-225-vit","status":"publish","type":"product","link":"https:\/\/secureus.se\/fr\/fonsterhallare-225-vit\/","title":{"rendered":"Support de fen\u00eatre 225 Blanc"},"content":{"rendered":"<div>Le support de fen\u00eatre ASSA ABLOY 225 est utilis\u00e9 pour les fen\u00eatres s&#039;ouvrant vers l&#039;ext\u00e9rieur.<\/div>\n<div><b><br \/>Propri\u00e9t\u00e9s: <\/b><\/div>\n<div>\n<ul>\n<li>La position d&#039;ouverture souhait\u00e9e est fix\u00e9e \u00e0 l&#039;aide de la vis de r\u00e9glage.<\/li>\n<li>Convient aussi bien \u00e0 droite qu&#039;\u00e0 gauche<\/li>\n<li>Pour les largeurs d&#039;arc inf\u00e9rieures \u00e0 500 mm (230 pour les largeurs d&#039;arc sup\u00e9rieures \u00e0 500 mm)<\/li>\n<li>Peut \u00e9galement \u00eatre utilis\u00e9 pour la mise en place d&#039;un arc s\u00e9par\u00e9. Soulevez la goupille de la tige, d\u00e9connectez la tige du support de tige et accrochez-la dans la rondelle du cerceau ext\u00e9rieur<\/li>\n<li>Vis recommand\u00e9es : support de tige TKX 4,0 mm et support de cadre TKFX 3,5 mm<\/li>\n<li>ATTENTION! Pas de s\u00e9curit\u00e9 pour les enfants<\/li>\n<\/ul>\n<\/div>\n<div><b><br \/>Montage:<\/b><\/div>\n<div>\n<ul>\n<li>Assembler selon les instructions<\/li>\n<li>Les dimensions sont calcul\u00e9es \u00e0 partir du c\u00f4t\u00e9 charni\u00e8re.<\/li>\n<li>Le support de tige est mont\u00e9 de mani\u00e8re \u00e0 ce que la tige soit parall\u00e8le au cadre.<\/li>\n<li>La rondelle est mont\u00e9e sur le cadre ext\u00e9rieur apr\u00e8s avoir r\u00e9alis\u00e9 un \u00e9videment pour l&#039;extr\u00e9mit\u00e9 de la tige.<\/li>\n<\/ul>\n<\/div>\n<div><\/div>\n<div><\/div>","protected":false},"excerpt":{"rendered":"<p>Le support de fen\u00eatre ASSA ABLOY 225 est utilis\u00e9 pour les fen\u00eatres s&#039;ouvrant vers l&#039;ext\u00e9rieur. Propri\u00e9t\u00e9s : La position d&#039;ouverture souhait\u00e9e est fix\u00e9e avec la vis de r\u00e9glage Convient \u00e0 droite et \u00e0 gauche Pour les largeurs d&#039;arc inf\u00e9rieures \u00e0 500 mm (230 pour les largeurs d&#039;arc sup\u00e9rieures \u00e0 500 mm)<\/p>","protected":false},"featured_media":147917,"template":"","meta":{"_acf_changed":false},"product_brand":[],"product_cat":[4649],"product_tag":[],"class_list":{"0":"post-147918","1":"product","2":"type-product","3":"status-publish","4":"has-post-thumbnail","6":"product_cat-fonsterhallare","7":"product_shipping_class-postnord-varubrev","8":"pa_brands-abloy","9":"tm-no-options","11":"first","12":"instock","13":"sale","14":"taxable","15":"shipping-taxable","16":"purchasable","17":"product-type-simple"},"acf":[],"_links":{"self":[{"href":"https:\/\/secureus.se\/fr\/wp-json\/wp\/v2\/product\/147918","targetHints":{"allow":["GET"]}}],"collection":[{"href":"https:\/\/secureus.se\/fr\/wp-json\/wp\/v2\/product"}],"about":[{"href":"https:\/\/secureus.se\/fr\/wp-json\/wp\/v2\/types\/product"}],"wp:featuredmedia":[{"embeddable":true,"href":"https:\/\/secureus.se\/fr\/wp-json\/wp\/v2\/media\/147917"}],"wp:attachment":[{"href":"https:\/\/secureus.se\/fr\/wp-json\/wp\/v2\/media?parent=147918"}],"wp:term":[{"taxonomy":"product_brand","embeddable":true,"href":"https:\/\/secureus.se\/fr\/wp-json\/wp\/v2\/product_brand?post=147918"},{"taxonomy":"product_cat","embeddable":true,"href":"https:\/\/secureus.se\/fr\/wp-json\/wp\/v2\/product_cat?post=147918"},{"taxonomy":"product_tag","embeddable":true,"href":"https:\/\/secureus.se\/fr\/wp-json\/wp\/v2\/product_tag?post=147918"}],"curies":[{"name":"wp","href":"https:\/\/api.w.org\/{rel}","templated":true}]}}