{"id":147949,"date":"2025-02-17T12:59:05","date_gmt":"2025-02-17T11:59:05","guid":{"rendered":"https:\/\/secureus.se\/?post_type=product&#038;p=147949"},"modified":"2026-04-08T15:26:55","modified_gmt":"2026-04-08T13:26:55","slug":"fonsterhallare-220-vit","status":"publish","type":"product","link":"https:\/\/secureus.se\/fr\/fonsterhallare-220-vit\/","title":{"rendered":"Support de fen\u00eatre 220 Blanc"},"content":{"rendered":"<div>Le support de fen\u00eatre ASSA ABLOY 220 est adapt\u00e9 aux fen\u00eatres s&#039;ouvrant vers l&#039;int\u00e9rieur avec ch\u00e2ssis \u00e0 feuillure.<\/div>\n<div><b><br \/>\nPropri\u00e9t\u00e9s:<\/b><\/div>\n<div>\n<ul>\n<li>La position d&#039;ouverture souhait\u00e9e est fix\u00e9e \u00e0 l&#039;aide de la vis de r\u00e9glage.<\/li>\n<li>Convient aussi bien \u00e0 droite qu&#039;\u00e0 gauche<\/li>\n<li>Vis recommand\u00e9es : support de tige TFX 4,0 mm et support d&#039;arche TKFX 3,5 mm<\/li>\n<li>Pour les largeurs d&#039;arc sup\u00e9rieures \u00e0 500 mm (202 pour les largeurs d&#039;arc inf\u00e9rieures \u00e0 500 mm)<\/li>\n<li>ATTENTION! Pas de s\u00e9curit\u00e9 pour les enfants<\/li>\n<\/ul>\n<\/div>\n<div><b><br \/>\nMontage:<\/b><\/div>\n<div>\n<ul>\n<li>Assemblez le support de fen\u00eatre pour ch\u00e2ssis suspendu \u00e0 droite ou \u00e0 gauche.<\/li>\n<li>Appuyez sur la goupille du support de tige pour qu&#039;elle s&#039;enclenche en place.<\/li>\n<li>Installer selon les instructions ci-jointes.<\/li>\n<li>Les dimensions sont calcul\u00e9es \u00e0 partir du c\u00f4t\u00e9 charni\u00e8re.<\/li>\n<li>Le support de tige est mont\u00e9 de mani\u00e8re \u00e0 ce que la tige soit parall\u00e8le \u00e0 l&#039;arche.<\/li>\n<\/ul>\n<\/div>","protected":false},"excerpt":{"rendered":"<p>ASSA ABLOY F\u00f6nsterh\u00e5llare 220 \u00e4r anpassad f\u00f6r in\u00e5tg\u00e5ende f\u00f6nster med \u00f6verfalsad b\u00e5ge. Egenskaper: \u00d6nskat \u00f6ppningsl\u00e4ge fixeras med st\u00e4llskruven Passar s\u00e5v\u00e4l h\u00f6ger som v\u00e4nster Rekommenderad skruv: St\u00e5ngf\u00e4ste TFX 4,0 mm &amp;<\/p>","protected":false},"featured_media":147948,"template":"","meta":{"_acf_changed":false},"product_brand":[],"product_cat":[4649],"product_tag":[],"class_list":{"0":"post-147949","1":"product","2":"type-product","3":"status-publish","4":"has-post-thumbnail","6":"product_cat-fonsterhallare","7":"product_shipping_class-postnord-varubrev","8":"pa_brands-abloy","9":"tm-no-options","11":"first","12":"instock","13":"sale","14":"taxable","15":"shipping-taxable","16":"purchasable","17":"product-type-simple"},"acf":[],"_links":{"self":[{"href":"https:\/\/secureus.se\/fr\/wp-json\/wp\/v2\/product\/147949","targetHints":{"allow":["GET"]}}],"collection":[{"href":"https:\/\/secureus.se\/fr\/wp-json\/wp\/v2\/product"}],"about":[{"href":"https:\/\/secureus.se\/fr\/wp-json\/wp\/v2\/types\/product"}],"wp:featuredmedia":[{"embeddable":true,"href":"https:\/\/secureus.se\/fr\/wp-json\/wp\/v2\/media\/147948"}],"wp:attachment":[{"href":"https:\/\/secureus.se\/fr\/wp-json\/wp\/v2\/media?parent=147949"}],"wp:term":[{"taxonomy":"product_brand","embeddable":true,"href":"https:\/\/secureus.se\/fr\/wp-json\/wp\/v2\/product_brand?post=147949"},{"taxonomy":"product_cat","embeddable":true,"href":"https:\/\/secureus.se\/fr\/wp-json\/wp\/v2\/product_cat?post=147949"},{"taxonomy":"product_tag","embeddable":true,"href":"https:\/\/secureus.se\/fr\/wp-json\/wp\/v2\/product_tag?post=147949"}],"curies":[{"name":"wp","href":"https:\/\/api.w.org\/{rel}","templated":true}]}}