{"id":147961,"date":"2025-02-17T12:59:05","date_gmt":"2025-02-17T11:59:05","guid":{"rendered":"https:\/\/secureus.se\/?post_type=product&#038;p=147961"},"modified":"2026-04-08T15:26:42","modified_gmt":"2026-04-08T13:26:42","slug":"stormhasp-21-200mm-elzink","status":"publish","type":"product","link":"https:\/\/secureus.se\/fr\/stormhasp-21-200mm-elzink\/","title":{"rendered":"Moraillon anti-temp\u00eate 21 200 mm Elzink"},"content":{"rendered":"<div>\n<p>Un raccord de ventilation classique et stable. Disponible en plusieurs tailles. Livr\u00e9 avec un \u0153illet \u00e0 vis pour les fen\u00eatres \u00e0 guillotine simple ou un crochet anti-temp\u00eate pour les fen\u00eatres \u00e0 guillotine double.<\/p>\n<p><b>Propri\u00e9t\u00e9s:<\/b><\/p>\n<ul>\n<li>Mat\u00e9riel: Acier<\/li>\n<li>Longueur : 200 mm<br \/>\nTraitement de surface : \u00c9lectrozingu\u00e9<\/li>\n<\/ul>\n<\/div>","protected":false},"excerpt":{"rendered":"<p>Un raccord de ventilation classique et stable. Disponible en plusieurs tailles. Livr\u00e9 avec un \u0153illet \u00e0 vis pour les fen\u00eatres \u00e0 guillotine simple ou un crochet anti-temp\u00eate pour les fen\u00eatres \u00e0 guillotine double. Propri\u00e9t\u00e9s : Mat\u00e9riau : Acier Longueur : 200 mm Traitement de surface : \u00c9lectrozingu\u00e9<\/p>","protected":false},"featured_media":156179,"template":"","meta":{"_acf_changed":false},"product_brand":[],"product_cat":[4649],"product_tag":[],"class_list":{"0":"post-147961","1":"product","2":"type-product","3":"status-publish","4":"has-post-thumbnail","6":"product_cat-fonsterhallare","7":"product_shipping_class-postnord-varubrev","8":"pa_brands-habo","9":"tm-no-options","11":"first","12":"instock","13":"sale","14":"taxable","15":"shipping-taxable","16":"purchasable","17":"product-type-simple"},"acf":[],"_links":{"self":[{"href":"https:\/\/secureus.se\/fr\/wp-json\/wp\/v2\/product\/147961","targetHints":{"allow":["GET"]}}],"collection":[{"href":"https:\/\/secureus.se\/fr\/wp-json\/wp\/v2\/product"}],"about":[{"href":"https:\/\/secureus.se\/fr\/wp-json\/wp\/v2\/types\/product"}],"wp:featuredmedia":[{"embeddable":true,"href":"https:\/\/secureus.se\/fr\/wp-json\/wp\/v2\/media\/156179"}],"wp:attachment":[{"href":"https:\/\/secureus.se\/fr\/wp-json\/wp\/v2\/media?parent=147961"}],"wp:term":[{"taxonomy":"product_brand","embeddable":true,"href":"https:\/\/secureus.se\/fr\/wp-json\/wp\/v2\/product_brand?post=147961"},{"taxonomy":"product_cat","embeddable":true,"href":"https:\/\/secureus.se\/fr\/wp-json\/wp\/v2\/product_cat?post=147961"},{"taxonomy":"product_tag","embeddable":true,"href":"https:\/\/secureus.se\/fr\/wp-json\/wp\/v2\/product_tag?post=147961"}],"curies":[{"name":"wp","href":"https:\/\/api.w.org\/{rel}","templated":true}]}}