{"id":147990,"date":"2025-02-25T12:22:20","date_gmt":"2025-02-25T11:22:20","guid":{"rendered":"https:\/\/secureus.se\/?post_type=product&#038;p=147990"},"modified":"2026-03-26T11:08:00","modified_gmt":"2026-03-26T10:08:00","slug":"plejd-belysning-downlight-tilt-svart","status":"publish","type":"product","link":"https:\/\/secureus.se\/fr\/plejd-belysning-downlight-tilt-svart\/","title":{"rendered":"Plejd \u00e9clairage Downlight Tilt noir"},"content":{"rendered":"<h1>Plejd DWN-01 \u2013 Downlight intelligent avec blanc r\u00e9glable et commande sans fil<\/h1>\n<p data-start=\"586\" data-end=\"842\">Plejd DWN-01 est un downlight intelligent et flexible con\u00e7u pour offrir un contr\u00f4le optimal de l&#039;\u00e9clairage.<\/p>\n<p data-start=\"586\" data-end=\"842\">Gr\u00e2ce \u00e0 sa fonction variateur int\u00e9gr\u00e9e, aucun variateur externe n&#039;est n\u00e9cessaire : tout est facilement contr\u00f4l\u00e9 via l&#039;application Plejd, un bouton-poussoir ou d&#039;autres appareils Plejd.<\/p>\n<p data-start=\"844\" data-end=\"1278\">La source lumineuse dispose d&#039;une fonction d&#039;inclinaison de 22\u00b0, ce qui permet d&#039;orienter la lumi\u00e8re et de cr\u00e9er un \u00e9clairage parfait dans la pi\u00e8ce.<\/p>\n<p data-start=\"844\" data-end=\"1278\">La technologie Tunable White permet \u00e0 l&#039;utilisateur d&#039;ajuster la temp\u00e9rature de couleur entre 2 200 K et 4 000 K, ce qui permet d&#039;adapter facilement la lumi\u00e8re \u00e0 vos besoins, d&#039;une lumi\u00e8re chaude et confortable \u00e0 une lumi\u00e8re de travail plus neutre.<\/p>\n<p data-start=\"844\" data-end=\"1278\">Le produit prend \u00e9galement en charge le mode d&#039;att\u00e9nuation vers le mode chaud, ce qui offre une exp\u00e9rience d&#039;\u00e9clairage plus naturelle lors de la gradation.<\/p>\n<p data-start=\"1280\" data-end=\"1603\">Gr\u00e2ce \u00e0 la technologie Bluetooth\u00ae mesh, le DWN-01 peut \u00eatre int\u00e9gr\u00e9 dans un syst\u00e8me d&#039;\u00e9clairage intelligent o\u00f9 plusieurs appareils peuvent \u00eatre regroup\u00e9s sans fil et contr\u00f4l\u00e9s ensemble.<\/p>\n<p data-start=\"1280\" data-end=\"1603\">Pour une automatisation suppl\u00e9mentaire, le DWN-01 dispose de fonctions temporelles int\u00e9gr\u00e9es telles que les horloges astronomiques et hebdomadaires, qui permettent d&#039;ajuster automatiquement la lumi\u00e8re en fonction de l&#039;heure de la journ\u00e9e.<\/p>\n<p data-start=\"1605\" data-end=\"1955\">Le DWN-01 a un indice de protection IP44, ce qui signifie qu&#039;il convient aux salles de bains et autres environnements humides.<\/p>\n<p data-start=\"1605\" data-end=\"1955\">Il dispose \u00e9galement d&#039;une protection contre la surchauffe, garantissant un fonctionnement s\u00fbr et durable.<\/p>\n<p data-start=\"1605\" data-end=\"1955\">L&#039;installation est facile gr\u00e2ce \u00e0 une faible profondeur d&#039;installation de seulement 40 mm, ce qui signifie qu&#039;il peut \u00eatre mont\u00e9 m\u00eame dans des espaces \u00e0 profondeur limit\u00e9e.<\/p>\n<h3 data-start=\"1962\" data-end=\"1997\"><strong data-start=\"1966\" data-end=\"1995\">Sp\u00e9cifications techniques\u00a0:<\/strong><\/h3>\n<ul data-start=\"1998\" data-end=\"2808\">\n<li data-start=\"1998\" data-end=\"2034\"><strong data-start=\"2000\" data-end=\"2014\">Source lumineuse\u00a0:<\/strong> LED (non rempla\u00e7able)<\/li>\n<li data-start=\"2035\" data-end=\"2060\"><strong data-start=\"2037\" data-end=\"2051\">Flux lumineux:<\/strong> 515 lumens<\/li>\n<li data-start=\"2061\" data-end=\"2111\"><strong data-start=\"2063\" data-end=\"2082\">Temp\u00e9rature de couleur :<\/strong> 2200\u20134000K (blanc r\u00e9glable)<\/li>\n<li data-start=\"2112\" data-end=\"2145\"><strong data-start=\"2114\" data-end=\"2133\">Plage de gradation :<\/strong> 0,1\u2013100 %<\/li>\n<li data-start=\"2146\" data-end=\"2169\"><strong data-start=\"2148\" data-end=\"2163\">Inclinabilit\u00e9 :<\/strong> 22\u00b0<\/li>\n<li data-start=\"2170\" data-end=\"2199\"><strong data-start=\"2172\" data-end=\"2193\">Angle d&#039;\u00e9talement :<\/strong> 40\u00b0<\/li>\n<li data-start=\"2200\" data-end=\"2233\"><strong data-start=\"2202\" data-end=\"2228\">Rendu des couleurs (IRC) :<\/strong> 90<\/li>\n<li data-start=\"2234\" data-end=\"2286\"><strong data-start=\"2236\" data-end=\"2250\">Vie:<\/strong> 60 000 heures (L70\/B50 \u00e0 25\u00b0C)<\/li>\n<li data-start=\"2287\" data-end=\"2306\"><strong data-start=\"2289\" data-end=\"2300\">Effet:<\/strong> 8W<\/li>\n<li data-start=\"2307\" data-end=\"2342\"><strong data-start=\"2309\" data-end=\"2338\">Classe d&#039;efficacit\u00e9 \u00e9nerg\u00e9tique :<\/strong> F<\/li>\n<li data-start=\"2343\" data-end=\"2372\"><strong data-start=\"2345\" data-end=\"2361\">Classe de protection\u00a0:<\/strong> Classe II<\/li>\n<li data-start=\"2373\" data-end=\"2421\"><strong data-start=\"2375\" data-end=\"2388\">Classe IP\u00a0:<\/strong> IP44 (luminaire), IP20 (pilote)<\/li>\n<li data-start=\"2422\" data-end=\"2454\"><strong data-start=\"2424\" data-end=\"2440\">Tension secteur :<\/strong> 230V \/ 50Hz<\/li>\n<li data-start=\"2455\" data-end=\"2481\"><strong data-start=\"2457\" data-end=\"2474\">Facteur de puissance :<\/strong> 0,84<\/li>\n<li data-start=\"2482\" data-end=\"2528\"><strong data-start=\"2484\" data-end=\"2502\">Communication:<\/strong> Maillage Bluetooth\u00ae 2,4 GHz<\/li>\n<li data-start=\"2529\" data-end=\"2604\"><strong data-start=\"2531\" data-end=\"2549\">Port\u00e9e radio :<\/strong> Environ 10 m\u00e8tres en int\u00e9rieur (\u00e9tendu avec la technologie de maillage Plejd)<\/li>\n<li data-start=\"2605\" data-end=\"2651\"><strong data-start=\"2607\" data-end=\"2621\">Montage:<\/strong> Encastr\u00e9 au plafond (trou \u00d8 83 mm)<\/li>\n<li data-start=\"2652\" data-end=\"2691\"><strong data-start=\"2654\" data-end=\"2683\">Profondeur d&#039;installation minimale :<\/strong> 40 millim\u00e8tres<\/li>\n<li data-start=\"2692\" data-end=\"2752\"><strong data-start=\"2694\" data-end=\"2707\">Mat\u00e9riel:<\/strong> Aluminium avec rev\u00eatement en poudre, noir (RAL 9004)<\/li>\n<li data-start=\"2753\" data-end=\"2808\"><strong data-start=\"2755\" data-end=\"2774\">Compatibilit\u00e9:<\/strong> Apple HomeKit, Google Assistant<\/li>\n<\/ul>\n<p data-start=\"2810\" data-end=\"2958\">Plejd DWN-01 est une solution de haute qualit\u00e9 et \u00e9l\u00e9gante pour ceux qui souhaitent un \u00e9clairage intelligent et flexible dans leur maison ou dans des environnements publics.<\/p>","protected":false},"excerpt":{"rendered":"<p>Plejd DWN-01 est un downlight intelligent avec un blanc r\u00e9glable et une fonction de variateur int\u00e9gr\u00e9e - aucun variateur externe n&#039;est n\u00e9cessaire.<\/p>\n<p>La source lumineuse peut \u00eatre inclin\u00e9e pour un \u00e9clairage flexible et est contr\u00f4l\u00e9e sans fil via l&#039;application Plejd, d&#039;autres produits Plejd ou un bouton-poussoir.<\/p>\n<p>Temp\u00e9rature de couleur r\u00e9glable de 2200K \u00e0 4000K et compatible avec le contr\u00f4le du temps via l&#039;astro et l&#039;horloge hebdomadaire.<\/p>","protected":false},"featured_media":147989,"template":"","meta":{"_acf_changed":false},"product_brand":[],"product_cat":[4664],"product_tag":[4670],"class_list":{"0":"post-147990","1":"product","2":"type-product","3":"status-publish","4":"has-post-thumbnail","6":"product_cat-plejd-belysning","7":"product_tag-plejd","8":"product_shipping_class-tunga-paket","9":"pa_brands-plejd","10":"tm-has-options","12":"first","13":"instock","14":"sale","15":"taxable","16":"shipping-taxable","17":"purchasable","18":"product-type-simple"},"acf":[],"_links":{"self":[{"href":"https:\/\/secureus.se\/fr\/wp-json\/wp\/v2\/product\/147990","targetHints":{"allow":["GET"]}}],"collection":[{"href":"https:\/\/secureus.se\/fr\/wp-json\/wp\/v2\/product"}],"about":[{"href":"https:\/\/secureus.se\/fr\/wp-json\/wp\/v2\/types\/product"}],"wp:featuredmedia":[{"embeddable":true,"href":"https:\/\/secureus.se\/fr\/wp-json\/wp\/v2\/media\/147989"}],"wp:attachment":[{"href":"https:\/\/secureus.se\/fr\/wp-json\/wp\/v2\/media?parent=147990"}],"wp:term":[{"taxonomy":"product_brand","embeddable":true,"href":"https:\/\/secureus.se\/fr\/wp-json\/wp\/v2\/product_brand?post=147990"},{"taxonomy":"product_cat","embeddable":true,"href":"https:\/\/secureus.se\/fr\/wp-json\/wp\/v2\/product_cat?post=147990"},{"taxonomy":"product_tag","embeddable":true,"href":"https:\/\/secureus.se\/fr\/wp-json\/wp\/v2\/product_tag?post=147990"}],"curies":[{"name":"wp","href":"https:\/\/api.w.org\/{rel}","templated":true}]}}