{"id":147992,"date":"2025-02-25T12:22:20","date_gmt":"2025-02-25T11:22:20","guid":{"rendered":"https:\/\/secureus.se\/?post_type=product&#038;p=147992"},"modified":"2026-03-26T11:07:56","modified_gmt":"2026-03-26T10:07:56","slug":"plejd-belysning-downlight-deep-svart","status":"publish","type":"product","link":"https:\/\/secureus.se\/fr\/plejd-belysning-downlight-deep-svart\/","title":{"rendered":"Plejd Lighting Downlight Noir profond"},"content":{"rendered":"<h1 data-start=\"413\" data-end=\"492\"><strong data-start=\"417\" data-end=\"490\">Plejd DWN-02 \u2013 Downlight intelligent avec blanc r\u00e9glable et commande sans fil<\/strong><\/h1>\n<p data-start=\"494\" data-end=\"777\">Plejd DWN-02 est un downlight \u00e9l\u00e9gant et fonctionnel d\u00e9velopp\u00e9 pour offrir une flexibilit\u00e9 maximale dans le contr\u00f4le de l&#039;\u00e9clairage.<\/p>\n<p data-start=\"494\" data-end=\"777\">Gr\u00e2ce \u00e0 une fonction variateur int\u00e9gr\u00e9e, aucun variateur externe n&#039;est n\u00e9cessaire et la lumi\u00e8re peut \u00eatre facilement contr\u00f4l\u00e9e via l&#039;application Plejd, un bouton-poussoir filaire ou d&#039;autres appareils Plejd.<\/p>\n<p data-start=\"779\" data-end=\"1164\">La technologie Tunable White int\u00e9gr\u00e9e permet d&#039;ajuster la temp\u00e9rature de couleur de la lumi\u00e8re entre 2200K et 4000K, ce qui signifie que la lumi\u00e8re peut \u00eatre adapt\u00e9e \u00e0 diff\u00e9rents environnements et besoins - d&#039;une lueur chaude et confortable \u00e0 une lumi\u00e8re blanche plus fonctionnelle.<\/p>\n<p data-start=\"779\" data-end=\"1164\">La fonction dim to warm cr\u00e9e une transition naturelle dans la temp\u00e9rature de couleur lors de la gradation, ce qui fournit un \u00e9clairage plus confortable.<\/p>\n<p data-start=\"1166\" data-end=\"1414\">Ce mod\u00e8le pr\u00e9sente une distribution lumineuse sym\u00e9trique avec un angle de faisceau de 40\u00b0, ce qui le rend adapt\u00e9 aussi bien \u00e0 l&#039;\u00e9clairage g\u00e9n\u00e9ral qu&#039;\u00e0 l&#039;\u00e9clairage directionnel.<\/p>\n<p data-start=\"1166\" data-end=\"1414\">Le DWN-02 dispose d&#039;une direction de lumi\u00e8re fixe, qui assure une r\u00e9partition uniforme de la lumi\u00e8re dans la pi\u00e8ce.<\/p>\n<p data-start=\"1416\" data-end=\"1711\">L&#039;installation est facile gr\u00e2ce \u00e0 une faible profondeur d&#039;installation de seulement 40 mm, ce qui signifie qu&#039;il peut \u00eatre mont\u00e9 m\u00eame dans des espaces \u00e0 profondeur limit\u00e9e.<\/p>\n<p data-start=\"1416\" data-end=\"1711\">Il est class\u00e9 IP44, ce qui signifie qu&#039;il peut \u00eatre utilis\u00e9 dans les salles de bains et autres environnements humides, ainsi que dans les installations d&#039;avant-toit ext\u00e9rieures.<\/p>\n<p data-start=\"1713\" data-end=\"1982\">Gr\u00e2ce \u00e0 la technologie Bluetooth\u00ae Mesh, plusieurs unit\u00e9s DWN-02 peuvent \u00eatre regroup\u00e9es et contr\u00f4l\u00e9es ensemble sans fil.<\/p>\n<p data-start=\"1713\" data-end=\"1982\">Le produit dispose \u00e9galement de fonctions temporelles int\u00e9gr\u00e9es telles que les horloges astronomiques et hebdomadaires, ce qui permet d&#039;automatiser le contr\u00f4le de l&#039;\u00e9clairage en fonction des conditions de luminosit\u00e9 de la journ\u00e9e.<\/p>\n<p data-start=\"1984\" data-end=\"2143\">DWN-02 est une solution \u00e9l\u00e9gante et \u00e9conome en \u00e9nergie qui convient aux installations priv\u00e9es et commerciales o\u00f9 un \u00e9clairage moderne et intelligent est requis.<\/p>\n<h3 data-start=\"2145\" data-end=\"2180\"><strong data-start=\"2149\" data-end=\"2178\">Sp\u00e9cifications techniques\u00a0:<\/strong><\/h3>\n<ul data-start=\"2181\" data-end=\"2967\">\n<li data-start=\"2181\" data-end=\"2217\"><strong data-start=\"2183\" data-end=\"2197\">Source lumineuse\u00a0:<\/strong> LED (non rempla\u00e7able)<\/li>\n<li data-start=\"2218\" data-end=\"2243\"><strong data-start=\"2220\" data-end=\"2234\">Flux lumineux:<\/strong> 515 lumens<\/li>\n<li data-start=\"2244\" data-end=\"2294\"><strong data-start=\"2246\" data-end=\"2265\">Temp\u00e9rature de couleur :<\/strong> 2200\u20134000K (blanc r\u00e9glable)<\/li>\n<li data-start=\"2295\" data-end=\"2328\"><strong data-start=\"2297\" data-end=\"2316\">Plage de gradation :<\/strong> 0,1\u2013100 %<\/li>\n<li data-start=\"2329\" data-end=\"2358\"><strong data-start=\"2331\" data-end=\"2352\">Angle d&#039;\u00e9talement :<\/strong> 40\u00b0<\/li>\n<li data-start=\"2359\" data-end=\"2392\"><strong data-start=\"2361\" data-end=\"2387\">Rendu des couleurs (IRC) :<\/strong> 90<\/li>\n<li data-start=\"2393\" data-end=\"2445\"><strong data-start=\"2395\" data-end=\"2409\">Vie:<\/strong> 60 000 heures (L70\/B50 \u00e0 25\u00b0C)<\/li>\n<li data-start=\"2446\" data-end=\"2465\"><strong data-start=\"2448\" data-end=\"2459\">Effet:<\/strong> 8W<\/li>\n<li data-start=\"2466\" data-end=\"2501\"><strong data-start=\"2468\" data-end=\"2497\">Classe d&#039;efficacit\u00e9 \u00e9nerg\u00e9tique :<\/strong> F<\/li>\n<li data-start=\"2502\" data-end=\"2531\"><strong data-start=\"2504\" data-end=\"2520\">Classe de protection\u00a0:<\/strong> Classe II<\/li>\n<li data-start=\"2532\" data-end=\"2580\"><strong data-start=\"2534\" data-end=\"2547\">Classe IP\u00a0:<\/strong> IP44 (luminaire), IP20 (pilote)<\/li>\n<li data-start=\"2581\" data-end=\"2613\"><strong data-start=\"2583\" data-end=\"2599\">Tension secteur :<\/strong> 230V \/ 50Hz<\/li>\n<li data-start=\"2614\" data-end=\"2640\"><strong data-start=\"2616\" data-end=\"2633\">Facteur de puissance :<\/strong> 0,84<\/li>\n<li data-start=\"2641\" data-end=\"2687\"><strong data-start=\"2643\" data-end=\"2661\">Communication:<\/strong> Maillage Bluetooth\u00ae 2,4 GHz<\/li>\n<li data-start=\"2688\" data-end=\"2763\"><strong data-start=\"2690\" data-end=\"2708\">Port\u00e9e radio :<\/strong> Environ 10 m\u00e8tres en int\u00e9rieur (\u00e9tendu avec la technologie de maillage Plejd)<\/li>\n<li data-start=\"2764\" data-end=\"2810\"><strong data-start=\"2766\" data-end=\"2780\">Montage:<\/strong> Encastr\u00e9 au plafond (trou \u00d8 83 mm)<\/li>\n<li data-start=\"2811\" data-end=\"2850\"><strong data-start=\"2813\" data-end=\"2842\">Profondeur d&#039;installation minimale :<\/strong> 40 millim\u00e8tres<\/li>\n<li data-start=\"2851\" data-end=\"2911\"><strong data-start=\"2853\" data-end=\"2866\">Mat\u00e9riel:<\/strong> Aluminium avec rev\u00eatement en poudre, noir (RAL 9004)<\/li>\n<li data-start=\"2912\" data-end=\"2967\"><strong data-start=\"2914\" data-end=\"2933\">Compatibilit\u00e9:<\/strong> Apple HomeKit, Google Assistant<\/li>\n<\/ul>\n<p data-start=\"2969\" data-end=\"3095\">Plejd DWN-02 est la solution parfaite pour les installations d&#039;\u00e9clairage intelligentes o\u00f9 design et fonctionnalit\u00e9 sont combin\u00e9s.<\/p>","protected":false},"excerpt":{"rendered":"<p>Plejd DWN-02 est un downlight intelligent avec un blanc r\u00e9glable et une fonction de variateur int\u00e9gr\u00e9e.<\/p>\n<p>Aucun variateur externe n&#039;est n\u00e9cessaire.<\/p>\n<p>Il peut \u00eatre contr\u00f4l\u00e9 via l&#039;application Plejd, un bouton poussoir ou d&#039;autres appareils Plejd.<\/p>\n<p>Temp\u00e9rature de couleur r\u00e9glable de 2\u00a0200\u00a0K \u00e0 4\u00a0000\u00a0K et prise en charge de l&#039;intensit\u00e9 lumineuse \u00e0 la chaleur.<\/p>\n<p>Class\u00e9 IP44, il convient aussi bien aux environnements int\u00e9rieurs qu&#039;aux environnements ext\u00e9rieurs prot\u00e9g\u00e9s.<\/p>","protected":false},"featured_media":147991,"template":"","meta":{"_acf_changed":false},"product_brand":[],"product_cat":[4664],"product_tag":[4670],"class_list":{"0":"post-147992","1":"product","2":"type-product","3":"status-publish","4":"has-post-thumbnail","6":"product_cat-plejd-belysning","7":"product_tag-plejd","8":"product_shipping_class-tunga-paket","9":"pa_brands-plejd","10":"tm-has-options","12":"first","13":"instock","14":"sale","15":"taxable","16":"shipping-taxable","17":"purchasable","18":"product-type-simple"},"acf":[],"_links":{"self":[{"href":"https:\/\/secureus.se\/fr\/wp-json\/wp\/v2\/product\/147992","targetHints":{"allow":["GET"]}}],"collection":[{"href":"https:\/\/secureus.se\/fr\/wp-json\/wp\/v2\/product"}],"about":[{"href":"https:\/\/secureus.se\/fr\/wp-json\/wp\/v2\/types\/product"}],"wp:featuredmedia":[{"embeddable":true,"href":"https:\/\/secureus.se\/fr\/wp-json\/wp\/v2\/media\/147991"}],"wp:attachment":[{"href":"https:\/\/secureus.se\/fr\/wp-json\/wp\/v2\/media?parent=147992"}],"wp:term":[{"taxonomy":"product_brand","embeddable":true,"href":"https:\/\/secureus.se\/fr\/wp-json\/wp\/v2\/product_brand?post=147992"},{"taxonomy":"product_cat","embeddable":true,"href":"https:\/\/secureus.se\/fr\/wp-json\/wp\/v2\/product_cat?post=147992"},{"taxonomy":"product_tag","embeddable":true,"href":"https:\/\/secureus.se\/fr\/wp-json\/wp\/v2\/product_tag?post=147992"}],"curies":[{"name":"wp","href":"https:\/\/api.w.org\/{rel}","templated":true}]}}