{"id":147994,"date":"2025-02-25T12:22:21","date_gmt":"2025-02-25T11:22:21","guid":{"rendered":"https:\/\/secureus.se\/?post_type=product&#038;p=147994"},"modified":"2026-04-23T10:19:24","modified_gmt":"2026-04-23T08:19:24","slug":"plejd-plafond-sensor-svart","status":"publish","type":"product","link":"https:\/\/secureus.se\/fr\/plejd-plafond-sensor-svart\/","title":{"rendered":"Capteur de plafond Plejd noir"},"content":{"rendered":"<h1 data-start=\"428\" data-end=\"508\"><strong data-start=\"432\" data-end=\"506\">Plejd CCL-01-S \u2013 Plafonnier LED intelligent avec d\u00e9tecteur de mouvement et blanc r\u00e9glable<\/strong><\/h1>\n<p data-start=\"510\" data-end=\"843\">Plejd CCL-01-S est un plafonnier LED intelligent et flexible avec fonction variateur et d\u00e9tecteur de mouvement int\u00e9gr\u00e9.<\/p>\n<p data-start=\"510\" data-end=\"843\">Aucun variateur externe n&#039;est requis, ce qui rend l&#039;installation simple et sans tracas. L&#039;\u00e9clairage peut \u00eatre contr\u00f4l\u00e9 sans fil via l&#039;application Plejd, un bouton-poussoir ou d&#039;autres appareils Plejd, vous donnant un contr\u00f4le total sur les param\u00e8tres d&#039;\u00e9clairage.<\/p>\n<p data-start=\"845\" data-end=\"1245\">Le plafonnier est \u00e9quip\u00e9 de la technologie blanc r\u00e9glable, ce qui signifie que l&#039;utilisateur peut r\u00e9gler la temp\u00e9rature de couleur entre 2200K et 4000K.<\/p>\n<p data-start=\"845\" data-end=\"1245\">Cela permet d\u2019adapter la lumi\u00e8re \u00e0 diff\u00e9rentes situations \u2013 d\u2019une lumi\u00e8re chaleureuse et atmosph\u00e9rique \u00e0 une lumi\u00e8re de travail plus fonctionnelle.<\/p>\n<p data-start=\"845\" data-end=\"1245\">La fonction d&#039;att\u00e9nuation vers la chaleur cr\u00e9e un changement naturel de temp\u00e9rature de couleur lors de la gradation, ce qui offre une exp\u00e9rience d&#039;\u00e9clairage plus agr\u00e9able.<\/p>\n<p data-start=\"1247\" data-end=\"1585\">Le capteur de mouvement int\u00e9gr\u00e9 combine un capteur PIR et un capteur HF pour une d\u00e9tection am\u00e9lior\u00e9e.<\/p>\n<p data-start=\"1247\" data-end=\"1585\">Il a une port\u00e9e allant jusqu&#039;\u00e0 11 m\u00e8tres et une sensibilit\u00e9 r\u00e9glable. L&#039;appareil est \u00e9galement \u00e9quip\u00e9 d&#039;un capteur de lumi\u00e8re du jour, ce qui signifie qu&#039;il peut \u00eatre activ\u00e9 uniquement lorsque les niveaux de lumi\u00e8re ambiante sont faibles, contribuant ainsi aux \u00e9conomies d&#039;\u00e9nergie.<\/p>\n<p data-start=\"1587\" data-end=\"1838\">Gr\u00e2ce \u00e0 la technologie Bluetooth\u00ae mesh, plusieurs appareils peuvent \u00eatre regroup\u00e9s sans fil et contr\u00f4l\u00e9s ensemble.<\/p>\n<p data-start=\"1587\" data-end=\"1838\">Le produit dispose \u00e9galement de fonctions temporelles telles que les horloges astronomiques et hebdomadaires, ce qui signifie que l&#039;\u00e9clairage peut \u00eatre automatiquement ajust\u00e9 en fonction de l&#039;heure de la journ\u00e9e et de la saison.<\/p>\n<p data-start=\"1840\" data-end=\"2125\">L&#039;installation est simple et le plafonnier peut \u00eatre mont\u00e9 aussi bien au plafond qu&#039;au mur.<\/p>\n<p data-start=\"1840\" data-end=\"2125\">Il est class\u00e9 IP44, ce qui le rend adapt\u00e9 aux salles de bains et autres environnements humides.<\/p>\n<p data-start=\"1840\" data-end=\"2125\">Le plafonnier est con\u00e7u pour une utilisation en int\u00e9rieur et poss\u00e8de une construction robuste avec une r\u00e9sistance aux chocs class\u00e9e IK07.<\/p>\n<p data-start=\"2127\" data-end=\"2394\">Plejd CCL-01-S est une solution d\u2019\u00e9clairage \u00e9conome en \u00e9nergie et durable avec une dur\u00e9e de vie allant jusqu\u2019\u00e0 100 000 heures.<\/p>\n<p data-start=\"2127\" data-end=\"2394\">Sa haute qualit\u00e9 lumineuse (CRI 93) assure une reproduction lumineuse naturelle et agr\u00e9able, parfaite pour les installations priv\u00e9es et commerciales.<\/p>\n<h3 data-start=\"2396\" data-end=\"2431\"><strong data-start=\"2400\" data-end=\"2429\">Sp\u00e9cifications techniques\u00a0:<\/strong><\/h3>\n<ul data-start=\"2432\" data-end=\"3397\">\n<li data-start=\"2432\" data-end=\"2468\"><strong data-start=\"2434\" data-end=\"2448\">Source lumineuse\u00a0:<\/strong> LED (non rempla\u00e7able)<\/li>\n<li data-start=\"2469\" data-end=\"2495\"><strong data-start=\"2471\" data-end=\"2485\">Flux lumineux:<\/strong> 2000 lumens<\/li>\n<li data-start=\"2496\" data-end=\"2546\"><strong data-start=\"2498\" data-end=\"2517\">Temp\u00e9rature de couleur :<\/strong> 2200\u20134000K (blanc r\u00e9glable)<\/li>\n<li data-start=\"2547\" data-end=\"2580\"><strong data-start=\"2549\" data-end=\"2568\">Plage de gradation :<\/strong> 0,1\u2013100 %<\/li>\n<li data-start=\"2581\" data-end=\"2654\"><strong data-start=\"2583\" data-end=\"2601\">Capteur de mouvement:<\/strong> Capteur PIR + HF (port\u00e9e r\u00e9glable jusqu&#039;\u00e0 11 m)<\/li>\n<li data-start=\"2655\" data-end=\"2721\"><strong data-start=\"2657\" data-end=\"2675\">Capteur de lumi\u00e8re du jour :<\/strong> Activ\u00e9 uniquement \u00e0 de faibles niveaux de lumi\u00e8re ambiante<\/li>\n<li data-start=\"2722\" data-end=\"2752\"><strong data-start=\"2724\" data-end=\"2745\">Angle d&#039;\u00e9talement :<\/strong> 120\u00b0<\/li>\n<li data-start=\"2753\" data-end=\"2786\"><strong data-start=\"2755\" data-end=\"2781\">Rendu des couleurs (IRC) :<\/strong> 93<\/li>\n<li data-start=\"2787\" data-end=\"2840\"><strong data-start=\"2789\" data-end=\"2803\">Vie:<\/strong> 100 000 heures (L70\/B50 \u00e0 25\u00b0C)<\/li>\n<li data-start=\"2841\" data-end=\"2861\"><strong data-start=\"2843\" data-end=\"2854\">Effet:<\/strong> 22W<\/li>\n<li data-start=\"2862\" data-end=\"2897\"><strong data-start=\"2864\" data-end=\"2893\">Classe d&#039;efficacit\u00e9 \u00e9nerg\u00e9tique :<\/strong> F<\/li>\n<li data-start=\"2898\" data-end=\"2927\"><strong data-start=\"2900\" data-end=\"2916\">Classe de protection\u00a0:<\/strong> Classe II<\/li>\n<li data-start=\"2928\" data-end=\"2987\"><strong data-start=\"2930\" data-end=\"2943\">Classe IP\u00a0:<\/strong> IP44 (montage au plafond), IP20 (montage mural)<\/li>\n<li data-start=\"2988\" data-end=\"3014\"><strong data-start=\"2990\" data-end=\"3007\">R\u00e9sistance aux chocs :<\/strong> IK07<\/li>\n<li data-start=\"3015\" data-end=\"3047\"><strong data-start=\"3017\" data-end=\"3033\">Tension secteur :<\/strong> 230V \/ 50Hz<\/li>\n<li data-start=\"3048\" data-end=\"3073\"><strong data-start=\"3050\" data-end=\"3067\">Facteur de puissance :<\/strong> 0,9<\/li>\n<li data-start=\"3074\" data-end=\"3120\"><strong data-start=\"3076\" data-end=\"3094\">Communication:<\/strong> Maillage Bluetooth\u00ae 2,4 GHz<\/li>\n<li data-start=\"3121\" data-end=\"3196\"><strong data-start=\"3123\" data-end=\"3141\">Port\u00e9e radio :<\/strong> Environ 10 m\u00e8tres en int\u00e9rieur (\u00e9tendu avec la technologie de maillage Plejd)<\/li>\n<li data-start=\"3197\" data-end=\"3245\"><strong data-start=\"3199\" data-end=\"3213\">Montage:<\/strong> Montage en saillie au plafond ou au mur<\/li>\n<li data-start=\"3246\" data-end=\"3280\"><strong data-start=\"3248\" data-end=\"3257\">Mesure:<\/strong> \u00d8 294 mm, hauteur 50 mm<\/li>\n<li data-start=\"3281\" data-end=\"3327\"><strong data-start=\"3283\" data-end=\"3296\">Mat\u00e9riel:<\/strong> Plastique mat, noir (RAL 7016)<\/li>\n<li data-start=\"3328\" data-end=\"3397\"><strong data-start=\"3330\" data-end=\"3349\">Compatibilit\u00e9:<\/strong> HomeKit d&#039;Apple, Assistant Google, Alexa d&#039;Amazon<\/li>\n<\/ul>\n<p>Plejd CCL-01-S est la solution ultime pour un \u00e9clairage intelligent, alliant design, fonctionnalit\u00e9 et efficacit\u00e9 \u00e9nerg\u00e9tique.<\/p>","protected":false},"excerpt":{"rendered":"<p>Plejd CCL-01-S est un plafonnier LED intelligent avec blanc r\u00e9glable et fonction variateur int\u00e9gr\u00e9e.<\/p>\n<p>Aucun variateur externe n&#039;est n\u00e9cessaire. Il dispose d&#039;un capteur de mouvement int\u00e9gr\u00e9 avec fonction d&#039;\u00e9clairage de base et capteur de lumi\u00e8re du jour.<\/p>\n<p>Peut \u00eatre contr\u00f4l\u00e9 via l&#039;application Plejd, un bouton poussoir ou d&#039;autres appareils Plejd.<\/p>\n<p>Temp\u00e9rature de couleur r\u00e9glable de 2\u00a0200\u00a0K \u00e0 4\u00a0000\u00a0K et prise en charge de l&#039;intensit\u00e9 lumineuse \u00e0 la chaleur.<\/p>","protected":false},"featured_media":147993,"template":"","meta":{"_acf_changed":false},"product_brand":[],"product_cat":[4664],"product_tag":[4670],"class_list":{"0":"post-147994","1":"product","2":"type-product","3":"status-publish","4":"has-post-thumbnail","6":"product_cat-plejd-belysning","7":"product_tag-plejd","8":"product_shipping_class-postnord-varubrev","9":"pa_brands-plejd","10":"pa_farg-svart","11":"tm-has-options","13":"first","14":"instock","15":"sale","16":"taxable","17":"shipping-taxable","18":"purchasable","19":"product-type-simple"},"acf":[],"_links":{"self":[{"href":"https:\/\/secureus.se\/fr\/wp-json\/wp\/v2\/product\/147994","targetHints":{"allow":["GET"]}}],"collection":[{"href":"https:\/\/secureus.se\/fr\/wp-json\/wp\/v2\/product"}],"about":[{"href":"https:\/\/secureus.se\/fr\/wp-json\/wp\/v2\/types\/product"}],"wp:featuredmedia":[{"embeddable":true,"href":"https:\/\/secureus.se\/fr\/wp-json\/wp\/v2\/media\/147993"}],"wp:attachment":[{"href":"https:\/\/secureus.se\/fr\/wp-json\/wp\/v2\/media?parent=147994"}],"wp:term":[{"taxonomy":"product_brand","embeddable":true,"href":"https:\/\/secureus.se\/fr\/wp-json\/wp\/v2\/product_brand?post=147994"},{"taxonomy":"product_cat","embeddable":true,"href":"https:\/\/secureus.se\/fr\/wp-json\/wp\/v2\/product_cat?post=147994"},{"taxonomy":"product_tag","embeddable":true,"href":"https:\/\/secureus.se\/fr\/wp-json\/wp\/v2\/product_tag?post=147994"}],"curies":[{"name":"wp","href":"https:\/\/api.w.org\/{rel}","templated":true}]}}