{"id":147996,"date":"2025-02-25T12:22:21","date_gmt":"2025-02-25T11:22:21","guid":{"rendered":"https:\/\/secureus.se\/?post_type=product&#038;p=147996"},"modified":"2026-04-08T16:30:38","modified_gmt":"2026-04-08T14:30:38","slug":"plejd-plafond-svart","status":"publish","type":"product","link":"https:\/\/secureus.se\/fr\/plejd-plafond-svart\/","title":{"rendered":"Plaid Plafond noir"},"content":{"rendered":"<h1>Plejd CCL-01 \u2013 Plafonnier LED intelligent avec blanc r\u00e9glable et commande sans fil<\/h1>\n<p data-start=\"471\" data-end=\"826\">Plejd CCL-01 est un plafonnier LED moderne et \u00e9l\u00e9gant qui offre un \u00e9clairage flexible et intelligent.<\/p>\n<p data-start=\"471\" data-end=\"826\">Il est \u00e9quip\u00e9 d&#039;une fonction variateur int\u00e9gr\u00e9e, ce qui signifie qu&#039;aucun variateur externe n&#039;est n\u00e9cessaire.<\/p>\n<p data-start=\"471\" data-end=\"826\">L&#039;\u00e9clairage peut \u00eatre facilement contr\u00f4l\u00e9 via l&#039;application Plejd, un bouton-poussoir ou d&#039;autres appareils Plejd, ce qui en fait une solution polyvalente pour diff\u00e9rents environnements.<\/p>\n<p data-start=\"828\" data-end=\"1223\">Le plafonnier est dot\u00e9 de la technologie Tunable White, qui permet de r\u00e9gler la temp\u00e9rature de couleur entre 2200K et 4000K.<\/p>\n<p data-start=\"828\" data-end=\"1223\">Cela permet de r\u00e9gler la lumi\u00e8re d\u2019un ton chaud et cosy \u00e0 une lumi\u00e8re plus fonctionnelle et neutre.<\/p>\n<p data-start=\"828\" data-end=\"1223\">La fonction d&#039;att\u00e9nuation vers r\u00e9chauffement ajuste automatiquement la temp\u00e9rature de couleur lorsque la luminosit\u00e9 est ajust\u00e9e, cr\u00e9ant une exp\u00e9rience d&#039;\u00e9clairage confortable et naturelle.<\/p>\n<p data-start=\"1225\" data-end=\"1423\">Ce plafonnier poss\u00e8de un large angle de faisceau de 120\u00b0, ce qui signifie que la lumi\u00e8re est r\u00e9partie uniform\u00e9ment dans la pi\u00e8ce.<\/p>\n<p data-start=\"1225\" data-end=\"1423\">Il est donc id\u00e9al pour l\u2019\u00e9clairage g\u00e9n\u00e9ral des maisons, des bureaux et des espaces commerciaux.<\/p>\n<p data-start=\"1425\" data-end=\"1705\">Gr\u00e2ce \u00e0 la technologie Bluetooth\u00ae mesh, plusieurs unit\u00e9s CCL-01 peuvent \u00eatre regroup\u00e9es sans fil et contr\u00f4l\u00e9es ensemble via le syst\u00e8me Plejd.<\/p>\n<p data-start=\"1425\" data-end=\"1705\">De plus, le produit dispose de fonctions temporelles int\u00e9gr\u00e9es telles que les horloges astronomiques et hebdomadaires, ce qui permet d&#039;automatiser les programmes d&#039;\u00e9clairage en fonction de l&#039;heure de la journ\u00e9e.<\/p>\n<p data-start=\"1707\" data-end=\"1979\">L&#039;installation est simple et flexible : le plafonnier peut \u00eatre mont\u00e9 au plafond ou au mur et poss\u00e8de une construction robuste.<\/p>\n<p data-start=\"1707\" data-end=\"1979\">Il est class\u00e9 IP44, ce qui le rend adapt\u00e9 aux salles de bains et autres environnements humides, tandis que sa r\u00e9sistance aux chocs class\u00e9e IK07 le rend extr\u00eamement durable.<\/p>\n<p data-start=\"1981\" data-end=\"2281\">Plejd CCL-01 est une solution d&#039;\u00e9clairage \u00e9conome en \u00e9nergie avec une dur\u00e9e de vie allant jusqu&#039;\u00e0 100 000 heures, garantissant un fonctionnement fiable et \u00e0 long terme.<\/p>\n<p data-start=\"1981\" data-end=\"2281\">Son indice de rendu des couleurs \u00e9lev\u00e9 de IRC 93 garantit une lumi\u00e8re naturelle et agr\u00e9able, parfaite pour tous les environnements o\u00f9 une qualit\u00e9 de lumi\u00e8re \u00e9lev\u00e9e est requise.<\/p>\n<h3 data-start=\"2283\" data-end=\"2318\"><strong data-start=\"2287\" data-end=\"2316\">Sp\u00e9cifications techniques\u00a0:<\/strong><\/h3>\n<ul data-start=\"2319\" data-end=\"3143\">\n<li data-start=\"2319\" data-end=\"2355\"><strong data-start=\"2321\" data-end=\"2335\">Source lumineuse\u00a0:<\/strong> LED (non rempla\u00e7able)<\/li>\n<li data-start=\"2356\" data-end=\"2382\"><strong data-start=\"2358\" data-end=\"2372\">Flux lumineux:<\/strong> 2000 lumens<\/li>\n<li data-start=\"2383\" data-end=\"2433\"><strong data-start=\"2385\" data-end=\"2404\">Temp\u00e9rature de couleur :<\/strong> 2200\u20134000K (blanc r\u00e9glable)<\/li>\n<li data-start=\"2434\" data-end=\"2467\"><strong data-start=\"2436\" data-end=\"2455\">Plage de gradation :<\/strong> 0,1\u2013100 %<\/li>\n<li data-start=\"2468\" data-end=\"2498\"><strong data-start=\"2470\" data-end=\"2491\">Angle d&#039;\u00e9talement :<\/strong> 120\u00b0<\/li>\n<li data-start=\"2499\" data-end=\"2532\"><strong data-start=\"2501\" data-end=\"2527\">Rendu des couleurs (IRC) :<\/strong> 93<\/li>\n<li data-start=\"2533\" data-end=\"2586\"><strong data-start=\"2535\" data-end=\"2549\">Vie:<\/strong> 100 000 heures (L70\/B50 \u00e0 25\u00b0C)<\/li>\n<li data-start=\"2587\" data-end=\"2607\"><strong data-start=\"2589\" data-end=\"2600\">Effet:<\/strong> 22W<\/li>\n<li data-start=\"2608\" data-end=\"2643\"><strong data-start=\"2610\" data-end=\"2639\">Classe d&#039;efficacit\u00e9 \u00e9nerg\u00e9tique :<\/strong> F<\/li>\n<li data-start=\"2644\" data-end=\"2673\"><strong data-start=\"2646\" data-end=\"2662\">Classe de protection\u00a0:<\/strong> Classe II<\/li>\n<li data-start=\"2674\" data-end=\"2733\"><strong data-start=\"2676\" data-end=\"2689\">Classe IP\u00a0:<\/strong> IP44 (montage au plafond), IP20 (montage mural)<\/li>\n<li data-start=\"2734\" data-end=\"2760\"><strong data-start=\"2736\" data-end=\"2753\">R\u00e9sistance aux chocs :<\/strong> IK07<\/li>\n<li data-start=\"2761\" data-end=\"2793\"><strong data-start=\"2763\" data-end=\"2779\">Tension secteur :<\/strong> 230V \/ 50Hz<\/li>\n<li data-start=\"2794\" data-end=\"2819\"><strong data-start=\"2796\" data-end=\"2813\">Facteur de puissance :<\/strong> 0,9<\/li>\n<li data-start=\"2820\" data-end=\"2866\"><strong data-start=\"2822\" data-end=\"2840\">Communication:<\/strong> Maillage Bluetooth\u00ae 2,4 GHz<\/li>\n<li data-start=\"2867\" data-end=\"2942\"><strong data-start=\"2869\" data-end=\"2887\">Port\u00e9e radio :<\/strong> Environ 10 m\u00e8tres en int\u00e9rieur (\u00e9tendu avec la technologie de maillage Plejd)<\/li>\n<li data-start=\"2943\" data-end=\"2991\"><strong data-start=\"2945\" data-end=\"2959\">Montage:<\/strong> Montage en saillie au plafond ou au mur<\/li>\n<li data-start=\"2992\" data-end=\"3026\"><strong data-start=\"2994\" data-end=\"3003\">Mesure:<\/strong> \u00d8 294 mm, hauteur 50 mm<\/li>\n<li data-start=\"3027\" data-end=\"3073\"><strong data-start=\"3029\" data-end=\"3042\">Mat\u00e9riel:<\/strong> Plastique mat, noir (RAL 7016)<\/li>\n<li data-start=\"3074\" data-end=\"3143\"><strong data-start=\"3076\" data-end=\"3095\">Compatibilit\u00e9:<\/strong> HomeKit d&#039;Apple, Assistant Google, Alexa d&#039;Amazon<\/li>\n<\/ul>\n<p data-start=\"3145\" data-end=\"3275\">Plejd CCL-01 est un plafonnier de haute qualit\u00e9 et \u00e9conome en \u00e9nergie qui combine un design moderne avec une technologie d&#039;\u00e9clairage avanc\u00e9e.<\/p>","protected":false},"excerpt":{"rendered":"<p>Plejd CCL-01 est un plafonnier LED intelligent avec blanc r\u00e9glable et fonction variateur int\u00e9gr\u00e9e.<\/p>\n<p>Aucun variateur externe n&#039;est n\u00e9cessaire.<\/p>\n<p>Il peut \u00eatre contr\u00f4l\u00e9 via l&#039;application Plejd, un bouton-poussoir ou d&#039;autres appareils Plejd et dispose d&#039;une temp\u00e9rature de couleur r\u00e9glable de 2200K \u00e0 4000K ainsi que d&#039;une prise en charge de l&#039;intensit\u00e9 lumineuse \u00e0 la chaleur.<\/p>\n<p>Convient pour un montage au plafond ou au mur.<\/p>","protected":false},"featured_media":147995,"template":"","meta":{"_acf_changed":false},"product_brand":[],"product_cat":[4664],"product_tag":[4670],"class_list":{"0":"post-147996","1":"product","2":"type-product","3":"status-publish","4":"has-post-thumbnail","6":"product_cat-plejd-belysning","7":"product_tag-plejd","8":"product_shipping_class-postnord-varubrev","9":"pa_brands-plejd","10":"tm-has-options","12":"first","13":"instock","14":"sale","15":"taxable","16":"shipping-taxable","17":"purchasable","18":"product-type-simple"},"acf":[],"_links":{"self":[{"href":"https:\/\/secureus.se\/fr\/wp-json\/wp\/v2\/product\/147996","targetHints":{"allow":["GET"]}}],"collection":[{"href":"https:\/\/secureus.se\/fr\/wp-json\/wp\/v2\/product"}],"about":[{"href":"https:\/\/secureus.se\/fr\/wp-json\/wp\/v2\/types\/product"}],"wp:featuredmedia":[{"embeddable":true,"href":"https:\/\/secureus.se\/fr\/wp-json\/wp\/v2\/media\/147995"}],"wp:attachment":[{"href":"https:\/\/secureus.se\/fr\/wp-json\/wp\/v2\/media?parent=147996"}],"wp:term":[{"taxonomy":"product_brand","embeddable":true,"href":"https:\/\/secureus.se\/fr\/wp-json\/wp\/v2\/product_brand?post=147996"},{"taxonomy":"product_cat","embeddable":true,"href":"https:\/\/secureus.se\/fr\/wp-json\/wp\/v2\/product_cat?post=147996"},{"taxonomy":"product_tag","embeddable":true,"href":"https:\/\/secureus.se\/fr\/wp-json\/wp\/v2\/product_tag?post=147996"}],"curies":[{"name":"wp","href":"https:\/\/api.w.org\/{rel}","templated":true}]}}