{"id":148002,"date":"2025-02-25T12:22:21","date_gmt":"2025-02-25T11:22:21","guid":{"rendered":"https:\/\/secureus.se\/?post_type=product&#038;p=148002"},"modified":"2026-04-23T10:19:05","modified_gmt":"2026-04-23T08:19:05","slug":"plejd-belysning-downlight-deep-vit","status":"publish","type":"product","link":"https:\/\/secureus.se\/fr\/plejd-belysning-downlight-deep-vit\/","title":{"rendered":"Plejd \u00e9clairage Downlight Blanc profond"},"content":{"rendered":"<h1 data-start=\"415\" data-end=\"499\"><strong data-start=\"419\" data-end=\"497\">Plejd DWN-02 \u2013 Downlight intelligent profond avec blanc r\u00e9glable et commande sans fil<\/strong><\/h1>\n<p data-start=\"501\" data-end=\"837\">Plejd DWN-02 est un downlight \u00e9l\u00e9gant et fonctionnel qui offre un \u00e9clairage intelligent pour les environnements modernes.<\/p>\n<p data-start=\"501\" data-end=\"837\">Gr\u00e2ce \u00e0 sa fonction variateur int\u00e9gr\u00e9e, aucun variateur externe n&#039;est n\u00e9cessaire, ce qui facilite l&#039;installation et offre un meilleur contr\u00f4le de la lumi\u00e8re.<\/p>\n<p data-start=\"501\" data-end=\"837\">Le contr\u00f4le s&#039;effectue via l&#039;application Plejd, un bouton poussoir filaire ou d&#039;autres appareils Plejd.<\/p>\n<p data-start=\"839\" data-end=\"1199\">La technologie avanc\u00e9e de r\u00e9glage de la temp\u00e9rature de couleur permet de r\u00e9gler la temp\u00e9rature de couleur entre 2 200 K et 4 000 K, ce qui permet d&#039;adapter facilement la lumi\u00e8re \u00e0 vos besoins, d&#039;une lueur chaleureuse et confortable \u00e0 une lumi\u00e8re de travail plus neutre.<\/p>\n<p data-start=\"839\" data-end=\"1199\">La fonction d&#039;att\u00e9nuation vers r\u00e9chauffement garantit que la temp\u00e9rature de couleur est ajust\u00e9e naturellement lors de la gradation pour une exp\u00e9rience d&#039;\u00e9clairage douce et confortable.<\/p>\n<p data-start=\"1201\" data-end=\"1492\">Le DWN-02 a un angle de faisceau de 40\u00b0, ce qui fournit une distribution lumineuse sym\u00e9trique parfaite pour l&#039;\u00e9clairage g\u00e9n\u00e9ral et l&#039;\u00e9clairage directionnel.<\/p>\n<p data-start=\"1201\" data-end=\"1492\">Avec un indice de rendu des couleurs \u00e9lev\u00e9 (IRC 90), les couleurs sont reproduites de mani\u00e8re naturelle et agr\u00e9able, ce qui le rend id\u00e9al pour les maisons, les bureaux et les magasins.<\/p>\n<p data-start=\"1494\" data-end=\"1792\">Gr\u00e2ce \u00e0 la technologie Bluetooth\u00ae mesh, plusieurs downlights peuvent \u00eatre regroup\u00e9s sans fil et contr\u00f4l\u00e9s ensemble via le syst\u00e8me Plejd.<\/p>\n<p data-start=\"1494\" data-end=\"1792\">Le produit dispose \u00e9galement de fonctions de temps int\u00e9gr\u00e9es telles que les horloges astronomiques et hebdomadaires, ce qui facilite l&#039;automatisation de l&#039;\u00e9clairage en fonction de l&#039;heure de la journ\u00e9e et des conditions d&#039;\u00e9clairage.<\/p>\n<p data-start=\"1794\" data-end=\"2072\">L&#039;installation est facile et gr\u00e2ce \u00e0 une faible profondeur d&#039;installation de seulement 40 mm, le downlight peut \u00e9galement \u00eatre install\u00e9 dans des espaces \u00e0 profondeur limit\u00e9e.<\/p>\n<p data-start=\"1794\" data-end=\"2072\">Il est class\u00e9 IP44, ce qui signifie qu&#039;il est prot\u00e9g\u00e9 contre l&#039;humidit\u00e9 et qu&#039;il convient aux salles de bains et aux installations d&#039;avant-toit ext\u00e9rieures.<\/p>\n<p data-start=\"2074\" data-end=\"2240\">Plejd DWN-02 est une solution \u00e9conome en \u00e9nergie et durable, avec une dur\u00e9e de vie allant jusqu&#039;\u00e0 60 000 heures, garantissant un \u00e9clairage fiable et \u00e0 long terme.<\/p>\n<h3 data-start=\"2242\" data-end=\"2277\"><strong data-start=\"2246\" data-end=\"2275\">Sp\u00e9cifications techniques\u00a0:<\/strong><\/h3>\n<ul data-start=\"2278\" data-end=\"3062\">\n<li data-start=\"2278\" data-end=\"2314\"><strong data-start=\"2280\" data-end=\"2294\">Source lumineuse\u00a0:<\/strong> LED (non rempla\u00e7able)<\/li>\n<li data-start=\"2315\" data-end=\"2340\"><strong data-start=\"2317\" data-end=\"2331\">Flux lumineux:<\/strong> 515 lumens<\/li>\n<li data-start=\"2341\" data-end=\"2391\"><strong data-start=\"2343\" data-end=\"2362\">Temp\u00e9rature de couleur :<\/strong> 2200\u20134000K (blanc r\u00e9glable)<\/li>\n<li data-start=\"2392\" data-end=\"2425\"><strong data-start=\"2394\" data-end=\"2413\">Plage de gradation :<\/strong> 0,1\u2013100 %<\/li>\n<li data-start=\"2426\" data-end=\"2455\"><strong data-start=\"2428\" data-end=\"2449\">Angle d&#039;\u00e9talement :<\/strong> 40\u00b0<\/li>\n<li data-start=\"2456\" data-end=\"2489\"><strong data-start=\"2458\" data-end=\"2484\">Rendu des couleurs (IRC) :<\/strong> 90<\/li>\n<li data-start=\"2490\" data-end=\"2542\"><strong data-start=\"2492\" data-end=\"2506\">Vie:<\/strong> 60 000 heures (L70\/B50 \u00e0 25\u00b0C)<\/li>\n<li data-start=\"2543\" data-end=\"2562\"><strong data-start=\"2545\" data-end=\"2556\">Effet:<\/strong> 8W<\/li>\n<li data-start=\"2563\" data-end=\"2598\"><strong data-start=\"2565\" data-end=\"2594\">Classe d&#039;efficacit\u00e9 \u00e9nerg\u00e9tique :<\/strong> F<\/li>\n<li data-start=\"2599\" data-end=\"2628\"><strong data-start=\"2601\" data-end=\"2617\">Classe de protection\u00a0:<\/strong> Classe II<\/li>\n<li data-start=\"2629\" data-end=\"2677\"><strong data-start=\"2631\" data-end=\"2644\">Classe IP\u00a0:<\/strong> IP44 (luminaire), IP20 (pilote)<\/li>\n<li data-start=\"2678\" data-end=\"2710\"><strong data-start=\"2680\" data-end=\"2696\">Tension secteur :<\/strong> 230V \/ 50Hz<\/li>\n<li data-start=\"2711\" data-end=\"2737\"><strong data-start=\"2713\" data-end=\"2730\">Facteur de puissance :<\/strong> 0,84<\/li>\n<li data-start=\"2738\" data-end=\"2784\"><strong data-start=\"2740\" data-end=\"2758\">Communication:<\/strong> Maillage Bluetooth\u00ae 2,4 GHz<\/li>\n<li data-start=\"2785\" data-end=\"2860\"><strong data-start=\"2787\" data-end=\"2805\">Port\u00e9e radio :<\/strong> Environ 10 m\u00e8tres en int\u00e9rieur (\u00e9tendu avec la technologie de maillage Plejd)<\/li>\n<li data-start=\"2861\" data-end=\"2907\"><strong data-start=\"2863\" data-end=\"2877\">Montage:<\/strong> Encastr\u00e9 au plafond (trou \u00d8 83 mm)<\/li>\n<li data-start=\"2908\" data-end=\"2947\"><strong data-start=\"2910\" data-end=\"2939\">Profondeur d&#039;installation minimale :<\/strong> 40 millim\u00e8tres<\/li>\n<li data-start=\"2948\" data-end=\"3006\"><strong data-start=\"2950\" data-end=\"2963\">Mat\u00e9riel:<\/strong> Aluminium avec rev\u00eatement en poudre, blanc (RAL 9003)<\/li>\n<li data-start=\"3007\" data-end=\"3062\"><strong data-start=\"3009\" data-end=\"3028\">Compatibilit\u00e9:<\/strong> Apple HomeKit, Google Assistant<\/li>\n<\/ul>\n<p data-start=\"3064\" data-end=\"3213\">Plejd DWN-02 est la solution parfaite pour un \u00e9clairage intelligent et \u00e9l\u00e9gant, o\u00f9 la fonction, le design et la technologie fonctionnent ensemble pour un environnement d&#039;\u00e9clairage optimal.<\/p>","protected":false},"excerpt":{"rendered":"<p>Plejd DWN-02 est un downlight intelligent avec un blanc r\u00e9glable et une fonction de variateur int\u00e9gr\u00e9e - aucun variateur externe n&#039;est n\u00e9cessaire.<\/p>\n<p>Il peut \u00eatre contr\u00f4l\u00e9 via l&#039;application Plejd, un bouton poussoir ou d&#039;autres appareils Plejd.<\/p>\n<p>Temp\u00e9rature de couleur r\u00e9glable de 2\u00a0200\u00a0K \u00e0 4\u00a0000\u00a0K et prise en charge de l&#039;intensit\u00e9 lumineuse \u00e0 la chaleur.<\/p>\n<p>Class\u00e9 IP44, il convient aussi bien aux environnements int\u00e9rieurs qu&#039;ext\u00e9rieurs prot\u00e9g\u00e9s.<\/p>","protected":false},"featured_media":148001,"template":"","meta":{"_acf_changed":false},"product_brand":[],"product_cat":[4664],"product_tag":[4670],"class_list":{"0":"post-148002","1":"product","2":"type-product","3":"status-publish","4":"has-post-thumbnail","6":"product_cat-plejd-belysning","7":"product_tag-plejd","8":"product_shipping_class-postnord-varubrev","9":"pa_brands-plejd","10":"tm-has-options","12":"first","13":"instock","14":"sale","15":"taxable","16":"shipping-taxable","17":"purchasable","18":"product-type-simple"},"acf":[],"_links":{"self":[{"href":"https:\/\/secureus.se\/fr\/wp-json\/wp\/v2\/product\/148002","targetHints":{"allow":["GET"]}}],"collection":[{"href":"https:\/\/secureus.se\/fr\/wp-json\/wp\/v2\/product"}],"about":[{"href":"https:\/\/secureus.se\/fr\/wp-json\/wp\/v2\/types\/product"}],"wp:featuredmedia":[{"embeddable":true,"href":"https:\/\/secureus.se\/fr\/wp-json\/wp\/v2\/media\/148001"}],"wp:attachment":[{"href":"https:\/\/secureus.se\/fr\/wp-json\/wp\/v2\/media?parent=148002"}],"wp:term":[{"taxonomy":"product_brand","embeddable":true,"href":"https:\/\/secureus.se\/fr\/wp-json\/wp\/v2\/product_brand?post=148002"},{"taxonomy":"product_cat","embeddable":true,"href":"https:\/\/secureus.se\/fr\/wp-json\/wp\/v2\/product_cat?post=148002"},{"taxonomy":"product_tag","embeddable":true,"href":"https:\/\/secureus.se\/fr\/wp-json\/wp\/v2\/product_tag?post=148002"}],"curies":[{"name":"wp","href":"https:\/\/api.w.org\/{rel}","templated":true}]}}