{"id":148004,"date":"2025-02-25T12:22:22","date_gmt":"2025-02-25T11:22:22","guid":{"rendered":"https:\/\/secureus.se\/?post_type=product&#038;p=148004"},"modified":"2026-03-26T11:07:33","modified_gmt":"2026-03-26T10:07:33","slug":"plejd-belysning-downlight-tilt-vit","status":"publish","type":"product","link":"https:\/\/secureus.se\/fr\/plejd-belysning-downlight-tilt-vit\/","title":{"rendered":"Plejd \u00e9clairage Downlight Tilt blanc"},"content":{"rendered":"<h1>Plejd DWN-01 \u2013 Downlight intelligent inclinable avec angle d&#039;\u00e9clairage r\u00e9glable et commande sans fil<\/h1>\n<p data-start=\"519\" data-end=\"919\">Plejd DWN-01 est un downlight \u00e9l\u00e9gant et flexible qui offre un contr\u00f4le d&#039;\u00e9clairage intelligent pour les maisons et les environnements commerciaux.<\/p>\n<p data-start=\"519\" data-end=\"919\">Gr\u00e2ce \u00e0 une fonction variateur int\u00e9gr\u00e9e, aucun variateur externe n&#039;est n\u00e9cessaire, ce qui simplifie l&#039;installation et permet un contr\u00f4le direct de la lumi\u00e8re.<\/p>\n<p data-start=\"519\" data-end=\"919\">Le contr\u00f4le s&#039;effectue via l&#039;application Plejd, bouton poussoir ou autres dispositifs Plejd, permettant d&#039;adapter l&#039;\u00e9clairage selon les besoins.<\/p>\n<p data-start=\"921\" data-end=\"1182\">La source lumineuse inclinable peut \u00eatre inclin\u00e9e jusqu&#039;\u00e0 22\u00b0, ce qui permet de diriger la lumi\u00e8re et de cr\u00e9er un effet d&#039;\u00e9clairage plus dynamique.<\/p>\n<p data-start=\"921\" data-end=\"1182\">Id\u00e9al pour mettre en valeur les d\u00e9tails, cr\u00e9er un \u00e9clairage ponctuel ou assurer une distribution uniforme de la lumi\u00e8re en fonction des exigences de l&#039;installation.<\/p>\n<p data-start=\"1184\" data-end=\"1539\">Gr\u00e2ce \u00e0 la technologie blanche r\u00e9glable, la temp\u00e9rature de couleur peut \u00eatre ajust\u00e9e entre 2 200 K et 4 000 K, vous offrant une totale libert\u00e9 pour r\u00e9gler l&#039;\u00e9clairage d&#039;une lueur chaude et confortable \u00e0 une lumi\u00e8re blanche plus fonctionnelle.<\/p>\n<p data-start=\"1184\" data-end=\"1539\">La fonction dim to warm garantit une exp\u00e9rience d&#039;\u00e9clairage naturel lors de la gradation en ajustant automatiquement la temp\u00e9rature de couleur \u00e0 diff\u00e9rents niveaux de luminosit\u00e9.<\/p>\n<p data-start=\"1541\" data-end=\"1790\">Le DWN-01 a un angle de faisceau de 40\u00b0, ce qui assure une distribution lumineuse sym\u00e9trique et agr\u00e9able.<\/p>\n<p data-start=\"1541\" data-end=\"1790\">Avec un indice de rendu des couleurs \u00e9lev\u00e9 (IRC 90), une exp\u00e9rience d&#039;\u00e9clairage naturelle et agr\u00e9able est assur\u00e9e, le rendant id\u00e9al pour les maisons, les bureaux et les magasins.<\/p>\n<p data-start=\"1792\" data-end=\"2090\">Gr\u00e2ce \u00e0 la technologie Bluetooth\u00ae mesh, plusieurs downlights peuvent \u00eatre regroup\u00e9s sans fil et contr\u00f4l\u00e9s ensemble via le syst\u00e8me Plejd.<\/p>\n<p data-start=\"1792\" data-end=\"2090\">Le produit dispose \u00e9galement de fonctions de temps int\u00e9gr\u00e9es telles que les horloges astronomiques et hebdomadaires, ce qui facilite l&#039;automatisation des programmes d&#039;\u00e9clairage en fonction de l&#039;heure de la journ\u00e9e et des conditions d&#039;\u00e9clairage.<\/p>\n<p data-start=\"2092\" data-end=\"2386\">L&#039;installation est facile gr\u00e2ce \u00e0 une faible profondeur d&#039;installation de seulement 40 mm, ce qui signifie que le downlight peut \u00eatre mont\u00e9 m\u00eame dans des espaces \u00e0 profondeur limit\u00e9e.<\/p>\n<p data-start=\"2092\" data-end=\"2386\">Il est class\u00e9 IP44, ce qui signifie qu&#039;il est prot\u00e9g\u00e9 contre l&#039;humidit\u00e9 et qu&#039;il convient aux salles de bains et aux installations d&#039;avant-toit ext\u00e9rieures.<\/p>\n<p data-start=\"2388\" data-end=\"2544\">Plejd DWN-01 est une solution \u00e9conome en \u00e9nergie et durable, avec une dur\u00e9e de vie allant jusqu&#039;\u00e0 60 000 heures, garantissant un fonctionnement stable et \u00e0 long terme.<\/p>\n<h3 data-start=\"2546\" data-end=\"2581\"><strong data-start=\"2550\" data-end=\"2579\">Sp\u00e9cifications techniques\u00a0:<\/strong><\/h3>\n<ul data-start=\"2582\" data-end=\"3390\">\n<li data-start=\"2582\" data-end=\"2618\"><strong data-start=\"2584\" data-end=\"2598\">Source lumineuse\u00a0:<\/strong> LED (non rempla\u00e7able)<\/li>\n<li data-start=\"2619\" data-end=\"2644\"><strong data-start=\"2621\" data-end=\"2635\">Flux lumineux:<\/strong> 515 lumens<\/li>\n<li data-start=\"2645\" data-end=\"2695\"><strong data-start=\"2647\" data-end=\"2666\">Temp\u00e9rature de couleur :<\/strong> 2200\u20134000K (blanc r\u00e9glable)<\/li>\n<li data-start=\"2696\" data-end=\"2729\"><strong data-start=\"2698\" data-end=\"2717\">Plage de gradation :<\/strong> 0,1\u2013100 %<\/li>\n<li data-start=\"2730\" data-end=\"2753\"><strong data-start=\"2732\" data-end=\"2747\">Inclinabilit\u00e9 :<\/strong> 22\u00b0<\/li>\n<li data-start=\"2754\" data-end=\"2783\"><strong data-start=\"2756\" data-end=\"2777\">Angle d&#039;\u00e9talement :<\/strong> 40\u00b0<\/li>\n<li data-start=\"2784\" data-end=\"2817\"><strong data-start=\"2786\" data-end=\"2812\">Rendu des couleurs (IRC) :<\/strong> 90<\/li>\n<li data-start=\"2818\" data-end=\"2870\"><strong data-start=\"2820\" data-end=\"2834\">Vie:<\/strong> 60 000 heures (L70\/B50 \u00e0 25\u00b0C)<\/li>\n<li data-start=\"2871\" data-end=\"2890\"><strong data-start=\"2873\" data-end=\"2884\">Effet:<\/strong> 8W<\/li>\n<li data-start=\"2891\" data-end=\"2926\"><strong data-start=\"2893\" data-end=\"2922\">Classe d&#039;efficacit\u00e9 \u00e9nerg\u00e9tique :<\/strong> F<\/li>\n<li data-start=\"2927\" data-end=\"2956\"><strong data-start=\"2929\" data-end=\"2945\">Classe de protection\u00a0:<\/strong> Classe II<\/li>\n<li data-start=\"2957\" data-end=\"3005\"><strong data-start=\"2959\" data-end=\"2972\">Classe IP\u00a0:<\/strong> IP44 (luminaire), IP20 (pilote)<\/li>\n<li data-start=\"3006\" data-end=\"3038\"><strong data-start=\"3008\" data-end=\"3024\">Tension secteur :<\/strong> 230V \/ 50Hz<\/li>\n<li data-start=\"3039\" data-end=\"3065\"><strong data-start=\"3041\" data-end=\"3058\">Facteur de puissance :<\/strong> 0,84<\/li>\n<li data-start=\"3066\" data-end=\"3112\"><strong data-start=\"3068\" data-end=\"3086\">Communication:<\/strong> Maillage Bluetooth\u00ae 2,4 GHz<\/li>\n<li data-start=\"3113\" data-end=\"3188\"><strong data-start=\"3115\" data-end=\"3133\">Port\u00e9e radio :<\/strong> Environ 10 m\u00e8tres en int\u00e9rieur (\u00e9tendu avec la technologie de maillage Plejd)<\/li>\n<li data-start=\"3189\" data-end=\"3235\"><strong data-start=\"3191\" data-end=\"3205\">Montage:<\/strong> Encastr\u00e9 au plafond (trou \u00d8 83 mm)<\/li>\n<li data-start=\"3236\" data-end=\"3275\"><strong data-start=\"3238\" data-end=\"3267\">Profondeur d&#039;installation minimale :<\/strong> 40 millim\u00e8tres<\/li>\n<li data-start=\"3276\" data-end=\"3334\"><strong data-start=\"3278\" data-end=\"3291\">Mat\u00e9riel:<\/strong> Aluminium avec rev\u00eatement en poudre, blanc (RAL 9003)<\/li>\n<li data-start=\"3335\" data-end=\"3390\"><strong data-start=\"3337\" data-end=\"3356\">Compatibilit\u00e9:<\/strong> Apple HomeKit, Google Assistant<\/li>\n<\/ul>\n<p data-start=\"3392\" data-end=\"3557\">Plejd DWN-01 est la solution d&#039;\u00e9clairage parfaite pour les installations intelligentes, o\u00f9 la fonction, le design et la technologie fonctionnent ensemble pour un environnement d&#039;\u00e9clairage moderne et efficace.<\/p>","protected":false},"excerpt":{"rendered":"<p>Plejd DWN-01 est un downlight intelligent avec un blanc r\u00e9glable et une fonction de variateur int\u00e9gr\u00e9e - aucun variateur externe n&#039;est n\u00e9cessaire.<\/p>\n<p>La source lumineuse peut \u00eatre inclin\u00e9e pour un \u00e9clairage flexible et contr\u00f4l\u00e9e via l&#039;application Plejd, un bouton-poussoir ou d&#039;autres appareils Plejd. Temp\u00e9rature de couleur r\u00e9glable de 2\u00a0200\u00a0K \u00e0 4\u00a0000\u00a0K et prise en charge de l&#039;intensit\u00e9 lumineuse \u00e0 la chaleur.<\/p>\n<p>Class\u00e9 IP44, parfait pour un montage au plafond.<\/p>","protected":false},"featured_media":148003,"template":"","meta":{"_acf_changed":false},"product_brand":[],"product_cat":[4664],"product_tag":[4670],"class_list":{"0":"post-148004","1":"product","2":"type-product","3":"status-publish","4":"has-post-thumbnail","6":"product_cat-plejd-belysning","7":"product_tag-plejd","8":"product_shipping_class-tunga-paket","9":"pa_brands-plejd","10":"tm-has-options","12":"first","13":"instock","14":"sale","15":"taxable","16":"shipping-taxable","17":"purchasable","18":"product-type-simple"},"acf":[],"_links":{"self":[{"href":"https:\/\/secureus.se\/fr\/wp-json\/wp\/v2\/product\/148004","targetHints":{"allow":["GET"]}}],"collection":[{"href":"https:\/\/secureus.se\/fr\/wp-json\/wp\/v2\/product"}],"about":[{"href":"https:\/\/secureus.se\/fr\/wp-json\/wp\/v2\/types\/product"}],"wp:featuredmedia":[{"embeddable":true,"href":"https:\/\/secureus.se\/fr\/wp-json\/wp\/v2\/media\/148003"}],"wp:attachment":[{"href":"https:\/\/secureus.se\/fr\/wp-json\/wp\/v2\/media?parent=148004"}],"wp:term":[{"taxonomy":"product_brand","embeddable":true,"href":"https:\/\/secureus.se\/fr\/wp-json\/wp\/v2\/product_brand?post=148004"},{"taxonomy":"product_cat","embeddable":true,"href":"https:\/\/secureus.se\/fr\/wp-json\/wp\/v2\/product_cat?post=148004"},{"taxonomy":"product_tag","embeddable":true,"href":"https:\/\/secureus.se\/fr\/wp-json\/wp\/v2\/product_tag?post=148004"}],"curies":[{"name":"wp","href":"https:\/\/api.w.org\/{rel}","templated":true}]}}