{"id":148006,"date":"2025-02-25T12:22:21","date_gmt":"2025-02-25T11:22:21","guid":{"rendered":"https:\/\/secureus.se\/?post_type=product&#038;p=148006"},"modified":"2026-03-26T11:07:36","modified_gmt":"2026-03-26T10:07:36","slug":"plejd-belysning-plafond-vit","status":"publish","type":"product","link":"https:\/\/secureus.se\/fr\/plejd-belysning-plafond-vit\/","title":{"rendered":"Plaid \u00e9clairage Plafond blanc"},"content":{"rendered":"<h1>Plejd CCL-01 \u2013 Plafonnier LED intelligent avec blanc r\u00e9glable et commande sans fil<\/h1>\n<p data-start=\"484\" data-end=\"762\">Plejd CCL-01 est un plafonnier LED moderne et \u00e9l\u00e9gant qui combine un contr\u00f4le d&#039;\u00e9clairage intelligent avec une qualit\u00e9 d&#039;\u00e9clairage \u00e9lev\u00e9e.<\/p>\n<p data-start=\"484\" data-end=\"762\">Gr\u00e2ce \u00e0 sa fonction variateur int\u00e9gr\u00e9e, aucun variateur externe n&#039;est n\u00e9cessaire, ce qui simplifie l&#039;installation et donne \u00e0 l&#039;utilisateur un contr\u00f4le total sur l&#039;\u00e9clairage.<\/p>\n<p data-start=\"764\" data-end=\"1101\">Le plafonnier peut \u00eatre contr\u00f4l\u00e9 via l&#039;application Plejd, un bouton-poussoir filaire ou d&#039;autres appareils Plejd et peut \u00e9galement \u00eatre regroup\u00e9 sans fil, ce qui le rend parfait pour les environnements domestiques et commerciaux.<\/p>\n<p data-start=\"764\" data-end=\"1101\">De plus, il dispose de fonctions temporelles int\u00e9gr\u00e9es telles que les horloges astronomiques et hebdomadaires, qui permettent d&#039;automatiser les programmes d&#039;\u00e9clairage en fonction de l&#039;heure de la journ\u00e9e.<\/p>\n<p data-start=\"1103\" data-end=\"1447\">Gr\u00e2ce \u00e0 la technologie blanche r\u00e9glable, la temp\u00e9rature de couleur peut \u00eatre ajust\u00e9e entre 2 200 K et 4 000 K, offrant une flexibilit\u00e9 pour adapter l&#039;\u00e9clairage d&#039;une lueur chaude et confortable \u00e0 une lumi\u00e8re blanche plus fonctionnelle.<\/p>\n<p data-start=\"1103\" data-end=\"1447\">La fonction Dim to Warm garantit une exp\u00e9rience d&#039;\u00e9clairage naturel en ajustant automatiquement la temp\u00e9rature de couleur \u00e0 diff\u00e9rents niveaux de luminosit\u00e9.<\/p>\n<p data-start=\"1449\" data-end=\"1690\">Le CCL-01 dispose d&#039;un angle de faisceau de 120\u00b0, ce qui assure une distribution lumineuse large et uniforme.<\/p>\n<p data-start=\"1449\" data-end=\"1690\">Son rendu des couleurs \u00e9lev\u00e9 (CRI 93) assure une reproduction lumineuse naturelle et agr\u00e9able, le rendant id\u00e9al pour les maisons, les bureaux et les commerces.<\/p>\n<p data-start=\"1692\" data-end=\"1934\">Il est class\u00e9 IP44, ce qui le rend adapt\u00e9 aux salles de bains et autres environnements humides lorsqu&#039;il est mont\u00e9 au plafond.<\/p>\n<p data-start=\"1692\" data-end=\"1934\">Pour le montage mural, il est class\u00e9 IP20. Le plafonnier est \u00e9galement dot\u00e9 d&#039;une r\u00e9sistance aux chocs class\u00e9e IK07, ce qui le rend particuli\u00e8rement robuste et durable.<\/p>\n<p data-start=\"1936\" data-end=\"2128\">Gr\u00e2ce \u00e0 la technologie maill\u00e9e Bluetooth\u00ae, plusieurs appareils peuvent communiquer entre eux et \u00e9tendre la port\u00e9e radio, garantissant ainsi un contr\u00f4le stable et fiable dans les installations plus grandes.<\/p>\n<p data-start=\"2130\" data-end=\"2291\">Plejd CCL-01 est une solution \u00e9conome en \u00e9nergie et durable, avec une dur\u00e9e de vie allant jusqu&#039;\u00e0 100 000 heures, garantissant un fonctionnement durable et fiable.<\/p>\n<h3 data-start=\"2293\" data-end=\"2328\"><strong data-start=\"2297\" data-end=\"2326\">Sp\u00e9cifications techniques\u00a0:<\/strong><\/h3>\n<ul data-start=\"2329\" data-end=\"3155\">\n<li data-start=\"2329\" data-end=\"2365\"><strong data-start=\"2331\" data-end=\"2345\">Source lumineuse\u00a0:<\/strong> LED (non rempla\u00e7able)<\/li>\n<li data-start=\"2366\" data-end=\"2392\"><strong data-start=\"2368\" data-end=\"2382\">Flux lumineux:<\/strong> 2000 lumens<\/li>\n<li data-start=\"2393\" data-end=\"2443\"><strong data-start=\"2395\" data-end=\"2414\">Temp\u00e9rature de couleur :<\/strong> 2200\u20134000K (blanc r\u00e9glable)<\/li>\n<li data-start=\"2444\" data-end=\"2477\"><strong data-start=\"2446\" data-end=\"2465\">Plage de gradation :<\/strong> 0,1\u2013100 %<\/li>\n<li data-start=\"2478\" data-end=\"2508\"><strong data-start=\"2480\" data-end=\"2501\">Angle d&#039;\u00e9talement :<\/strong> 120\u00b0<\/li>\n<li data-start=\"2509\" data-end=\"2542\"><strong data-start=\"2511\" data-end=\"2537\">Rendu des couleurs (IRC) :<\/strong> 93<\/li>\n<li data-start=\"2543\" data-end=\"2596\"><strong data-start=\"2545\" data-end=\"2559\">Vie:<\/strong> 100 000 heures (L70\/B50 \u00e0 25\u00b0C)<\/li>\n<li data-start=\"2597\" data-end=\"2617\"><strong data-start=\"2599\" data-end=\"2610\">Effet:<\/strong> 22W<\/li>\n<li data-start=\"2618\" data-end=\"2653\"><strong data-start=\"2620\" data-end=\"2649\">Classe d&#039;efficacit\u00e9 \u00e9nerg\u00e9tique :<\/strong> F<\/li>\n<li data-start=\"2654\" data-end=\"2683\"><strong data-start=\"2656\" data-end=\"2672\">Classe de protection\u00a0:<\/strong> Classe II<\/li>\n<li data-start=\"2684\" data-end=\"2752\"><strong data-start=\"2686\" data-end=\"2699\">Classe IP\u00a0:<\/strong>\n<ul data-start=\"2704\" data-end=\"2752\">\n<li data-start=\"2704\" data-end=\"2726\">Montage au plafond : IP44<\/li>\n<li data-start=\"2729\" data-end=\"2752\">Montage mural : IP20<\/li>\n<\/ul>\n<\/li>\n<li data-start=\"2753\" data-end=\"2779\"><strong data-start=\"2755\" data-end=\"2772\">R\u00e9sistance aux chocs :<\/strong> IK07<\/li>\n<li data-start=\"2780\" data-end=\"2812\"><strong data-start=\"2782\" data-end=\"2798\">Tension secteur :<\/strong> 230V \/ 50Hz<\/li>\n<li data-start=\"2813\" data-end=\"2838\"><strong data-start=\"2815\" data-end=\"2832\">Facteur de puissance :<\/strong> 0,9<\/li>\n<li data-start=\"2839\" data-end=\"2885\"><strong data-start=\"2841\" data-end=\"2859\">Communication:<\/strong> Maillage Bluetooth\u00ae 2,4 GHz<\/li>\n<li data-start=\"2886\" data-end=\"2961\"><strong data-start=\"2888\" data-end=\"2906\">Port\u00e9e radio :<\/strong> Environ 10 m\u00e8tres en int\u00e9rieur (\u00e9tendu avec la technologie de maillage Plejd)<\/li>\n<li data-start=\"2962\" data-end=\"3005\"><strong data-start=\"2964\" data-end=\"2978\">Montage:<\/strong> Montage au plafond ou au mur<\/li>\n<li data-start=\"3006\" data-end=\"3040\"><strong data-start=\"3008\" data-end=\"3017\">Mesure:<\/strong> \u00d8 294 mm, hauteur 50 mm<\/li>\n<li data-start=\"3041\" data-end=\"3085\"><strong data-start=\"3043\" data-end=\"3056\">Mat\u00e9riel:<\/strong> Plastique mat, blanc (RAL 9003)<\/li>\n<li data-start=\"3086\" data-end=\"3155\"><strong data-start=\"3088\" data-end=\"3107\">Compatibilit\u00e9:<\/strong> HomeKit d&#039;Apple, Assistant Google, Alexa d&#039;Amazon<\/li>\n<\/ul>\n<p data-start=\"3157\" data-end=\"3322\">Plejd CCL-01 est la solution d&#039;\u00e9clairage optimale pour les installations intelligentes, o\u00f9 le style, la fonctionnalit\u00e9 et la technologie moderne sont combin\u00e9s pour un environnement d&#039;\u00e9clairage parfait.<\/p>","protected":false},"excerpt":{"rendered":"<p>Plejd CCL-01 est un plafonnier LED intelligent avec blanc r\u00e9glable et fonction variateur int\u00e9gr\u00e9e - aucun variateur externe n&#039;est n\u00e9cessaire.<\/p>\n<p>Il peut \u00eatre contr\u00f4l\u00e9 via l&#039;application Plejd, un bouton-poussoir ou d&#039;autres appareils Plejd et dispose d&#039;une temp\u00e9rature de couleur r\u00e9glable de 2200K \u00e0 4000K ainsi que d&#039;une prise en charge de l&#039;intensit\u00e9 lumineuse \u00e0 la chaleur.<\/p>\n<p>Class\u00e9 IP44 et adapt\u00e9 au montage au plafond et au mur.<\/p>","protected":false},"featured_media":148005,"template":"","meta":{"_acf_changed":false},"product_brand":[],"product_cat":[4664],"product_tag":[4670],"class_list":{"0":"post-148006","1":"product","2":"type-product","3":"status-publish","4":"has-post-thumbnail","6":"product_cat-plejd-belysning","7":"product_tag-plejd","8":"product_shipping_class-tunga-paket","9":"pa_brands-plejd","10":"tm-has-options","12":"first","13":"instock","14":"sale","15":"taxable","16":"shipping-taxable","17":"purchasable","18":"product-type-simple"},"acf":[],"_links":{"self":[{"href":"https:\/\/secureus.se\/fr\/wp-json\/wp\/v2\/product\/148006","targetHints":{"allow":["GET"]}}],"collection":[{"href":"https:\/\/secureus.se\/fr\/wp-json\/wp\/v2\/product"}],"about":[{"href":"https:\/\/secureus.se\/fr\/wp-json\/wp\/v2\/types\/product"}],"wp:featuredmedia":[{"embeddable":true,"href":"https:\/\/secureus.se\/fr\/wp-json\/wp\/v2\/media\/148005"}],"wp:attachment":[{"href":"https:\/\/secureus.se\/fr\/wp-json\/wp\/v2\/media?parent=148006"}],"wp:term":[{"taxonomy":"product_brand","embeddable":true,"href":"https:\/\/secureus.se\/fr\/wp-json\/wp\/v2\/product_brand?post=148006"},{"taxonomy":"product_cat","embeddable":true,"href":"https:\/\/secureus.se\/fr\/wp-json\/wp\/v2\/product_cat?post=148006"},{"taxonomy":"product_tag","embeddable":true,"href":"https:\/\/secureus.se\/fr\/wp-json\/wp\/v2\/product_tag?post=148006"}],"curies":[{"name":"wp","href":"https:\/\/api.w.org\/{rel}","templated":true}]}}