{"id":148008,"date":"2025-02-25T12:22:22","date_gmt":"2025-02-25T11:22:22","guid":{"rendered":"https:\/\/secureus.se\/?post_type=product&#038;p=148008"},"modified":"2026-04-08T16:38:13","modified_gmt":"2026-04-08T14:38:13","slug":"plejd-belysning-downlight-deep-vit-6-pack","status":"publish","type":"product","link":"https:\/\/secureus.se\/fr\/plejd-belysning-downlight-deep-vit-6-pack\/","title":{"rendered":"Plejd Lighting Downlight Blanc profond Lot de 6"},"content":{"rendered":"<h1>Plejd DWN-02 \u2013 Lot de 6 spots encastr\u00e9s intelligents avec blanc r\u00e9glable et commande sans fil<\/h1>\n<p data-start=\"505\" data-end=\"918\">Plejd DWN-02 est un downlight moderne et \u00e9l\u00e9gant qui combine une technologie d&#039;\u00e9clairage intelligente avec une qualit\u00e9 d&#039;\u00e9clairage \u00e9lev\u00e9e.<\/p>\n<p data-start=\"505\" data-end=\"918\">Gr\u00e2ce \u00e0 une fonction de variateur int\u00e9gr\u00e9e, aucun variateur externe n&#039;est n\u00e9cessaire, ce qui simplifie l&#039;installation et offre un contr\u00f4le direct sur l&#039;\u00e9clairage.<\/p>\n<p data-start=\"505\" data-end=\"918\">Le contr\u00f4le s&#039;effectue via l&#039;application Plejd, un bouton-poussoir filaire ou d&#039;autres appareils Plejd, et la lumi\u00e8re peut \u00e9galement \u00eatre contr\u00f4l\u00e9e automatiquement avec des horloges astro et hebdomadaires.<\/p>\n<p data-start=\"920\" data-end=\"1296\">La technologie avanc\u00e9e Tunable White permet d&#039;ajuster la temp\u00e9rature de couleur entre 2200K et 4000K, permettant d&#039;adapter la lumi\u00e8re d&#039;une lumi\u00e8re blanche chaude et atmosph\u00e9rique \u00e0 une lumi\u00e8re blanche plus fonctionnelle et neutre.<\/p>\n<p data-start=\"920\" data-end=\"1296\">La fonction d&#039;att\u00e9nuation vers la chaleur cr\u00e9e un changement naturel de temp\u00e9rature de couleur lors de la gradation, ce qui rend la lumi\u00e8re plus douce \u00e0 des niveaux de luminosit\u00e9 inf\u00e9rieurs.<\/p>\n<p data-start=\"1298\" data-end=\"1558\">Le DWN-02 a un angle de faisceau de 40\u00b0, ce qui assure une distribution lumineuse sym\u00e9trique et un \u00e9clairage uniforme sur la surface.<\/p>\n<p data-start=\"1298\" data-end=\"1558\">Avec un rendu des couleurs \u00e9lev\u00e9 (CRI 90), les couleurs apparaissent naturelles, ce qui rend le downlight id\u00e9al pour les maisons, les bureaux et les espaces commerciaux.<\/p>\n<p data-start=\"1560\" data-end=\"1834\">L&#039;installation est facile gr\u00e2ce \u00e0 la faible profondeur d&#039;installation de seulement 40 mm, ce qui signifie que le DWN-02 peut \u00eatre mont\u00e9 m\u00eame dans des espaces \u00e0 profondeur limit\u00e9e.<\/p>\n<p data-start=\"1560\" data-end=\"1834\">Il est class\u00e9 IP44, ce qui le rend adapt\u00e9 aux salles de bains et aux environnements ext\u00e9rieurs prot\u00e9g\u00e9s tels que les avant-toits.<\/p>\n<p data-start=\"1836\" data-end=\"2107\">Gr\u00e2ce \u00e0 la technologie Bluetooth\u00ae mesh, plusieurs downlights peuvent \u00eatre regroup\u00e9s sans fil et contr\u00f4l\u00e9s ensemble via le syst\u00e8me Plejd.<\/p>\n<p data-start=\"1836\" data-end=\"2107\">La technologie maill\u00e9e de Plejd permet aux appareils de communiquer entre eux et d&#039;\u00e9tendre la port\u00e9e radio pour un contr\u00f4le stable et fiable.<\/p>\n<p data-start=\"2109\" data-end=\"2346\">Plejd DWN-02 est livr\u00e9 dans un pack de 6, ce qui en fait un excellent choix pour les installations plus grandes o\u00f9 plusieurs points lumineux sont n\u00e9cessaires.<\/p>\n<p data-start=\"2109\" data-end=\"2346\">Avec une dur\u00e9e de vie allant jusqu&#039;\u00e0 60 000 heures, il garantit un fonctionnement \u00e9conome en \u00e9nergie et durable.<\/p>\n<h3 data-start=\"2348\" data-end=\"2383\"><strong data-start=\"2352\" data-end=\"2381\">Sp\u00e9cifications techniques\u00a0:<\/strong><\/h3>\n<ul data-start=\"2384\" data-end=\"3241\">\n<li data-start=\"2384\" data-end=\"2420\"><strong data-start=\"2386\" data-end=\"2400\">Source lumineuse\u00a0:<\/strong> LED (non rempla\u00e7able)<\/li>\n<li data-start=\"2421\" data-end=\"2460\"><strong data-start=\"2423\" data-end=\"2437\">Flux lumineux:<\/strong> 515 lm par downlight<\/li>\n<li data-start=\"2461\" data-end=\"2511\"><strong data-start=\"2463\" data-end=\"2482\">Temp\u00e9rature de couleur :<\/strong> 2200\u20134000K (blanc r\u00e9glable)<\/li>\n<li data-start=\"2512\" data-end=\"2545\"><strong data-start=\"2514\" data-end=\"2533\">Plage de gradation :<\/strong> 0,1\u2013100 %<\/li>\n<li data-start=\"2546\" data-end=\"2575\"><strong data-start=\"2548\" data-end=\"2569\">Angle d&#039;\u00e9talement :<\/strong> 40\u00b0<\/li>\n<li data-start=\"2576\" data-end=\"2609\"><strong data-start=\"2578\" data-end=\"2604\">Rendu des couleurs (IRC) :<\/strong> 90<\/li>\n<li data-start=\"2610\" data-end=\"2662\"><strong data-start=\"2612\" data-end=\"2626\">Vie:<\/strong> 60 000 heures (L70\/B50 \u00e0 25\u00b0C)<\/li>\n<li data-start=\"2663\" data-end=\"2692\"><strong data-start=\"2665\" data-end=\"2676\">Effet:<\/strong> 8 W par unit\u00e9<\/li>\n<li data-start=\"2693\" data-end=\"2728\"><strong data-start=\"2695\" data-end=\"2724\">Classe d&#039;efficacit\u00e9 \u00e9nerg\u00e9tique :<\/strong> F<\/li>\n<li data-start=\"2729\" data-end=\"2758\"><strong data-start=\"2731\" data-end=\"2747\">Classe de protection\u00a0:<\/strong> Classe II<\/li>\n<li data-start=\"2759\" data-end=\"2829\"><strong data-start=\"2761\" data-end=\"2774\">Classe IP\u00a0:<\/strong>\n<ul data-start=\"2779\" data-end=\"2829\">\n<li data-start=\"2779\" data-end=\"2805\"><strong data-start=\"2781\" data-end=\"2798\">Montage au plafond :<\/strong> IP44<\/li>\n<li data-start=\"2808\" data-end=\"2829\"><strong data-start=\"2810\" data-end=\"2822\">Conducteur:<\/strong> IP20<\/li>\n<\/ul>\n<\/li>\n<li data-start=\"2830\" data-end=\"2856\"><strong data-start=\"2832\" data-end=\"2849\">R\u00e9sistance aux chocs :<\/strong> IK07<\/li>\n<li data-start=\"2857\" data-end=\"2889\"><strong data-start=\"2859\" data-end=\"2875\">Tension secteur :<\/strong> 230V \/ 50Hz<\/li>\n<li data-start=\"2890\" data-end=\"2916\"><strong data-start=\"2892\" data-end=\"2909\">Facteur de puissance :<\/strong> 0,84<\/li>\n<li data-start=\"2917\" data-end=\"2963\"><strong data-start=\"2919\" data-end=\"2937\">Communication:<\/strong> Maillage Bluetooth\u00ae 2,4 GHz<\/li>\n<li data-start=\"2964\" data-end=\"3039\"><strong data-start=\"2966\" data-end=\"2984\">Port\u00e9e radio :<\/strong> Environ 10 m\u00e8tres en int\u00e9rieur (\u00e9tendu avec la technologie de maillage Plejd)<\/li>\n<li data-start=\"3040\" data-end=\"3086\"><strong data-start=\"3042\" data-end=\"3056\">Montage:<\/strong> Encastr\u00e9 au plafond (trou \u00d8 83 mm)<\/li>\n<li data-start=\"3087\" data-end=\"3126\"><strong data-start=\"3089\" data-end=\"3118\">Profondeur d&#039;installation minimale :<\/strong> 40 millim\u00e8tres<\/li>\n<li data-start=\"3127\" data-end=\"3185\"><strong data-start=\"3129\" data-end=\"3142\">Mat\u00e9riel:<\/strong> Aluminium avec rev\u00eatement en poudre, blanc (RAL 9003)<\/li>\n<li data-start=\"3186\" data-end=\"3241\"><strong data-start=\"3188\" data-end=\"3207\">Compatibilit\u00e9:<\/strong> Apple HomeKit, Google Assistant<\/li>\n<\/ul>\n<p data-start=\"3243\" data-end=\"3424\">Plejd DWN-02 en pack de 6 est la solution d&#039;\u00e9clairage optimale pour les installations modernes, o\u00f9 design, technologie et fonctionnalit\u00e9 se rencontrent pour un environnement d&#039;\u00e9clairage efficace et \u00e9l\u00e9gant.<\/p>\n<p>&nbsp;<\/p>","protected":false},"excerpt":{"rendered":"<p>Plejd DWN-02 est un downlight intelligent avec un blanc r\u00e9glable et une fonction de variateur int\u00e9gr\u00e9e - aucun variateur externe n&#039;est n\u00e9cessaire.<\/p>\n<p>La source lumineuse est contr\u00f4l\u00e9e via l&#039;application Plejd, un bouton poussoir ou d&#039;autres appareils Plejd.<\/p>\n<p>Temp\u00e9rature de couleur r\u00e9glable de 2\u00a0200\u00a0K \u00e0 4\u00a0000\u00a0K et prise en charge de l&#039;intensit\u00e9 lumineuse \u00e0 la chaleur.<\/p>\n<p>Livr\u00e9 dans un pack de 6, parfait pour les installations plus grandes.<\/p>","protected":false},"featured_media":148007,"template":"","meta":{"_acf_changed":false},"product_brand":[],"product_cat":[4664],"product_tag":[4670],"class_list":{"0":"post-148008","1":"product","2":"type-product","3":"status-publish","4":"has-post-thumbnail","6":"product_cat-plejd-belysning","7":"product_tag-plejd","8":"product_shipping_class-postnord-varubrev","9":"pa_brands-plejd","10":"tm-has-options","12":"first","13":"instock","14":"sale","15":"taxable","16":"shipping-taxable","17":"purchasable","18":"product-type-simple"},"acf":[],"_links":{"self":[{"href":"https:\/\/secureus.se\/fr\/wp-json\/wp\/v2\/product\/148008","targetHints":{"allow":["GET"]}}],"collection":[{"href":"https:\/\/secureus.se\/fr\/wp-json\/wp\/v2\/product"}],"about":[{"href":"https:\/\/secureus.se\/fr\/wp-json\/wp\/v2\/types\/product"}],"wp:featuredmedia":[{"embeddable":true,"href":"https:\/\/secureus.se\/fr\/wp-json\/wp\/v2\/media\/148007"}],"wp:attachment":[{"href":"https:\/\/secureus.se\/fr\/wp-json\/wp\/v2\/media?parent=148008"}],"wp:term":[{"taxonomy":"product_brand","embeddable":true,"href":"https:\/\/secureus.se\/fr\/wp-json\/wp\/v2\/product_brand?post=148008"},{"taxonomy":"product_cat","embeddable":true,"href":"https:\/\/secureus.se\/fr\/wp-json\/wp\/v2\/product_cat?post=148008"},{"taxonomy":"product_tag","embeddable":true,"href":"https:\/\/secureus.se\/fr\/wp-json\/wp\/v2\/product_tag?post=148008"}],"curies":[{"name":"wp","href":"https:\/\/api.w.org\/{rel}","templated":true}]}}